{"id":152,"date":"2023-05-18T17:39:43","date_gmt":"2023-05-18T17:39:43","guid":{"rendered":"https:\/\/888starzbets.net\/ao\/?page_id=152"},"modified":"2025-02-21T17:49:18","modified_gmt":"2025-02-21T17:49:18","slug":"bonus","status":"publish","type":"page","link":"https:\/\/888starzbets.net\/ao\/bonus\/","title":{"rendered":"B\u00f3nus"},"content":{"rendered":"","protected":false},"excerpt":{"rendered":"","protected":false},"author":1,"featured_media":0,"parent":0,"menu_order":0,"comment_status":"closed","ping_status":"closed","template":"","meta":{"footnotes":""},"class_list":["post-152","page","type-page","status-publish","hentry"],"yoast_head":"<!-- This site is optimized with the Yoast SEO plugin v26.2 - https:\/\/yoast.com\/wordpress\/plugins\/seo\/ -->\n<title>888Starz B\u00f3nus 2025 \ud83c\udf81 Promo\u00e7\u00f5es e Ofertas Especiais<\/title>\n<meta name=\"description\" content=\"Registe-se no 888starz Angola e receba um b\u00f3nus de 100% no seu primeiro dep\u00f3sito. Guia de b\u00f3nus e promo\u00e7\u00f5es do 888Starz para jogadores novos e regulares. Receba apostas gr\u00e1tis e cashback todas as semanas!\" \/>\n<meta name=\"robots\" content=\"index, follow, max-snippet:-1, max-image-preview:large, max-video-preview:-1\" \/>\n<meta property=\"og:locale\" content=\"pt_PT\" \/>\n<meta property=\"og:type\" content=\"article\" \/>\n<meta property=\"og:title\" content=\"888Starz B\u00f3nus 2025 \ud83c\udf81 Promo\u00e7\u00f5es e Ofertas Especiais\" \/>\n<meta property=\"og:description\" content=\"Registe-se no 888starz Angola e receba um b\u00f3nus de 100% no seu primeiro dep\u00f3sito. Guia de b\u00f3nus e promo\u00e7\u00f5es do 888Starz para jogadores novos e regulares. Receba apostas gr\u00e1tis e cashback todas as semanas!\" \/>\n<meta property=\"og:url\" content=\"https:\/\/888starzbets.net\/ao\/bonus\/\" \/>\n<meta property=\"og:site_name\" content=\"888Starz Team ao\" \/>\n<meta property=\"article:modified_time\" content=\"2025-02-21T17:49:18+00:00\" \/>\n<meta name=\"twitter:card\" content=\"summary_large_image\" \/>\n<script type=\"application\/ld+json\" class=\"yoast-schema-graph\">{\"@context\":\"https:\/\/schema.org\",\"@graph\":[{\"@type\":\"WebPage\",\"@id\":\"https:\/\/888starzbets.net\/ao\/bonus\/\",\"url\":\"https:\/\/888starzbets.net\/ao\/bonus\/\",\"name\":\"888Starz B\u00f3nus 2025 \ud83c\udf81 Promo\u00e7\u00f5es e Ofertas Especiais\",\"isPartOf\":{\"@id\":\"https:\/\/888starzbets.net\/ao\/#website\"},\"datePublished\":\"2023-05-18T17:39:43+00:00\",\"dateModified\":\"2025-02-21T17:49:18+00:00\",\"description\":\"Registe-se no 888starz Angola e receba um b\u00f3nus de 100% no seu primeiro dep\u00f3sito. Guia de b\u00f3nus e promo\u00e7\u00f5es do 888Starz para jogadores novos e regulares. Receba apostas gr\u00e1tis e cashback todas as semanas!\",\"inLanguage\":\"pt-AO\",\"potentialAction\":[{\"@type\":\"ReadAction\",\"target\":[\"https:\/\/888starzbets.net\/ao\/bonus\/\"]}]},{\"@type\":\"WebSite\",\"@id\":\"https:\/\/888starzbets.net\/ao\/#website\",\"url\":\"https:\/\/888starzbets.net\/ao\/\",\"name\":\"888Starz Team ao\",\"description\":\"My WordPress Blog\",\"potentialAction\":[{\"@type\":\"SearchAction\",\"target\":{\"@type\":\"EntryPoint\",\"urlTemplate\":\"https:\/\/888starzbets.net\/ao\/?s={search_term_string}\"},\"query-input\":{\"@type\":\"PropertyValueSpecification\",\"valueRequired\":true,\"valueName\":\"search_term_string\"}}],\"inLanguage\":\"pt-AO\"}]}<\/script>\n<!-- \/ Yoast SEO plugin. -->","yoast_head_json":{"title":"888Starz B\u00f3nus 2025 \ud83c\udf81 Promo\u00e7\u00f5es e Ofertas Especiais","description":"Registe-se no 888starz Angola e receba um b\u00f3nus de 100% no seu primeiro dep\u00f3sito. Guia de b\u00f3nus e promo\u00e7\u00f5es do 888Starz para jogadores novos e regulares. Receba apostas gr\u00e1tis e cashback todas as semanas!","robots":{"index":"index","follow":"follow","max-snippet":"max-snippet:-1","max-image-preview":"max-image-preview:large","max-video-preview":"max-video-preview:-1"},"og_locale":"pt_PT","og_type":"article","og_title":"888Starz B\u00f3nus 2025 \ud83c\udf81 Promo\u00e7\u00f5es e Ofertas Especiais","og_description":"Registe-se no 888starz Angola e receba um b\u00f3nus de 100% no seu primeiro dep\u00f3sito. Guia de b\u00f3nus e promo\u00e7\u00f5es do 888Starz para jogadores novos e regulares. Receba apostas gr\u00e1tis e cashback todas as semanas!","og_url":"https:\/\/888starzbets.net\/ao\/bonus\/","og_site_name":"888Starz Team ao","article_modified_time":"2025-02-21T17:49:18+00:00","twitter_card":"summary_large_image","schema":{"@context":"https:\/\/schema.org","@graph":[{"@type":"WebPage","@id":"https:\/\/888starzbets.net\/ao\/bonus\/","url":"https:\/\/888starzbets.net\/ao\/bonus\/","name":"888Starz B\u00f3nus 2025 \ud83c\udf81 Promo\u00e7\u00f5es e Ofertas Especiais","isPartOf":{"@id":"https:\/\/888starzbets.net\/ao\/#website"},"datePublished":"2023-05-18T17:39:43+00:00","dateModified":"2025-02-21T17:49:18+00:00","description":"Registe-se no 888starz Angola e receba um b\u00f3nus de 100% no seu primeiro dep\u00f3sito. Guia de b\u00f3nus e promo\u00e7\u00f5es do 888Starz para jogadores novos e regulares. Receba apostas gr\u00e1tis e cashback todas as semanas!","inLanguage":"pt-AO","potentialAction":[{"@type":"ReadAction","target":["https:\/\/888starzbets.net\/ao\/bonus\/"]}]},{"@type":"WebSite","@id":"https:\/\/888starzbets.net\/ao\/#website","url":"https:\/\/888starzbets.net\/ao\/","name":"888Starz Team ao","description":"My WordPress Blog","potentialAction":[{"@type":"SearchAction","target":{"@type":"EntryPoint","urlTemplate":"https:\/\/888starzbets.net\/ao\/?s={search_term_string}"},"query-input":{"@type":"PropertyValueSpecification","valueRequired":true,"valueName":"search_term_string"}}],"inLanguage":"pt-AO"}]}},"_links":{"self":[{"href":"https:\/\/888starzbets.net\/ao\/wp-json\/wp\/v2\/pages\/152","targetHints":{"allow":["GET"]}}],"collection":[{"href":"https:\/\/888starzbets.net\/ao\/wp-json\/wp\/v2\/pages"}],"about":[{"href":"https:\/\/888starzbets.net\/ao\/wp-json\/wp\/v2\/types\/page"}],"author":[{"embeddable":true,"href":"https:\/\/888starzbets.net\/ao\/wp-json\/wp\/v2\/users\/1"}],"replies":[{"embeddable":true,"href":"https:\/\/888starzbets.net\/ao\/wp-json\/wp\/v2\/comments?post=152"}],"version-history":[{"count":63,"href":"https:\/\/888starzbets.net\/ao\/wp-json\/wp\/v2\/pages\/152\/revisions"}],"predecessor-version":[{"id":686,"href":"https:\/\/888starzbets.net\/ao\/wp-json\/wp\/v2\/pages\/152\/revisions\/686"}],"wp:attachment":[{"href":"https:\/\/888starzbets.net\/ao\/wp-json\/wp\/v2\/media?parent=152"}],"curies":[{"name":"wp","href":"https:\/\/api.w.org\/{rel}","templated":true}]}}