{"id":567,"date":"2024-09-02T08:25:04","date_gmt":"2024-09-02T08:25:04","guid":{"rendered":"https:\/\/888starzbets.net\/ao\/?page_id=567"},"modified":"2025-02-21T18:04:05","modified_gmt":"2025-02-21T18:04:05","slug":"casino","status":"publish","type":"page","link":"https:\/\/888starzbets.net\/ao\/casino\/","title":{"rendered":"Casino"},"content":{"rendered":"","protected":false},"excerpt":{"rendered":"","protected":false},"author":1,"featured_media":0,"parent":0,"menu_order":0,"comment_status":"closed","ping_status":"closed","template":"","meta":{"footnotes":""},"class_list":["post-567","page","type-page","status-publish","hentry"],"yoast_head":"<!-- This site is optimized with the Yoast SEO plugin v26.2 - https:\/\/yoast.com\/wordpress\/plugins\/seo\/ -->\n<title>888Starz Casino | Casino ao vivo, Jogos, B\u00f3nus de Boas-Vindas<\/title>\n<meta name=\"description\" content=\"O 888Starz Angola oferece aos jogadores a oportunidade de tentarem a sua sorte no casino 888Starz com milhares de slots, jogos de mesa e croupiers ao vivo. Como come\u00e7ar a jogar no site oficial do 888Starz e na aplica\u00e7\u00e3o m\u00f3vel\" \/>\n<meta name=\"robots\" content=\"index, follow, max-snippet:-1, max-image-preview:large, max-video-preview:-1\" \/>\n<meta property=\"og:locale\" content=\"pt_PT\" \/>\n<meta property=\"og:type\" content=\"article\" \/>\n<meta property=\"og:title\" content=\"888Starz Casino | Casino ao vivo, Jogos, B\u00f3nus de Boas-Vindas\" \/>\n<meta property=\"og:description\" content=\"O 888Starz Angola oferece aos jogadores a oportunidade de tentarem a sua sorte no casino 888Starz com milhares de slots, jogos de mesa e croupiers ao vivo. Como come\u00e7ar a jogar no site oficial do 888Starz e na aplica\u00e7\u00e3o m\u00f3vel\" \/>\n<meta property=\"og:url\" content=\"https:\/\/888starzbets.net\/ao\/casino\/\" \/>\n<meta property=\"og:site_name\" content=\"888Starz Team ao\" \/>\n<meta property=\"article:modified_time\" content=\"2025-02-21T18:04:05+00:00\" \/>\n<meta name=\"twitter:card\" content=\"summary_large_image\" \/>\n<script type=\"application\/ld+json\" class=\"yoast-schema-graph\">{\"@context\":\"https:\/\/schema.org\",\"@graph\":[{\"@type\":\"WebPage\",\"@id\":\"https:\/\/888starzbets.net\/ao\/casino\/\",\"url\":\"https:\/\/888starzbets.net\/ao\/casino\/\",\"name\":\"888Starz Casino | Casino ao vivo, Jogos, B\u00f3nus de Boas-Vindas\",\"isPartOf\":{\"@id\":\"https:\/\/888starzbets.net\/ao\/#website\"},\"datePublished\":\"2024-09-02T08:25:04+00:00\",\"dateModified\":\"2025-02-21T18:04:05+00:00\",\"description\":\"O 888Starz Angola oferece aos jogadores a oportunidade de tentarem a sua sorte no casino 888Starz com milhares de slots, jogos de mesa e croupiers ao vivo. Como come\u00e7ar a jogar no site oficial do 888Starz e na aplica\u00e7\u00e3o m\u00f3vel\",\"inLanguage\":\"pt-AO\",\"potentialAction\":[{\"@type\":\"ReadAction\",\"target\":[\"https:\/\/888starzbets.net\/ao\/casino\/\"]}]},{\"@type\":\"WebSite\",\"@id\":\"https:\/\/888starzbets.net\/ao\/#website\",\"url\":\"https:\/\/888starzbets.net\/ao\/\",\"name\":\"888Starz Team ao\",\"description\":\"My WordPress Blog\",\"potentialAction\":[{\"@type\":\"SearchAction\",\"target\":{\"@type\":\"EntryPoint\",\"urlTemplate\":\"https:\/\/888starzbets.net\/ao\/?s={search_term_string}\"},\"query-input\":{\"@type\":\"PropertyValueSpecification\",\"valueRequired\":true,\"valueName\":\"search_term_string\"}}],\"inLanguage\":\"pt-AO\"}]}<\/script>\n<!-- \/ Yoast SEO plugin. -->","yoast_head_json":{"title":"888Starz Casino | Casino ao vivo, Jogos, B\u00f3nus de Boas-Vindas","description":"O 888Starz Angola oferece aos jogadores a oportunidade de tentarem a sua sorte no casino 888Starz com milhares de slots, jogos de mesa e croupiers ao vivo. Como come\u00e7ar a jogar no site oficial do 888Starz e na aplica\u00e7\u00e3o m\u00f3vel","robots":{"index":"index","follow":"follow","max-snippet":"max-snippet:-1","max-image-preview":"max-image-preview:large","max-video-preview":"max-video-preview:-1"},"og_locale":"pt_PT","og_type":"article","og_title":"888Starz Casino | Casino ao vivo, Jogos, B\u00f3nus de Boas-Vindas","og_description":"O 888Starz Angola oferece aos jogadores a oportunidade de tentarem a sua sorte no casino 888Starz com milhares de slots, jogos de mesa e croupiers ao vivo. Como come\u00e7ar a jogar no site oficial do 888Starz e na aplica\u00e7\u00e3o m\u00f3vel","og_url":"https:\/\/888starzbets.net\/ao\/casino\/","og_site_name":"888Starz Team ao","article_modified_time":"2025-02-21T18:04:05+00:00","twitter_card":"summary_large_image","schema":{"@context":"https:\/\/schema.org","@graph":[{"@type":"WebPage","@id":"https:\/\/888starzbets.net\/ao\/casino\/","url":"https:\/\/888starzbets.net\/ao\/casino\/","name":"888Starz Casino | Casino ao vivo, Jogos, B\u00f3nus de Boas-Vindas","isPartOf":{"@id":"https:\/\/888starzbets.net\/ao\/#website"},"datePublished":"2024-09-02T08:25:04+00:00","dateModified":"2025-02-21T18:04:05+00:00","description":"O 888Starz Angola oferece aos jogadores a oportunidade de tentarem a sua sorte no casino 888Starz com milhares de slots, jogos de mesa e croupiers ao vivo. Como come\u00e7ar a jogar no site oficial do 888Starz e na aplica\u00e7\u00e3o m\u00f3vel","inLanguage":"pt-AO","potentialAction":[{"@type":"ReadAction","target":["https:\/\/888starzbets.net\/ao\/casino\/"]}]},{"@type":"WebSite","@id":"https:\/\/888starzbets.net\/ao\/#website","url":"https:\/\/888starzbets.net\/ao\/","name":"888Starz Team ao","description":"My WordPress Blog","potentialAction":[{"@type":"SearchAction","target":{"@type":"EntryPoint","urlTemplate":"https:\/\/888starzbets.net\/ao\/?s={search_term_string}"},"query-input":{"@type":"PropertyValueSpecification","valueRequired":true,"valueName":"search_term_string"}}],"inLanguage":"pt-AO"}]}},"_links":{"self":[{"href":"https:\/\/888starzbets.net\/ao\/wp-json\/wp\/v2\/pages\/567","targetHints":{"allow":["GET"]}}],"collection":[{"href":"https:\/\/888starzbets.net\/ao\/wp-json\/wp\/v2\/pages"}],"about":[{"href":"https:\/\/888starzbets.net\/ao\/wp-json\/wp\/v2\/types\/page"}],"author":[{"embeddable":true,"href":"https:\/\/888starzbets.net\/ao\/wp-json\/wp\/v2\/users\/1"}],"replies":[{"embeddable":true,"href":"https:\/\/888starzbets.net\/ao\/wp-json\/wp\/v2\/comments?post=567"}],"version-history":[{"count":20,"href":"https:\/\/888starzbets.net\/ao\/wp-json\/wp\/v2\/pages\/567\/revisions"}],"predecessor-version":[{"id":688,"href":"https:\/\/888starzbets.net\/ao\/wp-json\/wp\/v2\/pages\/567\/revisions\/688"}],"wp:attachment":[{"href":"https:\/\/888starzbets.net\/ao\/wp-json\/wp\/v2\/media?parent=567"}],"curies":[{"name":"wp","href":"https:\/\/api.w.org\/{rel}","templated":true}]}}