{"id":270,"date":"2024-02-02T08:45:42","date_gmt":"2024-02-02T08:45:42","guid":{"rendered":"https:\/\/888starzbets.net\/at\/?page_id=270"},"modified":"2025-09-24T09:02:26","modified_gmt":"2025-09-24T09:02:26","slug":"affiliate","status":"publish","type":"page","link":"https:\/\/888starzbets.net\/at\/affiliate\/","title":{"rendered":"Tochtergesellschaft"},"content":{"rendered":"","protected":false},"excerpt":{"rendered":"","protected":false},"author":1,"featured_media":0,"parent":0,"menu_order":0,"comment_status":"closed","ping_status":"closed","template":"","meta":{"footnotes":""},"class_list":["post-270","page","type-page","status-publish","hentry"],"yoast_head":"<!-- This site is optimized with the Yoast SEO plugin v26.2 - https:\/\/yoast.com\/wordpress\/plugins\/seo\/ -->\n<title>888Starz \u00d6sterreich Affiliate \ud83d\udd34 888STARZ Partners<\/title>\n<meta name=\"description\" content=\"Nehmen Sie am 888-Partnerprogramm teil und verdienen Sie echtes Geld | 888Starz bietet hohe Konversionsraten, regelm\u00e4\u00dfige Zahlungen, Umsatzbeteiligung und CPA | Wir sind in \u00fcber 100 L\u00e4ndern weltweit t\u00e4tig.\" \/>\n<meta name=\"robots\" content=\"index, follow, max-snippet:-1, max-image-preview:large, max-video-preview:-1\" \/>\n<meta property=\"og:locale\" content=\"de_DE\" \/>\n<meta property=\"og:type\" content=\"article\" \/>\n<meta property=\"og:title\" content=\"888Starz \u00d6sterreich Affiliate \ud83d\udd34 888STARZ Partners\" \/>\n<meta property=\"og:description\" content=\"Nehmen Sie am 888-Partnerprogramm teil und verdienen Sie echtes Geld | 888Starz bietet hohe Konversionsraten, regelm\u00e4\u00dfige Zahlungen, Umsatzbeteiligung und CPA | Wir sind in \u00fcber 100 L\u00e4ndern weltweit t\u00e4tig.\" \/>\n<meta property=\"og:url\" content=\"https:\/\/888starzbets.net\/at\/affiliate\/\" \/>\n<meta property=\"og:site_name\" content=\"888Starz Team at\" \/>\n<meta property=\"article:modified_time\" content=\"2025-09-24T09:02:26+00:00\" \/>\n<meta name=\"twitter:card\" content=\"summary_large_image\" \/>\n<script type=\"application\/ld+json\" class=\"yoast-schema-graph\">{\"@context\":\"https:\/\/schema.org\",\"@graph\":[{\"@type\":\"WebPage\",\"@id\":\"https:\/\/888starzbets.net\/at\/affiliate\/\",\"url\":\"https:\/\/888starzbets.net\/at\/affiliate\/\",\"name\":\"888Starz \u00d6sterreich Affiliate \ud83d\udd34 888STARZ Partners\",\"isPartOf\":{\"@id\":\"https:\/\/888starzbets.net\/at\/#website\"},\"datePublished\":\"2024-02-02T08:45:42+00:00\",\"dateModified\":\"2025-09-24T09:02:26+00:00\",\"description\":\"Nehmen Sie am 888-Partnerprogramm teil und verdienen Sie echtes Geld | 888Starz bietet hohe Konversionsraten, regelm\u00e4\u00dfige Zahlungen, Umsatzbeteiligung und CPA | Wir sind in \u00fcber 100 L\u00e4ndern weltweit t\u00e4tig.\",\"inLanguage\":\"de-AT\",\"potentialAction\":[{\"@type\":\"ReadAction\",\"target\":[\"https:\/\/888starzbets.net\/at\/affiliate\/\"]}]},{\"@type\":\"WebSite\",\"@id\":\"https:\/\/888starzbets.net\/at\/#website\",\"url\":\"https:\/\/888starzbets.net\/at\/\",\"name\":\"888Starz Team at\",\"description\":\"\",\"potentialAction\":[{\"@type\":\"SearchAction\",\"target\":{\"@type\":\"EntryPoint\",\"urlTemplate\":\"https:\/\/888starzbets.net\/at\/?s={search_term_string}\"},\"query-input\":{\"@type\":\"PropertyValueSpecification\",\"valueRequired\":true,\"valueName\":\"search_term_string\"}}],\"inLanguage\":\"de-AT\"}]}<\/script>\n<!-- \/ Yoast SEO plugin. -->","yoast_head_json":{"title":"888Starz \u00d6sterreich Affiliate \ud83d\udd34 888STARZ Partners","description":"Nehmen Sie am 888-Partnerprogramm teil und verdienen Sie echtes Geld | 888Starz bietet hohe Konversionsraten, regelm\u00e4\u00dfige Zahlungen, Umsatzbeteiligung und CPA | Wir sind in \u00fcber 100 L\u00e4ndern weltweit t\u00e4tig.","robots":{"index":"index","follow":"follow","max-snippet":"max-snippet:-1","max-image-preview":"max-image-preview:large","max-video-preview":"max-video-preview:-1"},"og_locale":"de_DE","og_type":"article","og_title":"888Starz \u00d6sterreich Affiliate \ud83d\udd34 888STARZ Partners","og_description":"Nehmen Sie am 888-Partnerprogramm teil und verdienen Sie echtes Geld | 888Starz bietet hohe Konversionsraten, regelm\u00e4\u00dfige Zahlungen, Umsatzbeteiligung und CPA | Wir sind in \u00fcber 100 L\u00e4ndern weltweit t\u00e4tig.","og_url":"https:\/\/888starzbets.net\/at\/affiliate\/","og_site_name":"888Starz Team at","article_modified_time":"2025-09-24T09:02:26+00:00","twitter_card":"summary_large_image","schema":{"@context":"https:\/\/schema.org","@graph":[{"@type":"WebPage","@id":"https:\/\/888starzbets.net\/at\/affiliate\/","url":"https:\/\/888starzbets.net\/at\/affiliate\/","name":"888Starz \u00d6sterreich Affiliate \ud83d\udd34 888STARZ Partners","isPartOf":{"@id":"https:\/\/888starzbets.net\/at\/#website"},"datePublished":"2024-02-02T08:45:42+00:00","dateModified":"2025-09-24T09:02:26+00:00","description":"Nehmen Sie am 888-Partnerprogramm teil und verdienen Sie echtes Geld | 888Starz bietet hohe Konversionsraten, regelm\u00e4\u00dfige Zahlungen, Umsatzbeteiligung und CPA | Wir sind in \u00fcber 100 L\u00e4ndern weltweit t\u00e4tig.","inLanguage":"de-AT","potentialAction":[{"@type":"ReadAction","target":["https:\/\/888starzbets.net\/at\/affiliate\/"]}]},{"@type":"WebSite","@id":"https:\/\/888starzbets.net\/at\/#website","url":"https:\/\/888starzbets.net\/at\/","name":"888Starz Team at","description":"","potentialAction":[{"@type":"SearchAction","target":{"@type":"EntryPoint","urlTemplate":"https:\/\/888starzbets.net\/at\/?s={search_term_string}"},"query-input":{"@type":"PropertyValueSpecification","valueRequired":true,"valueName":"search_term_string"}}],"inLanguage":"de-AT"}]}},"_links":{"self":[{"href":"https:\/\/888starzbets.net\/at\/wp-json\/wp\/v2\/pages\/270","targetHints":{"allow":["GET"]}}],"collection":[{"href":"https:\/\/888starzbets.net\/at\/wp-json\/wp\/v2\/pages"}],"about":[{"href":"https:\/\/888starzbets.net\/at\/wp-json\/wp\/v2\/types\/page"}],"author":[{"embeddable":true,"href":"https:\/\/888starzbets.net\/at\/wp-json\/wp\/v2\/users\/1"}],"replies":[{"embeddable":true,"href":"https:\/\/888starzbets.net\/at\/wp-json\/wp\/v2\/comments?post=270"}],"version-history":[{"count":33,"href":"https:\/\/888starzbets.net\/at\/wp-json\/wp\/v2\/pages\/270\/revisions"}],"predecessor-version":[{"id":835,"href":"https:\/\/888starzbets.net\/at\/wp-json\/wp\/v2\/pages\/270\/revisions\/835"}],"wp:attachment":[{"href":"https:\/\/888starzbets.net\/at\/wp-json\/wp\/v2\/media?parent=270"}],"curies":[{"name":"wp","href":"https:\/\/api.w.org\/{rel}","templated":true}]}}