{"id":304,"date":"2025-02-05T10:16:04","date_gmt":"2025-02-05T10:16:04","guid":{"rendered":"https:\/\/888starzbets.net\/at\/?page_id=304"},"modified":"2025-09-24T11:16:57","modified_gmt":"2025-09-24T11:16:57","slug":"mobile-app","status":"publish","type":"page","link":"https:\/\/888starzbets.net\/at\/mobile-app\/","title":{"rendered":"App"},"content":{"rendered":"","protected":false},"excerpt":{"rendered":"","protected":false},"author":1,"featured_media":0,"parent":0,"menu_order":0,"comment_status":"closed","ping_status":"closed","template":"","meta":{"footnotes":""},"class_list":["post-304","page","type-page","status-publish","hentry"],"yoast_head":"<!-- This site is optimized with the Yoast SEO plugin v26.2 - https:\/\/yoast.com\/wordpress\/plugins\/seo\/ -->\n<title>888Starz App \ud83d\udcf1 f\u00fcr Android und iOS 2025<\/title>\n<meta name=\"description\" content=\"888Starz App f\u00fcr Android und iOS kostenlos herunterladen \u27a4 Anleitung zum Herunterladen von 888Starz f\u00fcr Android \u27a4 Mit 888Starz k\u00f6nnen Sie Sportwetten abschlie\u00dfen und Casinospiele direkt von Ihrem Mobilger\u00e4t aus spielen.\" \/>\n<meta name=\"robots\" content=\"index, follow, max-snippet:-1, max-image-preview:large, max-video-preview:-1\" \/>\n<meta property=\"og:locale\" content=\"de_DE\" \/>\n<meta property=\"og:type\" content=\"article\" \/>\n<meta property=\"og:title\" content=\"888Starz App \ud83d\udcf1 f\u00fcr Android und iOS 2025\" \/>\n<meta property=\"og:description\" content=\"888Starz App f\u00fcr Android und iOS kostenlos herunterladen \u27a4 Anleitung zum Herunterladen von 888Starz f\u00fcr Android \u27a4 Mit 888Starz k\u00f6nnen Sie Sportwetten abschlie\u00dfen und Casinospiele direkt von Ihrem Mobilger\u00e4t aus spielen.\" \/>\n<meta property=\"og:url\" content=\"https:\/\/888starzbets.net\/at\/mobile-app\/\" \/>\n<meta property=\"og:site_name\" content=\"888Starz Team at\" \/>\n<meta property=\"article:modified_time\" content=\"2025-09-24T11:16:57+00:00\" \/>\n<meta name=\"twitter:card\" content=\"summary_large_image\" \/>\n<script type=\"application\/ld+json\" class=\"yoast-schema-graph\">{\"@context\":\"https:\/\/schema.org\",\"@graph\":[{\"@type\":\"WebPage\",\"@id\":\"https:\/\/888starzbets.net\/at\/mobile-app\/\",\"url\":\"https:\/\/888starzbets.net\/at\/mobile-app\/\",\"name\":\"888Starz App \ud83d\udcf1 f\u00fcr Android und iOS 2025\",\"isPartOf\":{\"@id\":\"https:\/\/888starzbets.net\/at\/#website\"},\"datePublished\":\"2025-02-05T10:16:04+00:00\",\"dateModified\":\"2025-09-24T11:16:57+00:00\",\"description\":\"888Starz App f\u00fcr Android und iOS kostenlos herunterladen \u27a4 Anleitung zum Herunterladen von 888Starz f\u00fcr Android \u27a4 Mit 888Starz k\u00f6nnen Sie Sportwetten abschlie\u00dfen und Casinospiele direkt von Ihrem Mobilger\u00e4t aus spielen.\",\"inLanguage\":\"de-AT\",\"potentialAction\":[{\"@type\":\"ReadAction\",\"target\":[\"https:\/\/888starzbets.net\/at\/mobile-app\/\"]}]},{\"@type\":\"WebSite\",\"@id\":\"https:\/\/888starzbets.net\/at\/#website\",\"url\":\"https:\/\/888starzbets.net\/at\/\",\"name\":\"888Starz Team at\",\"description\":\"\",\"potentialAction\":[{\"@type\":\"SearchAction\",\"target\":{\"@type\":\"EntryPoint\",\"urlTemplate\":\"https:\/\/888starzbets.net\/at\/?s={search_term_string}\"},\"query-input\":{\"@type\":\"PropertyValueSpecification\",\"valueRequired\":true,\"valueName\":\"search_term_string\"}}],\"inLanguage\":\"de-AT\"}]}<\/script>\n<!-- \/ Yoast SEO plugin. -->","yoast_head_json":{"title":"888Starz App \ud83d\udcf1 f\u00fcr Android und iOS 2025","description":"888Starz App f\u00fcr Android und iOS kostenlos herunterladen \u27a4 Anleitung zum Herunterladen von 888Starz f\u00fcr Android \u27a4 Mit 888Starz k\u00f6nnen Sie Sportwetten abschlie\u00dfen und Casinospiele direkt von Ihrem Mobilger\u00e4t aus spielen.","robots":{"index":"index","follow":"follow","max-snippet":"max-snippet:-1","max-image-preview":"max-image-preview:large","max-video-preview":"max-video-preview:-1"},"og_locale":"de_DE","og_type":"article","og_title":"888Starz App \ud83d\udcf1 f\u00fcr Android und iOS 2025","og_description":"888Starz App f\u00fcr Android und iOS kostenlos herunterladen \u27a4 Anleitung zum Herunterladen von 888Starz f\u00fcr Android \u27a4 Mit 888Starz k\u00f6nnen Sie Sportwetten abschlie\u00dfen und Casinospiele direkt von Ihrem Mobilger\u00e4t aus spielen.","og_url":"https:\/\/888starzbets.net\/at\/mobile-app\/","og_site_name":"888Starz Team at","article_modified_time":"2025-09-24T11:16:57+00:00","twitter_card":"summary_large_image","schema":{"@context":"https:\/\/schema.org","@graph":[{"@type":"WebPage","@id":"https:\/\/888starzbets.net\/at\/mobile-app\/","url":"https:\/\/888starzbets.net\/at\/mobile-app\/","name":"888Starz App \ud83d\udcf1 f\u00fcr Android und iOS 2025","isPartOf":{"@id":"https:\/\/888starzbets.net\/at\/#website"},"datePublished":"2025-02-05T10:16:04+00:00","dateModified":"2025-09-24T11:16:57+00:00","description":"888Starz App f\u00fcr Android und iOS kostenlos herunterladen \u27a4 Anleitung zum Herunterladen von 888Starz f\u00fcr Android \u27a4 Mit 888Starz k\u00f6nnen Sie Sportwetten abschlie\u00dfen und Casinospiele direkt von Ihrem Mobilger\u00e4t aus spielen.","inLanguage":"de-AT","potentialAction":[{"@type":"ReadAction","target":["https:\/\/888starzbets.net\/at\/mobile-app\/"]}]},{"@type":"WebSite","@id":"https:\/\/888starzbets.net\/at\/#website","url":"https:\/\/888starzbets.net\/at\/","name":"888Starz Team at","description":"","potentialAction":[{"@type":"SearchAction","target":{"@type":"EntryPoint","urlTemplate":"https:\/\/888starzbets.net\/at\/?s={search_term_string}"},"query-input":{"@type":"PropertyValueSpecification","valueRequired":true,"valueName":"search_term_string"}}],"inLanguage":"de-AT"}]}},"_links":{"self":[{"href":"https:\/\/888starzbets.net\/at\/wp-json\/wp\/v2\/pages\/304","targetHints":{"allow":["GET"]}}],"collection":[{"href":"https:\/\/888starzbets.net\/at\/wp-json\/wp\/v2\/pages"}],"about":[{"href":"https:\/\/888starzbets.net\/at\/wp-json\/wp\/v2\/types\/page"}],"author":[{"embeddable":true,"href":"https:\/\/888starzbets.net\/at\/wp-json\/wp\/v2\/users\/1"}],"replies":[{"embeddable":true,"href":"https:\/\/888starzbets.net\/at\/wp-json\/wp\/v2\/comments?post=304"}],"version-history":[{"count":26,"href":"https:\/\/888starzbets.net\/at\/wp-json\/wp\/v2\/pages\/304\/revisions"}],"predecessor-version":[{"id":837,"href":"https:\/\/888starzbets.net\/at\/wp-json\/wp\/v2\/pages\/304\/revisions\/837"}],"wp:attachment":[{"href":"https:\/\/888starzbets.net\/at\/wp-json\/wp\/v2\/media?parent=304"}],"curies":[{"name":"wp","href":"https:\/\/api.w.org\/{rel}","templated":true}]}}