{"id":718,"date":"2025-05-07T10:37:38","date_gmt":"2025-05-07T10:37:38","guid":{"rendered":"https:\/\/888starzbets.net\/at\/?page_id=718"},"modified":"2025-10-18T11:57:25","modified_gmt":"2025-10-18T11:57:25","slug":"top-football-leagues","status":"publish","type":"page","link":"https:\/\/888starzbets.net\/at\/bonus\/top-football-leagues\/","title":{"rendered":"Top-Fu\u00dfball-Ligen"},"content":{"rendered":"","protected":false},"excerpt":{"rendered":"","protected":false},"author":1,"featured_media":0,"parent":152,"menu_order":0,"comment_status":"closed","ping_status":"closed","template":"","meta":{"footnotes":""},"class_list":["post-718","page","type-page","status-publish","hentry"],"yoast_head":"<!-- This site is optimized with the Yoast SEO plugin v26.2 - https:\/\/yoast.com\/wordpress\/plugins\/seo\/ -->\n<title>Bonus 888Starz f\u00fcr Wetten auf 5 Fu\u00dfballligen<\/title>\n<meta name=\"description\" content=\"Wetten Sie auf die f\u00fcnf besten Fu\u00dfballligen und gewinnen Sie tolle Preise! Platzieren Sie Wetten ab 5 EUR, erhalten Sie Aktionsgutscheine und verpassen Sie nicht die Chance, ein iPhone, Gratiswetten und Bonuspunkte zu gewinnen! Nehmen Sie an bunten Verlosungen teil und gewinnen Sie Ihre Preise!\" \/>\n<meta name=\"robots\" content=\"index, follow, max-snippet:-1, max-image-preview:large, max-video-preview:-1\" \/>\n<meta property=\"og:locale\" content=\"de_DE\" \/>\n<meta property=\"og:type\" content=\"article\" \/>\n<meta property=\"og:title\" content=\"Bonus 888Starz f\u00fcr Wetten auf 5 Fu\u00dfballligen\" \/>\n<meta property=\"og:description\" content=\"Wetten Sie auf die f\u00fcnf besten Fu\u00dfballligen und gewinnen Sie tolle Preise! Platzieren Sie Wetten ab 5 EUR, erhalten Sie Aktionsgutscheine und verpassen Sie nicht die Chance, ein iPhone, Gratiswetten und Bonuspunkte zu gewinnen! Nehmen Sie an bunten Verlosungen teil und gewinnen Sie Ihre Preise!\" \/>\n<meta property=\"og:url\" content=\"https:\/\/888starzbets.net\/at\/bonus\/top-football-leagues\/\" \/>\n<meta property=\"og:site_name\" content=\"888Starz Team at\" \/>\n<meta property=\"article:modified_time\" content=\"2025-10-18T11:57:25+00:00\" \/>\n<meta name=\"twitter:card\" content=\"summary_large_image\" \/>\n<script type=\"application\/ld+json\" class=\"yoast-schema-graph\">{\"@context\":\"https:\/\/schema.org\",\"@graph\":[{\"@type\":\"WebPage\",\"@id\":\"https:\/\/888starzbets.net\/at\/bonus\/top-football-leagues\/\",\"url\":\"https:\/\/888starzbets.net\/at\/bonus\/top-football-leagues\/\",\"name\":\"Bonus 888Starz f\u00fcr Wetten auf 5 Fu\u00dfballligen\",\"isPartOf\":{\"@id\":\"https:\/\/888starzbets.net\/at\/#website\"},\"datePublished\":\"2025-05-07T10:37:38+00:00\",\"dateModified\":\"2025-10-18T11:57:25+00:00\",\"description\":\"Wetten Sie auf die f\u00fcnf besten Fu\u00dfballligen und gewinnen Sie tolle Preise! Platzieren Sie Wetten ab 5 EUR, erhalten Sie Aktionsgutscheine und verpassen Sie nicht die Chance, ein iPhone, Gratiswetten und Bonuspunkte zu gewinnen! Nehmen Sie an bunten Verlosungen teil und gewinnen Sie Ihre Preise!\",\"breadcrumb\":{\"@id\":\"https:\/\/888starzbets.net\/at\/bonus\/top-football-leagues\/#breadcrumb\"},\"inLanguage\":\"de-AT\",\"potentialAction\":[{\"@type\":\"ReadAction\",\"target\":[\"https:\/\/888starzbets.net\/at\/bonus\/top-football-leagues\/\"]}]},{\"@type\":\"BreadcrumbList\",\"@id\":\"https:\/\/888starzbets.net\/at\/bonus\/top-football-leagues\/#breadcrumb\",\"itemListElement\":[{\"@type\":\"ListItem\",\"position\":1,\"name\":\"Boni\",\"item\":\"https:\/\/888starzbets.net\/at\/bonus\/\"},{\"@type\":\"ListItem\",\"position\":2,\"name\":\"Top-Fu\u00dfball-Ligen\"}]},{\"@type\":\"WebSite\",\"@id\":\"https:\/\/888starzbets.net\/at\/#website\",\"url\":\"https:\/\/888starzbets.net\/at\/\",\"name\":\"888Starz Team at\",\"description\":\"\",\"potentialAction\":[{\"@type\":\"SearchAction\",\"target\":{\"@type\":\"EntryPoint\",\"urlTemplate\":\"https:\/\/888starzbets.net\/at\/?s={search_term_string}\"},\"query-input\":{\"@type\":\"PropertyValueSpecification\",\"valueRequired\":true,\"valueName\":\"search_term_string\"}}],\"inLanguage\":\"de-AT\"}]}<\/script>\n<!-- \/ Yoast SEO plugin. -->","yoast_head_json":{"title":"Bonus 888Starz f\u00fcr Wetten auf 5 Fu\u00dfballligen","description":"Wetten Sie auf die f\u00fcnf besten Fu\u00dfballligen und gewinnen Sie tolle Preise! Platzieren Sie Wetten ab 5 EUR, erhalten Sie Aktionsgutscheine und verpassen Sie nicht die Chance, ein iPhone, Gratiswetten und Bonuspunkte zu gewinnen! Nehmen Sie an bunten Verlosungen teil und gewinnen Sie Ihre Preise!","robots":{"index":"index","follow":"follow","max-snippet":"max-snippet:-1","max-image-preview":"max-image-preview:large","max-video-preview":"max-video-preview:-1"},"og_locale":"de_DE","og_type":"article","og_title":"Bonus 888Starz f\u00fcr Wetten auf 5 Fu\u00dfballligen","og_description":"Wetten Sie auf die f\u00fcnf besten Fu\u00dfballligen und gewinnen Sie tolle Preise! Platzieren Sie Wetten ab 5 EUR, erhalten Sie Aktionsgutscheine und verpassen Sie nicht die Chance, ein iPhone, Gratiswetten und Bonuspunkte zu gewinnen! Nehmen Sie an bunten Verlosungen teil und gewinnen Sie Ihre Preise!","og_url":"https:\/\/888starzbets.net\/at\/bonus\/top-football-leagues\/","og_site_name":"888Starz Team at","article_modified_time":"2025-10-18T11:57:25+00:00","twitter_card":"summary_large_image","schema":{"@context":"https:\/\/schema.org","@graph":[{"@type":"WebPage","@id":"https:\/\/888starzbets.net\/at\/bonus\/top-football-leagues\/","url":"https:\/\/888starzbets.net\/at\/bonus\/top-football-leagues\/","name":"Bonus 888Starz f\u00fcr Wetten auf 5 Fu\u00dfballligen","isPartOf":{"@id":"https:\/\/888starzbets.net\/at\/#website"},"datePublished":"2025-05-07T10:37:38+00:00","dateModified":"2025-10-18T11:57:25+00:00","description":"Wetten Sie auf die f\u00fcnf besten Fu\u00dfballligen und gewinnen Sie tolle Preise! Platzieren Sie Wetten ab 5 EUR, erhalten Sie Aktionsgutscheine und verpassen Sie nicht die Chance, ein iPhone, Gratiswetten und Bonuspunkte zu gewinnen! Nehmen Sie an bunten Verlosungen teil und gewinnen Sie Ihre Preise!","breadcrumb":{"@id":"https:\/\/888starzbets.net\/at\/bonus\/top-football-leagues\/#breadcrumb"},"inLanguage":"de-AT","potentialAction":[{"@type":"ReadAction","target":["https:\/\/888starzbets.net\/at\/bonus\/top-football-leagues\/"]}]},{"@type":"BreadcrumbList","@id":"https:\/\/888starzbets.net\/at\/bonus\/top-football-leagues\/#breadcrumb","itemListElement":[{"@type":"ListItem","position":1,"name":"Boni","item":"https:\/\/888starzbets.net\/at\/bonus\/"},{"@type":"ListItem","position":2,"name":"Top-Fu\u00dfball-Ligen"}]},{"@type":"WebSite","@id":"https:\/\/888starzbets.net\/at\/#website","url":"https:\/\/888starzbets.net\/at\/","name":"888Starz Team at","description":"","potentialAction":[{"@type":"SearchAction","target":{"@type":"EntryPoint","urlTemplate":"https:\/\/888starzbets.net\/at\/?s={search_term_string}"},"query-input":{"@type":"PropertyValueSpecification","valueRequired":true,"valueName":"search_term_string"}}],"inLanguage":"de-AT"}]}},"_links":{"self":[{"href":"https:\/\/888starzbets.net\/at\/wp-json\/wp\/v2\/pages\/718","targetHints":{"allow":["GET"]}}],"collection":[{"href":"https:\/\/888starzbets.net\/at\/wp-json\/wp\/v2\/pages"}],"about":[{"href":"https:\/\/888starzbets.net\/at\/wp-json\/wp\/v2\/types\/page"}],"author":[{"embeddable":true,"href":"https:\/\/888starzbets.net\/at\/wp-json\/wp\/v2\/users\/1"}],"replies":[{"embeddable":true,"href":"https:\/\/888starzbets.net\/at\/wp-json\/wp\/v2\/comments?post=718"}],"version-history":[{"count":9,"href":"https:\/\/888starzbets.net\/at\/wp-json\/wp\/v2\/pages\/718\/revisions"}],"predecessor-version":[{"id":864,"href":"https:\/\/888starzbets.net\/at\/wp-json\/wp\/v2\/pages\/718\/revisions\/864"}],"up":[{"embeddable":true,"href":"https:\/\/888starzbets.net\/at\/wp-json\/wp\/v2\/pages\/152"}],"wp:attachment":[{"href":"https:\/\/888starzbets.net\/at\/wp-json\/wp\/v2\/media?parent=718"}],"curies":[{"name":"wp","href":"https:\/\/api.w.org\/{rel}","templated":true}]}}