{"id":152,"date":"2023-05-18T17:39:43","date_gmt":"2023-05-18T17:39:43","guid":{"rendered":"https:\/\/888starzbets.net\/az\/?page_id=152"},"modified":"2025-09-27T06:58:37","modified_gmt":"2025-09-27T06:58:37","slug":"bonus","status":"publish","type":"page","link":"https:\/\/888starzbets.net\/az\/bonus\/","title":{"rendered":"Bonuslar"},"content":{"rendered":"","protected":false},"excerpt":{"rendered":"","protected":false},"author":1,"featured_media":0,"parent":0,"menu_order":0,"comment_status":"closed","ping_status":"closed","template":"","meta":{"footnotes":""},"class_list":["post-152","page","type-page","status-publish","hentry"],"yoast_head":"<!-- This site is optimized with the Yoast SEO plugin v26.2 - https:\/\/yoast.com\/wordpress\/plugins\/seo\/ -->\n<title>888Starz Bonus 2026 \ud83c\udf81 Promosyonlar v\u0259 X\u00fcsusi T\u0259klifl\u0259r<\/title>\n<meta name=\"description\" content=\"888starz-da qeydiyyatdan ke\u00e7in v\u0259 ilk depozitiniz\u0259 100% bonus qazan\u0131n. Yeni v\u0259 Daimi Oyun\u00e7ular \u00fc\u00e7\u00fcn 888Starz Bonuslar\u0131 v\u0259 Promosyonlar\u0131 \u00fc\u00e7\u00fcn b\u0259l\u0259d\u00e7i. H\u0259r h\u0259ft\u0259 pulsuz m\u0259rcl\u0259r v\u0259 cashback \u0259ld\u0259 edin!\" \/>\n<meta name=\"robots\" content=\"index, follow, max-snippet:-1, max-image-preview:large, max-video-preview:-1\" \/>\n<meta property=\"og:locale\" content=\"az_AZ\" \/>\n<meta property=\"og:type\" content=\"article\" \/>\n<meta property=\"og:title\" content=\"888Starz Bonus 2026 \ud83c\udf81 Promosyonlar v\u0259 X\u00fcsusi T\u0259klifl\u0259r\" \/>\n<meta property=\"og:description\" content=\"888starz-da qeydiyyatdan ke\u00e7in v\u0259 ilk depozitiniz\u0259 100% bonus qazan\u0131n. Yeni v\u0259 Daimi Oyun\u00e7ular \u00fc\u00e7\u00fcn 888Starz Bonuslar\u0131 v\u0259 Promosyonlar\u0131 \u00fc\u00e7\u00fcn b\u0259l\u0259d\u00e7i. H\u0259r h\u0259ft\u0259 pulsuz m\u0259rcl\u0259r v\u0259 cashback \u0259ld\u0259 edin!\" \/>\n<meta property=\"og:url\" content=\"https:\/\/888starzbets.net\/az\/bonus\/\" \/>\n<meta property=\"og:site_name\" content=\"888starz Team az\" \/>\n<meta property=\"article:modified_time\" content=\"2025-09-27T06:58:37+00:00\" \/>\n<meta name=\"twitter:card\" content=\"summary_large_image\" \/>\n<script type=\"application\/ld+json\" class=\"yoast-schema-graph\">{\"@context\":\"https:\/\/schema.org\",\"@graph\":[{\"@type\":\"WebPage\",\"@id\":\"https:\/\/888starzbets.net\/az\/bonus\/\",\"url\":\"https:\/\/888starzbets.net\/az\/bonus\/\",\"name\":\"888Starz Bonus 2026 \ud83c\udf81 Promosyonlar v\u0259 X\u00fcsusi T\u0259klifl\u0259r\",\"isPartOf\":{\"@id\":\"https:\/\/888starzbets.net\/az\/#website\"},\"datePublished\":\"2023-05-18T17:39:43+00:00\",\"dateModified\":\"2025-09-27T06:58:37+00:00\",\"description\":\"888starz-da qeydiyyatdan ke\u00e7in v\u0259 ilk depozitiniz\u0259 100% bonus qazan\u0131n. Yeni v\u0259 Daimi Oyun\u00e7ular \u00fc\u00e7\u00fcn 888Starz Bonuslar\u0131 v\u0259 Promosyonlar\u0131 \u00fc\u00e7\u00fcn b\u0259l\u0259d\u00e7i. H\u0259r h\u0259ft\u0259 pulsuz m\u0259rcl\u0259r v\u0259 cashback \u0259ld\u0259 edin!\",\"inLanguage\":\"az\",\"potentialAction\":[{\"@type\":\"ReadAction\",\"target\":[\"https:\/\/888starzbets.net\/az\/bonus\/\"]}]},{\"@type\":\"WebSite\",\"@id\":\"https:\/\/888starzbets.net\/az\/#website\",\"url\":\"https:\/\/888starzbets.net\/az\/\",\"name\":\"888starz Team az\",\"description\":\"\",\"potentialAction\":[{\"@type\":\"SearchAction\",\"target\":{\"@type\":\"EntryPoint\",\"urlTemplate\":\"https:\/\/888starzbets.net\/az\/?s={search_term_string}\"},\"query-input\":{\"@type\":\"PropertyValueSpecification\",\"valueRequired\":true,\"valueName\":\"search_term_string\"}}],\"inLanguage\":\"az\"}]}<\/script>\n<!-- \/ Yoast SEO plugin. -->","yoast_head_json":{"title":"888Starz Bonus 2026 \ud83c\udf81 Promosyonlar v\u0259 X\u00fcsusi T\u0259klifl\u0259r","description":"888starz-da qeydiyyatdan ke\u00e7in v\u0259 ilk depozitiniz\u0259 100% bonus qazan\u0131n. Yeni v\u0259 Daimi Oyun\u00e7ular \u00fc\u00e7\u00fcn 888Starz Bonuslar\u0131 v\u0259 Promosyonlar\u0131 \u00fc\u00e7\u00fcn b\u0259l\u0259d\u00e7i. H\u0259r h\u0259ft\u0259 pulsuz m\u0259rcl\u0259r v\u0259 cashback \u0259ld\u0259 edin!","robots":{"index":"index","follow":"follow","max-snippet":"max-snippet:-1","max-image-preview":"max-image-preview:large","max-video-preview":"max-video-preview:-1"},"og_locale":"az_AZ","og_type":"article","og_title":"888Starz Bonus 2026 \ud83c\udf81 Promosyonlar v\u0259 X\u00fcsusi T\u0259klifl\u0259r","og_description":"888starz-da qeydiyyatdan ke\u00e7in v\u0259 ilk depozitiniz\u0259 100% bonus qazan\u0131n. Yeni v\u0259 Daimi Oyun\u00e7ular \u00fc\u00e7\u00fcn 888Starz Bonuslar\u0131 v\u0259 Promosyonlar\u0131 \u00fc\u00e7\u00fcn b\u0259l\u0259d\u00e7i. H\u0259r h\u0259ft\u0259 pulsuz m\u0259rcl\u0259r v\u0259 cashback \u0259ld\u0259 edin!","og_url":"https:\/\/888starzbets.net\/az\/bonus\/","og_site_name":"888starz Team az","article_modified_time":"2025-09-27T06:58:37+00:00","twitter_card":"summary_large_image","schema":{"@context":"https:\/\/schema.org","@graph":[{"@type":"WebPage","@id":"https:\/\/888starzbets.net\/az\/bonus\/","url":"https:\/\/888starzbets.net\/az\/bonus\/","name":"888Starz Bonus 2026 \ud83c\udf81 Promosyonlar v\u0259 X\u00fcsusi T\u0259klifl\u0259r","isPartOf":{"@id":"https:\/\/888starzbets.net\/az\/#website"},"datePublished":"2023-05-18T17:39:43+00:00","dateModified":"2025-09-27T06:58:37+00:00","description":"888starz-da qeydiyyatdan ke\u00e7in v\u0259 ilk depozitiniz\u0259 100% bonus qazan\u0131n. Yeni v\u0259 Daimi Oyun\u00e7ular \u00fc\u00e7\u00fcn 888Starz Bonuslar\u0131 v\u0259 Promosyonlar\u0131 \u00fc\u00e7\u00fcn b\u0259l\u0259d\u00e7i. H\u0259r h\u0259ft\u0259 pulsuz m\u0259rcl\u0259r v\u0259 cashback \u0259ld\u0259 edin!","inLanguage":"az","potentialAction":[{"@type":"ReadAction","target":["https:\/\/888starzbets.net\/az\/bonus\/"]}]},{"@type":"WebSite","@id":"https:\/\/888starzbets.net\/az\/#website","url":"https:\/\/888starzbets.net\/az\/","name":"888starz Team az","description":"","potentialAction":[{"@type":"SearchAction","target":{"@type":"EntryPoint","urlTemplate":"https:\/\/888starzbets.net\/az\/?s={search_term_string}"},"query-input":{"@type":"PropertyValueSpecification","valueRequired":true,"valueName":"search_term_string"}}],"inLanguage":"az"}]}},"_links":{"self":[{"href":"https:\/\/888starzbets.net\/az\/wp-json\/wp\/v2\/pages\/152","targetHints":{"allow":["GET"]}}],"collection":[{"href":"https:\/\/888starzbets.net\/az\/wp-json\/wp\/v2\/pages"}],"about":[{"href":"https:\/\/888starzbets.net\/az\/wp-json\/wp\/v2\/types\/page"}],"author":[{"embeddable":true,"href":"https:\/\/888starzbets.net\/az\/wp-json\/wp\/v2\/users\/1"}],"replies":[{"embeddable":true,"href":"https:\/\/888starzbets.net\/az\/wp-json\/wp\/v2\/comments?post=152"}],"version-history":[{"count":66,"href":"https:\/\/888starzbets.net\/az\/wp-json\/wp\/v2\/pages\/152\/revisions"}],"predecessor-version":[{"id":832,"href":"https:\/\/888starzbets.net\/az\/wp-json\/wp\/v2\/pages\/152\/revisions\/832"}],"wp:attachment":[{"href":"https:\/\/888starzbets.net\/az\/wp-json\/wp\/v2\/media?parent=152"}],"curies":[{"name":"wp","href":"https:\/\/api.w.org\/{rel}","templated":true}]}}