{"id":2,"date":"2023-05-18T17:18:34","date_gmt":"2023-05-18T17:18:34","guid":{"rendered":"https:\/\/888starzbets.net\/az\/?page_id=2"},"modified":"2025-09-27T06:56:42","modified_gmt":"2025-09-27T06:56:42","slug":"sample-page","status":"publish","type":"page","link":"https:\/\/888starzbets.net\/az\/","title":{"rendered":"Ev"},"content":{"rendered":"","protected":false},"excerpt":{"rendered":"","protected":false},"author":1,"featured_media":0,"parent":0,"menu_order":0,"comment_status":"closed","ping_status":"open","template":"","meta":{"footnotes":""},"class_list":["post-2","page","type-page","status-publish","hentry"],"yoast_head":"<!-- This site is optimized with the Yoast SEO plugin v26.2 - https:\/\/yoast.com\/wordpress\/plugins\/seo\/ -->\n<title>888Starz R\u0259smi veb sayt\u0131 \u2799 \u0130dman m\u0259rcl\u0259ri v\u0259 kazino<\/title>\n<meta name=\"description\" content=\"888Starz kriptovalyuta sahibl\u0259ri aras\u0131nda idman m\u0259rcl\u0259ri v\u0259 qumar oyunlar\u0131 \u00fc\u00e7\u00fcn g\u0259nc m\u0259rc \u015firk\u0259tidir \u2714\ufe0f 888Starz b\u00fct\u00fcn idman n\u00f6vl\u0259ri, y\u00fcks\u0259k \u0259msallar v\u0259 bonuslar \u00fczr\u0259 m\u0259rcl\u0259r t\u0259klif edir\" \/>\n<meta name=\"robots\" content=\"index, follow, max-snippet:-1, max-image-preview:large, max-video-preview:-1\" \/>\n<meta property=\"og:locale\" content=\"az_AZ\" \/>\n<meta property=\"og:type\" content=\"article\" \/>\n<meta property=\"og:title\" content=\"888Starz R\u0259smi veb sayt\u0131 \u2799 \u0130dman m\u0259rcl\u0259ri v\u0259 kazino\" \/>\n<meta property=\"og:description\" content=\"888Starz kriptovalyuta sahibl\u0259ri aras\u0131nda idman m\u0259rcl\u0259ri v\u0259 qumar oyunlar\u0131 \u00fc\u00e7\u00fcn g\u0259nc m\u0259rc \u015firk\u0259tidir \u2714\ufe0f 888Starz b\u00fct\u00fcn idman n\u00f6vl\u0259ri, y\u00fcks\u0259k \u0259msallar v\u0259 bonuslar \u00fczr\u0259 m\u0259rcl\u0259r t\u0259klif edir\" \/>\n<meta property=\"og:url\" content=\"https:\/\/888starzbets.net\/az\/\" \/>\n<meta property=\"og:site_name\" content=\"888starz Team az\" \/>\n<meta property=\"article:modified_time\" content=\"2025-09-27T06:56:42+00:00\" \/>\n<meta name=\"twitter:card\" content=\"summary_large_image\" \/>\n<script type=\"application\/ld+json\" class=\"yoast-schema-graph\">{\"@context\":\"https:\/\/schema.org\",\"@graph\":[{\"@type\":\"WebPage\",\"@id\":\"https:\/\/888starzbets.net\/az\/\",\"url\":\"https:\/\/888starzbets.net\/az\/\",\"name\":\"888Starz R\u0259smi veb sayt\u0131 \u2799 \u0130dman m\u0259rcl\u0259ri v\u0259 kazino\",\"isPartOf\":{\"@id\":\"https:\/\/888starzbets.net\/az\/#website\"},\"datePublished\":\"2023-05-18T17:18:34+00:00\",\"dateModified\":\"2025-09-27T06:56:42+00:00\",\"description\":\"888Starz kriptovalyuta sahibl\u0259ri aras\u0131nda idman m\u0259rcl\u0259ri v\u0259 qumar oyunlar\u0131 \u00fc\u00e7\u00fcn g\u0259nc m\u0259rc \u015firk\u0259tidir \u2714\ufe0f 888Starz b\u00fct\u00fcn idman n\u00f6vl\u0259ri, y\u00fcks\u0259k \u0259msallar v\u0259 bonuslar \u00fczr\u0259 m\u0259rcl\u0259r t\u0259klif edir\",\"inLanguage\":\"az\",\"potentialAction\":[{\"@type\":\"ReadAction\",\"target\":[\"https:\/\/888starzbets.net\/az\/\"]}]},{\"@type\":\"WebSite\",\"@id\":\"https:\/\/888starzbets.net\/az\/#website\",\"url\":\"https:\/\/888starzbets.net\/az\/\",\"name\":\"888starz Team az\",\"description\":\"\",\"potentialAction\":[{\"@type\":\"SearchAction\",\"target\":{\"@type\":\"EntryPoint\",\"urlTemplate\":\"https:\/\/888starzbets.net\/az\/?s={search_term_string}\"},\"query-input\":{\"@type\":\"PropertyValueSpecification\",\"valueRequired\":true,\"valueName\":\"search_term_string\"}}],\"inLanguage\":\"az\"}]}<\/script>\n<!-- \/ Yoast SEO plugin. -->","yoast_head_json":{"title":"888Starz R\u0259smi veb sayt\u0131 \u2799 \u0130dman m\u0259rcl\u0259ri v\u0259 kazino","description":"888Starz kriptovalyuta sahibl\u0259ri aras\u0131nda idman m\u0259rcl\u0259ri v\u0259 qumar oyunlar\u0131 \u00fc\u00e7\u00fcn g\u0259nc m\u0259rc \u015firk\u0259tidir \u2714\ufe0f 888Starz b\u00fct\u00fcn idman n\u00f6vl\u0259ri, y\u00fcks\u0259k \u0259msallar v\u0259 bonuslar \u00fczr\u0259 m\u0259rcl\u0259r t\u0259klif edir","robots":{"index":"index","follow":"follow","max-snippet":"max-snippet:-1","max-image-preview":"max-image-preview:large","max-video-preview":"max-video-preview:-1"},"og_locale":"az_AZ","og_type":"article","og_title":"888Starz R\u0259smi veb sayt\u0131 \u2799 \u0130dman m\u0259rcl\u0259ri v\u0259 kazino","og_description":"888Starz kriptovalyuta sahibl\u0259ri aras\u0131nda idman m\u0259rcl\u0259ri v\u0259 qumar oyunlar\u0131 \u00fc\u00e7\u00fcn g\u0259nc m\u0259rc \u015firk\u0259tidir \u2714\ufe0f 888Starz b\u00fct\u00fcn idman n\u00f6vl\u0259ri, y\u00fcks\u0259k \u0259msallar v\u0259 bonuslar \u00fczr\u0259 m\u0259rcl\u0259r t\u0259klif edir","og_url":"https:\/\/888starzbets.net\/az\/","og_site_name":"888starz Team az","article_modified_time":"2025-09-27T06:56:42+00:00","twitter_card":"summary_large_image","schema":{"@context":"https:\/\/schema.org","@graph":[{"@type":"WebPage","@id":"https:\/\/888starzbets.net\/az\/","url":"https:\/\/888starzbets.net\/az\/","name":"888Starz R\u0259smi veb sayt\u0131 \u2799 \u0130dman m\u0259rcl\u0259ri v\u0259 kazino","isPartOf":{"@id":"https:\/\/888starzbets.net\/az\/#website"},"datePublished":"2023-05-18T17:18:34+00:00","dateModified":"2025-09-27T06:56:42+00:00","description":"888Starz kriptovalyuta sahibl\u0259ri aras\u0131nda idman m\u0259rcl\u0259ri v\u0259 qumar oyunlar\u0131 \u00fc\u00e7\u00fcn g\u0259nc m\u0259rc \u015firk\u0259tidir \u2714\ufe0f 888Starz b\u00fct\u00fcn idman n\u00f6vl\u0259ri, y\u00fcks\u0259k \u0259msallar v\u0259 bonuslar \u00fczr\u0259 m\u0259rcl\u0259r t\u0259klif edir","inLanguage":"az","potentialAction":[{"@type":"ReadAction","target":["https:\/\/888starzbets.net\/az\/"]}]},{"@type":"WebSite","@id":"https:\/\/888starzbets.net\/az\/#website","url":"https:\/\/888starzbets.net\/az\/","name":"888starz Team az","description":"","potentialAction":[{"@type":"SearchAction","target":{"@type":"EntryPoint","urlTemplate":"https:\/\/888starzbets.net\/az\/?s={search_term_string}"},"query-input":{"@type":"PropertyValueSpecification","valueRequired":true,"valueName":"search_term_string"}}],"inLanguage":"az"}]}},"_links":{"self":[{"href":"https:\/\/888starzbets.net\/az\/wp-json\/wp\/v2\/pages\/2","targetHints":{"allow":["GET"]}}],"collection":[{"href":"https:\/\/888starzbets.net\/az\/wp-json\/wp\/v2\/pages"}],"about":[{"href":"https:\/\/888starzbets.net\/az\/wp-json\/wp\/v2\/types\/page"}],"author":[{"embeddable":true,"href":"https:\/\/888starzbets.net\/az\/wp-json\/wp\/v2\/users\/1"}],"replies":[{"embeddable":true,"href":"https:\/\/888starzbets.net\/az\/wp-json\/wp\/v2\/comments?post=2"}],"version-history":[{"count":134,"href":"https:\/\/888starzbets.net\/az\/wp-json\/wp\/v2\/pages\/2\/revisions"}],"predecessor-version":[{"id":852,"href":"https:\/\/888starzbets.net\/az\/wp-json\/wp\/v2\/pages\/2\/revisions\/852"}],"wp:attachment":[{"href":"https:\/\/888starzbets.net\/az\/wp-json\/wp\/v2\/media?parent=2"}],"curies":[{"name":"wp","href":"https:\/\/api.w.org\/{rel}","templated":true}]}}