{"id":270,"date":"2024-02-02T08:45:42","date_gmt":"2024-02-02T08:45:42","guid":{"rendered":"https:\/\/888starzbets.net\/az\/?page_id=270"},"modified":"2025-08-27T20:17:49","modified_gmt":"2025-08-27T20:17:49","slug":"affiliate","status":"publish","type":"page","link":"https:\/\/888starzbets.net\/az\/affiliate\/","title":{"rendered":"T\u0259r\u0259fda\u015f"},"content":{"rendered":"","protected":false},"excerpt":{"rendered":"","protected":false},"author":1,"featured_media":0,"parent":0,"menu_order":0,"comment_status":"closed","ping_status":"closed","template":"","meta":{"footnotes":""},"class_list":["post-270","page","type-page","status-publish","hentry"],"yoast_head":"<!-- This site is optimized with the Yoast SEO plugin v26.2 - https:\/\/yoast.com\/wordpress\/plugins\/seo\/ -->\n<title>888Starz filial\u0131 \ud83d\udd34 888STARZ T\u0259r\u0259fda\u015flar\u0131<\/title>\n<meta name=\"description\" content=\"888 ortaq proqram\u0131na qo\u015fulun v\u0259 real pul qazan\u0131n | 888Starz y\u00fcks\u0259k konvertasiya d\u0259r\u0259c\u0259l\u0259ri, m\u00fcnt\u0259z\u0259m \u00f6d\u0259ni\u015fl\u0259r, g\u0259lir pay\u0131 v\u0259 CPA t\u0259klif edir | Biz d\u00fcnyan\u0131n 100-d\u0259n \u00e7ox \u00f6lk\u0259sind\u0259 i\u015fl\u0259yirik\" \/>\n<meta name=\"robots\" content=\"index, follow, max-snippet:-1, max-image-preview:large, max-video-preview:-1\" \/>\n<meta property=\"og:locale\" content=\"az_AZ\" \/>\n<meta property=\"og:type\" content=\"article\" \/>\n<meta property=\"og:title\" content=\"888Starz filial\u0131 \ud83d\udd34 888STARZ T\u0259r\u0259fda\u015flar\u0131\" \/>\n<meta property=\"og:description\" content=\"888 ortaq proqram\u0131na qo\u015fulun v\u0259 real pul qazan\u0131n | 888Starz y\u00fcks\u0259k konvertasiya d\u0259r\u0259c\u0259l\u0259ri, m\u00fcnt\u0259z\u0259m \u00f6d\u0259ni\u015fl\u0259r, g\u0259lir pay\u0131 v\u0259 CPA t\u0259klif edir | Biz d\u00fcnyan\u0131n 100-d\u0259n \u00e7ox \u00f6lk\u0259sind\u0259 i\u015fl\u0259yirik\" \/>\n<meta property=\"og:url\" content=\"https:\/\/888starzbets.net\/az\/affiliate\/\" \/>\n<meta property=\"og:site_name\" content=\"888starz Team az\" \/>\n<meta property=\"article:modified_time\" content=\"2025-08-27T20:17:49+00:00\" \/>\n<meta name=\"twitter:card\" content=\"summary_large_image\" \/>\n<script type=\"application\/ld+json\" class=\"yoast-schema-graph\">{\"@context\":\"https:\/\/schema.org\",\"@graph\":[{\"@type\":\"WebPage\",\"@id\":\"https:\/\/888starzbets.net\/az\/affiliate\/\",\"url\":\"https:\/\/888starzbets.net\/az\/affiliate\/\",\"name\":\"888Starz filial\u0131 \ud83d\udd34 888STARZ T\u0259r\u0259fda\u015flar\u0131\",\"isPartOf\":{\"@id\":\"https:\/\/888starzbets.net\/az\/#website\"},\"datePublished\":\"2024-02-02T08:45:42+00:00\",\"dateModified\":\"2025-08-27T20:17:49+00:00\",\"description\":\"888 ortaq proqram\u0131na qo\u015fulun v\u0259 real pul qazan\u0131n | 888Starz y\u00fcks\u0259k konvertasiya d\u0259r\u0259c\u0259l\u0259ri, m\u00fcnt\u0259z\u0259m \u00f6d\u0259ni\u015fl\u0259r, g\u0259lir pay\u0131 v\u0259 CPA t\u0259klif edir | Biz d\u00fcnyan\u0131n 100-d\u0259n \u00e7ox \u00f6lk\u0259sind\u0259 i\u015fl\u0259yirik\",\"inLanguage\":\"az\",\"potentialAction\":[{\"@type\":\"ReadAction\",\"target\":[\"https:\/\/888starzbets.net\/az\/affiliate\/\"]}]},{\"@type\":\"WebSite\",\"@id\":\"https:\/\/888starzbets.net\/az\/#website\",\"url\":\"https:\/\/888starzbets.net\/az\/\",\"name\":\"888starz Team az\",\"description\":\"\",\"potentialAction\":[{\"@type\":\"SearchAction\",\"target\":{\"@type\":\"EntryPoint\",\"urlTemplate\":\"https:\/\/888starzbets.net\/az\/?s={search_term_string}\"},\"query-input\":{\"@type\":\"PropertyValueSpecification\",\"valueRequired\":true,\"valueName\":\"search_term_string\"}}],\"inLanguage\":\"az\"}]}<\/script>\n<!-- \/ Yoast SEO plugin. -->","yoast_head_json":{"title":"888Starz filial\u0131 \ud83d\udd34 888STARZ T\u0259r\u0259fda\u015flar\u0131","description":"888 ortaq proqram\u0131na qo\u015fulun v\u0259 real pul qazan\u0131n | 888Starz y\u00fcks\u0259k konvertasiya d\u0259r\u0259c\u0259l\u0259ri, m\u00fcnt\u0259z\u0259m \u00f6d\u0259ni\u015fl\u0259r, g\u0259lir pay\u0131 v\u0259 CPA t\u0259klif edir | Biz d\u00fcnyan\u0131n 100-d\u0259n \u00e7ox \u00f6lk\u0259sind\u0259 i\u015fl\u0259yirik","robots":{"index":"index","follow":"follow","max-snippet":"max-snippet:-1","max-image-preview":"max-image-preview:large","max-video-preview":"max-video-preview:-1"},"og_locale":"az_AZ","og_type":"article","og_title":"888Starz filial\u0131 \ud83d\udd34 888STARZ T\u0259r\u0259fda\u015flar\u0131","og_description":"888 ortaq proqram\u0131na qo\u015fulun v\u0259 real pul qazan\u0131n | 888Starz y\u00fcks\u0259k konvertasiya d\u0259r\u0259c\u0259l\u0259ri, m\u00fcnt\u0259z\u0259m \u00f6d\u0259ni\u015fl\u0259r, g\u0259lir pay\u0131 v\u0259 CPA t\u0259klif edir | Biz d\u00fcnyan\u0131n 100-d\u0259n \u00e7ox \u00f6lk\u0259sind\u0259 i\u015fl\u0259yirik","og_url":"https:\/\/888starzbets.net\/az\/affiliate\/","og_site_name":"888starz Team az","article_modified_time":"2025-08-27T20:17:49+00:00","twitter_card":"summary_large_image","schema":{"@context":"https:\/\/schema.org","@graph":[{"@type":"WebPage","@id":"https:\/\/888starzbets.net\/az\/affiliate\/","url":"https:\/\/888starzbets.net\/az\/affiliate\/","name":"888Starz filial\u0131 \ud83d\udd34 888STARZ T\u0259r\u0259fda\u015flar\u0131","isPartOf":{"@id":"https:\/\/888starzbets.net\/az\/#website"},"datePublished":"2024-02-02T08:45:42+00:00","dateModified":"2025-08-27T20:17:49+00:00","description":"888 ortaq proqram\u0131na qo\u015fulun v\u0259 real pul qazan\u0131n | 888Starz y\u00fcks\u0259k konvertasiya d\u0259r\u0259c\u0259l\u0259ri, m\u00fcnt\u0259z\u0259m \u00f6d\u0259ni\u015fl\u0259r, g\u0259lir pay\u0131 v\u0259 CPA t\u0259klif edir | Biz d\u00fcnyan\u0131n 100-d\u0259n \u00e7ox \u00f6lk\u0259sind\u0259 i\u015fl\u0259yirik","inLanguage":"az","potentialAction":[{"@type":"ReadAction","target":["https:\/\/888starzbets.net\/az\/affiliate\/"]}]},{"@type":"WebSite","@id":"https:\/\/888starzbets.net\/az\/#website","url":"https:\/\/888starzbets.net\/az\/","name":"888starz Team az","description":"","potentialAction":[{"@type":"SearchAction","target":{"@type":"EntryPoint","urlTemplate":"https:\/\/888starzbets.net\/az\/?s={search_term_string}"},"query-input":{"@type":"PropertyValueSpecification","valueRequired":true,"valueName":"search_term_string"}}],"inLanguage":"az"}]}},"_links":{"self":[{"href":"https:\/\/888starzbets.net\/az\/wp-json\/wp\/v2\/pages\/270","targetHints":{"allow":["GET"]}}],"collection":[{"href":"https:\/\/888starzbets.net\/az\/wp-json\/wp\/v2\/pages"}],"about":[{"href":"https:\/\/888starzbets.net\/az\/wp-json\/wp\/v2\/types\/page"}],"author":[{"embeddable":true,"href":"https:\/\/888starzbets.net\/az\/wp-json\/wp\/v2\/users\/1"}],"replies":[{"embeddable":true,"href":"https:\/\/888starzbets.net\/az\/wp-json\/wp\/v2\/comments?post=270"}],"version-history":[{"count":32,"href":"https:\/\/888starzbets.net\/az\/wp-json\/wp\/v2\/pages\/270\/revisions"}],"predecessor-version":[{"id":827,"href":"https:\/\/888starzbets.net\/az\/wp-json\/wp\/v2\/pages\/270\/revisions\/827"}],"wp:attachment":[{"href":"https:\/\/888starzbets.net\/az\/wp-json\/wp\/v2\/media?parent=270"}],"curies":[{"name":"wp","href":"https:\/\/api.w.org\/{rel}","templated":true}]}}