{"id":304,"date":"2025-02-05T10:16:04","date_gmt":"2025-02-05T10:16:04","guid":{"rendered":"https:\/\/888starzbets.net\/az\/?page_id=304"},"modified":"2025-08-27T21:31:15","modified_gmt":"2025-08-27T21:31:15","slug":"mobile-app","status":"publish","type":"page","link":"https:\/\/888starzbets.net\/az\/mobile-app\/","title":{"rendered":"T\u0259tbiq"},"content":{"rendered":"","protected":false},"excerpt":{"rendered":"","protected":false},"author":1,"featured_media":0,"parent":0,"menu_order":0,"comment_status":"closed","ping_status":"closed","template":"","meta":{"footnotes":""},"class_list":["post-304","page","type-page","status-publish","hentry"],"yoast_head":"<!-- This site is optimized with the Yoast SEO plugin v26.2 - https:\/\/yoast.com\/wordpress\/plugins\/seo\/ -->\n<title>Android v\u0259 iOS 2025 \u00fc\u00e7\u00fcn 888Starz T\u0259tbiqi \ud83d\udcf1<\/title>\n<meta name=\"description\" content=\"888Starz Proqram\u0131n\u0131 Android v\u0259 iOS \u00fc\u00e7\u00fcn Pulsuz Y\u00fckl\u0259yin \u27a4 Android \u00fc\u00e7\u00fcn 888Starz proqram\u0131n\u0131 y\u00fckl\u0259m\u0259k \u00fc\u00e7\u00fcn t\u0259limat \u27a4 888Starz il\u0259 birba\u015fa mobil telefonunuzdan idman m\u0259rcl\u0259ri qoyun v\u0259 kazino oyunlar\u0131 oynay\u0131n\" \/>\n<meta name=\"robots\" content=\"index, follow, max-snippet:-1, max-image-preview:large, max-video-preview:-1\" \/>\n<meta property=\"og:locale\" content=\"az_AZ\" \/>\n<meta property=\"og:type\" content=\"article\" \/>\n<meta property=\"og:title\" content=\"Android v\u0259 iOS 2025 \u00fc\u00e7\u00fcn 888Starz T\u0259tbiqi \ud83d\udcf1\" \/>\n<meta property=\"og:description\" content=\"888Starz Proqram\u0131n\u0131 Android v\u0259 iOS \u00fc\u00e7\u00fcn Pulsuz Y\u00fckl\u0259yin \u27a4 Android \u00fc\u00e7\u00fcn 888Starz proqram\u0131n\u0131 y\u00fckl\u0259m\u0259k \u00fc\u00e7\u00fcn t\u0259limat \u27a4 888Starz il\u0259 birba\u015fa mobil telefonunuzdan idman m\u0259rcl\u0259ri qoyun v\u0259 kazino oyunlar\u0131 oynay\u0131n\" \/>\n<meta property=\"og:url\" content=\"https:\/\/888starzbets.net\/az\/mobile-app\/\" \/>\n<meta property=\"og:site_name\" content=\"888starz Team az\" \/>\n<meta property=\"article:modified_time\" content=\"2025-08-27T21:31:15+00:00\" \/>\n<meta name=\"twitter:card\" content=\"summary_large_image\" \/>\n<script type=\"application\/ld+json\" class=\"yoast-schema-graph\">{\"@context\":\"https:\/\/schema.org\",\"@graph\":[{\"@type\":\"WebPage\",\"@id\":\"https:\/\/888starzbets.net\/az\/mobile-app\/\",\"url\":\"https:\/\/888starzbets.net\/az\/mobile-app\/\",\"name\":\"Android v\u0259 iOS 2025 \u00fc\u00e7\u00fcn 888Starz T\u0259tbiqi \ud83d\udcf1\",\"isPartOf\":{\"@id\":\"https:\/\/888starzbets.net\/az\/#website\"},\"datePublished\":\"2025-02-05T10:16:04+00:00\",\"dateModified\":\"2025-08-27T21:31:15+00:00\",\"description\":\"888Starz Proqram\u0131n\u0131 Android v\u0259 iOS \u00fc\u00e7\u00fcn Pulsuz Y\u00fckl\u0259yin \u27a4 Android \u00fc\u00e7\u00fcn 888Starz proqram\u0131n\u0131 y\u00fckl\u0259m\u0259k \u00fc\u00e7\u00fcn t\u0259limat \u27a4 888Starz il\u0259 birba\u015fa mobil telefonunuzdan idman m\u0259rcl\u0259ri qoyun v\u0259 kazino oyunlar\u0131 oynay\u0131n\",\"inLanguage\":\"az\",\"potentialAction\":[{\"@type\":\"ReadAction\",\"target\":[\"https:\/\/888starzbets.net\/az\/mobile-app\/\"]}]},{\"@type\":\"WebSite\",\"@id\":\"https:\/\/888starzbets.net\/az\/#website\",\"url\":\"https:\/\/888starzbets.net\/az\/\",\"name\":\"888starz Team az\",\"description\":\"\",\"potentialAction\":[{\"@type\":\"SearchAction\",\"target\":{\"@type\":\"EntryPoint\",\"urlTemplate\":\"https:\/\/888starzbets.net\/az\/?s={search_term_string}\"},\"query-input\":{\"@type\":\"PropertyValueSpecification\",\"valueRequired\":true,\"valueName\":\"search_term_string\"}}],\"inLanguage\":\"az\"}]}<\/script>\n<!-- \/ Yoast SEO plugin. -->","yoast_head_json":{"title":"Android v\u0259 iOS 2025 \u00fc\u00e7\u00fcn 888Starz T\u0259tbiqi \ud83d\udcf1","description":"888Starz Proqram\u0131n\u0131 Android v\u0259 iOS \u00fc\u00e7\u00fcn Pulsuz Y\u00fckl\u0259yin \u27a4 Android \u00fc\u00e7\u00fcn 888Starz proqram\u0131n\u0131 y\u00fckl\u0259m\u0259k \u00fc\u00e7\u00fcn t\u0259limat \u27a4 888Starz il\u0259 birba\u015fa mobil telefonunuzdan idman m\u0259rcl\u0259ri qoyun v\u0259 kazino oyunlar\u0131 oynay\u0131n","robots":{"index":"index","follow":"follow","max-snippet":"max-snippet:-1","max-image-preview":"max-image-preview:large","max-video-preview":"max-video-preview:-1"},"og_locale":"az_AZ","og_type":"article","og_title":"Android v\u0259 iOS 2025 \u00fc\u00e7\u00fcn 888Starz T\u0259tbiqi \ud83d\udcf1","og_description":"888Starz Proqram\u0131n\u0131 Android v\u0259 iOS \u00fc\u00e7\u00fcn Pulsuz Y\u00fckl\u0259yin \u27a4 Android \u00fc\u00e7\u00fcn 888Starz proqram\u0131n\u0131 y\u00fckl\u0259m\u0259k \u00fc\u00e7\u00fcn t\u0259limat \u27a4 888Starz il\u0259 birba\u015fa mobil telefonunuzdan idman m\u0259rcl\u0259ri qoyun v\u0259 kazino oyunlar\u0131 oynay\u0131n","og_url":"https:\/\/888starzbets.net\/az\/mobile-app\/","og_site_name":"888starz Team az","article_modified_time":"2025-08-27T21:31:15+00:00","twitter_card":"summary_large_image","schema":{"@context":"https:\/\/schema.org","@graph":[{"@type":"WebPage","@id":"https:\/\/888starzbets.net\/az\/mobile-app\/","url":"https:\/\/888starzbets.net\/az\/mobile-app\/","name":"Android v\u0259 iOS 2025 \u00fc\u00e7\u00fcn 888Starz T\u0259tbiqi \ud83d\udcf1","isPartOf":{"@id":"https:\/\/888starzbets.net\/az\/#website"},"datePublished":"2025-02-05T10:16:04+00:00","dateModified":"2025-08-27T21:31:15+00:00","description":"888Starz Proqram\u0131n\u0131 Android v\u0259 iOS \u00fc\u00e7\u00fcn Pulsuz Y\u00fckl\u0259yin \u27a4 Android \u00fc\u00e7\u00fcn 888Starz proqram\u0131n\u0131 y\u00fckl\u0259m\u0259k \u00fc\u00e7\u00fcn t\u0259limat \u27a4 888Starz il\u0259 birba\u015fa mobil telefonunuzdan idman m\u0259rcl\u0259ri qoyun v\u0259 kazino oyunlar\u0131 oynay\u0131n","inLanguage":"az","potentialAction":[{"@type":"ReadAction","target":["https:\/\/888starzbets.net\/az\/mobile-app\/"]}]},{"@type":"WebSite","@id":"https:\/\/888starzbets.net\/az\/#website","url":"https:\/\/888starzbets.net\/az\/","name":"888starz Team az","description":"","potentialAction":[{"@type":"SearchAction","target":{"@type":"EntryPoint","urlTemplate":"https:\/\/888starzbets.net\/az\/?s={search_term_string}"},"query-input":{"@type":"PropertyValueSpecification","valueRequired":true,"valueName":"search_term_string"}}],"inLanguage":"az"}]}},"_links":{"self":[{"href":"https:\/\/888starzbets.net\/az\/wp-json\/wp\/v2\/pages\/304","targetHints":{"allow":["GET"]}}],"collection":[{"href":"https:\/\/888starzbets.net\/az\/wp-json\/wp\/v2\/pages"}],"about":[{"href":"https:\/\/888starzbets.net\/az\/wp-json\/wp\/v2\/types\/page"}],"author":[{"embeddable":true,"href":"https:\/\/888starzbets.net\/az\/wp-json\/wp\/v2\/users\/1"}],"replies":[{"embeddable":true,"href":"https:\/\/888starzbets.net\/az\/wp-json\/wp\/v2\/comments?post=304"}],"version-history":[{"count":27,"href":"https:\/\/888starzbets.net\/az\/wp-json\/wp\/v2\/pages\/304\/revisions"}],"predecessor-version":[{"id":830,"href":"https:\/\/888starzbets.net\/az\/wp-json\/wp\/v2\/pages\/304\/revisions\/830"}],"wp:attachment":[{"href":"https:\/\/888starzbets.net\/az\/wp-json\/wp\/v2\/media?parent=304"}],"curies":[{"name":"wp","href":"https:\/\/api.w.org\/{rel}","templated":true}]}}