{"id":502,"date":"2024-08-27T11:58:21","date_gmt":"2024-08-27T11:58:21","guid":{"rendered":"https:\/\/888starzbets.net\/az\/?page_id=502"},"modified":"2025-09-27T07:03:20","modified_gmt":"2025-09-27T07:03:20","slug":"login","status":"publish","type":"page","link":"https:\/\/888starzbets.net\/az\/login\/","title":{"rendered":"Daxil ol"},"content":{"rendered":"","protected":false},"excerpt":{"rendered":"","protected":false},"author":1,"featured_media":0,"parent":0,"menu_order":0,"comment_status":"closed","ping_status":"closed","template":"","meta":{"footnotes":""},"class_list":["post-502","page","type-page","status-publish","hentry"],"yoast_head":"<!-- This site is optimized with the Yoast SEO plugin v26.2 - https:\/\/yoast.com\/wordpress\/plugins\/seo\/ -->\n<title>888Starz Giri\u015f \u1409 888Starz Hesab\u0131na daxil olun<\/title>\n<meta name=\"description\" content=\"F\u0259rdi bonuslar \u0259ld\u0259 etm\u0259k \u00fc\u00e7\u00fcn 888Starz Sports Betting v\u0259 Casino-a daxil olun \u2713 888Starz Giri\u015f S\u0259hif\u0259si \u27a5 Mobil v\u0259 PC-d\u0259n avtorizasiya \u2713 Add\u0131m-Add\u0131m 888Starz Giri\u015f B\u0259l\u0259d\u00e7isi\" \/>\n<meta name=\"robots\" content=\"index, follow, max-snippet:-1, max-image-preview:large, max-video-preview:-1\" \/>\n<meta property=\"og:locale\" content=\"az_AZ\" \/>\n<meta property=\"og:type\" content=\"article\" \/>\n<meta property=\"og:title\" content=\"888Starz Giri\u015f \u1409 888Starz Hesab\u0131na daxil olun\" \/>\n<meta property=\"og:description\" content=\"F\u0259rdi bonuslar \u0259ld\u0259 etm\u0259k \u00fc\u00e7\u00fcn 888Starz Sports Betting v\u0259 Casino-a daxil olun \u2713 888Starz Giri\u015f S\u0259hif\u0259si \u27a5 Mobil v\u0259 PC-d\u0259n avtorizasiya \u2713 Add\u0131m-Add\u0131m 888Starz Giri\u015f B\u0259l\u0259d\u00e7isi\" \/>\n<meta property=\"og:url\" content=\"https:\/\/888starzbets.net\/az\/login\/\" \/>\n<meta property=\"og:site_name\" content=\"888starz Team az\" \/>\n<meta property=\"article:modified_time\" content=\"2025-09-27T07:03:20+00:00\" \/>\n<meta name=\"twitter:card\" content=\"summary_large_image\" \/>\n<script type=\"application\/ld+json\" class=\"yoast-schema-graph\">{\"@context\":\"https:\/\/schema.org\",\"@graph\":[{\"@type\":\"WebPage\",\"@id\":\"https:\/\/888starzbets.net\/az\/login\/\",\"url\":\"https:\/\/888starzbets.net\/az\/login\/\",\"name\":\"888Starz Giri\u015f \u1409 888Starz Hesab\u0131na daxil olun\",\"isPartOf\":{\"@id\":\"https:\/\/888starzbets.net\/az\/#website\"},\"datePublished\":\"2024-08-27T11:58:21+00:00\",\"dateModified\":\"2025-09-27T07:03:20+00:00\",\"description\":\"F\u0259rdi bonuslar \u0259ld\u0259 etm\u0259k \u00fc\u00e7\u00fcn 888Starz Sports Betting v\u0259 Casino-a daxil olun \u2713 888Starz Giri\u015f S\u0259hif\u0259si \u27a5 Mobil v\u0259 PC-d\u0259n avtorizasiya \u2713 Add\u0131m-Add\u0131m 888Starz Giri\u015f B\u0259l\u0259d\u00e7isi\",\"inLanguage\":\"az\",\"potentialAction\":[{\"@type\":\"ReadAction\",\"target\":[\"https:\/\/888starzbets.net\/az\/login\/\"]}]},{\"@type\":\"WebSite\",\"@id\":\"https:\/\/888starzbets.net\/az\/#website\",\"url\":\"https:\/\/888starzbets.net\/az\/\",\"name\":\"888starz Team az\",\"description\":\"\",\"potentialAction\":[{\"@type\":\"SearchAction\",\"target\":{\"@type\":\"EntryPoint\",\"urlTemplate\":\"https:\/\/888starzbets.net\/az\/?s={search_term_string}\"},\"query-input\":{\"@type\":\"PropertyValueSpecification\",\"valueRequired\":true,\"valueName\":\"search_term_string\"}}],\"inLanguage\":\"az\"}]}<\/script>\n<!-- \/ Yoast SEO plugin. -->","yoast_head_json":{"title":"888Starz Giri\u015f \u1409 888Starz Hesab\u0131na daxil olun","description":"F\u0259rdi bonuslar \u0259ld\u0259 etm\u0259k \u00fc\u00e7\u00fcn 888Starz Sports Betting v\u0259 Casino-a daxil olun \u2713 888Starz Giri\u015f S\u0259hif\u0259si \u27a5 Mobil v\u0259 PC-d\u0259n avtorizasiya \u2713 Add\u0131m-Add\u0131m 888Starz Giri\u015f B\u0259l\u0259d\u00e7isi","robots":{"index":"index","follow":"follow","max-snippet":"max-snippet:-1","max-image-preview":"max-image-preview:large","max-video-preview":"max-video-preview:-1"},"og_locale":"az_AZ","og_type":"article","og_title":"888Starz Giri\u015f \u1409 888Starz Hesab\u0131na daxil olun","og_description":"F\u0259rdi bonuslar \u0259ld\u0259 etm\u0259k \u00fc\u00e7\u00fcn 888Starz Sports Betting v\u0259 Casino-a daxil olun \u2713 888Starz Giri\u015f S\u0259hif\u0259si \u27a5 Mobil v\u0259 PC-d\u0259n avtorizasiya \u2713 Add\u0131m-Add\u0131m 888Starz Giri\u015f B\u0259l\u0259d\u00e7isi","og_url":"https:\/\/888starzbets.net\/az\/login\/","og_site_name":"888starz Team az","article_modified_time":"2025-09-27T07:03:20+00:00","twitter_card":"summary_large_image","schema":{"@context":"https:\/\/schema.org","@graph":[{"@type":"WebPage","@id":"https:\/\/888starzbets.net\/az\/login\/","url":"https:\/\/888starzbets.net\/az\/login\/","name":"888Starz Giri\u015f \u1409 888Starz Hesab\u0131na daxil olun","isPartOf":{"@id":"https:\/\/888starzbets.net\/az\/#website"},"datePublished":"2024-08-27T11:58:21+00:00","dateModified":"2025-09-27T07:03:20+00:00","description":"F\u0259rdi bonuslar \u0259ld\u0259 etm\u0259k \u00fc\u00e7\u00fcn 888Starz Sports Betting v\u0259 Casino-a daxil olun \u2713 888Starz Giri\u015f S\u0259hif\u0259si \u27a5 Mobil v\u0259 PC-d\u0259n avtorizasiya \u2713 Add\u0131m-Add\u0131m 888Starz Giri\u015f B\u0259l\u0259d\u00e7isi","inLanguage":"az","potentialAction":[{"@type":"ReadAction","target":["https:\/\/888starzbets.net\/az\/login\/"]}]},{"@type":"WebSite","@id":"https:\/\/888starzbets.net\/az\/#website","url":"https:\/\/888starzbets.net\/az\/","name":"888starz Team az","description":"","potentialAction":[{"@type":"SearchAction","target":{"@type":"EntryPoint","urlTemplate":"https:\/\/888starzbets.net\/az\/?s={search_term_string}"},"query-input":{"@type":"PropertyValueSpecification","valueRequired":true,"valueName":"search_term_string"}}],"inLanguage":"az"}]}},"_links":{"self":[{"href":"https:\/\/888starzbets.net\/az\/wp-json\/wp\/v2\/pages\/502","targetHints":{"allow":["GET"]}}],"collection":[{"href":"https:\/\/888starzbets.net\/az\/wp-json\/wp\/v2\/pages"}],"about":[{"href":"https:\/\/888starzbets.net\/az\/wp-json\/wp\/v2\/types\/page"}],"author":[{"embeddable":true,"href":"https:\/\/888starzbets.net\/az\/wp-json\/wp\/v2\/users\/1"}],"replies":[{"embeddable":true,"href":"https:\/\/888starzbets.net\/az\/wp-json\/wp\/v2\/comments?post=502"}],"version-history":[{"count":20,"href":"https:\/\/888starzbets.net\/az\/wp-json\/wp\/v2\/pages\/502\/revisions"}],"predecessor-version":[{"id":845,"href":"https:\/\/888starzbets.net\/az\/wp-json\/wp\/v2\/pages\/502\/revisions\/845"}],"wp:attachment":[{"href":"https:\/\/888starzbets.net\/az\/wp-json\/wp\/v2\/media?parent=502"}],"curies":[{"name":"wp","href":"https:\/\/api.w.org\/{rel}","templated":true}]}}