{"id":567,"date":"2024-09-02T08:25:04","date_gmt":"2024-09-02T08:25:04","guid":{"rendered":"https:\/\/888starzbets.net\/az\/?page_id=567"},"modified":"2025-08-28T10:34:50","modified_gmt":"2025-08-28T10:34:50","slug":"casino","status":"publish","type":"page","link":"https:\/\/888starzbets.net\/az\/casino\/","title":{"rendered":"Kazino"},"content":{"rendered":"","protected":false},"excerpt":{"rendered":"","protected":false},"author":1,"featured_media":0,"parent":0,"menu_order":0,"comment_status":"closed","ping_status":"closed","template":"","meta":{"footnotes":""},"class_list":["post-567","page","type-page","status-publish","hentry"],"yoast_head":"<!-- This site is optimized with the Yoast SEO plugin v26.2 - https:\/\/yoast.com\/wordpress\/plugins\/seo\/ -->\n<title>888Starz kazino | Canl\u0131 kazino, Oyunlar, Xo\u015f G\u0259lm\u0259 Bonusu<\/title>\n<meta name=\"description\" content=\"888Starz oyun\u00e7ulara minl\u0259rl\u0259 slot, stol\u00fcst\u00fc oyun v\u0259 canl\u0131 dilerl\u0259rl\u0259 888Starz kazinosunda \u015fanslar\u0131n\u0131 s\u0131namaq \u015fans\u0131 t\u0259qdim edir. R\u0259smi 888Starz sayt\u0131nda v\u0259 mobil proqramda oynama\u011fa nec\u0259 ba\u015flamaq olar\" \/>\n<meta name=\"robots\" content=\"index, follow, max-snippet:-1, max-image-preview:large, max-video-preview:-1\" \/>\n<meta property=\"og:locale\" content=\"az_AZ\" \/>\n<meta property=\"og:type\" content=\"article\" \/>\n<meta property=\"og:title\" content=\"888Starz kazino | Canl\u0131 kazino, Oyunlar, Xo\u015f G\u0259lm\u0259 Bonusu\" \/>\n<meta property=\"og:description\" content=\"888Starz oyun\u00e7ulara minl\u0259rl\u0259 slot, stol\u00fcst\u00fc oyun v\u0259 canl\u0131 dilerl\u0259rl\u0259 888Starz kazinosunda \u015fanslar\u0131n\u0131 s\u0131namaq \u015fans\u0131 t\u0259qdim edir. R\u0259smi 888Starz sayt\u0131nda v\u0259 mobil proqramda oynama\u011fa nec\u0259 ba\u015flamaq olar\" \/>\n<meta property=\"og:url\" content=\"https:\/\/888starzbets.net\/az\/casino\/\" \/>\n<meta property=\"og:site_name\" content=\"888starz Team az\" \/>\n<meta property=\"article:modified_time\" content=\"2025-08-28T10:34:50+00:00\" \/>\n<meta name=\"twitter:card\" content=\"summary_large_image\" \/>\n<script type=\"application\/ld+json\" class=\"yoast-schema-graph\">{\"@context\":\"https:\/\/schema.org\",\"@graph\":[{\"@type\":\"WebPage\",\"@id\":\"https:\/\/888starzbets.net\/az\/casino\/\",\"url\":\"https:\/\/888starzbets.net\/az\/casino\/\",\"name\":\"888Starz kazino | Canl\u0131 kazino, Oyunlar, Xo\u015f G\u0259lm\u0259 Bonusu\",\"isPartOf\":{\"@id\":\"https:\/\/888starzbets.net\/az\/#website\"},\"datePublished\":\"2024-09-02T08:25:04+00:00\",\"dateModified\":\"2025-08-28T10:34:50+00:00\",\"description\":\"888Starz oyun\u00e7ulara minl\u0259rl\u0259 slot, stol\u00fcst\u00fc oyun v\u0259 canl\u0131 dilerl\u0259rl\u0259 888Starz kazinosunda \u015fanslar\u0131n\u0131 s\u0131namaq \u015fans\u0131 t\u0259qdim edir. R\u0259smi 888Starz sayt\u0131nda v\u0259 mobil proqramda oynama\u011fa nec\u0259 ba\u015flamaq olar\",\"inLanguage\":\"az\",\"potentialAction\":[{\"@type\":\"ReadAction\",\"target\":[\"https:\/\/888starzbets.net\/az\/casino\/\"]}]},{\"@type\":\"WebSite\",\"@id\":\"https:\/\/888starzbets.net\/az\/#website\",\"url\":\"https:\/\/888starzbets.net\/az\/\",\"name\":\"888starz Team az\",\"description\":\"\",\"potentialAction\":[{\"@type\":\"SearchAction\",\"target\":{\"@type\":\"EntryPoint\",\"urlTemplate\":\"https:\/\/888starzbets.net\/az\/?s={search_term_string}\"},\"query-input\":{\"@type\":\"PropertyValueSpecification\",\"valueRequired\":true,\"valueName\":\"search_term_string\"}}],\"inLanguage\":\"az\"}]}<\/script>\n<!-- \/ Yoast SEO plugin. -->","yoast_head_json":{"title":"888Starz kazino | Canl\u0131 kazino, Oyunlar, Xo\u015f G\u0259lm\u0259 Bonusu","description":"888Starz oyun\u00e7ulara minl\u0259rl\u0259 slot, stol\u00fcst\u00fc oyun v\u0259 canl\u0131 dilerl\u0259rl\u0259 888Starz kazinosunda \u015fanslar\u0131n\u0131 s\u0131namaq \u015fans\u0131 t\u0259qdim edir. R\u0259smi 888Starz sayt\u0131nda v\u0259 mobil proqramda oynama\u011fa nec\u0259 ba\u015flamaq olar","robots":{"index":"index","follow":"follow","max-snippet":"max-snippet:-1","max-image-preview":"max-image-preview:large","max-video-preview":"max-video-preview:-1"},"og_locale":"az_AZ","og_type":"article","og_title":"888Starz kazino | Canl\u0131 kazino, Oyunlar, Xo\u015f G\u0259lm\u0259 Bonusu","og_description":"888Starz oyun\u00e7ulara minl\u0259rl\u0259 slot, stol\u00fcst\u00fc oyun v\u0259 canl\u0131 dilerl\u0259rl\u0259 888Starz kazinosunda \u015fanslar\u0131n\u0131 s\u0131namaq \u015fans\u0131 t\u0259qdim edir. R\u0259smi 888Starz sayt\u0131nda v\u0259 mobil proqramda oynama\u011fa nec\u0259 ba\u015flamaq olar","og_url":"https:\/\/888starzbets.net\/az\/casino\/","og_site_name":"888starz Team az","article_modified_time":"2025-08-28T10:34:50+00:00","twitter_card":"summary_large_image","schema":{"@context":"https:\/\/schema.org","@graph":[{"@type":"WebPage","@id":"https:\/\/888starzbets.net\/az\/casino\/","url":"https:\/\/888starzbets.net\/az\/casino\/","name":"888Starz kazino | Canl\u0131 kazino, Oyunlar, Xo\u015f G\u0259lm\u0259 Bonusu","isPartOf":{"@id":"https:\/\/888starzbets.net\/az\/#website"},"datePublished":"2024-09-02T08:25:04+00:00","dateModified":"2025-08-28T10:34:50+00:00","description":"888Starz oyun\u00e7ulara minl\u0259rl\u0259 slot, stol\u00fcst\u00fc oyun v\u0259 canl\u0131 dilerl\u0259rl\u0259 888Starz kazinosunda \u015fanslar\u0131n\u0131 s\u0131namaq \u015fans\u0131 t\u0259qdim edir. R\u0259smi 888Starz sayt\u0131nda v\u0259 mobil proqramda oynama\u011fa nec\u0259 ba\u015flamaq olar","inLanguage":"az","potentialAction":[{"@type":"ReadAction","target":["https:\/\/888starzbets.net\/az\/casino\/"]}]},{"@type":"WebSite","@id":"https:\/\/888starzbets.net\/az\/#website","url":"https:\/\/888starzbets.net\/az\/","name":"888starz Team az","description":"","potentialAction":[{"@type":"SearchAction","target":{"@type":"EntryPoint","urlTemplate":"https:\/\/888starzbets.net\/az\/?s={search_term_string}"},"query-input":{"@type":"PropertyValueSpecification","valueRequired":true,"valueName":"search_term_string"}}],"inLanguage":"az"}]}},"_links":{"self":[{"href":"https:\/\/888starzbets.net\/az\/wp-json\/wp\/v2\/pages\/567","targetHints":{"allow":["GET"]}}],"collection":[{"href":"https:\/\/888starzbets.net\/az\/wp-json\/wp\/v2\/pages"}],"about":[{"href":"https:\/\/888starzbets.net\/az\/wp-json\/wp\/v2\/types\/page"}],"author":[{"embeddable":true,"href":"https:\/\/888starzbets.net\/az\/wp-json\/wp\/v2\/users\/1"}],"replies":[{"embeddable":true,"href":"https:\/\/888starzbets.net\/az\/wp-json\/wp\/v2\/comments?post=567"}],"version-history":[{"count":20,"href":"https:\/\/888starzbets.net\/az\/wp-json\/wp\/v2\/pages\/567\/revisions"}],"predecessor-version":[{"id":842,"href":"https:\/\/888starzbets.net\/az\/wp-json\/wp\/v2\/pages\/567\/revisions\/842"}],"wp:attachment":[{"href":"https:\/\/888starzbets.net\/az\/wp-json\/wp\/v2\/media?parent=567"}],"curies":[{"name":"wp","href":"https:\/\/api.w.org\/{rel}","templated":true}]}}