{"id":600,"date":"2024-10-18T14:50:41","date_gmt":"2024-10-18T14:50:41","guid":{"rendered":"https:\/\/888starzbets.net\/az\/?page_id=600"},"modified":"2025-09-27T07:02:31","modified_gmt":"2025-09-27T07:02:31","slug":"registration","status":"publish","type":"page","link":"https:\/\/888starzbets.net\/az\/registration\/","title":{"rendered":"Qeydiyyat"},"content":{"rendered":"","protected":false},"excerpt":{"rendered":"","protected":false},"author":1,"featured_media":0,"parent":0,"menu_order":0,"comment_status":"closed","ping_status":"closed","template":"","meta":{"footnotes":""},"class_list":["post-600","page","type-page","status-publish","hentry"],"yoast_head":"<!-- This site is optimized with the Yoast SEO plugin v26.2 - https:\/\/yoast.com\/wordpress\/plugins\/seo\/ -->\n<title>888Starz Qeydiyyat | Nec\u0259 Qeydiyyatdan ke\u00e7m\u0259k B\u0259l\u0259d\u00e7isi<\/title>\n<meta name=\"description\" content=\"888Starz-da yeni hesab nec\u0259 yaratmaq olar \u00b7 R\u0259smi 888starz sayt\u0131nda qeydiyyat \u00b7 Qeydiyyatdan ke\u00e7in v\u0259 100% qeydiyyat bonusu \u0259ld\u0259 edin \u00b7 888Starz-da qeydiyyatdan ke\u00e7m\u0259yi v\u0259 hesab yaratma\u011f\u0131 tamamlama\u011f\u0131 \u00f6yr\u0259nin\" \/>\n<meta name=\"robots\" content=\"index, follow, max-snippet:-1, max-image-preview:large, max-video-preview:-1\" \/>\n<meta property=\"og:locale\" content=\"az_AZ\" \/>\n<meta property=\"og:type\" content=\"article\" \/>\n<meta property=\"og:title\" content=\"888Starz Qeydiyyat | Nec\u0259 Qeydiyyatdan ke\u00e7m\u0259k B\u0259l\u0259d\u00e7isi\" \/>\n<meta property=\"og:description\" content=\"888Starz-da yeni hesab nec\u0259 yaratmaq olar \u00b7 R\u0259smi 888starz sayt\u0131nda qeydiyyat \u00b7 Qeydiyyatdan ke\u00e7in v\u0259 100% qeydiyyat bonusu \u0259ld\u0259 edin \u00b7 888Starz-da qeydiyyatdan ke\u00e7m\u0259yi v\u0259 hesab yaratma\u011f\u0131 tamamlama\u011f\u0131 \u00f6yr\u0259nin\" \/>\n<meta property=\"og:url\" content=\"https:\/\/888starzbets.net\/az\/registration\/\" \/>\n<meta property=\"og:site_name\" content=\"888starz Team az\" \/>\n<meta property=\"article:modified_time\" content=\"2025-09-27T07:02:31+00:00\" \/>\n<meta name=\"twitter:card\" content=\"summary_large_image\" \/>\n<script type=\"application\/ld+json\" class=\"yoast-schema-graph\">{\"@context\":\"https:\/\/schema.org\",\"@graph\":[{\"@type\":\"WebPage\",\"@id\":\"https:\/\/888starzbets.net\/az\/registration\/\",\"url\":\"https:\/\/888starzbets.net\/az\/registration\/\",\"name\":\"888Starz Qeydiyyat | Nec\u0259 Qeydiyyatdan ke\u00e7m\u0259k B\u0259l\u0259d\u00e7isi\",\"isPartOf\":{\"@id\":\"https:\/\/888starzbets.net\/az\/#website\"},\"datePublished\":\"2024-10-18T14:50:41+00:00\",\"dateModified\":\"2025-09-27T07:02:31+00:00\",\"description\":\"888Starz-da yeni hesab nec\u0259 yaratmaq olar \u00b7 R\u0259smi 888starz sayt\u0131nda qeydiyyat \u00b7 Qeydiyyatdan ke\u00e7in v\u0259 100% qeydiyyat bonusu \u0259ld\u0259 edin \u00b7 888Starz-da qeydiyyatdan ke\u00e7m\u0259yi v\u0259 hesab yaratma\u011f\u0131 tamamlama\u011f\u0131 \u00f6yr\u0259nin\",\"inLanguage\":\"az\",\"potentialAction\":[{\"@type\":\"ReadAction\",\"target\":[\"https:\/\/888starzbets.net\/az\/registration\/\"]}]},{\"@type\":\"WebSite\",\"@id\":\"https:\/\/888starzbets.net\/az\/#website\",\"url\":\"https:\/\/888starzbets.net\/az\/\",\"name\":\"888starz Team az\",\"description\":\"\",\"potentialAction\":[{\"@type\":\"SearchAction\",\"target\":{\"@type\":\"EntryPoint\",\"urlTemplate\":\"https:\/\/888starzbets.net\/az\/?s={search_term_string}\"},\"query-input\":{\"@type\":\"PropertyValueSpecification\",\"valueRequired\":true,\"valueName\":\"search_term_string\"}}],\"inLanguage\":\"az\"}]}<\/script>\n<!-- \/ Yoast SEO plugin. -->","yoast_head_json":{"title":"888Starz Qeydiyyat | Nec\u0259 Qeydiyyatdan ke\u00e7m\u0259k B\u0259l\u0259d\u00e7isi","description":"888Starz-da yeni hesab nec\u0259 yaratmaq olar \u00b7 R\u0259smi 888starz sayt\u0131nda qeydiyyat \u00b7 Qeydiyyatdan ke\u00e7in v\u0259 100% qeydiyyat bonusu \u0259ld\u0259 edin \u00b7 888Starz-da qeydiyyatdan ke\u00e7m\u0259yi v\u0259 hesab yaratma\u011f\u0131 tamamlama\u011f\u0131 \u00f6yr\u0259nin","robots":{"index":"index","follow":"follow","max-snippet":"max-snippet:-1","max-image-preview":"max-image-preview:large","max-video-preview":"max-video-preview:-1"},"og_locale":"az_AZ","og_type":"article","og_title":"888Starz Qeydiyyat | Nec\u0259 Qeydiyyatdan ke\u00e7m\u0259k B\u0259l\u0259d\u00e7isi","og_description":"888Starz-da yeni hesab nec\u0259 yaratmaq olar \u00b7 R\u0259smi 888starz sayt\u0131nda qeydiyyat \u00b7 Qeydiyyatdan ke\u00e7in v\u0259 100% qeydiyyat bonusu \u0259ld\u0259 edin \u00b7 888Starz-da qeydiyyatdan ke\u00e7m\u0259yi v\u0259 hesab yaratma\u011f\u0131 tamamlama\u011f\u0131 \u00f6yr\u0259nin","og_url":"https:\/\/888starzbets.net\/az\/registration\/","og_site_name":"888starz Team az","article_modified_time":"2025-09-27T07:02:31+00:00","twitter_card":"summary_large_image","schema":{"@context":"https:\/\/schema.org","@graph":[{"@type":"WebPage","@id":"https:\/\/888starzbets.net\/az\/registration\/","url":"https:\/\/888starzbets.net\/az\/registration\/","name":"888Starz Qeydiyyat | Nec\u0259 Qeydiyyatdan ke\u00e7m\u0259k B\u0259l\u0259d\u00e7isi","isPartOf":{"@id":"https:\/\/888starzbets.net\/az\/#website"},"datePublished":"2024-10-18T14:50:41+00:00","dateModified":"2025-09-27T07:02:31+00:00","description":"888Starz-da yeni hesab nec\u0259 yaratmaq olar \u00b7 R\u0259smi 888starz sayt\u0131nda qeydiyyat \u00b7 Qeydiyyatdan ke\u00e7in v\u0259 100% qeydiyyat bonusu \u0259ld\u0259 edin \u00b7 888Starz-da qeydiyyatdan ke\u00e7m\u0259yi v\u0259 hesab yaratma\u011f\u0131 tamamlama\u011f\u0131 \u00f6yr\u0259nin","inLanguage":"az","potentialAction":[{"@type":"ReadAction","target":["https:\/\/888starzbets.net\/az\/registration\/"]}]},{"@type":"WebSite","@id":"https:\/\/888starzbets.net\/az\/#website","url":"https:\/\/888starzbets.net\/az\/","name":"888starz Team az","description":"","potentialAction":[{"@type":"SearchAction","target":{"@type":"EntryPoint","urlTemplate":"https:\/\/888starzbets.net\/az\/?s={search_term_string}"},"query-input":{"@type":"PropertyValueSpecification","valueRequired":true,"valueName":"search_term_string"}}],"inLanguage":"az"}]}},"_links":{"self":[{"href":"https:\/\/888starzbets.net\/az\/wp-json\/wp\/v2\/pages\/600","targetHints":{"allow":["GET"]}}],"collection":[{"href":"https:\/\/888starzbets.net\/az\/wp-json\/wp\/v2\/pages"}],"about":[{"href":"https:\/\/888starzbets.net\/az\/wp-json\/wp\/v2\/types\/page"}],"author":[{"embeddable":true,"href":"https:\/\/888starzbets.net\/az\/wp-json\/wp\/v2\/users\/1"}],"replies":[{"embeddable":true,"href":"https:\/\/888starzbets.net\/az\/wp-json\/wp\/v2\/comments?post=600"}],"version-history":[{"count":13,"href":"https:\/\/888starzbets.net\/az\/wp-json\/wp\/v2\/pages\/600\/revisions"}],"predecessor-version":[{"id":849,"href":"https:\/\/888starzbets.net\/az\/wp-json\/wp\/v2\/pages\/600\/revisions\/849"}],"wp:attachment":[{"href":"https:\/\/888starzbets.net\/az\/wp-json\/wp\/v2\/media?parent=600"}],"curies":[{"name":"wp","href":"https:\/\/api.w.org\/{rel}","templated":true}]}}