{"id":711,"date":"2025-05-07T09:19:26","date_gmt":"2025-05-07T09:19:26","guid":{"rendered":"https:\/\/888starzbets.net\/az\/?page_id=711"},"modified":"2025-08-28T09:45:42","modified_gmt":"2025-08-28T09:45:42","slug":"freebet-in-app","status":"publish","type":"page","link":"https:\/\/888starzbets.net\/az\/bonus\/freebet-in-app\/","title":{"rendered":"T\u0259tbiqd\u0259 pulsuz bahis"},"content":{"rendered":"","protected":false},"excerpt":{"rendered":"","protected":false},"author":1,"featured_media":0,"parent":152,"menu_order":0,"comment_status":"closed","ping_status":"closed","template":"","meta":{"footnotes":""},"class_list":["post-711","page","type-page","status-publish","hentry"],"yoast_head":"<!-- This site is optimized with the Yoast SEO plugin v26.2 - https:\/\/yoast.com\/wordpress\/plugins\/seo\/ -->\n<title>Proqramdaxili pulsuz m\u0259rc: M\u0259rcl\u0259rinizi qoyun v\u0259 6 AZN-\u0259 q\u0259d\u0259r bonus qazan\u0131n!<\/title>\n<meta name=\"description\" content=\"Pulsuz m\u0259rcinizi birba\u015fa t\u0259tbiqd\u0259 \u0259ld\u0259 edin! 2 AZN-d\u0259n ba\u015flayaraq m\u0259rc edin, sad\u0259 \u015f\u0259rtl\u0259ri yerin\u0259 yetirin v\u0259 6 AZN-\u0259 q\u0259d\u0259r qazan\u0131n. Proqram\u0131 qura\u015fd\u0131r\u0131n, hesab\u0131n\u0131z\u0131 aktivl\u0259\u015fdirin v\u0259 bu g\u00fcn qazanma\u011fa ba\u015flay\u0131n!\" \/>\n<meta name=\"robots\" content=\"index, follow, max-snippet:-1, max-image-preview:large, max-video-preview:-1\" \/>\n<meta property=\"og:locale\" content=\"az_AZ\" \/>\n<meta property=\"og:type\" content=\"article\" \/>\n<meta property=\"og:title\" content=\"Proqramdaxili pulsuz m\u0259rc: M\u0259rcl\u0259rinizi qoyun v\u0259 6 AZN-\u0259 q\u0259d\u0259r bonus qazan\u0131n!\" \/>\n<meta property=\"og:description\" content=\"Pulsuz m\u0259rcinizi birba\u015fa t\u0259tbiqd\u0259 \u0259ld\u0259 edin! 2 AZN-d\u0259n ba\u015flayaraq m\u0259rc edin, sad\u0259 \u015f\u0259rtl\u0259ri yerin\u0259 yetirin v\u0259 6 AZN-\u0259 q\u0259d\u0259r qazan\u0131n. Proqram\u0131 qura\u015fd\u0131r\u0131n, hesab\u0131n\u0131z\u0131 aktivl\u0259\u015fdirin v\u0259 bu g\u00fcn qazanma\u011fa ba\u015flay\u0131n!\" \/>\n<meta property=\"og:url\" content=\"https:\/\/888starzbets.net\/az\/bonus\/freebet-in-app\/\" \/>\n<meta property=\"og:site_name\" content=\"888starz Team az\" \/>\n<meta property=\"article:modified_time\" content=\"2025-08-28T09:45:42+00:00\" \/>\n<meta name=\"twitter:card\" content=\"summary_large_image\" \/>\n<script type=\"application\/ld+json\" class=\"yoast-schema-graph\">{\"@context\":\"https:\/\/schema.org\",\"@graph\":[{\"@type\":\"WebPage\",\"@id\":\"https:\/\/888starzbets.net\/az\/bonus\/freebet-in-app\/\",\"url\":\"https:\/\/888starzbets.net\/az\/bonus\/freebet-in-app\/\",\"name\":\"Proqramdaxili pulsuz m\u0259rc: M\u0259rcl\u0259rinizi qoyun v\u0259 6 AZN-\u0259 q\u0259d\u0259r bonus qazan\u0131n!\",\"isPartOf\":{\"@id\":\"https:\/\/888starzbets.net\/az\/#website\"},\"datePublished\":\"2025-05-07T09:19:26+00:00\",\"dateModified\":\"2025-08-28T09:45:42+00:00\",\"description\":\"Pulsuz m\u0259rcinizi birba\u015fa t\u0259tbiqd\u0259 \u0259ld\u0259 edin! 2 AZN-d\u0259n ba\u015flayaraq m\u0259rc edin, sad\u0259 \u015f\u0259rtl\u0259ri yerin\u0259 yetirin v\u0259 6 AZN-\u0259 q\u0259d\u0259r qazan\u0131n. Proqram\u0131 qura\u015fd\u0131r\u0131n, hesab\u0131n\u0131z\u0131 aktivl\u0259\u015fdirin v\u0259 bu g\u00fcn qazanma\u011fa ba\u015flay\u0131n!\",\"breadcrumb\":{\"@id\":\"https:\/\/888starzbets.net\/az\/bonus\/freebet-in-app\/#breadcrumb\"},\"inLanguage\":\"az\",\"potentialAction\":[{\"@type\":\"ReadAction\",\"target\":[\"https:\/\/888starzbets.net\/az\/bonus\/freebet-in-app\/\"]}]},{\"@type\":\"BreadcrumbList\",\"@id\":\"https:\/\/888starzbets.net\/az\/bonus\/freebet-in-app\/#breadcrumb\",\"itemListElement\":[{\"@type\":\"ListItem\",\"position\":1,\"name\":\"Bonuslar\",\"item\":\"https:\/\/888starzbets.net\/az\/bonus\/\"},{\"@type\":\"ListItem\",\"position\":2,\"name\":\"T\u0259tbiqd\u0259 pulsuz bahis\"}]},{\"@type\":\"WebSite\",\"@id\":\"https:\/\/888starzbets.net\/az\/#website\",\"url\":\"https:\/\/888starzbets.net\/az\/\",\"name\":\"888starz Team az\",\"description\":\"\",\"potentialAction\":[{\"@type\":\"SearchAction\",\"target\":{\"@type\":\"EntryPoint\",\"urlTemplate\":\"https:\/\/888starzbets.net\/az\/?s={search_term_string}\"},\"query-input\":{\"@type\":\"PropertyValueSpecification\",\"valueRequired\":true,\"valueName\":\"search_term_string\"}}],\"inLanguage\":\"az\"}]}<\/script>\n<!-- \/ Yoast SEO plugin. -->","yoast_head_json":{"title":"Proqramdaxili pulsuz m\u0259rc: M\u0259rcl\u0259rinizi qoyun v\u0259 6 AZN-\u0259 q\u0259d\u0259r bonus qazan\u0131n!","description":"Pulsuz m\u0259rcinizi birba\u015fa t\u0259tbiqd\u0259 \u0259ld\u0259 edin! 2 AZN-d\u0259n ba\u015flayaraq m\u0259rc edin, sad\u0259 \u015f\u0259rtl\u0259ri yerin\u0259 yetirin v\u0259 6 AZN-\u0259 q\u0259d\u0259r qazan\u0131n. Proqram\u0131 qura\u015fd\u0131r\u0131n, hesab\u0131n\u0131z\u0131 aktivl\u0259\u015fdirin v\u0259 bu g\u00fcn qazanma\u011fa ba\u015flay\u0131n!","robots":{"index":"index","follow":"follow","max-snippet":"max-snippet:-1","max-image-preview":"max-image-preview:large","max-video-preview":"max-video-preview:-1"},"og_locale":"az_AZ","og_type":"article","og_title":"Proqramdaxili pulsuz m\u0259rc: M\u0259rcl\u0259rinizi qoyun v\u0259 6 AZN-\u0259 q\u0259d\u0259r bonus qazan\u0131n!","og_description":"Pulsuz m\u0259rcinizi birba\u015fa t\u0259tbiqd\u0259 \u0259ld\u0259 edin! 2 AZN-d\u0259n ba\u015flayaraq m\u0259rc edin, sad\u0259 \u015f\u0259rtl\u0259ri yerin\u0259 yetirin v\u0259 6 AZN-\u0259 q\u0259d\u0259r qazan\u0131n. Proqram\u0131 qura\u015fd\u0131r\u0131n, hesab\u0131n\u0131z\u0131 aktivl\u0259\u015fdirin v\u0259 bu g\u00fcn qazanma\u011fa ba\u015flay\u0131n!","og_url":"https:\/\/888starzbets.net\/az\/bonus\/freebet-in-app\/","og_site_name":"888starz Team az","article_modified_time":"2025-08-28T09:45:42+00:00","twitter_card":"summary_large_image","schema":{"@context":"https:\/\/schema.org","@graph":[{"@type":"WebPage","@id":"https:\/\/888starzbets.net\/az\/bonus\/freebet-in-app\/","url":"https:\/\/888starzbets.net\/az\/bonus\/freebet-in-app\/","name":"Proqramdaxili pulsuz m\u0259rc: M\u0259rcl\u0259rinizi qoyun v\u0259 6 AZN-\u0259 q\u0259d\u0259r bonus qazan\u0131n!","isPartOf":{"@id":"https:\/\/888starzbets.net\/az\/#website"},"datePublished":"2025-05-07T09:19:26+00:00","dateModified":"2025-08-28T09:45:42+00:00","description":"Pulsuz m\u0259rcinizi birba\u015fa t\u0259tbiqd\u0259 \u0259ld\u0259 edin! 2 AZN-d\u0259n ba\u015flayaraq m\u0259rc edin, sad\u0259 \u015f\u0259rtl\u0259ri yerin\u0259 yetirin v\u0259 6 AZN-\u0259 q\u0259d\u0259r qazan\u0131n. Proqram\u0131 qura\u015fd\u0131r\u0131n, hesab\u0131n\u0131z\u0131 aktivl\u0259\u015fdirin v\u0259 bu g\u00fcn qazanma\u011fa ba\u015flay\u0131n!","breadcrumb":{"@id":"https:\/\/888starzbets.net\/az\/bonus\/freebet-in-app\/#breadcrumb"},"inLanguage":"az","potentialAction":[{"@type":"ReadAction","target":["https:\/\/888starzbets.net\/az\/bonus\/freebet-in-app\/"]}]},{"@type":"BreadcrumbList","@id":"https:\/\/888starzbets.net\/az\/bonus\/freebet-in-app\/#breadcrumb","itemListElement":[{"@type":"ListItem","position":1,"name":"Bonuslar","item":"https:\/\/888starzbets.net\/az\/bonus\/"},{"@type":"ListItem","position":2,"name":"T\u0259tbiqd\u0259 pulsuz bahis"}]},{"@type":"WebSite","@id":"https:\/\/888starzbets.net\/az\/#website","url":"https:\/\/888starzbets.net\/az\/","name":"888starz Team az","description":"","potentialAction":[{"@type":"SearchAction","target":{"@type":"EntryPoint","urlTemplate":"https:\/\/888starzbets.net\/az\/?s={search_term_string}"},"query-input":{"@type":"PropertyValueSpecification","valueRequired":true,"valueName":"search_term_string"}}],"inLanguage":"az"}]}},"_links":{"self":[{"href":"https:\/\/888starzbets.net\/az\/wp-json\/wp\/v2\/pages\/711","targetHints":{"allow":["GET"]}}],"collection":[{"href":"https:\/\/888starzbets.net\/az\/wp-json\/wp\/v2\/pages"}],"about":[{"href":"https:\/\/888starzbets.net\/az\/wp-json\/wp\/v2\/types\/page"}],"author":[{"embeddable":true,"href":"https:\/\/888starzbets.net\/az\/wp-json\/wp\/v2\/users\/1"}],"replies":[{"embeddable":true,"href":"https:\/\/888starzbets.net\/az\/wp-json\/wp\/v2\/comments?post=711"}],"version-history":[{"count":7,"href":"https:\/\/888starzbets.net\/az\/wp-json\/wp\/v2\/pages\/711\/revisions"}],"predecessor-version":[{"id":836,"href":"https:\/\/888starzbets.net\/az\/wp-json\/wp\/v2\/pages\/711\/revisions\/836"}],"up":[{"embeddable":true,"href":"https:\/\/888starzbets.net\/az\/wp-json\/wp\/v2\/pages\/152"}],"wp:attachment":[{"href":"https:\/\/888starzbets.net\/az\/wp-json\/wp\/v2\/media?parent=711"}],"curies":[{"name":"wp","href":"https:\/\/api.w.org\/{rel}","templated":true}]}}