{"id":718,"date":"2025-05-07T10:37:38","date_gmt":"2025-05-07T10:37:38","guid":{"rendered":"https:\/\/888starzbets.net\/az\/?page_id=718"},"modified":"2025-08-28T09:57:27","modified_gmt":"2025-08-28T09:57:27","slug":"top-football-leagues","status":"publish","type":"page","link":"https:\/\/888starzbets.net\/az\/bonus\/top-football-leagues\/","title":{"rendered":"\u018fn yax\u015f\u0131 Futbol Liqalar\u0131"},"content":{"rendered":"","protected":false},"excerpt":{"rendered":"","protected":false},"author":1,"featured_media":0,"parent":152,"menu_order":0,"comment_status":"closed","ping_status":"closed","template":"","meta":{"footnotes":""},"class_list":["post-718","page","type-page","status-publish","hentry"],"yoast_head":"<!-- This site is optimized with the Yoast SEO plugin v26.2 - https:\/\/yoast.com\/wordpress\/plugins\/seo\/ -->\n<title>Top 5 futbol liqas\u0131na 10 AZN-d\u0259n m\u0259rc edin v\u0259 h\u0259diyy\u0259l\u0259r qazan\u0131n!<\/title>\n<meta name=\"description\" content=\"\u018fn yax\u015f\u0131 5 futbol liqas\u0131na m\u0259rc edin v\u0259 super h\u0259diyy\u0259l\u0259r qazan\u0131n! 10 AZN-d\u0259n ba\u015flayaraq m\u0259rcl\u0259r qoyun, promo biletl\u0259ri \u0259ld\u0259 edin v\u0259 iPhone, pulsuz m\u0259rcl\u0259r v\u0259 bonus xallar\u0131 \u0259ld\u0259 etm\u0259k \u015fans\u0131n\u0131 qa\u00e7\u0131rmay\u0131n! R\u0259ngar\u0259ng tirajlarda i\u015ftirak edin v\u0259 h\u0259diyy\u0259l\u0259rinizi qazan\u0131n!\" \/>\n<meta name=\"robots\" content=\"index, follow, max-snippet:-1, max-image-preview:large, max-video-preview:-1\" \/>\n<meta property=\"og:locale\" content=\"az_AZ\" \/>\n<meta property=\"og:type\" content=\"article\" \/>\n<meta property=\"og:title\" content=\"Top 5 futbol liqas\u0131na 10 AZN-d\u0259n m\u0259rc edin v\u0259 h\u0259diyy\u0259l\u0259r qazan\u0131n!\" \/>\n<meta property=\"og:description\" content=\"\u018fn yax\u015f\u0131 5 futbol liqas\u0131na m\u0259rc edin v\u0259 super h\u0259diyy\u0259l\u0259r qazan\u0131n! 10 AZN-d\u0259n ba\u015flayaraq m\u0259rcl\u0259r qoyun, promo biletl\u0259ri \u0259ld\u0259 edin v\u0259 iPhone, pulsuz m\u0259rcl\u0259r v\u0259 bonus xallar\u0131 \u0259ld\u0259 etm\u0259k \u015fans\u0131n\u0131 qa\u00e7\u0131rmay\u0131n! R\u0259ngar\u0259ng tirajlarda i\u015ftirak edin v\u0259 h\u0259diyy\u0259l\u0259rinizi qazan\u0131n!\" \/>\n<meta property=\"og:url\" content=\"https:\/\/888starzbets.net\/az\/bonus\/top-football-leagues\/\" \/>\n<meta property=\"og:site_name\" content=\"888starz Team az\" \/>\n<meta property=\"article:modified_time\" content=\"2025-08-28T09:57:27+00:00\" \/>\n<meta name=\"twitter:card\" content=\"summary_large_image\" \/>\n<script type=\"application\/ld+json\" class=\"yoast-schema-graph\">{\"@context\":\"https:\/\/schema.org\",\"@graph\":[{\"@type\":\"WebPage\",\"@id\":\"https:\/\/888starzbets.net\/az\/bonus\/top-football-leagues\/\",\"url\":\"https:\/\/888starzbets.net\/az\/bonus\/top-football-leagues\/\",\"name\":\"Top 5 futbol liqas\u0131na 10 AZN-d\u0259n m\u0259rc edin v\u0259 h\u0259diyy\u0259l\u0259r qazan\u0131n!\",\"isPartOf\":{\"@id\":\"https:\/\/888starzbets.net\/az\/#website\"},\"datePublished\":\"2025-05-07T10:37:38+00:00\",\"dateModified\":\"2025-08-28T09:57:27+00:00\",\"description\":\"\u018fn yax\u015f\u0131 5 futbol liqas\u0131na m\u0259rc edin v\u0259 super h\u0259diyy\u0259l\u0259r qazan\u0131n! 10 AZN-d\u0259n ba\u015flayaraq m\u0259rcl\u0259r qoyun, promo biletl\u0259ri \u0259ld\u0259 edin v\u0259 iPhone, pulsuz m\u0259rcl\u0259r v\u0259 bonus xallar\u0131 \u0259ld\u0259 etm\u0259k \u015fans\u0131n\u0131 qa\u00e7\u0131rmay\u0131n! R\u0259ngar\u0259ng tirajlarda i\u015ftirak edin v\u0259 h\u0259diyy\u0259l\u0259rinizi qazan\u0131n!\",\"breadcrumb\":{\"@id\":\"https:\/\/888starzbets.net\/az\/bonus\/top-football-leagues\/#breadcrumb\"},\"inLanguage\":\"az\",\"potentialAction\":[{\"@type\":\"ReadAction\",\"target\":[\"https:\/\/888starzbets.net\/az\/bonus\/top-football-leagues\/\"]}]},{\"@type\":\"BreadcrumbList\",\"@id\":\"https:\/\/888starzbets.net\/az\/bonus\/top-football-leagues\/#breadcrumb\",\"itemListElement\":[{\"@type\":\"ListItem\",\"position\":1,\"name\":\"Bonuslar\",\"item\":\"https:\/\/888starzbets.net\/az\/bonus\/\"},{\"@type\":\"ListItem\",\"position\":2,\"name\":\"\u018fn yax\u015f\u0131 Futbol Liqalar\u0131\"}]},{\"@type\":\"WebSite\",\"@id\":\"https:\/\/888starzbets.net\/az\/#website\",\"url\":\"https:\/\/888starzbets.net\/az\/\",\"name\":\"888starz Team az\",\"description\":\"\",\"potentialAction\":[{\"@type\":\"SearchAction\",\"target\":{\"@type\":\"EntryPoint\",\"urlTemplate\":\"https:\/\/888starzbets.net\/az\/?s={search_term_string}\"},\"query-input\":{\"@type\":\"PropertyValueSpecification\",\"valueRequired\":true,\"valueName\":\"search_term_string\"}}],\"inLanguage\":\"az\"}]}<\/script>\n<!-- \/ Yoast SEO plugin. -->","yoast_head_json":{"title":"Top 5 futbol liqas\u0131na 10 AZN-d\u0259n m\u0259rc edin v\u0259 h\u0259diyy\u0259l\u0259r qazan\u0131n!","description":"\u018fn yax\u015f\u0131 5 futbol liqas\u0131na m\u0259rc edin v\u0259 super h\u0259diyy\u0259l\u0259r qazan\u0131n! 10 AZN-d\u0259n ba\u015flayaraq m\u0259rcl\u0259r qoyun, promo biletl\u0259ri \u0259ld\u0259 edin v\u0259 iPhone, pulsuz m\u0259rcl\u0259r v\u0259 bonus xallar\u0131 \u0259ld\u0259 etm\u0259k \u015fans\u0131n\u0131 qa\u00e7\u0131rmay\u0131n! R\u0259ngar\u0259ng tirajlarda i\u015ftirak edin v\u0259 h\u0259diyy\u0259l\u0259rinizi qazan\u0131n!","robots":{"index":"index","follow":"follow","max-snippet":"max-snippet:-1","max-image-preview":"max-image-preview:large","max-video-preview":"max-video-preview:-1"},"og_locale":"az_AZ","og_type":"article","og_title":"Top 5 futbol liqas\u0131na 10 AZN-d\u0259n m\u0259rc edin v\u0259 h\u0259diyy\u0259l\u0259r qazan\u0131n!","og_description":"\u018fn yax\u015f\u0131 5 futbol liqas\u0131na m\u0259rc edin v\u0259 super h\u0259diyy\u0259l\u0259r qazan\u0131n! 10 AZN-d\u0259n ba\u015flayaraq m\u0259rcl\u0259r qoyun, promo biletl\u0259ri \u0259ld\u0259 edin v\u0259 iPhone, pulsuz m\u0259rcl\u0259r v\u0259 bonus xallar\u0131 \u0259ld\u0259 etm\u0259k \u015fans\u0131n\u0131 qa\u00e7\u0131rmay\u0131n! R\u0259ngar\u0259ng tirajlarda i\u015ftirak edin v\u0259 h\u0259diyy\u0259l\u0259rinizi qazan\u0131n!","og_url":"https:\/\/888starzbets.net\/az\/bonus\/top-football-leagues\/","og_site_name":"888starz Team az","article_modified_time":"2025-08-28T09:57:27+00:00","twitter_card":"summary_large_image","schema":{"@context":"https:\/\/schema.org","@graph":[{"@type":"WebPage","@id":"https:\/\/888starzbets.net\/az\/bonus\/top-football-leagues\/","url":"https:\/\/888starzbets.net\/az\/bonus\/top-football-leagues\/","name":"Top 5 futbol liqas\u0131na 10 AZN-d\u0259n m\u0259rc edin v\u0259 h\u0259diyy\u0259l\u0259r qazan\u0131n!","isPartOf":{"@id":"https:\/\/888starzbets.net\/az\/#website"},"datePublished":"2025-05-07T10:37:38+00:00","dateModified":"2025-08-28T09:57:27+00:00","description":"\u018fn yax\u015f\u0131 5 futbol liqas\u0131na m\u0259rc edin v\u0259 super h\u0259diyy\u0259l\u0259r qazan\u0131n! 10 AZN-d\u0259n ba\u015flayaraq m\u0259rcl\u0259r qoyun, promo biletl\u0259ri \u0259ld\u0259 edin v\u0259 iPhone, pulsuz m\u0259rcl\u0259r v\u0259 bonus xallar\u0131 \u0259ld\u0259 etm\u0259k \u015fans\u0131n\u0131 qa\u00e7\u0131rmay\u0131n! R\u0259ngar\u0259ng tirajlarda i\u015ftirak edin v\u0259 h\u0259diyy\u0259l\u0259rinizi qazan\u0131n!","breadcrumb":{"@id":"https:\/\/888starzbets.net\/az\/bonus\/top-football-leagues\/#breadcrumb"},"inLanguage":"az","potentialAction":[{"@type":"ReadAction","target":["https:\/\/888starzbets.net\/az\/bonus\/top-football-leagues\/"]}]},{"@type":"BreadcrumbList","@id":"https:\/\/888starzbets.net\/az\/bonus\/top-football-leagues\/#breadcrumb","itemListElement":[{"@type":"ListItem","position":1,"name":"Bonuslar","item":"https:\/\/888starzbets.net\/az\/bonus\/"},{"@type":"ListItem","position":2,"name":"\u018fn yax\u015f\u0131 Futbol Liqalar\u0131"}]},{"@type":"WebSite","@id":"https:\/\/888starzbets.net\/az\/#website","url":"https:\/\/888starzbets.net\/az\/","name":"888starz Team az","description":"","potentialAction":[{"@type":"SearchAction","target":{"@type":"EntryPoint","urlTemplate":"https:\/\/888starzbets.net\/az\/?s={search_term_string}"},"query-input":{"@type":"PropertyValueSpecification","valueRequired":true,"valueName":"search_term_string"}}],"inLanguage":"az"}]}},"_links":{"self":[{"href":"https:\/\/888starzbets.net\/az\/wp-json\/wp\/v2\/pages\/718","targetHints":{"allow":["GET"]}}],"collection":[{"href":"https:\/\/888starzbets.net\/az\/wp-json\/wp\/v2\/pages"}],"about":[{"href":"https:\/\/888starzbets.net\/az\/wp-json\/wp\/v2\/types\/page"}],"author":[{"embeddable":true,"href":"https:\/\/888starzbets.net\/az\/wp-json\/wp\/v2\/users\/1"}],"replies":[{"embeddable":true,"href":"https:\/\/888starzbets.net\/az\/wp-json\/wp\/v2\/comments?post=718"}],"version-history":[{"count":9,"href":"https:\/\/888starzbets.net\/az\/wp-json\/wp\/v2\/pages\/718\/revisions"}],"predecessor-version":[{"id":838,"href":"https:\/\/888starzbets.net\/az\/wp-json\/wp\/v2\/pages\/718\/revisions\/838"}],"up":[{"embeddable":true,"href":"https:\/\/888starzbets.net\/az\/wp-json\/wp\/v2\/pages\/152"}],"wp:attachment":[{"href":"https:\/\/888starzbets.net\/az\/wp-json\/wp\/v2\/media?parent=718"}],"curies":[{"name":"wp","href":"https:\/\/api.w.org\/{rel}","templated":true}]}}