{"id":768,"date":"2025-06-04T13:53:55","date_gmt":"2025-06-04T13:53:55","guid":{"rendered":"https:\/\/888starzbets.net\/az\/?page_id=768"},"modified":"2025-08-28T09:34:47","modified_gmt":"2025-08-28T09:34:47","slug":"daily-tournament","status":"publish","type":"page","link":"https:\/\/888starzbets.net\/az\/bonus\/daily-tournament\/","title":{"rendered":"G\u00fcnd\u0259lik Turnir"},"content":{"rendered":"","protected":false},"excerpt":{"rendered":"","protected":false},"author":1,"featured_media":0,"parent":152,"menu_order":0,"comment_status":"closed","ping_status":"closed","template":"","meta":{"footnotes":""},"class_list":["post-768","page","type-page","status-publish","hentry"],"yoast_head":"<!-- This site is optimized with the Yoast SEO plugin v26.2 - https:\/\/yoast.com\/wordpress\/plugins\/seo\/ -->\n<title>888Starz g\u00fcnd\u0259lik turniri \u1409 Oynay\u0131n v\u0259 s\u0259xav\u0259tli h\u0259diyy\u0259l\u0259r qazan\u0131n!<\/title>\n<meta name=\"description\" content=\"G\u00fcnd\u0259lik 888Games turnirind\u0259 i\u015ftirak edin v\u0259 sad\u0259c\u0259 sevimli oyunlar\u0131n\u0131z\u0131 oynamaqla h\u0259diyy\u0259l\u0259r \u0259ld\u0259 edin! Dar\u0131xd\u0131r\u0131c\u0131 \u015f\u0259rtl\u0259ri unudun - yaln\u0131z real turnirl\u0259r v\u0259 s\u0259xav\u0259tli h\u0259diyy\u0259l\u0259r! \u0130ndi qo\u015fulun v\u0259 m\u00fckafatlar\u0131n\u0131 ev\u0259 aparan \u015fansl\u0131lardan biri olun!\" \/>\n<meta name=\"robots\" content=\"index, follow, max-snippet:-1, max-image-preview:large, max-video-preview:-1\" \/>\n<meta property=\"og:locale\" content=\"az_AZ\" \/>\n<meta property=\"og:type\" content=\"article\" \/>\n<meta property=\"og:title\" content=\"888Starz g\u00fcnd\u0259lik turniri \u1409 Oynay\u0131n v\u0259 s\u0259xav\u0259tli h\u0259diyy\u0259l\u0259r qazan\u0131n!\" \/>\n<meta property=\"og:description\" content=\"G\u00fcnd\u0259lik 888Games turnirind\u0259 i\u015ftirak edin v\u0259 sad\u0259c\u0259 sevimli oyunlar\u0131n\u0131z\u0131 oynamaqla h\u0259diyy\u0259l\u0259r \u0259ld\u0259 edin! Dar\u0131xd\u0131r\u0131c\u0131 \u015f\u0259rtl\u0259ri unudun - yaln\u0131z real turnirl\u0259r v\u0259 s\u0259xav\u0259tli h\u0259diyy\u0259l\u0259r! \u0130ndi qo\u015fulun v\u0259 m\u00fckafatlar\u0131n\u0131 ev\u0259 aparan \u015fansl\u0131lardan biri olun!\" \/>\n<meta property=\"og:url\" content=\"https:\/\/888starzbets.net\/az\/bonus\/daily-tournament\/\" \/>\n<meta property=\"og:site_name\" content=\"888starz Team az\" \/>\n<meta property=\"article:modified_time\" content=\"2025-08-28T09:34:47+00:00\" \/>\n<meta name=\"twitter:card\" content=\"summary_large_image\" \/>\n<script type=\"application\/ld+json\" class=\"yoast-schema-graph\">{\"@context\":\"https:\/\/schema.org\",\"@graph\":[{\"@type\":\"WebPage\",\"@id\":\"https:\/\/888starzbets.net\/az\/bonus\/daily-tournament\/\",\"url\":\"https:\/\/888starzbets.net\/az\/bonus\/daily-tournament\/\",\"name\":\"888Starz g\u00fcnd\u0259lik turniri \u1409 Oynay\u0131n v\u0259 s\u0259xav\u0259tli h\u0259diyy\u0259l\u0259r qazan\u0131n!\",\"isPartOf\":{\"@id\":\"https:\/\/888starzbets.net\/az\/#website\"},\"datePublished\":\"2025-06-04T13:53:55+00:00\",\"dateModified\":\"2025-08-28T09:34:47+00:00\",\"description\":\"G\u00fcnd\u0259lik 888Games turnirind\u0259 i\u015ftirak edin v\u0259 sad\u0259c\u0259 sevimli oyunlar\u0131n\u0131z\u0131 oynamaqla h\u0259diyy\u0259l\u0259r \u0259ld\u0259 edin! Dar\u0131xd\u0131r\u0131c\u0131 \u015f\u0259rtl\u0259ri unudun - yaln\u0131z real turnirl\u0259r v\u0259 s\u0259xav\u0259tli h\u0259diyy\u0259l\u0259r! \u0130ndi qo\u015fulun v\u0259 m\u00fckafatlar\u0131n\u0131 ev\u0259 aparan \u015fansl\u0131lardan biri olun!\",\"breadcrumb\":{\"@id\":\"https:\/\/888starzbets.net\/az\/bonus\/daily-tournament\/#breadcrumb\"},\"inLanguage\":\"az\",\"potentialAction\":[{\"@type\":\"ReadAction\",\"target\":[\"https:\/\/888starzbets.net\/az\/bonus\/daily-tournament\/\"]}]},{\"@type\":\"BreadcrumbList\",\"@id\":\"https:\/\/888starzbets.net\/az\/bonus\/daily-tournament\/#breadcrumb\",\"itemListElement\":[{\"@type\":\"ListItem\",\"position\":1,\"name\":\"Bonuslar\",\"item\":\"https:\/\/888starzbets.net\/az\/bonus\/\"},{\"@type\":\"ListItem\",\"position\":2,\"name\":\"G\u00fcnd\u0259lik Turnir\"}]},{\"@type\":\"WebSite\",\"@id\":\"https:\/\/888starzbets.net\/az\/#website\",\"url\":\"https:\/\/888starzbets.net\/az\/\",\"name\":\"888starz Team az\",\"description\":\"\",\"potentialAction\":[{\"@type\":\"SearchAction\",\"target\":{\"@type\":\"EntryPoint\",\"urlTemplate\":\"https:\/\/888starzbets.net\/az\/?s={search_term_string}\"},\"query-input\":{\"@type\":\"PropertyValueSpecification\",\"valueRequired\":true,\"valueName\":\"search_term_string\"}}],\"inLanguage\":\"az\"}]}<\/script>\n<!-- \/ Yoast SEO plugin. -->","yoast_head_json":{"title":"888Starz g\u00fcnd\u0259lik turniri \u1409 Oynay\u0131n v\u0259 s\u0259xav\u0259tli h\u0259diyy\u0259l\u0259r qazan\u0131n!","description":"G\u00fcnd\u0259lik 888Games turnirind\u0259 i\u015ftirak edin v\u0259 sad\u0259c\u0259 sevimli oyunlar\u0131n\u0131z\u0131 oynamaqla h\u0259diyy\u0259l\u0259r \u0259ld\u0259 edin! Dar\u0131xd\u0131r\u0131c\u0131 \u015f\u0259rtl\u0259ri unudun - yaln\u0131z real turnirl\u0259r v\u0259 s\u0259xav\u0259tli h\u0259diyy\u0259l\u0259r! \u0130ndi qo\u015fulun v\u0259 m\u00fckafatlar\u0131n\u0131 ev\u0259 aparan \u015fansl\u0131lardan biri olun!","robots":{"index":"index","follow":"follow","max-snippet":"max-snippet:-1","max-image-preview":"max-image-preview:large","max-video-preview":"max-video-preview:-1"},"og_locale":"az_AZ","og_type":"article","og_title":"888Starz g\u00fcnd\u0259lik turniri \u1409 Oynay\u0131n v\u0259 s\u0259xav\u0259tli h\u0259diyy\u0259l\u0259r qazan\u0131n!","og_description":"G\u00fcnd\u0259lik 888Games turnirind\u0259 i\u015ftirak edin v\u0259 sad\u0259c\u0259 sevimli oyunlar\u0131n\u0131z\u0131 oynamaqla h\u0259diyy\u0259l\u0259r \u0259ld\u0259 edin! Dar\u0131xd\u0131r\u0131c\u0131 \u015f\u0259rtl\u0259ri unudun - yaln\u0131z real turnirl\u0259r v\u0259 s\u0259xav\u0259tli h\u0259diyy\u0259l\u0259r! \u0130ndi qo\u015fulun v\u0259 m\u00fckafatlar\u0131n\u0131 ev\u0259 aparan \u015fansl\u0131lardan biri olun!","og_url":"https:\/\/888starzbets.net\/az\/bonus\/daily-tournament\/","og_site_name":"888starz Team az","article_modified_time":"2025-08-28T09:34:47+00:00","twitter_card":"summary_large_image","schema":{"@context":"https:\/\/schema.org","@graph":[{"@type":"WebPage","@id":"https:\/\/888starzbets.net\/az\/bonus\/daily-tournament\/","url":"https:\/\/888starzbets.net\/az\/bonus\/daily-tournament\/","name":"888Starz g\u00fcnd\u0259lik turniri \u1409 Oynay\u0131n v\u0259 s\u0259xav\u0259tli h\u0259diyy\u0259l\u0259r qazan\u0131n!","isPartOf":{"@id":"https:\/\/888starzbets.net\/az\/#website"},"datePublished":"2025-06-04T13:53:55+00:00","dateModified":"2025-08-28T09:34:47+00:00","description":"G\u00fcnd\u0259lik 888Games turnirind\u0259 i\u015ftirak edin v\u0259 sad\u0259c\u0259 sevimli oyunlar\u0131n\u0131z\u0131 oynamaqla h\u0259diyy\u0259l\u0259r \u0259ld\u0259 edin! Dar\u0131xd\u0131r\u0131c\u0131 \u015f\u0259rtl\u0259ri unudun - yaln\u0131z real turnirl\u0259r v\u0259 s\u0259xav\u0259tli h\u0259diyy\u0259l\u0259r! \u0130ndi qo\u015fulun v\u0259 m\u00fckafatlar\u0131n\u0131 ev\u0259 aparan \u015fansl\u0131lardan biri olun!","breadcrumb":{"@id":"https:\/\/888starzbets.net\/az\/bonus\/daily-tournament\/#breadcrumb"},"inLanguage":"az","potentialAction":[{"@type":"ReadAction","target":["https:\/\/888starzbets.net\/az\/bonus\/daily-tournament\/"]}]},{"@type":"BreadcrumbList","@id":"https:\/\/888starzbets.net\/az\/bonus\/daily-tournament\/#breadcrumb","itemListElement":[{"@type":"ListItem","position":1,"name":"Bonuslar","item":"https:\/\/888starzbets.net\/az\/bonus\/"},{"@type":"ListItem","position":2,"name":"G\u00fcnd\u0259lik Turnir"}]},{"@type":"WebSite","@id":"https:\/\/888starzbets.net\/az\/#website","url":"https:\/\/888starzbets.net\/az\/","name":"888starz Team az","description":"","potentialAction":[{"@type":"SearchAction","target":{"@type":"EntryPoint","urlTemplate":"https:\/\/888starzbets.net\/az\/?s={search_term_string}"},"query-input":{"@type":"PropertyValueSpecification","valueRequired":true,"valueName":"search_term_string"}}],"inLanguage":"az"}]}},"_links":{"self":[{"href":"https:\/\/888starzbets.net\/az\/wp-json\/wp\/v2\/pages\/768","targetHints":{"allow":["GET"]}}],"collection":[{"href":"https:\/\/888starzbets.net\/az\/wp-json\/wp\/v2\/pages"}],"about":[{"href":"https:\/\/888starzbets.net\/az\/wp-json\/wp\/v2\/types\/page"}],"author":[{"embeddable":true,"href":"https:\/\/888starzbets.net\/az\/wp-json\/wp\/v2\/users\/1"}],"replies":[{"embeddable":true,"href":"https:\/\/888starzbets.net\/az\/wp-json\/wp\/v2\/comments?post=768"}],"version-history":[{"count":5,"href":"https:\/\/888starzbets.net\/az\/wp-json\/wp\/v2\/pages\/768\/revisions"}],"predecessor-version":[{"id":834,"href":"https:\/\/888starzbets.net\/az\/wp-json\/wp\/v2\/pages\/768\/revisions\/834"}],"up":[{"embeddable":true,"href":"https:\/\/888starzbets.net\/az\/wp-json\/wp\/v2\/pages\/152"}],"wp:attachment":[{"href":"https:\/\/888starzbets.net\/az\/wp-json\/wp\/v2\/media?parent=768"}],"curies":[{"name":"wp","href":"https:\/\/api.w.org\/{rel}","templated":true}]}}