{"id":152,"date":"2023-05-18T17:39:43","date_gmt":"2023-05-18T17:39:43","guid":{"rendered":"https:\/\/888starzbets.net\/ci\/?page_id=152"},"modified":"2025-02-25T10:29:36","modified_gmt":"2025-02-25T10:29:36","slug":"bonus","status":"publish","type":"page","link":"https:\/\/888starzbets.net\/ci\/bonus\/","title":{"rendered":"Bonus"},"content":{"rendered":"","protected":false},"excerpt":{"rendered":"","protected":false},"author":1,"featured_media":0,"parent":0,"menu_order":0,"comment_status":"closed","ping_status":"closed","template":"","meta":{"footnotes":""},"class_list":["post-152","page","type-page","status-publish","hentry"],"yoast_head":"<!-- This site is optimized with the Yoast SEO plugin v26.2 - https:\/\/yoast.com\/wordpress\/plugins\/seo\/ -->\n<title>888Starz Bonus 2025 \ud83c\udf81 Promotions et offres sp\u00e9ciales<\/title>\n<meta name=\"description\" content=\"Inscrivez-vous sur 888Starz Cote D&#039;Ivoire et recevez 100% de bonus sur votre premier d\u00e9p\u00f4t. Guide des bonus et promotions de 888Starz pour les nouveaux joueurs et les joueurs r\u00e9guliers. Obtenez des paris gratuits et du cashback chaque semaine!\" \/>\n<meta name=\"robots\" content=\"index, follow, max-snippet:-1, max-image-preview:large, max-video-preview:-1\" \/>\n<meta property=\"og:locale\" content=\"fr_FR\" \/>\n<meta property=\"og:type\" content=\"article\" \/>\n<meta property=\"og:title\" content=\"888Starz Bonus 2025 \ud83c\udf81 Promotions et offres sp\u00e9ciales\" \/>\n<meta property=\"og:description\" content=\"Inscrivez-vous sur 888Starz Cote D&#039;Ivoire et recevez 100% de bonus sur votre premier d\u00e9p\u00f4t. Guide des bonus et promotions de 888Starz pour les nouveaux joueurs et les joueurs r\u00e9guliers. Obtenez des paris gratuits et du cashback chaque semaine!\" \/>\n<meta property=\"og:url\" content=\"https:\/\/888starzbets.net\/ci\/bonus\/\" \/>\n<meta property=\"og:site_name\" content=\"888Starz Team ci\" \/>\n<meta property=\"article:modified_time\" content=\"2025-02-25T10:29:36+00:00\" \/>\n<meta name=\"twitter:card\" content=\"summary_large_image\" \/>\n<script type=\"application\/ld+json\" class=\"yoast-schema-graph\">{\"@context\":\"https:\/\/schema.org\",\"@graph\":[{\"@type\":\"WebPage\",\"@id\":\"https:\/\/888starzbets.net\/ci\/bonus\/\",\"url\":\"https:\/\/888starzbets.net\/ci\/bonus\/\",\"name\":\"888Starz Bonus 2025 \ud83c\udf81 Promotions et offres sp\u00e9ciales\",\"isPartOf\":{\"@id\":\"https:\/\/888starzbets.net\/ci\/#website\"},\"datePublished\":\"2023-05-18T17:39:43+00:00\",\"dateModified\":\"2025-02-25T10:29:36+00:00\",\"description\":\"Inscrivez-vous sur 888Starz Cote D'Ivoire et recevez 100% de bonus sur votre premier d\u00e9p\u00f4t. Guide des bonus et promotions de 888Starz pour les nouveaux joueurs et les joueurs r\u00e9guliers. Obtenez des paris gratuits et du cashback chaque semaine!\",\"inLanguage\":\"fr-CI\",\"potentialAction\":[{\"@type\":\"ReadAction\",\"target\":[\"https:\/\/888starzbets.net\/ci\/bonus\/\"]}]},{\"@type\":\"WebSite\",\"@id\":\"https:\/\/888starzbets.net\/ci\/#website\",\"url\":\"https:\/\/888starzbets.net\/ci\/\",\"name\":\"888Starz Team ci\",\"description\":\"My WordPress Blog\",\"potentialAction\":[{\"@type\":\"SearchAction\",\"target\":{\"@type\":\"EntryPoint\",\"urlTemplate\":\"https:\/\/888starzbets.net\/ci\/?s={search_term_string}\"},\"query-input\":{\"@type\":\"PropertyValueSpecification\",\"valueRequired\":true,\"valueName\":\"search_term_string\"}}],\"inLanguage\":\"fr-CI\"}]}<\/script>\n<!-- \/ Yoast SEO plugin. -->","yoast_head_json":{"title":"888Starz Bonus 2025 \ud83c\udf81 Promotions et offres sp\u00e9ciales","description":"Inscrivez-vous sur 888Starz Cote D'Ivoire et recevez 100% de bonus sur votre premier d\u00e9p\u00f4t. Guide des bonus et promotions de 888Starz pour les nouveaux joueurs et les joueurs r\u00e9guliers. Obtenez des paris gratuits et du cashback chaque semaine!","robots":{"index":"index","follow":"follow","max-snippet":"max-snippet:-1","max-image-preview":"max-image-preview:large","max-video-preview":"max-video-preview:-1"},"og_locale":"fr_FR","og_type":"article","og_title":"888Starz Bonus 2025 \ud83c\udf81 Promotions et offres sp\u00e9ciales","og_description":"Inscrivez-vous sur 888Starz Cote D'Ivoire et recevez 100% de bonus sur votre premier d\u00e9p\u00f4t. Guide des bonus et promotions de 888Starz pour les nouveaux joueurs et les joueurs r\u00e9guliers. Obtenez des paris gratuits et du cashback chaque semaine!","og_url":"https:\/\/888starzbets.net\/ci\/bonus\/","og_site_name":"888Starz Team ci","article_modified_time":"2025-02-25T10:29:36+00:00","twitter_card":"summary_large_image","schema":{"@context":"https:\/\/schema.org","@graph":[{"@type":"WebPage","@id":"https:\/\/888starzbets.net\/ci\/bonus\/","url":"https:\/\/888starzbets.net\/ci\/bonus\/","name":"888Starz Bonus 2025 \ud83c\udf81 Promotions et offres sp\u00e9ciales","isPartOf":{"@id":"https:\/\/888starzbets.net\/ci\/#website"},"datePublished":"2023-05-18T17:39:43+00:00","dateModified":"2025-02-25T10:29:36+00:00","description":"Inscrivez-vous sur 888Starz Cote D'Ivoire et recevez 100% de bonus sur votre premier d\u00e9p\u00f4t. Guide des bonus et promotions de 888Starz pour les nouveaux joueurs et les joueurs r\u00e9guliers. Obtenez des paris gratuits et du cashback chaque semaine!","inLanguage":"fr-CI","potentialAction":[{"@type":"ReadAction","target":["https:\/\/888starzbets.net\/ci\/bonus\/"]}]},{"@type":"WebSite","@id":"https:\/\/888starzbets.net\/ci\/#website","url":"https:\/\/888starzbets.net\/ci\/","name":"888Starz Team ci","description":"My WordPress Blog","potentialAction":[{"@type":"SearchAction","target":{"@type":"EntryPoint","urlTemplate":"https:\/\/888starzbets.net\/ci\/?s={search_term_string}"},"query-input":{"@type":"PropertyValueSpecification","valueRequired":true,"valueName":"search_term_string"}}],"inLanguage":"fr-CI"}]}},"_links":{"self":[{"href":"https:\/\/888starzbets.net\/ci\/wp-json\/wp\/v2\/pages\/152","targetHints":{"allow":["GET"]}}],"collection":[{"href":"https:\/\/888starzbets.net\/ci\/wp-json\/wp\/v2\/pages"}],"about":[{"href":"https:\/\/888starzbets.net\/ci\/wp-json\/wp\/v2\/types\/page"}],"author":[{"embeddable":true,"href":"https:\/\/888starzbets.net\/ci\/wp-json\/wp\/v2\/users\/1"}],"replies":[{"embeddable":true,"href":"https:\/\/888starzbets.net\/ci\/wp-json\/wp\/v2\/comments?post=152"}],"version-history":[{"count":65,"href":"https:\/\/888starzbets.net\/ci\/wp-json\/wp\/v2\/pages\/152\/revisions"}],"predecessor-version":[{"id":688,"href":"https:\/\/888starzbets.net\/ci\/wp-json\/wp\/v2\/pages\/152\/revisions\/688"}],"wp:attachment":[{"href":"https:\/\/888starzbets.net\/ci\/wp-json\/wp\/v2\/media?parent=152"}],"curies":[{"name":"wp","href":"https:\/\/api.w.org\/{rel}","templated":true}]}}