{"id":270,"date":"2024-02-02T08:45:42","date_gmt":"2024-02-02T08:45:42","guid":{"rendered":"https:\/\/888starzbets.net\/ci\/?page_id=270"},"modified":"2025-03-18T09:10:36","modified_gmt":"2025-03-18T09:10:36","slug":"affiliate","status":"publish","type":"page","link":"https:\/\/888starzbets.net\/ci\/affiliate\/","title":{"rendered":"Affiliation"},"content":{"rendered":"","protected":false},"excerpt":{"rendered":"","protected":false},"author":1,"featured_media":0,"parent":0,"menu_order":0,"comment_status":"closed","ping_status":"closed","template":"","meta":{"footnotes":""},"class_list":["post-270","page","type-page","status-publish","hentry"],"yoast_head":"<!-- This site is optimized with the Yoast SEO plugin v26.2 - https:\/\/yoast.com\/wordpress\/plugins\/seo\/ -->\n<title>888Starz Cote D&#039;Ivoire Affiliate \ud83d\udd34 888STARZ Partners<\/title>\n<meta name=\"description\" content=\"Rejoignez le programme d&#039;affiliation de 888 et gagnez de l&#039;argent r\u00e9el | 888Starz offre des taux de conversion \u00e9lev\u00e9s, des paiements r\u00e9guliers, des parts de revenus et des CPA | Nous travaillons dans plus de 100 pays dans le monde entier\" \/>\n<meta name=\"robots\" content=\"index, follow, max-snippet:-1, max-image-preview:large, max-video-preview:-1\" \/>\n<meta property=\"og:locale\" content=\"fr_FR\" \/>\n<meta property=\"og:type\" content=\"article\" \/>\n<meta property=\"og:title\" content=\"888Starz Cote D&#039;Ivoire Affiliate \ud83d\udd34 888STARZ Partners\" \/>\n<meta property=\"og:description\" content=\"Rejoignez le programme d&#039;affiliation de 888 et gagnez de l&#039;argent r\u00e9el | 888Starz offre des taux de conversion \u00e9lev\u00e9s, des paiements r\u00e9guliers, des parts de revenus et des CPA | Nous travaillons dans plus de 100 pays dans le monde entier\" \/>\n<meta property=\"og:url\" content=\"https:\/\/888starzbets.net\/ci\/affiliate\/\" \/>\n<meta property=\"og:site_name\" content=\"888Starz Team ci\" \/>\n<meta property=\"article:modified_time\" content=\"2025-03-18T09:10:36+00:00\" \/>\n<meta name=\"twitter:card\" content=\"summary_large_image\" \/>\n<script type=\"application\/ld+json\" class=\"yoast-schema-graph\">{\"@context\":\"https:\/\/schema.org\",\"@graph\":[{\"@type\":\"WebPage\",\"@id\":\"https:\/\/888starzbets.net\/ci\/affiliate\/\",\"url\":\"https:\/\/888starzbets.net\/ci\/affiliate\/\",\"name\":\"888Starz Cote D'Ivoire Affiliate \ud83d\udd34 888STARZ Partners\",\"isPartOf\":{\"@id\":\"https:\/\/888starzbets.net\/ci\/#website\"},\"datePublished\":\"2024-02-02T08:45:42+00:00\",\"dateModified\":\"2025-03-18T09:10:36+00:00\",\"description\":\"Rejoignez le programme d'affiliation de 888 et gagnez de l'argent r\u00e9el | 888Starz offre des taux de conversion \u00e9lev\u00e9s, des paiements r\u00e9guliers, des parts de revenus et des CPA | Nous travaillons dans plus de 100 pays dans le monde entier\",\"inLanguage\":\"fr-CI\",\"potentialAction\":[{\"@type\":\"ReadAction\",\"target\":[\"https:\/\/888starzbets.net\/ci\/affiliate\/\"]}]},{\"@type\":\"WebSite\",\"@id\":\"https:\/\/888starzbets.net\/ci\/#website\",\"url\":\"https:\/\/888starzbets.net\/ci\/\",\"name\":\"888Starz Team ci\",\"description\":\"My WordPress Blog\",\"potentialAction\":[{\"@type\":\"SearchAction\",\"target\":{\"@type\":\"EntryPoint\",\"urlTemplate\":\"https:\/\/888starzbets.net\/ci\/?s={search_term_string}\"},\"query-input\":{\"@type\":\"PropertyValueSpecification\",\"valueRequired\":true,\"valueName\":\"search_term_string\"}}],\"inLanguage\":\"fr-CI\"}]}<\/script>\n<!-- \/ Yoast SEO plugin. -->","yoast_head_json":{"title":"888Starz Cote D'Ivoire Affiliate \ud83d\udd34 888STARZ Partners","description":"Rejoignez le programme d'affiliation de 888 et gagnez de l'argent r\u00e9el | 888Starz offre des taux de conversion \u00e9lev\u00e9s, des paiements r\u00e9guliers, des parts de revenus et des CPA | Nous travaillons dans plus de 100 pays dans le monde entier","robots":{"index":"index","follow":"follow","max-snippet":"max-snippet:-1","max-image-preview":"max-image-preview:large","max-video-preview":"max-video-preview:-1"},"og_locale":"fr_FR","og_type":"article","og_title":"888Starz Cote D'Ivoire Affiliate \ud83d\udd34 888STARZ Partners","og_description":"Rejoignez le programme d'affiliation de 888 et gagnez de l'argent r\u00e9el | 888Starz offre des taux de conversion \u00e9lev\u00e9s, des paiements r\u00e9guliers, des parts de revenus et des CPA | Nous travaillons dans plus de 100 pays dans le monde entier","og_url":"https:\/\/888starzbets.net\/ci\/affiliate\/","og_site_name":"888Starz Team ci","article_modified_time":"2025-03-18T09:10:36+00:00","twitter_card":"summary_large_image","schema":{"@context":"https:\/\/schema.org","@graph":[{"@type":"WebPage","@id":"https:\/\/888starzbets.net\/ci\/affiliate\/","url":"https:\/\/888starzbets.net\/ci\/affiliate\/","name":"888Starz Cote D'Ivoire Affiliate \ud83d\udd34 888STARZ Partners","isPartOf":{"@id":"https:\/\/888starzbets.net\/ci\/#website"},"datePublished":"2024-02-02T08:45:42+00:00","dateModified":"2025-03-18T09:10:36+00:00","description":"Rejoignez le programme d'affiliation de 888 et gagnez de l'argent r\u00e9el | 888Starz offre des taux de conversion \u00e9lev\u00e9s, des paiements r\u00e9guliers, des parts de revenus et des CPA | Nous travaillons dans plus de 100 pays dans le monde entier","inLanguage":"fr-CI","potentialAction":[{"@type":"ReadAction","target":["https:\/\/888starzbets.net\/ci\/affiliate\/"]}]},{"@type":"WebSite","@id":"https:\/\/888starzbets.net\/ci\/#website","url":"https:\/\/888starzbets.net\/ci\/","name":"888Starz Team ci","description":"My WordPress Blog","potentialAction":[{"@type":"SearchAction","target":{"@type":"EntryPoint","urlTemplate":"https:\/\/888starzbets.net\/ci\/?s={search_term_string}"},"query-input":{"@type":"PropertyValueSpecification","valueRequired":true,"valueName":"search_term_string"}}],"inLanguage":"fr-CI"}]}},"_links":{"self":[{"href":"https:\/\/888starzbets.net\/ci\/wp-json\/wp\/v2\/pages\/270","targetHints":{"allow":["GET"]}}],"collection":[{"href":"https:\/\/888starzbets.net\/ci\/wp-json\/wp\/v2\/pages"}],"about":[{"href":"https:\/\/888starzbets.net\/ci\/wp-json\/wp\/v2\/types\/page"}],"author":[{"embeddable":true,"href":"https:\/\/888starzbets.net\/ci\/wp-json\/wp\/v2\/users\/1"}],"replies":[{"embeddable":true,"href":"https:\/\/888starzbets.net\/ci\/wp-json\/wp\/v2\/comments?post=270"}],"version-history":[{"count":32,"href":"https:\/\/888starzbets.net\/ci\/wp-json\/wp\/v2\/pages\/270\/revisions"}],"predecessor-version":[{"id":703,"href":"https:\/\/888starzbets.net\/ci\/wp-json\/wp\/v2\/pages\/270\/revisions\/703"}],"wp:attachment":[{"href":"https:\/\/888starzbets.net\/ci\/wp-json\/wp\/v2\/media?parent=270"}],"curies":[{"name":"wp","href":"https:\/\/api.w.org\/{rel}","templated":true}]}}