{"id":385,"date":"2024-08-22T09:15:47","date_gmt":"2024-08-22T09:15:47","guid":{"rendered":"https:\/\/888starzbets.net\/cm\/?page_id=385"},"modified":"2025-02-08T07:46:10","modified_gmt":"2025-02-08T07:46:10","slug":"apk","status":"publish","type":"page","link":"https:\/\/888starzbets.net\/cm\/apk\/","title":{"rendered":"Apk"},"content":{"rendered":"","protected":false},"excerpt":{"rendered":"","protected":false},"author":1,"featured_media":0,"parent":0,"menu_order":0,"comment_status":"closed","ping_status":"closed","template":"","meta":{"footnotes":""},"class_list":["post-385","page","type-page","status-publish","hentry"],"yoast_head":"<!-- This site is optimized with the Yoast SEO plugin v26.2 - https:\/\/yoast.com\/wordpress\/plugins\/seo\/ -->\n<title>888Starz \u1409 T\u00e9l\u00e9charger APK pour Android et iOS 2025<\/title>\n<meta name=\"description\" content=\"T\u00e9l\u00e9charger l&#039;Apk officiel de 888Starz Cameroun pour Android et iOS \u2714\ufe0f\ufe0f Derni\u00e8re version de l&#039;APK de 888Starz \u2b50\ufe0f Le pari mobile 888Starz apk offre des paris sportifs et des jeux de casino.\" \/>\n<meta name=\"robots\" content=\"index, follow, max-snippet:-1, max-image-preview:large, max-video-preview:-1\" \/>\n<meta property=\"og:locale\" content=\"fr_FR\" \/>\n<meta property=\"og:type\" content=\"article\" \/>\n<meta property=\"og:title\" content=\"888Starz \u1409 T\u00e9l\u00e9charger APK pour Android et iOS 2025\" \/>\n<meta property=\"og:description\" content=\"T\u00e9l\u00e9charger l&#039;Apk officiel de 888Starz Cameroun pour Android et iOS \u2714\ufe0f\ufe0f Derni\u00e8re version de l&#039;APK de 888Starz \u2b50\ufe0f Le pari mobile 888Starz apk offre des paris sportifs et des jeux de casino.\" \/>\n<meta property=\"og:url\" content=\"https:\/\/888starzbets.net\/cm\/apk\/\" \/>\n<meta property=\"og:site_name\" content=\"888Starz Team cm\" \/>\n<meta property=\"article:modified_time\" content=\"2025-02-08T07:46:10+00:00\" \/>\n<meta name=\"twitter:card\" content=\"summary_large_image\" \/>\n<script type=\"application\/ld+json\" class=\"yoast-schema-graph\">{\"@context\":\"https:\/\/schema.org\",\"@graph\":[{\"@type\":\"WebPage\",\"@id\":\"https:\/\/888starzbets.net\/cm\/apk\/\",\"url\":\"https:\/\/888starzbets.net\/cm\/apk\/\",\"name\":\"888Starz \u1409 T\u00e9l\u00e9charger APK pour Android et iOS 2025\",\"isPartOf\":{\"@id\":\"https:\/\/888starzbets.net\/cm\/#website\"},\"datePublished\":\"2024-08-22T09:15:47+00:00\",\"dateModified\":\"2025-02-08T07:46:10+00:00\",\"description\":\"T\u00e9l\u00e9charger l'Apk officiel de 888Starz Cameroun pour Android et iOS \u2714\ufe0f\ufe0f Derni\u00e8re version de l'APK de 888Starz \u2b50\ufe0f Le pari mobile 888Starz apk offre des paris sportifs et des jeux de casino.\",\"inLanguage\":\"fr-CM\",\"potentialAction\":[{\"@type\":\"ReadAction\",\"target\":[\"https:\/\/888starzbets.net\/cm\/apk\/\"]}]},{\"@type\":\"WebSite\",\"@id\":\"https:\/\/888starzbets.net\/cm\/#website\",\"url\":\"https:\/\/888starzbets.net\/cm\/\",\"name\":\"888Starz Team cm\",\"description\":\"My WordPress Blog\",\"potentialAction\":[{\"@type\":\"SearchAction\",\"target\":{\"@type\":\"EntryPoint\",\"urlTemplate\":\"https:\/\/888starzbets.net\/cm\/?s={search_term_string}\"},\"query-input\":{\"@type\":\"PropertyValueSpecification\",\"valueRequired\":true,\"valueName\":\"search_term_string\"}}],\"inLanguage\":\"fr-CM\"}]}<\/script>\n<!-- \/ Yoast SEO plugin. -->","yoast_head_json":{"title":"888Starz \u1409 T\u00e9l\u00e9charger APK pour Android et iOS 2025","description":"T\u00e9l\u00e9charger l'Apk officiel de 888Starz Cameroun pour Android et iOS \u2714\ufe0f\ufe0f Derni\u00e8re version de l'APK de 888Starz \u2b50\ufe0f Le pari mobile 888Starz apk offre des paris sportifs et des jeux de casino.","robots":{"index":"index","follow":"follow","max-snippet":"max-snippet:-1","max-image-preview":"max-image-preview:large","max-video-preview":"max-video-preview:-1"},"og_locale":"fr_FR","og_type":"article","og_title":"888Starz \u1409 T\u00e9l\u00e9charger APK pour Android et iOS 2025","og_description":"T\u00e9l\u00e9charger l'Apk officiel de 888Starz Cameroun pour Android et iOS \u2714\ufe0f\ufe0f Derni\u00e8re version de l'APK de 888Starz \u2b50\ufe0f Le pari mobile 888Starz apk offre des paris sportifs et des jeux de casino.","og_url":"https:\/\/888starzbets.net\/cm\/apk\/","og_site_name":"888Starz Team cm","article_modified_time":"2025-02-08T07:46:10+00:00","twitter_card":"summary_large_image","schema":{"@context":"https:\/\/schema.org","@graph":[{"@type":"WebPage","@id":"https:\/\/888starzbets.net\/cm\/apk\/","url":"https:\/\/888starzbets.net\/cm\/apk\/","name":"888Starz \u1409 T\u00e9l\u00e9charger APK pour Android et iOS 2025","isPartOf":{"@id":"https:\/\/888starzbets.net\/cm\/#website"},"datePublished":"2024-08-22T09:15:47+00:00","dateModified":"2025-02-08T07:46:10+00:00","description":"T\u00e9l\u00e9charger l'Apk officiel de 888Starz Cameroun pour Android et iOS \u2714\ufe0f\ufe0f Derni\u00e8re version de l'APK de 888Starz \u2b50\ufe0f Le pari mobile 888Starz apk offre des paris sportifs et des jeux de casino.","inLanguage":"fr-CM","potentialAction":[{"@type":"ReadAction","target":["https:\/\/888starzbets.net\/cm\/apk\/"]}]},{"@type":"WebSite","@id":"https:\/\/888starzbets.net\/cm\/#website","url":"https:\/\/888starzbets.net\/cm\/","name":"888Starz Team cm","description":"My WordPress Blog","potentialAction":[{"@type":"SearchAction","target":{"@type":"EntryPoint","urlTemplate":"https:\/\/888starzbets.net\/cm\/?s={search_term_string}"},"query-input":{"@type":"PropertyValueSpecification","valueRequired":true,"valueName":"search_term_string"}}],"inLanguage":"fr-CM"}]}},"_links":{"self":[{"href":"https:\/\/888starzbets.net\/cm\/wp-json\/wp\/v2\/pages\/385","targetHints":{"allow":["GET"]}}],"collection":[{"href":"https:\/\/888starzbets.net\/cm\/wp-json\/wp\/v2\/pages"}],"about":[{"href":"https:\/\/888starzbets.net\/cm\/wp-json\/wp\/v2\/types\/page"}],"author":[{"embeddable":true,"href":"https:\/\/888starzbets.net\/cm\/wp-json\/wp\/v2\/users\/1"}],"replies":[{"embeddable":true,"href":"https:\/\/888starzbets.net\/cm\/wp-json\/wp\/v2\/comments?post=385"}],"version-history":[{"count":39,"href":"https:\/\/888starzbets.net\/cm\/wp-json\/wp\/v2\/pages\/385\/revisions"}],"predecessor-version":[{"id":651,"href":"https:\/\/888starzbets.net\/cm\/wp-json\/wp\/v2\/pages\/385\/revisions\/651"}],"wp:attachment":[{"href":"https:\/\/888starzbets.net\/cm\/wp-json\/wp\/v2\/media?parent=385"}],"curies":[{"name":"wp","href":"https:\/\/api.w.org\/{rel}","templated":true}]}}