{"id":844,"date":"2025-10-27T12:52:15","date_gmt":"2025-10-27T12:52:15","guid":{"rendered":"https:\/\/888starzbets.net\/?page_id=844"},"modified":"2025-12-23T16:15:38","modified_gmt":"2025-12-23T16:15:38","slug":"sport","status":"publish","type":"page","link":"https:\/\/888starzbets.net\/co\/sport\/","title":{"rendered":"Deporte"},"content":{"rendered":"","protected":false},"excerpt":{"rendered":"","protected":false},"author":1,"featured_media":0,"parent":0,"menu_order":0,"comment_status":"closed","ping_status":"closed","template":"","meta":{"footnotes":""},"class_list":["post-844","page","type-page","status-publish","hentry"],"yoast_head":"<!-- This site is optimized with the Yoast SEO plugin v26.2 - https:\/\/yoast.com\/wordpress\/plugins\/seo\/ -->\n<title>Apuestas deportivas 888Starz | Estrategias, tipos de apuestas<\/title>\n<meta name=\"description\" content=\"888Starz Colombia es una de las mejores plataformas para apuestas deportivas. Obtenga m\u00e1s informaci\u00f3n sobre estrategias, registro, apuestas en vivo y los detalles espec\u00edficos del f\u00fatbol, hockey, tenis, boxeo y otros deportes. \u00a1Juegue con inteligencia y gane con 888Starz!\" \/>\n<meta name=\"robots\" content=\"index, follow, max-snippet:-1, max-image-preview:large, max-video-preview:-1\" \/>\n<meta property=\"og:locale\" content=\"es_ES\" \/>\n<meta property=\"og:type\" content=\"article\" \/>\n<meta property=\"og:title\" content=\"Apuestas deportivas 888Starz | Estrategias, tipos de apuestas\" \/>\n<meta property=\"og:description\" content=\"888Starz Colombia es una de las mejores plataformas para apuestas deportivas. Obtenga m\u00e1s informaci\u00f3n sobre estrategias, registro, apuestas en vivo y los detalles espec\u00edficos del f\u00fatbol, hockey, tenis, boxeo y otros deportes. \u00a1Juegue con inteligencia y gane con 888Starz!\" \/>\n<meta property=\"og:url\" content=\"https:\/\/888starzbets.net\/co\/sport\/\" \/>\n<meta property=\"og:site_name\" content=\"888Starz Team co\" \/>\n<meta property=\"article:modified_time\" content=\"2025-12-23T16:15:38+00:00\" \/>\n<meta name=\"twitter:card\" content=\"summary_large_image\" \/>\n<script type=\"application\/ld+json\" class=\"yoast-schema-graph\">{\"@context\":\"https:\/\/schema.org\",\"@graph\":[{\"@type\":\"WebPage\",\"@id\":\"https:\/\/888starzbets.net\/co\/sport\/\",\"url\":\"https:\/\/888starzbets.net\/co\/sport\/\",\"name\":\"Apuestas deportivas 888Starz | Estrategias, tipos de apuestas\",\"isPartOf\":{\"@id\":\"https:\/\/888starzbets.net\/co\/#website\"},\"datePublished\":\"2025-10-27T12:52:15+00:00\",\"dateModified\":\"2025-12-23T16:15:38+00:00\",\"description\":\"888Starz Colombia es una de las mejores plataformas para apuestas deportivas. Obtenga m\u00e1s informaci\u00f3n sobre estrategias, registro, apuestas en vivo y los detalles espec\u00edficos del f\u00fatbol, hockey, tenis, boxeo y otros deportes. \u00a1Juegue con inteligencia y gane con 888Starz!\",\"inLanguage\":\"es-CO\",\"potentialAction\":[{\"@type\":\"ReadAction\",\"target\":[\"https:\/\/888starzbets.net\/co\/sport\/\"]}]},{\"@type\":\"WebSite\",\"@id\":\"https:\/\/888starzbets.net\/co\/#website\",\"url\":\"https:\/\/888starzbets.net\/co\/\",\"name\":\"888Starz Team co\",\"description\":\"My WordPress Blog\",\"potentialAction\":[{\"@type\":\"SearchAction\",\"target\":{\"@type\":\"EntryPoint\",\"urlTemplate\":\"https:\/\/888starzbets.net\/co\/?s={search_term_string}\"},\"query-input\":{\"@type\":\"PropertyValueSpecification\",\"valueRequired\":true,\"valueName\":\"search_term_string\"}}],\"inLanguage\":\"es-CO\"}]}<\/script>\n<!-- \/ Yoast SEO plugin. -->","yoast_head_json":{"title":"Apuestas deportivas 888Starz | Estrategias, tipos de apuestas","description":"888Starz Colombia es una de las mejores plataformas para apuestas deportivas. Obtenga m\u00e1s informaci\u00f3n sobre estrategias, registro, apuestas en vivo y los detalles espec\u00edficos del f\u00fatbol, hockey, tenis, boxeo y otros deportes. \u00a1Juegue con inteligencia y gane con 888Starz!","robots":{"index":"index","follow":"follow","max-snippet":"max-snippet:-1","max-image-preview":"max-image-preview:large","max-video-preview":"max-video-preview:-1"},"og_locale":"es_ES","og_type":"article","og_title":"Apuestas deportivas 888Starz | Estrategias, tipos de apuestas","og_description":"888Starz Colombia es una de las mejores plataformas para apuestas deportivas. Obtenga m\u00e1s informaci\u00f3n sobre estrategias, registro, apuestas en vivo y los detalles espec\u00edficos del f\u00fatbol, hockey, tenis, boxeo y otros deportes. \u00a1Juegue con inteligencia y gane con 888Starz!","og_url":"https:\/\/888starzbets.net\/co\/sport\/","og_site_name":"888Starz Team co","article_modified_time":"2025-12-23T16:15:38+00:00","twitter_card":"summary_large_image","schema":{"@context":"https:\/\/schema.org","@graph":[{"@type":"WebPage","@id":"https:\/\/888starzbets.net\/co\/sport\/","url":"https:\/\/888starzbets.net\/co\/sport\/","name":"Apuestas deportivas 888Starz | Estrategias, tipos de apuestas","isPartOf":{"@id":"https:\/\/888starzbets.net\/co\/#website"},"datePublished":"2025-10-27T12:52:15+00:00","dateModified":"2025-12-23T16:15:38+00:00","description":"888Starz Colombia es una de las mejores plataformas para apuestas deportivas. Obtenga m\u00e1s informaci\u00f3n sobre estrategias, registro, apuestas en vivo y los detalles espec\u00edficos del f\u00fatbol, hockey, tenis, boxeo y otros deportes. \u00a1Juegue con inteligencia y gane con 888Starz!","inLanguage":"es-CO","potentialAction":[{"@type":"ReadAction","target":["https:\/\/888starzbets.net\/co\/sport\/"]}]},{"@type":"WebSite","@id":"https:\/\/888starzbets.net\/co\/#website","url":"https:\/\/888starzbets.net\/co\/","name":"888Starz Team co","description":"My WordPress Blog","potentialAction":[{"@type":"SearchAction","target":{"@type":"EntryPoint","urlTemplate":"https:\/\/888starzbets.net\/co\/?s={search_term_string}"},"query-input":{"@type":"PropertyValueSpecification","valueRequired":true,"valueName":"search_term_string"}}],"inLanguage":"es-CO"}]}},"_links":{"self":[{"href":"https:\/\/888starzbets.net\/co\/wp-json\/wp\/v2\/pages\/844","targetHints":{"allow":["GET"]}}],"collection":[{"href":"https:\/\/888starzbets.net\/co\/wp-json\/wp\/v2\/pages"}],"about":[{"href":"https:\/\/888starzbets.net\/co\/wp-json\/wp\/v2\/types\/page"}],"author":[{"embeddable":true,"href":"https:\/\/888starzbets.net\/co\/wp-json\/wp\/v2\/users\/1"}],"replies":[{"embeddable":true,"href":"https:\/\/888starzbets.net\/co\/wp-json\/wp\/v2\/comments?post=844"}],"version-history":[{"count":2,"href":"https:\/\/888starzbets.net\/co\/wp-json\/wp\/v2\/pages\/844\/revisions"}],"predecessor-version":[{"id":967,"href":"https:\/\/888starzbets.net\/co\/wp-json\/wp\/v2\/pages\/844\/revisions\/967"}],"wp:attachment":[{"href":"https:\/\/888starzbets.net\/co\/wp-json\/wp\/v2\/media?parent=844"}],"curies":[{"name":"wp","href":"https:\/\/api.w.org\/{rel}","templated":true}]}}