{"id":868,"date":"2025-10-28T15:03:24","date_gmt":"2025-10-28T15:03:24","guid":{"rendered":"https:\/\/888starzbets.net\/?page_id=868"},"modified":"2025-12-23T15:25:58","modified_gmt":"2025-12-23T15:25:58","slug":"football","status":"publish","type":"page","link":"https:\/\/888starzbets.net\/co\/football\/","title":{"rendered":"F\u00fatbol"},"content":{"rendered":"","protected":false},"excerpt":{"rendered":"","protected":false},"author":1,"featured_media":0,"parent":0,"menu_order":0,"comment_status":"closed","ping_status":"closed","template":"","meta":{"footnotes":""},"class_list":["post-868","page","type-page","status-publish","hentry"],"yoast_head":"<!-- This site is optimized with the Yoast SEO plugin v26.2 - https:\/\/yoast.com\/wordpress\/plugins\/seo\/ -->\n<title>888Starz Apuestas de f\u00fatbol | \u00a1Las mejores cuotas y bonificaciones!<\/title>\n<meta name=\"description\" content=\"\u00a1Apuesta al f\u00fatbol con 888Starz Colombia! Consigue cuotas altas, bonificaciones y acceso a m\u00e1s de 500 eventos deportivos cada d\u00eda. \u00a1\u00danete a la emoci\u00f3n de las apuestas y gana hoy mismo!\" \/>\n<meta name=\"robots\" content=\"index, follow, max-snippet:-1, max-image-preview:large, max-video-preview:-1\" \/>\n<meta property=\"og:locale\" content=\"es_ES\" \/>\n<meta property=\"og:type\" content=\"article\" \/>\n<meta property=\"og:title\" content=\"888Starz Apuestas de f\u00fatbol | \u00a1Las mejores cuotas y bonificaciones!\" \/>\n<meta property=\"og:description\" content=\"\u00a1Apuesta al f\u00fatbol con 888Starz Colombia! Consigue cuotas altas, bonificaciones y acceso a m\u00e1s de 500 eventos deportivos cada d\u00eda. \u00a1\u00danete a la emoci\u00f3n de las apuestas y gana hoy mismo!\" \/>\n<meta property=\"og:url\" content=\"https:\/\/888starzbets.net\/co\/football\/\" \/>\n<meta property=\"og:site_name\" content=\"888Starz Team co\" \/>\n<meta property=\"article:modified_time\" content=\"2025-12-23T15:25:58+00:00\" \/>\n<meta name=\"twitter:card\" content=\"summary_large_image\" \/>\n<script type=\"application\/ld+json\" class=\"yoast-schema-graph\">{\"@context\":\"https:\/\/schema.org\",\"@graph\":[{\"@type\":\"WebPage\",\"@id\":\"https:\/\/888starzbets.net\/co\/football\/\",\"url\":\"https:\/\/888starzbets.net\/co\/football\/\",\"name\":\"888Starz Apuestas de f\u00fatbol | \u00a1Las mejores cuotas y bonificaciones!\",\"isPartOf\":{\"@id\":\"https:\/\/888starzbets.net\/co\/#website\"},\"datePublished\":\"2025-10-28T15:03:24+00:00\",\"dateModified\":\"2025-12-23T15:25:58+00:00\",\"description\":\"\u00a1Apuesta al f\u00fatbol con 888Starz Colombia! Consigue cuotas altas, bonificaciones y acceso a m\u00e1s de 500 eventos deportivos cada d\u00eda. \u00a1\u00danete a la emoci\u00f3n de las apuestas y gana hoy mismo!\",\"inLanguage\":\"es-CO\",\"potentialAction\":[{\"@type\":\"ReadAction\",\"target\":[\"https:\/\/888starzbets.net\/co\/football\/\"]}]},{\"@type\":\"WebSite\",\"@id\":\"https:\/\/888starzbets.net\/co\/#website\",\"url\":\"https:\/\/888starzbets.net\/co\/\",\"name\":\"888Starz Team co\",\"description\":\"My WordPress Blog\",\"potentialAction\":[{\"@type\":\"SearchAction\",\"target\":{\"@type\":\"EntryPoint\",\"urlTemplate\":\"https:\/\/888starzbets.net\/co\/?s={search_term_string}\"},\"query-input\":{\"@type\":\"PropertyValueSpecification\",\"valueRequired\":true,\"valueName\":\"search_term_string\"}}],\"inLanguage\":\"es-CO\"}]}<\/script>\n<!-- \/ Yoast SEO plugin. -->","yoast_head_json":{"title":"888Starz Apuestas de f\u00fatbol | \u00a1Las mejores cuotas y bonificaciones!","description":"\u00a1Apuesta al f\u00fatbol con 888Starz Colombia! Consigue cuotas altas, bonificaciones y acceso a m\u00e1s de 500 eventos deportivos cada d\u00eda. \u00a1\u00danete a la emoci\u00f3n de las apuestas y gana hoy mismo!","robots":{"index":"index","follow":"follow","max-snippet":"max-snippet:-1","max-image-preview":"max-image-preview:large","max-video-preview":"max-video-preview:-1"},"og_locale":"es_ES","og_type":"article","og_title":"888Starz Apuestas de f\u00fatbol | \u00a1Las mejores cuotas y bonificaciones!","og_description":"\u00a1Apuesta al f\u00fatbol con 888Starz Colombia! Consigue cuotas altas, bonificaciones y acceso a m\u00e1s de 500 eventos deportivos cada d\u00eda. \u00a1\u00danete a la emoci\u00f3n de las apuestas y gana hoy mismo!","og_url":"https:\/\/888starzbets.net\/co\/football\/","og_site_name":"888Starz Team co","article_modified_time":"2025-12-23T15:25:58+00:00","twitter_card":"summary_large_image","schema":{"@context":"https:\/\/schema.org","@graph":[{"@type":"WebPage","@id":"https:\/\/888starzbets.net\/co\/football\/","url":"https:\/\/888starzbets.net\/co\/football\/","name":"888Starz Apuestas de f\u00fatbol | \u00a1Las mejores cuotas y bonificaciones!","isPartOf":{"@id":"https:\/\/888starzbets.net\/co\/#website"},"datePublished":"2025-10-28T15:03:24+00:00","dateModified":"2025-12-23T15:25:58+00:00","description":"\u00a1Apuesta al f\u00fatbol con 888Starz Colombia! Consigue cuotas altas, bonificaciones y acceso a m\u00e1s de 500 eventos deportivos cada d\u00eda. \u00a1\u00danete a la emoci\u00f3n de las apuestas y gana hoy mismo!","inLanguage":"es-CO","potentialAction":[{"@type":"ReadAction","target":["https:\/\/888starzbets.net\/co\/football\/"]}]},{"@type":"WebSite","@id":"https:\/\/888starzbets.net\/co\/#website","url":"https:\/\/888starzbets.net\/co\/","name":"888Starz Team co","description":"My WordPress Blog","potentialAction":[{"@type":"SearchAction","target":{"@type":"EntryPoint","urlTemplate":"https:\/\/888starzbets.net\/co\/?s={search_term_string}"},"query-input":{"@type":"PropertyValueSpecification","valueRequired":true,"valueName":"search_term_string"}}],"inLanguage":"es-CO"}]}},"_links":{"self":[{"href":"https:\/\/888starzbets.net\/co\/wp-json\/wp\/v2\/pages\/868","targetHints":{"allow":["GET"]}}],"collection":[{"href":"https:\/\/888starzbets.net\/co\/wp-json\/wp\/v2\/pages"}],"about":[{"href":"https:\/\/888starzbets.net\/co\/wp-json\/wp\/v2\/types\/page"}],"author":[{"embeddable":true,"href":"https:\/\/888starzbets.net\/co\/wp-json\/wp\/v2\/users\/1"}],"replies":[{"embeddable":true,"href":"https:\/\/888starzbets.net\/co\/wp-json\/wp\/v2\/comments?post=868"}],"version-history":[{"count":2,"href":"https:\/\/888starzbets.net\/co\/wp-json\/wp\/v2\/pages\/868\/revisions"}],"predecessor-version":[{"id":960,"href":"https:\/\/888starzbets.net\/co\/wp-json\/wp\/v2\/pages\/868\/revisions\/960"}],"wp:attachment":[{"href":"https:\/\/888starzbets.net\/co\/wp-json\/wp\/v2\/media?parent=868"}],"curies":[{"name":"wp","href":"https:\/\/api.w.org\/{rel}","templated":true}]}}