{"id":152,"date":"2023-05-18T17:39:43","date_gmt":"2023-05-18T17:39:43","guid":{"rendered":"https:\/\/888starzbets.net\/cs\/?page_id=152"},"modified":"2025-09-14T09:08:45","modified_gmt":"2025-09-14T09:08:45","slug":"bonus","status":"publish","type":"page","link":"https:\/\/888starzbets.net\/cs\/bonus\/","title":{"rendered":"Bonusy"},"content":{"rendered":"","protected":false},"excerpt":{"rendered":"","protected":false},"author":1,"featured_media":0,"parent":0,"menu_order":0,"comment_status":"closed","ping_status":"closed","template":"","meta":{"footnotes":""},"class_list":["post-152","page","type-page","status-publish","hentry"],"yoast_head":"<!-- This site is optimized with the Yoast SEO plugin v26.2 - https:\/\/yoast.com\/wordpress\/plugins\/seo\/ -->\n<title>Bonus 888Starz 2025 \ud83c\udf81 Propaga\u010dn\u00ed akce a speci\u00e1ln\u00ed nab\u00eddky<\/title>\n<meta name=\"description\" content=\"Zaregistrujte se na 888starz a z\u00edskejte 100% bonus k va\u0161emu prvn\u00edmu vkladu. Pr\u016fvodce bonusy a akcemi 888Starz pro nov\u00e9 a st\u00e1l\u00e9 hr\u00e1\u010de. Z\u00edskejte ka\u017ed\u00fd t\u00fdden s\u00e1zky zdarma a cashback!\" \/>\n<meta name=\"robots\" content=\"index, follow, max-snippet:-1, max-image-preview:large, max-video-preview:-1\" \/>\n<meta property=\"og:locale\" content=\"cs_CZ\" \/>\n<meta property=\"og:type\" content=\"article\" \/>\n<meta property=\"og:title\" content=\"Bonus 888Starz 2025 \ud83c\udf81 Propaga\u010dn\u00ed akce a speci\u00e1ln\u00ed nab\u00eddky\" \/>\n<meta property=\"og:description\" content=\"Zaregistrujte se na 888starz a z\u00edskejte 100% bonus k va\u0161emu prvn\u00edmu vkladu. Pr\u016fvodce bonusy a akcemi 888Starz pro nov\u00e9 a st\u00e1l\u00e9 hr\u00e1\u010de. Z\u00edskejte ka\u017ed\u00fd t\u00fdden s\u00e1zky zdarma a cashback!\" \/>\n<meta property=\"og:url\" content=\"https:\/\/888starzbets.net\/cs\/bonus\/\" \/>\n<meta property=\"og:site_name\" content=\"888Starz Team cs\" \/>\n<meta property=\"article:modified_time\" content=\"2025-09-14T09:08:45+00:00\" \/>\n<meta name=\"twitter:card\" content=\"summary_large_image\" \/>\n<script type=\"application\/ld+json\" class=\"yoast-schema-graph\">{\"@context\":\"https:\/\/schema.org\",\"@graph\":[{\"@type\":\"WebPage\",\"@id\":\"https:\/\/888starzbets.net\/cs\/bonus\/\",\"url\":\"https:\/\/888starzbets.net\/cs\/bonus\/\",\"name\":\"Bonus 888Starz 2025 \ud83c\udf81 Propaga\u010dn\u00ed akce a speci\u00e1ln\u00ed nab\u00eddky\",\"isPartOf\":{\"@id\":\"https:\/\/888starzbets.net\/cs\/#website\"},\"datePublished\":\"2023-05-18T17:39:43+00:00\",\"dateModified\":\"2025-09-14T09:08:45+00:00\",\"description\":\"Zaregistrujte se na 888starz a z\u00edskejte 100% bonus k va\u0161emu prvn\u00edmu vkladu. Pr\u016fvodce bonusy a akcemi 888Starz pro nov\u00e9 a st\u00e1l\u00e9 hr\u00e1\u010de. Z\u00edskejte ka\u017ed\u00fd t\u00fdden s\u00e1zky zdarma a cashback!\",\"inLanguage\":\"cs\",\"potentialAction\":[{\"@type\":\"ReadAction\",\"target\":[\"https:\/\/888starzbets.net\/cs\/bonus\/\"]}]},{\"@type\":\"WebSite\",\"@id\":\"https:\/\/888starzbets.net\/cs\/#website\",\"url\":\"https:\/\/888starzbets.net\/cs\/\",\"name\":\"888Starz Team cs\",\"description\":\"\",\"potentialAction\":[{\"@type\":\"SearchAction\",\"target\":{\"@type\":\"EntryPoint\",\"urlTemplate\":\"https:\/\/888starzbets.net\/cs\/?s={search_term_string}\"},\"query-input\":{\"@type\":\"PropertyValueSpecification\",\"valueRequired\":true,\"valueName\":\"search_term_string\"}}],\"inLanguage\":\"cs\"}]}<\/script>\n<!-- \/ Yoast SEO plugin. -->","yoast_head_json":{"title":"Bonus 888Starz 2025 \ud83c\udf81 Propaga\u010dn\u00ed akce a speci\u00e1ln\u00ed nab\u00eddky","description":"Zaregistrujte se na 888starz a z\u00edskejte 100% bonus k va\u0161emu prvn\u00edmu vkladu. Pr\u016fvodce bonusy a akcemi 888Starz pro nov\u00e9 a st\u00e1l\u00e9 hr\u00e1\u010de. Z\u00edskejte ka\u017ed\u00fd t\u00fdden s\u00e1zky zdarma a cashback!","robots":{"index":"index","follow":"follow","max-snippet":"max-snippet:-1","max-image-preview":"max-image-preview:large","max-video-preview":"max-video-preview:-1"},"og_locale":"cs_CZ","og_type":"article","og_title":"Bonus 888Starz 2025 \ud83c\udf81 Propaga\u010dn\u00ed akce a speci\u00e1ln\u00ed nab\u00eddky","og_description":"Zaregistrujte se na 888starz a z\u00edskejte 100% bonus k va\u0161emu prvn\u00edmu vkladu. Pr\u016fvodce bonusy a akcemi 888Starz pro nov\u00e9 a st\u00e1l\u00e9 hr\u00e1\u010de. Z\u00edskejte ka\u017ed\u00fd t\u00fdden s\u00e1zky zdarma a cashback!","og_url":"https:\/\/888starzbets.net\/cs\/bonus\/","og_site_name":"888Starz Team cs","article_modified_time":"2025-09-14T09:08:45+00:00","twitter_card":"summary_large_image","schema":{"@context":"https:\/\/schema.org","@graph":[{"@type":"WebPage","@id":"https:\/\/888starzbets.net\/cs\/bonus\/","url":"https:\/\/888starzbets.net\/cs\/bonus\/","name":"Bonus 888Starz 2025 \ud83c\udf81 Propaga\u010dn\u00ed akce a speci\u00e1ln\u00ed nab\u00eddky","isPartOf":{"@id":"https:\/\/888starzbets.net\/cs\/#website"},"datePublished":"2023-05-18T17:39:43+00:00","dateModified":"2025-09-14T09:08:45+00:00","description":"Zaregistrujte se na 888starz a z\u00edskejte 100% bonus k va\u0161emu prvn\u00edmu vkladu. Pr\u016fvodce bonusy a akcemi 888Starz pro nov\u00e9 a st\u00e1l\u00e9 hr\u00e1\u010de. Z\u00edskejte ka\u017ed\u00fd t\u00fdden s\u00e1zky zdarma a cashback!","inLanguage":"cs","potentialAction":[{"@type":"ReadAction","target":["https:\/\/888starzbets.net\/cs\/bonus\/"]}]},{"@type":"WebSite","@id":"https:\/\/888starzbets.net\/cs\/#website","url":"https:\/\/888starzbets.net\/cs\/","name":"888Starz Team cs","description":"","potentialAction":[{"@type":"SearchAction","target":{"@type":"EntryPoint","urlTemplate":"https:\/\/888starzbets.net\/cs\/?s={search_term_string}"},"query-input":{"@type":"PropertyValueSpecification","valueRequired":true,"valueName":"search_term_string"}}],"inLanguage":"cs"}]}},"_links":{"self":[{"href":"https:\/\/888starzbets.net\/cs\/wp-json\/wp\/v2\/pages\/152","targetHints":{"allow":["GET"]}}],"collection":[{"href":"https:\/\/888starzbets.net\/cs\/wp-json\/wp\/v2\/pages"}],"about":[{"href":"https:\/\/888starzbets.net\/cs\/wp-json\/wp\/v2\/types\/page"}],"author":[{"embeddable":true,"href":"https:\/\/888starzbets.net\/cs\/wp-json\/wp\/v2\/users\/1"}],"replies":[{"embeddable":true,"href":"https:\/\/888starzbets.net\/cs\/wp-json\/wp\/v2\/comments?post=152"}],"version-history":[{"count":68,"href":"https:\/\/888starzbets.net\/cs\/wp-json\/wp\/v2\/pages\/152\/revisions"}],"predecessor-version":[{"id":866,"href":"https:\/\/888starzbets.net\/cs\/wp-json\/wp\/v2\/pages\/152\/revisions\/866"}],"wp:attachment":[{"href":"https:\/\/888starzbets.net\/cs\/wp-json\/wp\/v2\/media?parent=152"}],"curies":[{"name":"wp","href":"https:\/\/api.w.org\/{rel}","templated":true}]}}