{"id":270,"date":"2024-02-02T08:45:42","date_gmt":"2024-02-02T08:45:42","guid":{"rendered":"https:\/\/888starzbets.net\/cs\/?page_id=270"},"modified":"2025-09-14T09:18:25","modified_gmt":"2025-09-14T09:18:25","slug":"affiliate","status":"publish","type":"page","link":"https:\/\/888starzbets.net\/cs\/affiliate\/","title":{"rendered":"Partnersk\u00e9 str\u00e1nky"},"content":{"rendered":"","protected":false},"excerpt":{"rendered":"","protected":false},"author":1,"featured_media":0,"parent":0,"menu_order":0,"comment_status":"closed","ping_status":"closed","template":"","meta":{"footnotes":""},"class_list":["post-270","page","type-page","status-publish","hentry"],"yoast_head":"<!-- This site is optimized with the Yoast SEO plugin v26.2 - https:\/\/yoast.com\/wordpress\/plugins\/seo\/ -->\n<title>888Starz Affiliate \ud83d\udd34 Partne\u0159i 888STARZ<\/title>\n<meta name=\"description\" content=\"P\u0159ipojte se k partnersk\u00e9mu programu 888 a vyd\u011bl\u00e1vejte skute\u010dn\u00e9 pen\u00edze | 888Starz nab\u00edz\u00ed vysok\u00e9 konverzn\u00ed pom\u011bry, pravideln\u00e9 platby, pod\u00edl na v\u00fdnosech a CPA | P\u016fsob\u00edme ve v\u00edce ne\u017e 100 zem\u00edch po cel\u00e9m sv\u011bt\u011b.\" \/>\n<meta name=\"robots\" content=\"index, follow, max-snippet:-1, max-image-preview:large, max-video-preview:-1\" \/>\n<meta property=\"og:locale\" content=\"cs_CZ\" \/>\n<meta property=\"og:type\" content=\"article\" \/>\n<meta property=\"og:title\" content=\"888Starz Affiliate \ud83d\udd34 Partne\u0159i 888STARZ\" \/>\n<meta property=\"og:description\" content=\"P\u0159ipojte se k partnersk\u00e9mu programu 888 a vyd\u011bl\u00e1vejte skute\u010dn\u00e9 pen\u00edze | 888Starz nab\u00edz\u00ed vysok\u00e9 konverzn\u00ed pom\u011bry, pravideln\u00e9 platby, pod\u00edl na v\u00fdnosech a CPA | P\u016fsob\u00edme ve v\u00edce ne\u017e 100 zem\u00edch po cel\u00e9m sv\u011bt\u011b.\" \/>\n<meta property=\"og:url\" content=\"https:\/\/888starzbets.net\/cs\/affiliate\/\" \/>\n<meta property=\"og:site_name\" content=\"888Starz Team cs\" \/>\n<meta property=\"article:modified_time\" content=\"2025-09-14T09:18:25+00:00\" \/>\n<meta name=\"twitter:card\" content=\"summary_large_image\" \/>\n<script type=\"application\/ld+json\" class=\"yoast-schema-graph\">{\"@context\":\"https:\/\/schema.org\",\"@graph\":[{\"@type\":\"WebPage\",\"@id\":\"https:\/\/888starzbets.net\/cs\/affiliate\/\",\"url\":\"https:\/\/888starzbets.net\/cs\/affiliate\/\",\"name\":\"888Starz Affiliate \ud83d\udd34 Partne\u0159i 888STARZ\",\"isPartOf\":{\"@id\":\"https:\/\/888starzbets.net\/cs\/#website\"},\"datePublished\":\"2024-02-02T08:45:42+00:00\",\"dateModified\":\"2025-09-14T09:18:25+00:00\",\"description\":\"P\u0159ipojte se k partnersk\u00e9mu programu 888 a vyd\u011bl\u00e1vejte skute\u010dn\u00e9 pen\u00edze | 888Starz nab\u00edz\u00ed vysok\u00e9 konverzn\u00ed pom\u011bry, pravideln\u00e9 platby, pod\u00edl na v\u00fdnosech a CPA | P\u016fsob\u00edme ve v\u00edce ne\u017e 100 zem\u00edch po cel\u00e9m sv\u011bt\u011b.\",\"inLanguage\":\"cs\",\"potentialAction\":[{\"@type\":\"ReadAction\",\"target\":[\"https:\/\/888starzbets.net\/cs\/affiliate\/\"]}]},{\"@type\":\"WebSite\",\"@id\":\"https:\/\/888starzbets.net\/cs\/#website\",\"url\":\"https:\/\/888starzbets.net\/cs\/\",\"name\":\"888Starz Team cs\",\"description\":\"\",\"potentialAction\":[{\"@type\":\"SearchAction\",\"target\":{\"@type\":\"EntryPoint\",\"urlTemplate\":\"https:\/\/888starzbets.net\/cs\/?s={search_term_string}\"},\"query-input\":{\"@type\":\"PropertyValueSpecification\",\"valueRequired\":true,\"valueName\":\"search_term_string\"}}],\"inLanguage\":\"cs\"}]}<\/script>\n<!-- \/ Yoast SEO plugin. -->","yoast_head_json":{"title":"888Starz Affiliate \ud83d\udd34 Partne\u0159i 888STARZ","description":"P\u0159ipojte se k partnersk\u00e9mu programu 888 a vyd\u011bl\u00e1vejte skute\u010dn\u00e9 pen\u00edze | 888Starz nab\u00edz\u00ed vysok\u00e9 konverzn\u00ed pom\u011bry, pravideln\u00e9 platby, pod\u00edl na v\u00fdnosech a CPA | P\u016fsob\u00edme ve v\u00edce ne\u017e 100 zem\u00edch po cel\u00e9m sv\u011bt\u011b.","robots":{"index":"index","follow":"follow","max-snippet":"max-snippet:-1","max-image-preview":"max-image-preview:large","max-video-preview":"max-video-preview:-1"},"og_locale":"cs_CZ","og_type":"article","og_title":"888Starz Affiliate \ud83d\udd34 Partne\u0159i 888STARZ","og_description":"P\u0159ipojte se k partnersk\u00e9mu programu 888 a vyd\u011bl\u00e1vejte skute\u010dn\u00e9 pen\u00edze | 888Starz nab\u00edz\u00ed vysok\u00e9 konverzn\u00ed pom\u011bry, pravideln\u00e9 platby, pod\u00edl na v\u00fdnosech a CPA | P\u016fsob\u00edme ve v\u00edce ne\u017e 100 zem\u00edch po cel\u00e9m sv\u011bt\u011b.","og_url":"https:\/\/888starzbets.net\/cs\/affiliate\/","og_site_name":"888Starz Team cs","article_modified_time":"2025-09-14T09:18:25+00:00","twitter_card":"summary_large_image","schema":{"@context":"https:\/\/schema.org","@graph":[{"@type":"WebPage","@id":"https:\/\/888starzbets.net\/cs\/affiliate\/","url":"https:\/\/888starzbets.net\/cs\/affiliate\/","name":"888Starz Affiliate \ud83d\udd34 Partne\u0159i 888STARZ","isPartOf":{"@id":"https:\/\/888starzbets.net\/cs\/#website"},"datePublished":"2024-02-02T08:45:42+00:00","dateModified":"2025-09-14T09:18:25+00:00","description":"P\u0159ipojte se k partnersk\u00e9mu programu 888 a vyd\u011bl\u00e1vejte skute\u010dn\u00e9 pen\u00edze | 888Starz nab\u00edz\u00ed vysok\u00e9 konverzn\u00ed pom\u011bry, pravideln\u00e9 platby, pod\u00edl na v\u00fdnosech a CPA | P\u016fsob\u00edme ve v\u00edce ne\u017e 100 zem\u00edch po cel\u00e9m sv\u011bt\u011b.","inLanguage":"cs","potentialAction":[{"@type":"ReadAction","target":["https:\/\/888starzbets.net\/cs\/affiliate\/"]}]},{"@type":"WebSite","@id":"https:\/\/888starzbets.net\/cs\/#website","url":"https:\/\/888starzbets.net\/cs\/","name":"888Starz Team cs","description":"","potentialAction":[{"@type":"SearchAction","target":{"@type":"EntryPoint","urlTemplate":"https:\/\/888starzbets.net\/cs\/?s={search_term_string}"},"query-input":{"@type":"PropertyValueSpecification","valueRequired":true,"valueName":"search_term_string"}}],"inLanguage":"cs"}]}},"_links":{"self":[{"href":"https:\/\/888starzbets.net\/cs\/wp-json\/wp\/v2\/pages\/270","targetHints":{"allow":["GET"]}}],"collection":[{"href":"https:\/\/888starzbets.net\/cs\/wp-json\/wp\/v2\/pages"}],"about":[{"href":"https:\/\/888starzbets.net\/cs\/wp-json\/wp\/v2\/types\/page"}],"author":[{"embeddable":true,"href":"https:\/\/888starzbets.net\/cs\/wp-json\/wp\/v2\/users\/1"}],"replies":[{"embeddable":true,"href":"https:\/\/888starzbets.net\/cs\/wp-json\/wp\/v2\/comments?post=270"}],"version-history":[{"count":32,"href":"https:\/\/888starzbets.net\/cs\/wp-json\/wp\/v2\/pages\/270\/revisions"}],"predecessor-version":[{"id":831,"href":"https:\/\/888starzbets.net\/cs\/wp-json\/wp\/v2\/pages\/270\/revisions\/831"}],"wp:attachment":[{"href":"https:\/\/888starzbets.net\/cs\/wp-json\/wp\/v2\/media?parent=270"}],"curies":[{"name":"wp","href":"https:\/\/api.w.org\/{rel}","templated":true}]}}