{"id":385,"date":"2024-08-22T09:15:47","date_gmt":"2024-08-22T09:15:47","guid":{"rendered":"https:\/\/888starzbets.net\/cs\/?page_id=385"},"modified":"2025-08-30T08:15:23","modified_gmt":"2025-08-30T08:15:23","slug":"apk","status":"publish","type":"page","link":"https:\/\/888starzbets.net\/cs\/apk\/","title":{"rendered":"Apk"},"content":{"rendered":"","protected":false},"excerpt":{"rendered":"","protected":false},"author":1,"featured_media":0,"parent":0,"menu_order":0,"comment_status":"closed","ping_status":"closed","template":"","meta":{"footnotes":""},"class_list":["post-385","page","type-page","status-publish","hentry"],"yoast_head":"<!-- This site is optimized with the Yoast SEO plugin v26.2 - https:\/\/yoast.com\/wordpress\/plugins\/seo\/ -->\n<title>888Starz \u1409 St\u00e1hnout APK pro Android a iOS 2025<\/title>\n<meta name=\"description\" content=\"St\u00e1hn\u011bte si ofici\u00e1ln\u00ed aplikaci 888Starz pro Android a iOS \u2714\ufe0f\ufe0f Nejnov\u011bj\u0161\u00ed verze aplikace 888Starz \u2b50\ufe0f Mobiln\u00ed s\u00e1zen\u00ed Aplikace 888Starz nab\u00edz\u00ed sportovn\u00ed s\u00e1zen\u00ed a kasinov\u00e9 hry.\" \/>\n<meta name=\"robots\" content=\"index, follow, max-snippet:-1, max-image-preview:large, max-video-preview:-1\" \/>\n<meta property=\"og:locale\" content=\"cs_CZ\" \/>\n<meta property=\"og:type\" content=\"article\" \/>\n<meta property=\"og:title\" content=\"888Starz \u1409 St\u00e1hnout APK pro Android a iOS 2025\" \/>\n<meta property=\"og:description\" content=\"St\u00e1hn\u011bte si ofici\u00e1ln\u00ed aplikaci 888Starz pro Android a iOS \u2714\ufe0f\ufe0f Nejnov\u011bj\u0161\u00ed verze aplikace 888Starz \u2b50\ufe0f Mobiln\u00ed s\u00e1zen\u00ed Aplikace 888Starz nab\u00edz\u00ed sportovn\u00ed s\u00e1zen\u00ed a kasinov\u00e9 hry.\" \/>\n<meta property=\"og:url\" content=\"https:\/\/888starzbets.net\/cs\/apk\/\" \/>\n<meta property=\"og:site_name\" content=\"888Starz Team cs\" \/>\n<meta property=\"article:modified_time\" content=\"2025-08-30T08:15:23+00:00\" \/>\n<meta name=\"twitter:card\" content=\"summary_large_image\" \/>\n<script type=\"application\/ld+json\" class=\"yoast-schema-graph\">{\"@context\":\"https:\/\/schema.org\",\"@graph\":[{\"@type\":\"WebPage\",\"@id\":\"https:\/\/888starzbets.net\/cs\/apk\/\",\"url\":\"https:\/\/888starzbets.net\/cs\/apk\/\",\"name\":\"888Starz \u1409 St\u00e1hnout APK pro Android a iOS 2025\",\"isPartOf\":{\"@id\":\"https:\/\/888starzbets.net\/cs\/#website\"},\"datePublished\":\"2024-08-22T09:15:47+00:00\",\"dateModified\":\"2025-08-30T08:15:23+00:00\",\"description\":\"St\u00e1hn\u011bte si ofici\u00e1ln\u00ed aplikaci 888Starz pro Android a iOS \u2714\ufe0f\ufe0f Nejnov\u011bj\u0161\u00ed verze aplikace 888Starz \u2b50\ufe0f Mobiln\u00ed s\u00e1zen\u00ed Aplikace 888Starz nab\u00edz\u00ed sportovn\u00ed s\u00e1zen\u00ed a kasinov\u00e9 hry.\",\"inLanguage\":\"cs\",\"potentialAction\":[{\"@type\":\"ReadAction\",\"target\":[\"https:\/\/888starzbets.net\/cs\/apk\/\"]}]},{\"@type\":\"WebSite\",\"@id\":\"https:\/\/888starzbets.net\/cs\/#website\",\"url\":\"https:\/\/888starzbets.net\/cs\/\",\"name\":\"888Starz Team cs\",\"description\":\"\",\"potentialAction\":[{\"@type\":\"SearchAction\",\"target\":{\"@type\":\"EntryPoint\",\"urlTemplate\":\"https:\/\/888starzbets.net\/cs\/?s={search_term_string}\"},\"query-input\":{\"@type\":\"PropertyValueSpecification\",\"valueRequired\":true,\"valueName\":\"search_term_string\"}}],\"inLanguage\":\"cs\"}]}<\/script>\n<!-- \/ Yoast SEO plugin. -->","yoast_head_json":{"title":"888Starz \u1409 St\u00e1hnout APK pro Android a iOS 2025","description":"St\u00e1hn\u011bte si ofici\u00e1ln\u00ed aplikaci 888Starz pro Android a iOS \u2714\ufe0f\ufe0f Nejnov\u011bj\u0161\u00ed verze aplikace 888Starz \u2b50\ufe0f Mobiln\u00ed s\u00e1zen\u00ed Aplikace 888Starz nab\u00edz\u00ed sportovn\u00ed s\u00e1zen\u00ed a kasinov\u00e9 hry.","robots":{"index":"index","follow":"follow","max-snippet":"max-snippet:-1","max-image-preview":"max-image-preview:large","max-video-preview":"max-video-preview:-1"},"og_locale":"cs_CZ","og_type":"article","og_title":"888Starz \u1409 St\u00e1hnout APK pro Android a iOS 2025","og_description":"St\u00e1hn\u011bte si ofici\u00e1ln\u00ed aplikaci 888Starz pro Android a iOS \u2714\ufe0f\ufe0f Nejnov\u011bj\u0161\u00ed verze aplikace 888Starz \u2b50\ufe0f Mobiln\u00ed s\u00e1zen\u00ed Aplikace 888Starz nab\u00edz\u00ed sportovn\u00ed s\u00e1zen\u00ed a kasinov\u00e9 hry.","og_url":"https:\/\/888starzbets.net\/cs\/apk\/","og_site_name":"888Starz Team cs","article_modified_time":"2025-08-30T08:15:23+00:00","twitter_card":"summary_large_image","schema":{"@context":"https:\/\/schema.org","@graph":[{"@type":"WebPage","@id":"https:\/\/888starzbets.net\/cs\/apk\/","url":"https:\/\/888starzbets.net\/cs\/apk\/","name":"888Starz \u1409 St\u00e1hnout APK pro Android a iOS 2025","isPartOf":{"@id":"https:\/\/888starzbets.net\/cs\/#website"},"datePublished":"2024-08-22T09:15:47+00:00","dateModified":"2025-08-30T08:15:23+00:00","description":"St\u00e1hn\u011bte si ofici\u00e1ln\u00ed aplikaci 888Starz pro Android a iOS \u2714\ufe0f\ufe0f Nejnov\u011bj\u0161\u00ed verze aplikace 888Starz \u2b50\ufe0f Mobiln\u00ed s\u00e1zen\u00ed Aplikace 888Starz nab\u00edz\u00ed sportovn\u00ed s\u00e1zen\u00ed a kasinov\u00e9 hry.","inLanguage":"cs","potentialAction":[{"@type":"ReadAction","target":["https:\/\/888starzbets.net\/cs\/apk\/"]}]},{"@type":"WebSite","@id":"https:\/\/888starzbets.net\/cs\/#website","url":"https:\/\/888starzbets.net\/cs\/","name":"888Starz Team cs","description":"","potentialAction":[{"@type":"SearchAction","target":{"@type":"EntryPoint","urlTemplate":"https:\/\/888starzbets.net\/cs\/?s={search_term_string}"},"query-input":{"@type":"PropertyValueSpecification","valueRequired":true,"valueName":"search_term_string"}}],"inLanguage":"cs"}]}},"_links":{"self":[{"href":"https:\/\/888starzbets.net\/cs\/wp-json\/wp\/v2\/pages\/385","targetHints":{"allow":["GET"]}}],"collection":[{"href":"https:\/\/888starzbets.net\/cs\/wp-json\/wp\/v2\/pages"}],"about":[{"href":"https:\/\/888starzbets.net\/cs\/wp-json\/wp\/v2\/types\/page"}],"author":[{"embeddable":true,"href":"https:\/\/888starzbets.net\/cs\/wp-json\/wp\/v2\/users\/1"}],"replies":[{"embeddable":true,"href":"https:\/\/888starzbets.net\/cs\/wp-json\/wp\/v2\/comments?post=385"}],"version-history":[{"count":39,"href":"https:\/\/888starzbets.net\/cs\/wp-json\/wp\/v2\/pages\/385\/revisions"}],"predecessor-version":[{"id":832,"href":"https:\/\/888starzbets.net\/cs\/wp-json\/wp\/v2\/pages\/385\/revisions\/832"}],"wp:attachment":[{"href":"https:\/\/888starzbets.net\/cs\/wp-json\/wp\/v2\/media?parent=385"}],"curies":[{"name":"wp","href":"https:\/\/api.w.org\/{rel}","templated":true}]}}