{"id":567,"date":"2024-09-02T08:25:04","date_gmt":"2024-09-02T08:25:04","guid":{"rendered":"https:\/\/888starzbets.net\/cs\/?page_id=567"},"modified":"2025-09-14T09:16:40","modified_gmt":"2025-09-14T09:16:40","slug":"casino","status":"publish","type":"page","link":"https:\/\/888starzbets.net\/cs\/casino\/","title":{"rendered":"Kasino"},"content":{"rendered":"","protected":false},"excerpt":{"rendered":"","protected":false},"author":1,"featured_media":0,"parent":0,"menu_order":0,"comment_status":"closed","ping_status":"closed","template":"","meta":{"footnotes":""},"class_list":["post-567","page","type-page","status-publish","hentry"],"yoast_head":"<!-- This site is optimized with the Yoast SEO plugin v26.2 - https:\/\/yoast.com\/wordpress\/plugins\/seo\/ -->\n<title>888Starz Casino | Live kasino, hry, uv\u00edtac\u00ed bonus<\/title>\n<meta name=\"description\" content=\"888Starz nab\u00edz\u00ed hr\u00e1\u010d\u016fm mo\u017enost zkusit sv\u00e9 \u0161t\u011bst\u00ed v kasinu 888Starz s tis\u00edci automaty, stoln\u00edmi hrami a \u017eiv\u00fdmi dealery. Jak za\u010d\u00edt hr\u00e1t na ofici\u00e1ln\u00edm webu 888Starz a v mobiln\u00ed aplikaci\" \/>\n<meta name=\"robots\" content=\"index, follow, max-snippet:-1, max-image-preview:large, max-video-preview:-1\" \/>\n<meta property=\"og:locale\" content=\"cs_CZ\" \/>\n<meta property=\"og:type\" content=\"article\" \/>\n<meta property=\"og:title\" content=\"888Starz Casino | Live kasino, hry, uv\u00edtac\u00ed bonus\" \/>\n<meta property=\"og:description\" content=\"888Starz nab\u00edz\u00ed hr\u00e1\u010d\u016fm mo\u017enost zkusit sv\u00e9 \u0161t\u011bst\u00ed v kasinu 888Starz s tis\u00edci automaty, stoln\u00edmi hrami a \u017eiv\u00fdmi dealery. Jak za\u010d\u00edt hr\u00e1t na ofici\u00e1ln\u00edm webu 888Starz a v mobiln\u00ed aplikaci\" \/>\n<meta property=\"og:url\" content=\"https:\/\/888starzbets.net\/cs\/casino\/\" \/>\n<meta property=\"og:site_name\" content=\"888Starz Team cs\" \/>\n<meta property=\"article:modified_time\" content=\"2025-09-14T09:16:40+00:00\" \/>\n<meta name=\"twitter:card\" content=\"summary_large_image\" \/>\n<script type=\"application\/ld+json\" class=\"yoast-schema-graph\">{\"@context\":\"https:\/\/schema.org\",\"@graph\":[{\"@type\":\"WebPage\",\"@id\":\"https:\/\/888starzbets.net\/cs\/casino\/\",\"url\":\"https:\/\/888starzbets.net\/cs\/casino\/\",\"name\":\"888Starz Casino | Live kasino, hry, uv\u00edtac\u00ed bonus\",\"isPartOf\":{\"@id\":\"https:\/\/888starzbets.net\/cs\/#website\"},\"datePublished\":\"2024-09-02T08:25:04+00:00\",\"dateModified\":\"2025-09-14T09:16:40+00:00\",\"description\":\"888Starz nab\u00edz\u00ed hr\u00e1\u010d\u016fm mo\u017enost zkusit sv\u00e9 \u0161t\u011bst\u00ed v kasinu 888Starz s tis\u00edci automaty, stoln\u00edmi hrami a \u017eiv\u00fdmi dealery. Jak za\u010d\u00edt hr\u00e1t na ofici\u00e1ln\u00edm webu 888Starz a v mobiln\u00ed aplikaci\",\"inLanguage\":\"cs\",\"potentialAction\":[{\"@type\":\"ReadAction\",\"target\":[\"https:\/\/888starzbets.net\/cs\/casino\/\"]}]},{\"@type\":\"WebSite\",\"@id\":\"https:\/\/888starzbets.net\/cs\/#website\",\"url\":\"https:\/\/888starzbets.net\/cs\/\",\"name\":\"888Starz Team cs\",\"description\":\"\",\"potentialAction\":[{\"@type\":\"SearchAction\",\"target\":{\"@type\":\"EntryPoint\",\"urlTemplate\":\"https:\/\/888starzbets.net\/cs\/?s={search_term_string}\"},\"query-input\":{\"@type\":\"PropertyValueSpecification\",\"valueRequired\":true,\"valueName\":\"search_term_string\"}}],\"inLanguage\":\"cs\"}]}<\/script>\n<!-- \/ Yoast SEO plugin. -->","yoast_head_json":{"title":"888Starz Casino | Live kasino, hry, uv\u00edtac\u00ed bonus","description":"888Starz nab\u00edz\u00ed hr\u00e1\u010d\u016fm mo\u017enost zkusit sv\u00e9 \u0161t\u011bst\u00ed v kasinu 888Starz s tis\u00edci automaty, stoln\u00edmi hrami a \u017eiv\u00fdmi dealery. Jak za\u010d\u00edt hr\u00e1t na ofici\u00e1ln\u00edm webu 888Starz a v mobiln\u00ed aplikaci","robots":{"index":"index","follow":"follow","max-snippet":"max-snippet:-1","max-image-preview":"max-image-preview:large","max-video-preview":"max-video-preview:-1"},"og_locale":"cs_CZ","og_type":"article","og_title":"888Starz Casino | Live kasino, hry, uv\u00edtac\u00ed bonus","og_description":"888Starz nab\u00edz\u00ed hr\u00e1\u010d\u016fm mo\u017enost zkusit sv\u00e9 \u0161t\u011bst\u00ed v kasinu 888Starz s tis\u00edci automaty, stoln\u00edmi hrami a \u017eiv\u00fdmi dealery. Jak za\u010d\u00edt hr\u00e1t na ofici\u00e1ln\u00edm webu 888Starz a v mobiln\u00ed aplikaci","og_url":"https:\/\/888starzbets.net\/cs\/casino\/","og_site_name":"888Starz Team cs","article_modified_time":"2025-09-14T09:16:40+00:00","twitter_card":"summary_large_image","schema":{"@context":"https:\/\/schema.org","@graph":[{"@type":"WebPage","@id":"https:\/\/888starzbets.net\/cs\/casino\/","url":"https:\/\/888starzbets.net\/cs\/casino\/","name":"888Starz Casino | Live kasino, hry, uv\u00edtac\u00ed bonus","isPartOf":{"@id":"https:\/\/888starzbets.net\/cs\/#website"},"datePublished":"2024-09-02T08:25:04+00:00","dateModified":"2025-09-14T09:16:40+00:00","description":"888Starz nab\u00edz\u00ed hr\u00e1\u010d\u016fm mo\u017enost zkusit sv\u00e9 \u0161t\u011bst\u00ed v kasinu 888Starz s tis\u00edci automaty, stoln\u00edmi hrami a \u017eiv\u00fdmi dealery. Jak za\u010d\u00edt hr\u00e1t na ofici\u00e1ln\u00edm webu 888Starz a v mobiln\u00ed aplikaci","inLanguage":"cs","potentialAction":[{"@type":"ReadAction","target":["https:\/\/888starzbets.net\/cs\/casino\/"]}]},{"@type":"WebSite","@id":"https:\/\/888starzbets.net\/cs\/#website","url":"https:\/\/888starzbets.net\/cs\/","name":"888Starz Team cs","description":"","potentialAction":[{"@type":"SearchAction","target":{"@type":"EntryPoint","urlTemplate":"https:\/\/888starzbets.net\/cs\/?s={search_term_string}"},"query-input":{"@type":"PropertyValueSpecification","valueRequired":true,"valueName":"search_term_string"}}],"inLanguage":"cs"}]}},"_links":{"self":[{"href":"https:\/\/888starzbets.net\/cs\/wp-json\/wp\/v2\/pages\/567","targetHints":{"allow":["GET"]}}],"collection":[{"href":"https:\/\/888starzbets.net\/cs\/wp-json\/wp\/v2\/pages"}],"about":[{"href":"https:\/\/888starzbets.net\/cs\/wp-json\/wp\/v2\/types\/page"}],"author":[{"embeddable":true,"href":"https:\/\/888starzbets.net\/cs\/wp-json\/wp\/v2\/users\/1"}],"replies":[{"embeddable":true,"href":"https:\/\/888starzbets.net\/cs\/wp-json\/wp\/v2\/comments?post=567"}],"version-history":[{"count":21,"href":"https:\/\/888starzbets.net\/cs\/wp-json\/wp\/v2\/pages\/567\/revisions"}],"predecessor-version":[{"id":870,"href":"https:\/\/888starzbets.net\/cs\/wp-json\/wp\/v2\/pages\/567\/revisions\/870"}],"wp:attachment":[{"href":"https:\/\/888starzbets.net\/cs\/wp-json\/wp\/v2\/media?parent=567"}],"curies":[{"name":"wp","href":"https:\/\/api.w.org\/{rel}","templated":true}]}}