{"id":600,"date":"2024-10-18T14:50:41","date_gmt":"2024-10-18T14:50:41","guid":{"rendered":"https:\/\/888starzbets.net\/cs\/?page_id=600"},"modified":"2025-09-03T20:34:57","modified_gmt":"2025-09-03T20:34:57","slug":"registration","status":"publish","type":"page","link":"https:\/\/888starzbets.net\/cs\/registration\/","title":{"rendered":"Registrace"},"content":{"rendered":"","protected":false},"excerpt":{"rendered":"","protected":false},"author":1,"featured_media":0,"parent":0,"menu_order":0,"comment_status":"closed","ping_status":"closed","template":"","meta":{"footnotes":""},"class_list":["post-600","page","type-page","status-publish","hentry"],"yoast_head":"<!-- This site is optimized with the Yoast SEO plugin v26.2 - https:\/\/yoast.com\/wordpress\/plugins\/seo\/ -->\n<title>Registrace na 888Starz | Pr\u016fvodce registrac\u00ed<\/title>\n<meta name=\"description\" content=\"Jak vytvo\u0159it nov\u00fd \u00fa\u010det na 888Starz \u00b7 Ofici\u00e1ln\u00ed registrace na str\u00e1nk\u00e1ch 888starz \u00b7 Zaregistrujte se a z\u00edskejte 100% bonus za registraci \u00b7 Nau\u010dte se, jak se zaregistrovat na 888Starz a dokon\u010dit vytvo\u0159en\u00ed \u00fa\u010dtu\" \/>\n<meta name=\"robots\" content=\"index, follow, max-snippet:-1, max-image-preview:large, max-video-preview:-1\" \/>\n<meta property=\"og:locale\" content=\"cs_CZ\" \/>\n<meta property=\"og:type\" content=\"article\" \/>\n<meta property=\"og:title\" content=\"Registrace na 888Starz | Pr\u016fvodce registrac\u00ed\" \/>\n<meta property=\"og:description\" content=\"Jak vytvo\u0159it nov\u00fd \u00fa\u010det na 888Starz \u00b7 Ofici\u00e1ln\u00ed registrace na str\u00e1nk\u00e1ch 888starz \u00b7 Zaregistrujte se a z\u00edskejte 100% bonus za registraci \u00b7 Nau\u010dte se, jak se zaregistrovat na 888Starz a dokon\u010dit vytvo\u0159en\u00ed \u00fa\u010dtu\" \/>\n<meta property=\"og:url\" content=\"https:\/\/888starzbets.net\/cs\/registration\/\" \/>\n<meta property=\"og:site_name\" content=\"888Starz Team cs\" \/>\n<meta property=\"article:modified_time\" content=\"2025-09-03T20:34:57+00:00\" \/>\n<meta name=\"twitter:card\" content=\"summary_large_image\" \/>\n<script type=\"application\/ld+json\" class=\"yoast-schema-graph\">{\"@context\":\"https:\/\/schema.org\",\"@graph\":[{\"@type\":\"WebPage\",\"@id\":\"https:\/\/888starzbets.net\/cs\/registration\/\",\"url\":\"https:\/\/888starzbets.net\/cs\/registration\/\",\"name\":\"Registrace na 888Starz | Pr\u016fvodce registrac\u00ed\",\"isPartOf\":{\"@id\":\"https:\/\/888starzbets.net\/cs\/#website\"},\"datePublished\":\"2024-10-18T14:50:41+00:00\",\"dateModified\":\"2025-09-03T20:34:57+00:00\",\"description\":\"Jak vytvo\u0159it nov\u00fd \u00fa\u010det na 888Starz \u00b7 Ofici\u00e1ln\u00ed registrace na str\u00e1nk\u00e1ch 888starz \u00b7 Zaregistrujte se a z\u00edskejte 100% bonus za registraci \u00b7 Nau\u010dte se, jak se zaregistrovat na 888Starz a dokon\u010dit vytvo\u0159en\u00ed \u00fa\u010dtu\",\"inLanguage\":\"cs\",\"potentialAction\":[{\"@type\":\"ReadAction\",\"target\":[\"https:\/\/888starzbets.net\/cs\/registration\/\"]}]},{\"@type\":\"WebSite\",\"@id\":\"https:\/\/888starzbets.net\/cs\/#website\",\"url\":\"https:\/\/888starzbets.net\/cs\/\",\"name\":\"888Starz Team cs\",\"description\":\"\",\"potentialAction\":[{\"@type\":\"SearchAction\",\"target\":{\"@type\":\"EntryPoint\",\"urlTemplate\":\"https:\/\/888starzbets.net\/cs\/?s={search_term_string}\"},\"query-input\":{\"@type\":\"PropertyValueSpecification\",\"valueRequired\":true,\"valueName\":\"search_term_string\"}}],\"inLanguage\":\"cs\"}]}<\/script>\n<!-- \/ Yoast SEO plugin. -->","yoast_head_json":{"title":"Registrace na 888Starz | Pr\u016fvodce registrac\u00ed","description":"Jak vytvo\u0159it nov\u00fd \u00fa\u010det na 888Starz \u00b7 Ofici\u00e1ln\u00ed registrace na str\u00e1nk\u00e1ch 888starz \u00b7 Zaregistrujte se a z\u00edskejte 100% bonus za registraci \u00b7 Nau\u010dte se, jak se zaregistrovat na 888Starz a dokon\u010dit vytvo\u0159en\u00ed \u00fa\u010dtu","robots":{"index":"index","follow":"follow","max-snippet":"max-snippet:-1","max-image-preview":"max-image-preview:large","max-video-preview":"max-video-preview:-1"},"og_locale":"cs_CZ","og_type":"article","og_title":"Registrace na 888Starz | Pr\u016fvodce registrac\u00ed","og_description":"Jak vytvo\u0159it nov\u00fd \u00fa\u010det na 888Starz \u00b7 Ofici\u00e1ln\u00ed registrace na str\u00e1nk\u00e1ch 888starz \u00b7 Zaregistrujte se a z\u00edskejte 100% bonus za registraci \u00b7 Nau\u010dte se, jak se zaregistrovat na 888Starz a dokon\u010dit vytvo\u0159en\u00ed \u00fa\u010dtu","og_url":"https:\/\/888starzbets.net\/cs\/registration\/","og_site_name":"888Starz Team cs","article_modified_time":"2025-09-03T20:34:57+00:00","twitter_card":"summary_large_image","schema":{"@context":"https:\/\/schema.org","@graph":[{"@type":"WebPage","@id":"https:\/\/888starzbets.net\/cs\/registration\/","url":"https:\/\/888starzbets.net\/cs\/registration\/","name":"Registrace na 888Starz | Pr\u016fvodce registrac\u00ed","isPartOf":{"@id":"https:\/\/888starzbets.net\/cs\/#website"},"datePublished":"2024-10-18T14:50:41+00:00","dateModified":"2025-09-03T20:34:57+00:00","description":"Jak vytvo\u0159it nov\u00fd \u00fa\u010det na 888Starz \u00b7 Ofici\u00e1ln\u00ed registrace na str\u00e1nk\u00e1ch 888starz \u00b7 Zaregistrujte se a z\u00edskejte 100% bonus za registraci \u00b7 Nau\u010dte se, jak se zaregistrovat na 888Starz a dokon\u010dit vytvo\u0159en\u00ed \u00fa\u010dtu","inLanguage":"cs","potentialAction":[{"@type":"ReadAction","target":["https:\/\/888starzbets.net\/cs\/registration\/"]}]},{"@type":"WebSite","@id":"https:\/\/888starzbets.net\/cs\/#website","url":"https:\/\/888starzbets.net\/cs\/","name":"888Starz Team cs","description":"","potentialAction":[{"@type":"SearchAction","target":{"@type":"EntryPoint","urlTemplate":"https:\/\/888starzbets.net\/cs\/?s={search_term_string}"},"query-input":{"@type":"PropertyValueSpecification","valueRequired":true,"valueName":"search_term_string"}}],"inLanguage":"cs"}]}},"_links":{"self":[{"href":"https:\/\/888starzbets.net\/cs\/wp-json\/wp\/v2\/pages\/600","targetHints":{"allow":["GET"]}}],"collection":[{"href":"https:\/\/888starzbets.net\/cs\/wp-json\/wp\/v2\/pages"}],"about":[{"href":"https:\/\/888starzbets.net\/cs\/wp-json\/wp\/v2\/types\/page"}],"author":[{"embeddable":true,"href":"https:\/\/888starzbets.net\/cs\/wp-json\/wp\/v2\/users\/1"}],"replies":[{"embeddable":true,"href":"https:\/\/888starzbets.net\/cs\/wp-json\/wp\/v2\/comments?post=600"}],"version-history":[{"count":14,"href":"https:\/\/888starzbets.net\/cs\/wp-json\/wp\/v2\/pages\/600\/revisions"}],"predecessor-version":[{"id":856,"href":"https:\/\/888starzbets.net\/cs\/wp-json\/wp\/v2\/pages\/600\/revisions\/856"}],"wp:attachment":[{"href":"https:\/\/888starzbets.net\/cs\/wp-json\/wp\/v2\/media?parent=600"}],"curies":[{"name":"wp","href":"https:\/\/api.w.org\/{rel}","templated":true}]}}