{"id":711,"date":"2025-05-07T09:19:26","date_gmt":"2025-05-07T09:19:26","guid":{"rendered":"https:\/\/888starzbets.net\/cs\/?page_id=711"},"modified":"2025-09-14T09:07:14","modified_gmt":"2025-09-14T09:07:14","slug":"freebet-in-app","status":"publish","type":"page","link":"https:\/\/888starzbets.net\/cs\/bonus\/freebet-in-app\/","title":{"rendered":"P\u0159ipojte se nyn\u00ed"},"content":{"rendered":"","protected":false},"excerpt":{"rendered":"","protected":false},"author":1,"featured_media":0,"parent":152,"menu_order":0,"comment_status":"closed","ping_status":"closed","template":"","meta":{"footnotes":""},"class_list":["post-711","page","type-page","status-publish","hentry"],"yoast_head":"<!-- This site is optimized with the Yoast SEO plugin v26.2 - https:\/\/yoast.com\/wordpress\/plugins\/seo\/ -->\n<title>S\u00e1zka zdarma v aplikaci: Vsa\u010fte si a z\u00edskejte bonus a\u017e 70 K\u010d!<\/title>\n<meta name=\"description\" content=\"Z\u00edskejte s\u00e1zku zdarma p\u0159\u00edmo v aplikaci! Vsa\u010fte si od 25 K\u010d, spl\u0148te jednoduch\u00e9 podm\u00ednky a z\u00edskejte a\u017e 70 K\u010d. Nainstalujte si aplikaci, aktivujte sv\u016fj \u00fa\u010det a za\u010dn\u011bte vyhr\u00e1vat je\u0161t\u011b dnes!\" \/>\n<meta name=\"robots\" content=\"index, follow, max-snippet:-1, max-image-preview:large, max-video-preview:-1\" \/>\n<meta property=\"og:locale\" content=\"cs_CZ\" \/>\n<meta property=\"og:type\" content=\"article\" \/>\n<meta property=\"og:title\" content=\"S\u00e1zka zdarma v aplikaci: Vsa\u010fte si a z\u00edskejte bonus a\u017e 70 K\u010d!\" \/>\n<meta property=\"og:description\" content=\"Z\u00edskejte s\u00e1zku zdarma p\u0159\u00edmo v aplikaci! Vsa\u010fte si od 25 K\u010d, spl\u0148te jednoduch\u00e9 podm\u00ednky a z\u00edskejte a\u017e 70 K\u010d. Nainstalujte si aplikaci, aktivujte sv\u016fj \u00fa\u010det a za\u010dn\u011bte vyhr\u00e1vat je\u0161t\u011b dnes!\" \/>\n<meta property=\"og:url\" content=\"https:\/\/888starzbets.net\/cs\/bonus\/freebet-in-app\/\" \/>\n<meta property=\"og:site_name\" content=\"888Starz Team cs\" \/>\n<meta property=\"article:modified_time\" content=\"2025-09-14T09:07:14+00:00\" \/>\n<meta name=\"twitter:card\" content=\"summary_large_image\" \/>\n<script type=\"application\/ld+json\" class=\"yoast-schema-graph\">{\"@context\":\"https:\/\/schema.org\",\"@graph\":[{\"@type\":\"WebPage\",\"@id\":\"https:\/\/888starzbets.net\/cs\/bonus\/freebet-in-app\/\",\"url\":\"https:\/\/888starzbets.net\/cs\/bonus\/freebet-in-app\/\",\"name\":\"S\u00e1zka zdarma v aplikaci: Vsa\u010fte si a z\u00edskejte bonus a\u017e 70 K\u010d!\",\"isPartOf\":{\"@id\":\"https:\/\/888starzbets.net\/cs\/#website\"},\"datePublished\":\"2025-05-07T09:19:26+00:00\",\"dateModified\":\"2025-09-14T09:07:14+00:00\",\"description\":\"Z\u00edskejte s\u00e1zku zdarma p\u0159\u00edmo v aplikaci! Vsa\u010fte si od 25 K\u010d, spl\u0148te jednoduch\u00e9 podm\u00ednky a z\u00edskejte a\u017e 70 K\u010d. Nainstalujte si aplikaci, aktivujte sv\u016fj \u00fa\u010det a za\u010dn\u011bte vyhr\u00e1vat je\u0161t\u011b dnes!\",\"breadcrumb\":{\"@id\":\"https:\/\/888starzbets.net\/cs\/bonus\/freebet-in-app\/#breadcrumb\"},\"inLanguage\":\"cs\",\"potentialAction\":[{\"@type\":\"ReadAction\",\"target\":[\"https:\/\/888starzbets.net\/cs\/bonus\/freebet-in-app\/\"]}]},{\"@type\":\"BreadcrumbList\",\"@id\":\"https:\/\/888starzbets.net\/cs\/bonus\/freebet-in-app\/#breadcrumb\",\"itemListElement\":[{\"@type\":\"ListItem\",\"position\":1,\"name\":\"Bonusy\",\"item\":\"https:\/\/888starzbets.net\/cs\/bonus\/\"},{\"@type\":\"ListItem\",\"position\":2,\"name\":\"P\u0159ipojte se nyn\u00ed\"}]},{\"@type\":\"WebSite\",\"@id\":\"https:\/\/888starzbets.net\/cs\/#website\",\"url\":\"https:\/\/888starzbets.net\/cs\/\",\"name\":\"888Starz Team cs\",\"description\":\"\",\"potentialAction\":[{\"@type\":\"SearchAction\",\"target\":{\"@type\":\"EntryPoint\",\"urlTemplate\":\"https:\/\/888starzbets.net\/cs\/?s={search_term_string}\"},\"query-input\":{\"@type\":\"PropertyValueSpecification\",\"valueRequired\":true,\"valueName\":\"search_term_string\"}}],\"inLanguage\":\"cs\"}]}<\/script>\n<!-- \/ Yoast SEO plugin. -->","yoast_head_json":{"title":"S\u00e1zka zdarma v aplikaci: Vsa\u010fte si a z\u00edskejte bonus a\u017e 70 K\u010d!","description":"Z\u00edskejte s\u00e1zku zdarma p\u0159\u00edmo v aplikaci! Vsa\u010fte si od 25 K\u010d, spl\u0148te jednoduch\u00e9 podm\u00ednky a z\u00edskejte a\u017e 70 K\u010d. Nainstalujte si aplikaci, aktivujte sv\u016fj \u00fa\u010det a za\u010dn\u011bte vyhr\u00e1vat je\u0161t\u011b dnes!","robots":{"index":"index","follow":"follow","max-snippet":"max-snippet:-1","max-image-preview":"max-image-preview:large","max-video-preview":"max-video-preview:-1"},"og_locale":"cs_CZ","og_type":"article","og_title":"S\u00e1zka zdarma v aplikaci: Vsa\u010fte si a z\u00edskejte bonus a\u017e 70 K\u010d!","og_description":"Z\u00edskejte s\u00e1zku zdarma p\u0159\u00edmo v aplikaci! Vsa\u010fte si od 25 K\u010d, spl\u0148te jednoduch\u00e9 podm\u00ednky a z\u00edskejte a\u017e 70 K\u010d. Nainstalujte si aplikaci, aktivujte sv\u016fj \u00fa\u010det a za\u010dn\u011bte vyhr\u00e1vat je\u0161t\u011b dnes!","og_url":"https:\/\/888starzbets.net\/cs\/bonus\/freebet-in-app\/","og_site_name":"888Starz Team cs","article_modified_time":"2025-09-14T09:07:14+00:00","twitter_card":"summary_large_image","schema":{"@context":"https:\/\/schema.org","@graph":[{"@type":"WebPage","@id":"https:\/\/888starzbets.net\/cs\/bonus\/freebet-in-app\/","url":"https:\/\/888starzbets.net\/cs\/bonus\/freebet-in-app\/","name":"S\u00e1zka zdarma v aplikaci: Vsa\u010fte si a z\u00edskejte bonus a\u017e 70 K\u010d!","isPartOf":{"@id":"https:\/\/888starzbets.net\/cs\/#website"},"datePublished":"2025-05-07T09:19:26+00:00","dateModified":"2025-09-14T09:07:14+00:00","description":"Z\u00edskejte s\u00e1zku zdarma p\u0159\u00edmo v aplikaci! Vsa\u010fte si od 25 K\u010d, spl\u0148te jednoduch\u00e9 podm\u00ednky a z\u00edskejte a\u017e 70 K\u010d. Nainstalujte si aplikaci, aktivujte sv\u016fj \u00fa\u010det a za\u010dn\u011bte vyhr\u00e1vat je\u0161t\u011b dnes!","breadcrumb":{"@id":"https:\/\/888starzbets.net\/cs\/bonus\/freebet-in-app\/#breadcrumb"},"inLanguage":"cs","potentialAction":[{"@type":"ReadAction","target":["https:\/\/888starzbets.net\/cs\/bonus\/freebet-in-app\/"]}]},{"@type":"BreadcrumbList","@id":"https:\/\/888starzbets.net\/cs\/bonus\/freebet-in-app\/#breadcrumb","itemListElement":[{"@type":"ListItem","position":1,"name":"Bonusy","item":"https:\/\/888starzbets.net\/cs\/bonus\/"},{"@type":"ListItem","position":2,"name":"P\u0159ipojte se nyn\u00ed"}]},{"@type":"WebSite","@id":"https:\/\/888starzbets.net\/cs\/#website","url":"https:\/\/888starzbets.net\/cs\/","name":"888Starz Team cs","description":"","potentialAction":[{"@type":"SearchAction","target":{"@type":"EntryPoint","urlTemplate":"https:\/\/888starzbets.net\/cs\/?s={search_term_string}"},"query-input":{"@type":"PropertyValueSpecification","valueRequired":true,"valueName":"search_term_string"}}],"inLanguage":"cs"}]}},"_links":{"self":[{"href":"https:\/\/888starzbets.net\/cs\/wp-json\/wp\/v2\/pages\/711","targetHints":{"allow":["GET"]}}],"collection":[{"href":"https:\/\/888starzbets.net\/cs\/wp-json\/wp\/v2\/pages"}],"about":[{"href":"https:\/\/888starzbets.net\/cs\/wp-json\/wp\/v2\/types\/page"}],"author":[{"embeddable":true,"href":"https:\/\/888starzbets.net\/cs\/wp-json\/wp\/v2\/users\/1"}],"replies":[{"embeddable":true,"href":"https:\/\/888starzbets.net\/cs\/wp-json\/wp\/v2\/comments?post=711"}],"version-history":[{"count":8,"href":"https:\/\/888starzbets.net\/cs\/wp-json\/wp\/v2\/pages\/711\/revisions"}],"predecessor-version":[{"id":865,"href":"https:\/\/888starzbets.net\/cs\/wp-json\/wp\/v2\/pages\/711\/revisions\/865"}],"up":[{"embeddable":true,"href":"https:\/\/888starzbets.net\/cs\/wp-json\/wp\/v2\/pages\/152"}],"wp:attachment":[{"href":"https:\/\/888starzbets.net\/cs\/wp-json\/wp\/v2\/media?parent=711"}],"curies":[{"name":"wp","href":"https:\/\/api.w.org\/{rel}","templated":true}]}}