{"id":768,"date":"2025-06-04T13:53:55","date_gmt":"2025-06-04T13:53:55","guid":{"rendered":"https:\/\/888starzbets.net\/cs\/?page_id=768"},"modified":"2025-09-14T09:05:30","modified_gmt":"2025-09-14T09:05:30","slug":"daily-tournament","status":"publish","type":"page","link":"https:\/\/888starzbets.net\/cs\/bonus\/daily-tournament\/","title":{"rendered":"Denn\u00ed turnaj"},"content":{"rendered":"","protected":false},"excerpt":{"rendered":"","protected":false},"author":1,"featured_media":0,"parent":152,"menu_order":0,"comment_status":"closed","ping_status":"closed","template":"","meta":{"footnotes":""},"class_list":["post-768","page","type-page","status-publish","hentry"],"yoast_head":"<!-- This site is optimized with the Yoast SEO plugin v26.2 - https:\/\/yoast.com\/wordpress\/plugins\/seo\/ -->\n<title>888Starz Denn\u00ed turnaj \u1409 Hrajte a vyhrajte \u0161t\u011bdr\u00e9 d\u00e1rky!<\/title>\n<meta name=\"description\" content=\"Z\u00fa\u010dastn\u011bte se denn\u00edho turnaje 888Games a z\u00edskejte d\u00e1rky pouh\u00fdm hran\u00edm sv\u00fdch obl\u00edben\u00fdch her! Zapome\u0148te na nudn\u00e9 podm\u00ednky \u2013 pouze skute\u010dn\u00e9 turnaje a \u0161t\u011bdr\u00e9 ceny! P\u0159ipojte se hned te\u010f a sta\u0148te se jedn\u00edm z t\u011bch \u0161\u0165astlivc\u016f, kte\u0159\u00ed si odnesou sv\u00e9 odm\u011bny!\" \/>\n<meta name=\"robots\" content=\"index, follow, max-snippet:-1, max-image-preview:large, max-video-preview:-1\" \/>\n<meta property=\"og:locale\" content=\"cs_CZ\" \/>\n<meta property=\"og:type\" content=\"article\" \/>\n<meta property=\"og:title\" content=\"888Starz Denn\u00ed turnaj \u1409 Hrajte a vyhrajte \u0161t\u011bdr\u00e9 d\u00e1rky!\" \/>\n<meta property=\"og:description\" content=\"Z\u00fa\u010dastn\u011bte se denn\u00edho turnaje 888Games a z\u00edskejte d\u00e1rky pouh\u00fdm hran\u00edm sv\u00fdch obl\u00edben\u00fdch her! Zapome\u0148te na nudn\u00e9 podm\u00ednky \u2013 pouze skute\u010dn\u00e9 turnaje a \u0161t\u011bdr\u00e9 ceny! P\u0159ipojte se hned te\u010f a sta\u0148te se jedn\u00edm z t\u011bch \u0161\u0165astlivc\u016f, kte\u0159\u00ed si odnesou sv\u00e9 odm\u011bny!\" \/>\n<meta property=\"og:url\" content=\"https:\/\/888starzbets.net\/cs\/bonus\/daily-tournament\/\" \/>\n<meta property=\"og:site_name\" content=\"888Starz Team cs\" \/>\n<meta property=\"article:modified_time\" content=\"2025-09-14T09:05:30+00:00\" \/>\n<meta name=\"twitter:card\" content=\"summary_large_image\" \/>\n<script type=\"application\/ld+json\" class=\"yoast-schema-graph\">{\"@context\":\"https:\/\/schema.org\",\"@graph\":[{\"@type\":\"WebPage\",\"@id\":\"https:\/\/888starzbets.net\/cs\/bonus\/daily-tournament\/\",\"url\":\"https:\/\/888starzbets.net\/cs\/bonus\/daily-tournament\/\",\"name\":\"888Starz Denn\u00ed turnaj \u1409 Hrajte a vyhrajte \u0161t\u011bdr\u00e9 d\u00e1rky!\",\"isPartOf\":{\"@id\":\"https:\/\/888starzbets.net\/cs\/#website\"},\"datePublished\":\"2025-06-04T13:53:55+00:00\",\"dateModified\":\"2025-09-14T09:05:30+00:00\",\"description\":\"Z\u00fa\u010dastn\u011bte se denn\u00edho turnaje 888Games a z\u00edskejte d\u00e1rky pouh\u00fdm hran\u00edm sv\u00fdch obl\u00edben\u00fdch her! Zapome\u0148te na nudn\u00e9 podm\u00ednky \u2013 pouze skute\u010dn\u00e9 turnaje a \u0161t\u011bdr\u00e9 ceny! P\u0159ipojte se hned te\u010f a sta\u0148te se jedn\u00edm z t\u011bch \u0161\u0165astlivc\u016f, kte\u0159\u00ed si odnesou sv\u00e9 odm\u011bny!\",\"breadcrumb\":{\"@id\":\"https:\/\/888starzbets.net\/cs\/bonus\/daily-tournament\/#breadcrumb\"},\"inLanguage\":\"cs\",\"potentialAction\":[{\"@type\":\"ReadAction\",\"target\":[\"https:\/\/888starzbets.net\/cs\/bonus\/daily-tournament\/\"]}]},{\"@type\":\"BreadcrumbList\",\"@id\":\"https:\/\/888starzbets.net\/cs\/bonus\/daily-tournament\/#breadcrumb\",\"itemListElement\":[{\"@type\":\"ListItem\",\"position\":1,\"name\":\"Bonusy\",\"item\":\"https:\/\/888starzbets.net\/cs\/bonus\/\"},{\"@type\":\"ListItem\",\"position\":2,\"name\":\"Denn\u00ed turnaj\"}]},{\"@type\":\"WebSite\",\"@id\":\"https:\/\/888starzbets.net\/cs\/#website\",\"url\":\"https:\/\/888starzbets.net\/cs\/\",\"name\":\"888Starz Team cs\",\"description\":\"\",\"potentialAction\":[{\"@type\":\"SearchAction\",\"target\":{\"@type\":\"EntryPoint\",\"urlTemplate\":\"https:\/\/888starzbets.net\/cs\/?s={search_term_string}\"},\"query-input\":{\"@type\":\"PropertyValueSpecification\",\"valueRequired\":true,\"valueName\":\"search_term_string\"}}],\"inLanguage\":\"cs\"}]}<\/script>\n<!-- \/ Yoast SEO plugin. -->","yoast_head_json":{"title":"888Starz Denn\u00ed turnaj \u1409 Hrajte a vyhrajte \u0161t\u011bdr\u00e9 d\u00e1rky!","description":"Z\u00fa\u010dastn\u011bte se denn\u00edho turnaje 888Games a z\u00edskejte d\u00e1rky pouh\u00fdm hran\u00edm sv\u00fdch obl\u00edben\u00fdch her! Zapome\u0148te na nudn\u00e9 podm\u00ednky \u2013 pouze skute\u010dn\u00e9 turnaje a \u0161t\u011bdr\u00e9 ceny! P\u0159ipojte se hned te\u010f a sta\u0148te se jedn\u00edm z t\u011bch \u0161\u0165astlivc\u016f, kte\u0159\u00ed si odnesou sv\u00e9 odm\u011bny!","robots":{"index":"index","follow":"follow","max-snippet":"max-snippet:-1","max-image-preview":"max-image-preview:large","max-video-preview":"max-video-preview:-1"},"og_locale":"cs_CZ","og_type":"article","og_title":"888Starz Denn\u00ed turnaj \u1409 Hrajte a vyhrajte \u0161t\u011bdr\u00e9 d\u00e1rky!","og_description":"Z\u00fa\u010dastn\u011bte se denn\u00edho turnaje 888Games a z\u00edskejte d\u00e1rky pouh\u00fdm hran\u00edm sv\u00fdch obl\u00edben\u00fdch her! Zapome\u0148te na nudn\u00e9 podm\u00ednky \u2013 pouze skute\u010dn\u00e9 turnaje a \u0161t\u011bdr\u00e9 ceny! P\u0159ipojte se hned te\u010f a sta\u0148te se jedn\u00edm z t\u011bch \u0161\u0165astlivc\u016f, kte\u0159\u00ed si odnesou sv\u00e9 odm\u011bny!","og_url":"https:\/\/888starzbets.net\/cs\/bonus\/daily-tournament\/","og_site_name":"888Starz Team cs","article_modified_time":"2025-09-14T09:05:30+00:00","twitter_card":"summary_large_image","schema":{"@context":"https:\/\/schema.org","@graph":[{"@type":"WebPage","@id":"https:\/\/888starzbets.net\/cs\/bonus\/daily-tournament\/","url":"https:\/\/888starzbets.net\/cs\/bonus\/daily-tournament\/","name":"888Starz Denn\u00ed turnaj \u1409 Hrajte a vyhrajte \u0161t\u011bdr\u00e9 d\u00e1rky!","isPartOf":{"@id":"https:\/\/888starzbets.net\/cs\/#website"},"datePublished":"2025-06-04T13:53:55+00:00","dateModified":"2025-09-14T09:05:30+00:00","description":"Z\u00fa\u010dastn\u011bte se denn\u00edho turnaje 888Games a z\u00edskejte d\u00e1rky pouh\u00fdm hran\u00edm sv\u00fdch obl\u00edben\u00fdch her! Zapome\u0148te na nudn\u00e9 podm\u00ednky \u2013 pouze skute\u010dn\u00e9 turnaje a \u0161t\u011bdr\u00e9 ceny! P\u0159ipojte se hned te\u010f a sta\u0148te se jedn\u00edm z t\u011bch \u0161\u0165astlivc\u016f, kte\u0159\u00ed si odnesou sv\u00e9 odm\u011bny!","breadcrumb":{"@id":"https:\/\/888starzbets.net\/cs\/bonus\/daily-tournament\/#breadcrumb"},"inLanguage":"cs","potentialAction":[{"@type":"ReadAction","target":["https:\/\/888starzbets.net\/cs\/bonus\/daily-tournament\/"]}]},{"@type":"BreadcrumbList","@id":"https:\/\/888starzbets.net\/cs\/bonus\/daily-tournament\/#breadcrumb","itemListElement":[{"@type":"ListItem","position":1,"name":"Bonusy","item":"https:\/\/888starzbets.net\/cs\/bonus\/"},{"@type":"ListItem","position":2,"name":"Denn\u00ed turnaj"}]},{"@type":"WebSite","@id":"https:\/\/888starzbets.net\/cs\/#website","url":"https:\/\/888starzbets.net\/cs\/","name":"888Starz Team cs","description":"","potentialAction":[{"@type":"SearchAction","target":{"@type":"EntryPoint","urlTemplate":"https:\/\/888starzbets.net\/cs\/?s={search_term_string}"},"query-input":{"@type":"PropertyValueSpecification","valueRequired":true,"valueName":"search_term_string"}}],"inLanguage":"cs"}]}},"_links":{"self":[{"href":"https:\/\/888starzbets.net\/cs\/wp-json\/wp\/v2\/pages\/768","targetHints":{"allow":["GET"]}}],"collection":[{"href":"https:\/\/888starzbets.net\/cs\/wp-json\/wp\/v2\/pages"}],"about":[{"href":"https:\/\/888starzbets.net\/cs\/wp-json\/wp\/v2\/types\/page"}],"author":[{"embeddable":true,"href":"https:\/\/888starzbets.net\/cs\/wp-json\/wp\/v2\/users\/1"}],"replies":[{"embeddable":true,"href":"https:\/\/888starzbets.net\/cs\/wp-json\/wp\/v2\/comments?post=768"}],"version-history":[{"count":6,"href":"https:\/\/888starzbets.net\/cs\/wp-json\/wp\/v2\/pages\/768\/revisions"}],"predecessor-version":[{"id":863,"href":"https:\/\/888starzbets.net\/cs\/wp-json\/wp\/v2\/pages\/768\/revisions\/863"}],"up":[{"embeddable":true,"href":"https:\/\/888starzbets.net\/cs\/wp-json\/wp\/v2\/pages\/152"}],"wp:attachment":[{"href":"https:\/\/888starzbets.net\/cs\/wp-json\/wp\/v2\/media?parent=768"}],"curies":[{"name":"wp","href":"https:\/\/api.w.org\/{rel}","templated":true}]}}