{"id":270,"date":"2024-02-02T08:45:42","date_gmt":"2024-02-02T08:45:42","guid":{"rendered":"https:\/\/888starzbets.net\/da\/?page_id=270"},"modified":"2025-10-12T16:10:40","modified_gmt":"2025-10-12T16:10:40","slug":"affiliate","status":"publish","type":"page","link":"https:\/\/888starzbets.net\/da\/affiliate\/","title":{"rendered":"Tilknyttet virksomhed"},"content":{"rendered":"","protected":false},"excerpt":{"rendered":"","protected":false},"author":1,"featured_media":0,"parent":0,"menu_order":0,"comment_status":"closed","ping_status":"closed","template":"","meta":{"footnotes":""},"class_list":["post-270","page","type-page","status-publish","hentry"],"yoast_head":"<!-- This site is optimized with the Yoast SEO plugin v26.2 - https:\/\/yoast.com\/wordpress\/plugins\/seo\/ -->\n<title>888Starz-partner \ud83d\udd34 888STARZ-partnere<\/title>\n<meta name=\"description\" content=\"Deltag i 888 Affiliate Program og tjen rigtige penge | 888Starz tilbyder h\u00f8je konverteringsrater, regelm\u00e6ssige betalinger, indt\u00e6gtsdeling og CPA | Vi arbejder i over 100 lande verden over\" \/>\n<meta name=\"robots\" content=\"index, follow, max-snippet:-1, max-image-preview:large, max-video-preview:-1\" \/>\n<meta property=\"og:locale\" content=\"da_DK\" \/>\n<meta property=\"og:type\" content=\"article\" \/>\n<meta property=\"og:title\" content=\"888Starz-partner \ud83d\udd34 888STARZ-partnere\" \/>\n<meta property=\"og:description\" content=\"Deltag i 888 Affiliate Program og tjen rigtige penge | 888Starz tilbyder h\u00f8je konverteringsrater, regelm\u00e6ssige betalinger, indt\u00e6gtsdeling og CPA | Vi arbejder i over 100 lande verden over\" \/>\n<meta property=\"og:url\" content=\"https:\/\/888starzbets.net\/da\/affiliate\/\" \/>\n<meta property=\"og:site_name\" content=\"888Starz Team da\" \/>\n<meta property=\"article:modified_time\" content=\"2025-10-12T16:10:40+00:00\" \/>\n<meta name=\"twitter:card\" content=\"summary_large_image\" \/>\n<script type=\"application\/ld+json\" class=\"yoast-schema-graph\">{\"@context\":\"https:\/\/schema.org\",\"@graph\":[{\"@type\":\"WebPage\",\"@id\":\"https:\/\/888starzbets.net\/da\/affiliate\/\",\"url\":\"https:\/\/888starzbets.net\/da\/affiliate\/\",\"name\":\"888Starz-partner \ud83d\udd34 888STARZ-partnere\",\"isPartOf\":{\"@id\":\"https:\/\/888starzbets.net\/da\/#website\"},\"datePublished\":\"2024-02-02T08:45:42+00:00\",\"dateModified\":\"2025-10-12T16:10:40+00:00\",\"description\":\"Deltag i 888 Affiliate Program og tjen rigtige penge | 888Starz tilbyder h\u00f8je konverteringsrater, regelm\u00e6ssige betalinger, indt\u00e6gtsdeling og CPA | Vi arbejder i over 100 lande verden over\",\"inLanguage\":\"da-DK\",\"potentialAction\":[{\"@type\":\"ReadAction\",\"target\":[\"https:\/\/888starzbets.net\/da\/affiliate\/\"]}]},{\"@type\":\"WebSite\",\"@id\":\"https:\/\/888starzbets.net\/da\/#website\",\"url\":\"https:\/\/888starzbets.net\/da\/\",\"name\":\"888Starz Team da\",\"description\":\"\",\"potentialAction\":[{\"@type\":\"SearchAction\",\"target\":{\"@type\":\"EntryPoint\",\"urlTemplate\":\"https:\/\/888starzbets.net\/da\/?s={search_term_string}\"},\"query-input\":{\"@type\":\"PropertyValueSpecification\",\"valueRequired\":true,\"valueName\":\"search_term_string\"}}],\"inLanguage\":\"da-DK\"}]}<\/script>\n<!-- \/ Yoast SEO plugin. -->","yoast_head_json":{"title":"888Starz-partner \ud83d\udd34 888STARZ-partnere","description":"Deltag i 888 Affiliate Program og tjen rigtige penge | 888Starz tilbyder h\u00f8je konverteringsrater, regelm\u00e6ssige betalinger, indt\u00e6gtsdeling og CPA | Vi arbejder i over 100 lande verden over","robots":{"index":"index","follow":"follow","max-snippet":"max-snippet:-1","max-image-preview":"max-image-preview:large","max-video-preview":"max-video-preview:-1"},"og_locale":"da_DK","og_type":"article","og_title":"888Starz-partner \ud83d\udd34 888STARZ-partnere","og_description":"Deltag i 888 Affiliate Program og tjen rigtige penge | 888Starz tilbyder h\u00f8je konverteringsrater, regelm\u00e6ssige betalinger, indt\u00e6gtsdeling og CPA | Vi arbejder i over 100 lande verden over","og_url":"https:\/\/888starzbets.net\/da\/affiliate\/","og_site_name":"888Starz Team da","article_modified_time":"2025-10-12T16:10:40+00:00","twitter_card":"summary_large_image","schema":{"@context":"https:\/\/schema.org","@graph":[{"@type":"WebPage","@id":"https:\/\/888starzbets.net\/da\/affiliate\/","url":"https:\/\/888starzbets.net\/da\/affiliate\/","name":"888Starz-partner \ud83d\udd34 888STARZ-partnere","isPartOf":{"@id":"https:\/\/888starzbets.net\/da\/#website"},"datePublished":"2024-02-02T08:45:42+00:00","dateModified":"2025-10-12T16:10:40+00:00","description":"Deltag i 888 Affiliate Program og tjen rigtige penge | 888Starz tilbyder h\u00f8je konverteringsrater, regelm\u00e6ssige betalinger, indt\u00e6gtsdeling og CPA | Vi arbejder i over 100 lande verden over","inLanguage":"da-DK","potentialAction":[{"@type":"ReadAction","target":["https:\/\/888starzbets.net\/da\/affiliate\/"]}]},{"@type":"WebSite","@id":"https:\/\/888starzbets.net\/da\/#website","url":"https:\/\/888starzbets.net\/da\/","name":"888Starz Team da","description":"","potentialAction":[{"@type":"SearchAction","target":{"@type":"EntryPoint","urlTemplate":"https:\/\/888starzbets.net\/da\/?s={search_term_string}"},"query-input":{"@type":"PropertyValueSpecification","valueRequired":true,"valueName":"search_term_string"}}],"inLanguage":"da-DK"}]}},"_links":{"self":[{"href":"https:\/\/888starzbets.net\/da\/wp-json\/wp\/v2\/pages\/270","targetHints":{"allow":["GET"]}}],"collection":[{"href":"https:\/\/888starzbets.net\/da\/wp-json\/wp\/v2\/pages"}],"about":[{"href":"https:\/\/888starzbets.net\/da\/wp-json\/wp\/v2\/types\/page"}],"author":[{"embeddable":true,"href":"https:\/\/888starzbets.net\/da\/wp-json\/wp\/v2\/users\/1"}],"replies":[{"embeddable":true,"href":"https:\/\/888starzbets.net\/da\/wp-json\/wp\/v2\/comments?post=270"}],"version-history":[{"count":33,"href":"https:\/\/888starzbets.net\/da\/wp-json\/wp\/v2\/pages\/270\/revisions"}],"predecessor-version":[{"id":868,"href":"https:\/\/888starzbets.net\/da\/wp-json\/wp\/v2\/pages\/270\/revisions\/868"}],"wp:attachment":[{"href":"https:\/\/888starzbets.net\/da\/wp-json\/wp\/v2\/media?parent=270"}],"curies":[{"name":"wp","href":"https:\/\/api.w.org\/{rel}","templated":true}]}}