{"id":567,"date":"2024-09-02T08:25:04","date_gmt":"2024-09-02T08:25:04","guid":{"rendered":"https:\/\/888starzbets.net\/da\/?page_id=567"},"modified":"2025-10-12T16:07:54","modified_gmt":"2025-10-12T16:07:54","slug":"casino","status":"publish","type":"page","link":"https:\/\/888starzbets.net\/da\/casino\/","title":{"rendered":"Casino"},"content":{"rendered":"","protected":false},"excerpt":{"rendered":"","protected":false},"author":1,"featured_media":0,"parent":0,"menu_order":0,"comment_status":"closed","ping_status":"closed","template":"","meta":{"footnotes":""},"class_list":["post-567","page","type-page","status-publish","hentry"],"yoast_head":"<!-- This site is optimized with the Yoast SEO plugin v26.2 - https:\/\/yoast.com\/wordpress\/plugins\/seo\/ -->\n<title>888Starz Casino | Live Casino, Spil, Velkomstbonus<\/title>\n<meta name=\"description\" content=\"888Starz giver spillere mulighed for at pr\u00f8ve lykken p\u00e5 888Starz casino med tusindvis af spilleautomater, bordspil og live dealere. S\u00e5dan kommer du i gang med at spille p\u00e5 det officielle 888Starz-websted og i mobilappen\" \/>\n<meta name=\"robots\" content=\"index, follow, max-snippet:-1, max-image-preview:large, max-video-preview:-1\" \/>\n<meta property=\"og:locale\" content=\"da_DK\" \/>\n<meta property=\"og:type\" content=\"article\" \/>\n<meta property=\"og:title\" content=\"888Starz Casino | Live Casino, Spil, Velkomstbonus\" \/>\n<meta property=\"og:description\" content=\"888Starz giver spillere mulighed for at pr\u00f8ve lykken p\u00e5 888Starz casino med tusindvis af spilleautomater, bordspil og live dealere. S\u00e5dan kommer du i gang med at spille p\u00e5 det officielle 888Starz-websted og i mobilappen\" \/>\n<meta property=\"og:url\" content=\"https:\/\/888starzbets.net\/da\/casino\/\" \/>\n<meta property=\"og:site_name\" content=\"888Starz Team da\" \/>\n<meta property=\"article:modified_time\" content=\"2025-10-12T16:07:54+00:00\" \/>\n<meta name=\"twitter:card\" content=\"summary_large_image\" \/>\n<script type=\"application\/ld+json\" class=\"yoast-schema-graph\">{\"@context\":\"https:\/\/schema.org\",\"@graph\":[{\"@type\":\"WebPage\",\"@id\":\"https:\/\/888starzbets.net\/da\/casino\/\",\"url\":\"https:\/\/888starzbets.net\/da\/casino\/\",\"name\":\"888Starz Casino | Live Casino, Spil, Velkomstbonus\",\"isPartOf\":{\"@id\":\"https:\/\/888starzbets.net\/da\/#website\"},\"datePublished\":\"2024-09-02T08:25:04+00:00\",\"dateModified\":\"2025-10-12T16:07:54+00:00\",\"description\":\"888Starz giver spillere mulighed for at pr\u00f8ve lykken p\u00e5 888Starz casino med tusindvis af spilleautomater, bordspil og live dealere. S\u00e5dan kommer du i gang med at spille p\u00e5 det officielle 888Starz-websted og i mobilappen\",\"inLanguage\":\"da-DK\",\"potentialAction\":[{\"@type\":\"ReadAction\",\"target\":[\"https:\/\/888starzbets.net\/da\/casino\/\"]}]},{\"@type\":\"WebSite\",\"@id\":\"https:\/\/888starzbets.net\/da\/#website\",\"url\":\"https:\/\/888starzbets.net\/da\/\",\"name\":\"888Starz Team da\",\"description\":\"\",\"potentialAction\":[{\"@type\":\"SearchAction\",\"target\":{\"@type\":\"EntryPoint\",\"urlTemplate\":\"https:\/\/888starzbets.net\/da\/?s={search_term_string}\"},\"query-input\":{\"@type\":\"PropertyValueSpecification\",\"valueRequired\":true,\"valueName\":\"search_term_string\"}}],\"inLanguage\":\"da-DK\"}]}<\/script>\n<!-- \/ Yoast SEO plugin. -->","yoast_head_json":{"title":"888Starz Casino | Live Casino, Spil, Velkomstbonus","description":"888Starz giver spillere mulighed for at pr\u00f8ve lykken p\u00e5 888Starz casino med tusindvis af spilleautomater, bordspil og live dealere. S\u00e5dan kommer du i gang med at spille p\u00e5 det officielle 888Starz-websted og i mobilappen","robots":{"index":"index","follow":"follow","max-snippet":"max-snippet:-1","max-image-preview":"max-image-preview:large","max-video-preview":"max-video-preview:-1"},"og_locale":"da_DK","og_type":"article","og_title":"888Starz Casino | Live Casino, Spil, Velkomstbonus","og_description":"888Starz giver spillere mulighed for at pr\u00f8ve lykken p\u00e5 888Starz casino med tusindvis af spilleautomater, bordspil og live dealere. S\u00e5dan kommer du i gang med at spille p\u00e5 det officielle 888Starz-websted og i mobilappen","og_url":"https:\/\/888starzbets.net\/da\/casino\/","og_site_name":"888Starz Team da","article_modified_time":"2025-10-12T16:07:54+00:00","twitter_card":"summary_large_image","schema":{"@context":"https:\/\/schema.org","@graph":[{"@type":"WebPage","@id":"https:\/\/888starzbets.net\/da\/casino\/","url":"https:\/\/888starzbets.net\/da\/casino\/","name":"888Starz Casino | Live Casino, Spil, Velkomstbonus","isPartOf":{"@id":"https:\/\/888starzbets.net\/da\/#website"},"datePublished":"2024-09-02T08:25:04+00:00","dateModified":"2025-10-12T16:07:54+00:00","description":"888Starz giver spillere mulighed for at pr\u00f8ve lykken p\u00e5 888Starz casino med tusindvis af spilleautomater, bordspil og live dealere. S\u00e5dan kommer du i gang med at spille p\u00e5 det officielle 888Starz-websted og i mobilappen","inLanguage":"da-DK","potentialAction":[{"@type":"ReadAction","target":["https:\/\/888starzbets.net\/da\/casino\/"]}]},{"@type":"WebSite","@id":"https:\/\/888starzbets.net\/da\/#website","url":"https:\/\/888starzbets.net\/da\/","name":"888Starz Team da","description":"","potentialAction":[{"@type":"SearchAction","target":{"@type":"EntryPoint","urlTemplate":"https:\/\/888starzbets.net\/da\/?s={search_term_string}"},"query-input":{"@type":"PropertyValueSpecification","valueRequired":true,"valueName":"search_term_string"}}],"inLanguage":"da-DK"}]}},"_links":{"self":[{"href":"https:\/\/888starzbets.net\/da\/wp-json\/wp\/v2\/pages\/567","targetHints":{"allow":["GET"]}}],"collection":[{"href":"https:\/\/888starzbets.net\/da\/wp-json\/wp\/v2\/pages"}],"about":[{"href":"https:\/\/888starzbets.net\/da\/wp-json\/wp\/v2\/types\/page"}],"author":[{"embeddable":true,"href":"https:\/\/888starzbets.net\/da\/wp-json\/wp\/v2\/users\/1"}],"replies":[{"embeddable":true,"href":"https:\/\/888starzbets.net\/da\/wp-json\/wp\/v2\/comments?post=567"}],"version-history":[{"count":20,"href":"https:\/\/888starzbets.net\/da\/wp-json\/wp\/v2\/pages\/567\/revisions"}],"predecessor-version":[{"id":867,"href":"https:\/\/888starzbets.net\/da\/wp-json\/wp\/v2\/pages\/567\/revisions\/867"}],"wp:attachment":[{"href":"https:\/\/888starzbets.net\/da\/wp-json\/wp\/v2\/media?parent=567"}],"curies":[{"name":"wp","href":"https:\/\/api.w.org\/{rel}","templated":true}]}}