{"id":693,"date":"2025-05-07T08:06:24","date_gmt":"2025-05-07T08:06:24","guid":{"rendered":"https:\/\/888starzbets.net\/da\/?page_id=693"},"modified":"2025-09-10T08:36:33","modified_gmt":"2025-09-10T08:36:33","slug":"welcome-pack","status":"publish","type":"page","link":"https:\/\/888starzbets.net\/da\/bonus\/welcome-pack\/","title":{"rendered":"Velkomstpakke"},"content":{"rendered":"","protected":false},"excerpt":{"rendered":"","protected":false},"author":1,"featured_media":0,"parent":152,"menu_order":0,"comment_status":"closed","ping_status":"closed","template":"","meta":{"footnotes":""},"class_list":["post-693","page","type-page","status-publish","hentry"],"yoast_head":"<!-- This site is optimized with the Yoast SEO plugin v26.2 - https:\/\/yoast.com\/wordpress\/plugins\/seo\/ -->\n<title>Velkomstpakke p\u00e5 op til 11.000 DKK og 150 FS: F\u00e5 bonus nu!<\/title>\n<meta name=\"description\" content=\"F\u00e5 din velkomstpakke p\u00e5 op til 11.000 DKK og 150 gratis spins! Opret en konto, indbetal blot 10 EUR og aktiver automatisk din bonus. G\u00e5 ikke glip af din chance for at vinde \u2013 v\u00e6r med i spillet nu!\" \/>\n<meta name=\"robots\" content=\"index, follow, max-snippet:-1, max-image-preview:large, max-video-preview:-1\" \/>\n<meta property=\"og:locale\" content=\"da_DK\" \/>\n<meta property=\"og:type\" content=\"article\" \/>\n<meta property=\"og:title\" content=\"Velkomstpakke p\u00e5 op til 11.000 DKK og 150 FS: F\u00e5 bonus nu!\" \/>\n<meta property=\"og:description\" content=\"F\u00e5 din velkomstpakke p\u00e5 op til 11.000 DKK og 150 gratis spins! Opret en konto, indbetal blot 10 EUR og aktiver automatisk din bonus. G\u00e5 ikke glip af din chance for at vinde \u2013 v\u00e6r med i spillet nu!\" \/>\n<meta property=\"og:url\" content=\"https:\/\/888starzbets.net\/da\/bonus\/welcome-pack\/\" \/>\n<meta property=\"og:site_name\" content=\"888Starz Team da\" \/>\n<meta property=\"article:modified_time\" content=\"2025-09-10T08:36:33+00:00\" \/>\n<meta name=\"twitter:card\" content=\"summary_large_image\" \/>\n<script type=\"application\/ld+json\" class=\"yoast-schema-graph\">{\"@context\":\"https:\/\/schema.org\",\"@graph\":[{\"@type\":\"WebPage\",\"@id\":\"https:\/\/888starzbets.net\/da\/bonus\/welcome-pack\/\",\"url\":\"https:\/\/888starzbets.net\/da\/bonus\/welcome-pack\/\",\"name\":\"Velkomstpakke p\u00e5 op til 11.000 DKK og 150 FS: F\u00e5 bonus nu!\",\"isPartOf\":{\"@id\":\"https:\/\/888starzbets.net\/da\/#website\"},\"datePublished\":\"2025-05-07T08:06:24+00:00\",\"dateModified\":\"2025-09-10T08:36:33+00:00\",\"description\":\"F\u00e5 din velkomstpakke p\u00e5 op til 11.000 DKK og 150 gratis spins! Opret en konto, indbetal blot 10 EUR og aktiver automatisk din bonus. G\u00e5 ikke glip af din chance for at vinde \u2013 v\u00e6r med i spillet nu!\",\"breadcrumb\":{\"@id\":\"https:\/\/888starzbets.net\/da\/bonus\/welcome-pack\/#breadcrumb\"},\"inLanguage\":\"da-DK\",\"potentialAction\":[{\"@type\":\"ReadAction\",\"target\":[\"https:\/\/888starzbets.net\/da\/bonus\/welcome-pack\/\"]}]},{\"@type\":\"BreadcrumbList\",\"@id\":\"https:\/\/888starzbets.net\/da\/bonus\/welcome-pack\/#breadcrumb\",\"itemListElement\":[{\"@type\":\"ListItem\",\"position\":1,\"name\":\"Bonusser\",\"item\":\"https:\/\/888starzbets.net\/da\/bonus\/\"},{\"@type\":\"ListItem\",\"position\":2,\"name\":\"Velkomstpakke\"}]},{\"@type\":\"WebSite\",\"@id\":\"https:\/\/888starzbets.net\/da\/#website\",\"url\":\"https:\/\/888starzbets.net\/da\/\",\"name\":\"888Starz Team da\",\"description\":\"\",\"potentialAction\":[{\"@type\":\"SearchAction\",\"target\":{\"@type\":\"EntryPoint\",\"urlTemplate\":\"https:\/\/888starzbets.net\/da\/?s={search_term_string}\"},\"query-input\":{\"@type\":\"PropertyValueSpecification\",\"valueRequired\":true,\"valueName\":\"search_term_string\"}}],\"inLanguage\":\"da-DK\"}]}<\/script>\n<!-- \/ Yoast SEO plugin. -->","yoast_head_json":{"title":"Velkomstpakke p\u00e5 op til 11.000 DKK og 150 FS: F\u00e5 bonus nu!","description":"F\u00e5 din velkomstpakke p\u00e5 op til 11.000 DKK og 150 gratis spins! Opret en konto, indbetal blot 10 EUR og aktiver automatisk din bonus. G\u00e5 ikke glip af din chance for at vinde \u2013 v\u00e6r med i spillet nu!","robots":{"index":"index","follow":"follow","max-snippet":"max-snippet:-1","max-image-preview":"max-image-preview:large","max-video-preview":"max-video-preview:-1"},"og_locale":"da_DK","og_type":"article","og_title":"Velkomstpakke p\u00e5 op til 11.000 DKK og 150 FS: F\u00e5 bonus nu!","og_description":"F\u00e5 din velkomstpakke p\u00e5 op til 11.000 DKK og 150 gratis spins! Opret en konto, indbetal blot 10 EUR og aktiver automatisk din bonus. G\u00e5 ikke glip af din chance for at vinde \u2013 v\u00e6r med i spillet nu!","og_url":"https:\/\/888starzbets.net\/da\/bonus\/welcome-pack\/","og_site_name":"888Starz Team da","article_modified_time":"2025-09-10T08:36:33+00:00","twitter_card":"summary_large_image","schema":{"@context":"https:\/\/schema.org","@graph":[{"@type":"WebPage","@id":"https:\/\/888starzbets.net\/da\/bonus\/welcome-pack\/","url":"https:\/\/888starzbets.net\/da\/bonus\/welcome-pack\/","name":"Velkomstpakke p\u00e5 op til 11.000 DKK og 150 FS: F\u00e5 bonus nu!","isPartOf":{"@id":"https:\/\/888starzbets.net\/da\/#website"},"datePublished":"2025-05-07T08:06:24+00:00","dateModified":"2025-09-10T08:36:33+00:00","description":"F\u00e5 din velkomstpakke p\u00e5 op til 11.000 DKK og 150 gratis spins! Opret en konto, indbetal blot 10 EUR og aktiver automatisk din bonus. G\u00e5 ikke glip af din chance for at vinde \u2013 v\u00e6r med i spillet nu!","breadcrumb":{"@id":"https:\/\/888starzbets.net\/da\/bonus\/welcome-pack\/#breadcrumb"},"inLanguage":"da-DK","potentialAction":[{"@type":"ReadAction","target":["https:\/\/888starzbets.net\/da\/bonus\/welcome-pack\/"]}]},{"@type":"BreadcrumbList","@id":"https:\/\/888starzbets.net\/da\/bonus\/welcome-pack\/#breadcrumb","itemListElement":[{"@type":"ListItem","position":1,"name":"Bonusser","item":"https:\/\/888starzbets.net\/da\/bonus\/"},{"@type":"ListItem","position":2,"name":"Velkomstpakke"}]},{"@type":"WebSite","@id":"https:\/\/888starzbets.net\/da\/#website","url":"https:\/\/888starzbets.net\/da\/","name":"888Starz Team da","description":"","potentialAction":[{"@type":"SearchAction","target":{"@type":"EntryPoint","urlTemplate":"https:\/\/888starzbets.net\/da\/?s={search_term_string}"},"query-input":{"@type":"PropertyValueSpecification","valueRequired":true,"valueName":"search_term_string"}}],"inLanguage":"da-DK"}]}},"_links":{"self":[{"href":"https:\/\/888starzbets.net\/da\/wp-json\/wp\/v2\/pages\/693","targetHints":{"allow":["GET"]}}],"collection":[{"href":"https:\/\/888starzbets.net\/da\/wp-json\/wp\/v2\/pages"}],"about":[{"href":"https:\/\/888starzbets.net\/da\/wp-json\/wp\/v2\/types\/page"}],"author":[{"embeddable":true,"href":"https:\/\/888starzbets.net\/da\/wp-json\/wp\/v2\/users\/1"}],"replies":[{"embeddable":true,"href":"https:\/\/888starzbets.net\/da\/wp-json\/wp\/v2\/comments?post=693"}],"version-history":[{"count":11,"href":"https:\/\/888starzbets.net\/da\/wp-json\/wp\/v2\/pages\/693\/revisions"}],"predecessor-version":[{"id":845,"href":"https:\/\/888starzbets.net\/da\/wp-json\/wp\/v2\/pages\/693\/revisions\/845"}],"up":[{"embeddable":true,"href":"https:\/\/888starzbets.net\/da\/wp-json\/wp\/v2\/pages\/152"}],"wp:attachment":[{"href":"https:\/\/888starzbets.net\/da\/wp-json\/wp\/v2\/media?parent=693"}],"curies":[{"name":"wp","href":"https:\/\/api.w.org\/{rel}","templated":true}]}}