{"id":711,"date":"2025-05-07T09:19:26","date_gmt":"2025-05-07T09:19:26","guid":{"rendered":"https:\/\/888starzbets.net\/da\/?page_id=711"},"modified":"2025-10-12T15:48:44","modified_gmt":"2025-10-12T15:48:44","slug":"freebet-in-app","status":"publish","type":"page","link":"https:\/\/888starzbets.net\/da\/bonus\/freebet-in-app\/","title":{"rendered":"Freebet i applikationen"},"content":{"rendered":"","protected":false},"excerpt":{"rendered":"","protected":false},"author":1,"featured_media":0,"parent":152,"menu_order":0,"comment_status":"closed","ping_status":"closed","template":"","meta":{"footnotes":""},"class_list":["post-711","page","type-page","status-publish","hentry"],"yoast_head":"<!-- This site is optimized with the Yoast SEO plugin v26.2 - https:\/\/yoast.com\/wordpress\/plugins\/seo\/ -->\n<title>Freebet i appen: Placer dine v\u00e6ddem\u00e5l og f\u00e5 op til 20 DKK i bonus!<\/title>\n<meta name=\"description\" content=\"Get your freebet right in the app! Place bets from 7 DKK, fulfil simple conditions and earn up to 3 EUR. Install the app, activate your account and start winning today!\" \/>\n<meta name=\"robots\" content=\"index, follow, max-snippet:-1, max-image-preview:large, max-video-preview:-1\" \/>\n<meta property=\"og:locale\" content=\"da_DK\" \/>\n<meta property=\"og:type\" content=\"article\" \/>\n<meta property=\"og:title\" content=\"Freebet i appen: Placer dine v\u00e6ddem\u00e5l og f\u00e5 op til 20 DKK i bonus!\" \/>\n<meta property=\"og:description\" content=\"Get your freebet right in the app! Place bets from 7 DKK, fulfil simple conditions and earn up to 3 EUR. Install the app, activate your account and start winning today!\" \/>\n<meta property=\"og:url\" content=\"https:\/\/888starzbets.net\/da\/bonus\/freebet-in-app\/\" \/>\n<meta property=\"og:site_name\" content=\"888Starz Team da\" \/>\n<meta property=\"article:modified_time\" content=\"2025-10-12T15:48:44+00:00\" \/>\n<meta name=\"twitter:card\" content=\"summary_large_image\" \/>\n<script type=\"application\/ld+json\" class=\"yoast-schema-graph\">{\"@context\":\"https:\/\/schema.org\",\"@graph\":[{\"@type\":\"WebPage\",\"@id\":\"https:\/\/888starzbets.net\/da\/bonus\/freebet-in-app\/\",\"url\":\"https:\/\/888starzbets.net\/da\/bonus\/freebet-in-app\/\",\"name\":\"Freebet i appen: Placer dine v\u00e6ddem\u00e5l og f\u00e5 op til 20 DKK i bonus!\",\"isPartOf\":{\"@id\":\"https:\/\/888starzbets.net\/da\/#website\"},\"datePublished\":\"2025-05-07T09:19:26+00:00\",\"dateModified\":\"2025-10-12T15:48:44+00:00\",\"description\":\"Get your freebet right in the app! Place bets from 7 DKK, fulfil simple conditions and earn up to 3 EUR. Install the app, activate your account and start winning today!\",\"breadcrumb\":{\"@id\":\"https:\/\/888starzbets.net\/da\/bonus\/freebet-in-app\/#breadcrumb\"},\"inLanguage\":\"da-DK\",\"potentialAction\":[{\"@type\":\"ReadAction\",\"target\":[\"https:\/\/888starzbets.net\/da\/bonus\/freebet-in-app\/\"]}]},{\"@type\":\"BreadcrumbList\",\"@id\":\"https:\/\/888starzbets.net\/da\/bonus\/freebet-in-app\/#breadcrumb\",\"itemListElement\":[{\"@type\":\"ListItem\",\"position\":1,\"name\":\"Bonusser\",\"item\":\"https:\/\/888starzbets.net\/da\/bonus\/\"},{\"@type\":\"ListItem\",\"position\":2,\"name\":\"Freebet i applikationen\"}]},{\"@type\":\"WebSite\",\"@id\":\"https:\/\/888starzbets.net\/da\/#website\",\"url\":\"https:\/\/888starzbets.net\/da\/\",\"name\":\"888Starz Team da\",\"description\":\"\",\"potentialAction\":[{\"@type\":\"SearchAction\",\"target\":{\"@type\":\"EntryPoint\",\"urlTemplate\":\"https:\/\/888starzbets.net\/da\/?s={search_term_string}\"},\"query-input\":{\"@type\":\"PropertyValueSpecification\",\"valueRequired\":true,\"valueName\":\"search_term_string\"}}],\"inLanguage\":\"da-DK\"}]}<\/script>\n<!-- \/ Yoast SEO plugin. -->","yoast_head_json":{"title":"Freebet i appen: Placer dine v\u00e6ddem\u00e5l og f\u00e5 op til 20 DKK i bonus!","description":"Get your freebet right in the app! Place bets from 7 DKK, fulfil simple conditions and earn up to 3 EUR. Install the app, activate your account and start winning today!","robots":{"index":"index","follow":"follow","max-snippet":"max-snippet:-1","max-image-preview":"max-image-preview:large","max-video-preview":"max-video-preview:-1"},"og_locale":"da_DK","og_type":"article","og_title":"Freebet i appen: Placer dine v\u00e6ddem\u00e5l og f\u00e5 op til 20 DKK i bonus!","og_description":"Get your freebet right in the app! Place bets from 7 DKK, fulfil simple conditions and earn up to 3 EUR. Install the app, activate your account and start winning today!","og_url":"https:\/\/888starzbets.net\/da\/bonus\/freebet-in-app\/","og_site_name":"888Starz Team da","article_modified_time":"2025-10-12T15:48:44+00:00","twitter_card":"summary_large_image","schema":{"@context":"https:\/\/schema.org","@graph":[{"@type":"WebPage","@id":"https:\/\/888starzbets.net\/da\/bonus\/freebet-in-app\/","url":"https:\/\/888starzbets.net\/da\/bonus\/freebet-in-app\/","name":"Freebet i appen: Placer dine v\u00e6ddem\u00e5l og f\u00e5 op til 20 DKK i bonus!","isPartOf":{"@id":"https:\/\/888starzbets.net\/da\/#website"},"datePublished":"2025-05-07T09:19:26+00:00","dateModified":"2025-10-12T15:48:44+00:00","description":"Get your freebet right in the app! Place bets from 7 DKK, fulfil simple conditions and earn up to 3 EUR. Install the app, activate your account and start winning today!","breadcrumb":{"@id":"https:\/\/888starzbets.net\/da\/bonus\/freebet-in-app\/#breadcrumb"},"inLanguage":"da-DK","potentialAction":[{"@type":"ReadAction","target":["https:\/\/888starzbets.net\/da\/bonus\/freebet-in-app\/"]}]},{"@type":"BreadcrumbList","@id":"https:\/\/888starzbets.net\/da\/bonus\/freebet-in-app\/#breadcrumb","itemListElement":[{"@type":"ListItem","position":1,"name":"Bonusser","item":"https:\/\/888starzbets.net\/da\/bonus\/"},{"@type":"ListItem","position":2,"name":"Freebet i applikationen"}]},{"@type":"WebSite","@id":"https:\/\/888starzbets.net\/da\/#website","url":"https:\/\/888starzbets.net\/da\/","name":"888Starz Team da","description":"","potentialAction":[{"@type":"SearchAction","target":{"@type":"EntryPoint","urlTemplate":"https:\/\/888starzbets.net\/da\/?s={search_term_string}"},"query-input":{"@type":"PropertyValueSpecification","valueRequired":true,"valueName":"search_term_string"}}],"inLanguage":"da-DK"}]}},"_links":{"self":[{"href":"https:\/\/888starzbets.net\/da\/wp-json\/wp\/v2\/pages\/711","targetHints":{"allow":["GET"]}}],"collection":[{"href":"https:\/\/888starzbets.net\/da\/wp-json\/wp\/v2\/pages"}],"about":[{"href":"https:\/\/888starzbets.net\/da\/wp-json\/wp\/v2\/types\/page"}],"author":[{"embeddable":true,"href":"https:\/\/888starzbets.net\/da\/wp-json\/wp\/v2\/users\/1"}],"replies":[{"embeddable":true,"href":"https:\/\/888starzbets.net\/da\/wp-json\/wp\/v2\/comments?post=711"}],"version-history":[{"count":9,"href":"https:\/\/888starzbets.net\/da\/wp-json\/wp\/v2\/pages\/711\/revisions"}],"predecessor-version":[{"id":861,"href":"https:\/\/888starzbets.net\/da\/wp-json\/wp\/v2\/pages\/711\/revisions\/861"}],"up":[{"embeddable":true,"href":"https:\/\/888starzbets.net\/da\/wp-json\/wp\/v2\/pages\/152"}],"wp:attachment":[{"href":"https:\/\/888starzbets.net\/da\/wp-json\/wp\/v2\/media?parent=711"}],"curies":[{"name":"wp","href":"https:\/\/api.w.org\/{rel}","templated":true}]}}