{"id":270,"date":"2024-02-02T08:45:42","date_gmt":"2024-02-02T08:45:42","guid":{"rendered":"https:\/\/888starzbets.net\/de\/?page_id=270"},"modified":"2025-03-18T08:35:02","modified_gmt":"2025-03-18T08:35:02","slug":"affiliate","status":"publish","type":"page","link":"https:\/\/888starzbets.net\/de\/affiliate\/","title":{"rendered":"Partnerunternehmen"},"content":{"rendered":"","protected":false},"excerpt":{"rendered":"","protected":false},"author":1,"featured_media":0,"parent":0,"menu_order":0,"comment_status":"closed","ping_status":"closed","template":"","meta":{"footnotes":""},"class_list":["post-270","page","type-page","status-publish","hentry"],"yoast_head":"<!-- This site is optimized with the Yoast SEO plugin v26.2 - https:\/\/yoast.com\/wordpress\/plugins\/seo\/ -->\n<title>888Starz Mitglied \ud83d\udd34 888STARZ Partner<\/title>\n<meta name=\"description\" content=\"Nehmen Sie am 888 Partnerprogramm teil und verdienen Sie echtes Geld | 888Starz Deutschland bietet hohe Konversionsraten, regelm\u00e4\u00dfige Zahlungen, Umsatzbeteiligungen und CPA | Wir arbeiten in \u00fcber 100 L\u00e4ndern weltweit\" \/>\n<meta name=\"robots\" content=\"index, follow, max-snippet:-1, max-image-preview:large, max-video-preview:-1\" \/>\n<meta property=\"og:locale\" content=\"de_DE\" \/>\n<meta property=\"og:type\" content=\"article\" \/>\n<meta property=\"og:title\" content=\"888Starz Mitglied \ud83d\udd34 888STARZ Partner\" \/>\n<meta property=\"og:description\" content=\"Nehmen Sie am 888 Partnerprogramm teil und verdienen Sie echtes Geld | 888Starz Deutschland bietet hohe Konversionsraten, regelm\u00e4\u00dfige Zahlungen, Umsatzbeteiligungen und CPA | Wir arbeiten in \u00fcber 100 L\u00e4ndern weltweit\" \/>\n<meta property=\"og:url\" content=\"https:\/\/888starzbets.net\/de\/affiliate\/\" \/>\n<meta property=\"og:site_name\" content=\"888Starz Team de\" \/>\n<meta property=\"article:modified_time\" content=\"2025-03-18T08:35:02+00:00\" \/>\n<meta name=\"twitter:card\" content=\"summary_large_image\" \/>\n<script type=\"application\/ld+json\" class=\"yoast-schema-graph\">{\"@context\":\"https:\/\/schema.org\",\"@graph\":[{\"@type\":\"WebPage\",\"@id\":\"https:\/\/888starzbets.net\/de\/affiliate\/\",\"url\":\"https:\/\/888starzbets.net\/de\/affiliate\/\",\"name\":\"888Starz Mitglied \ud83d\udd34 888STARZ Partner\",\"isPartOf\":{\"@id\":\"https:\/\/888starzbets.net\/de\/#website\"},\"datePublished\":\"2024-02-02T08:45:42+00:00\",\"dateModified\":\"2025-03-18T08:35:02+00:00\",\"description\":\"Nehmen Sie am 888 Partnerprogramm teil und verdienen Sie echtes Geld | 888Starz Deutschland bietet hohe Konversionsraten, regelm\u00e4\u00dfige Zahlungen, Umsatzbeteiligungen und CPA | Wir arbeiten in \u00fcber 100 L\u00e4ndern weltweit\",\"inLanguage\":\"de\",\"potentialAction\":[{\"@type\":\"ReadAction\",\"target\":[\"https:\/\/888starzbets.net\/de\/affiliate\/\"]}]},{\"@type\":\"WebSite\",\"@id\":\"https:\/\/888starzbets.net\/de\/#website\",\"url\":\"https:\/\/888starzbets.net\/de\/\",\"name\":\"888Starz Team de\",\"description\":\"My WordPress Blog\",\"potentialAction\":[{\"@type\":\"SearchAction\",\"target\":{\"@type\":\"EntryPoint\",\"urlTemplate\":\"https:\/\/888starzbets.net\/de\/?s={search_term_string}\"},\"query-input\":{\"@type\":\"PropertyValueSpecification\",\"valueRequired\":true,\"valueName\":\"search_term_string\"}}],\"inLanguage\":\"de\"}]}<\/script>\n<!-- \/ Yoast SEO plugin. -->","yoast_head_json":{"title":"888Starz Mitglied \ud83d\udd34 888STARZ Partner","description":"Nehmen Sie am 888 Partnerprogramm teil und verdienen Sie echtes Geld | 888Starz Deutschland bietet hohe Konversionsraten, regelm\u00e4\u00dfige Zahlungen, Umsatzbeteiligungen und CPA | Wir arbeiten in \u00fcber 100 L\u00e4ndern weltweit","robots":{"index":"index","follow":"follow","max-snippet":"max-snippet:-1","max-image-preview":"max-image-preview:large","max-video-preview":"max-video-preview:-1"},"og_locale":"de_DE","og_type":"article","og_title":"888Starz Mitglied \ud83d\udd34 888STARZ Partner","og_description":"Nehmen Sie am 888 Partnerprogramm teil und verdienen Sie echtes Geld | 888Starz Deutschland bietet hohe Konversionsraten, regelm\u00e4\u00dfige Zahlungen, Umsatzbeteiligungen und CPA | Wir arbeiten in \u00fcber 100 L\u00e4ndern weltweit","og_url":"https:\/\/888starzbets.net\/de\/affiliate\/","og_site_name":"888Starz Team de","article_modified_time":"2025-03-18T08:35:02+00:00","twitter_card":"summary_large_image","schema":{"@context":"https:\/\/schema.org","@graph":[{"@type":"WebPage","@id":"https:\/\/888starzbets.net\/de\/affiliate\/","url":"https:\/\/888starzbets.net\/de\/affiliate\/","name":"888Starz Mitglied \ud83d\udd34 888STARZ Partner","isPartOf":{"@id":"https:\/\/888starzbets.net\/de\/#website"},"datePublished":"2024-02-02T08:45:42+00:00","dateModified":"2025-03-18T08:35:02+00:00","description":"Nehmen Sie am 888 Partnerprogramm teil und verdienen Sie echtes Geld | 888Starz Deutschland bietet hohe Konversionsraten, regelm\u00e4\u00dfige Zahlungen, Umsatzbeteiligungen und CPA | Wir arbeiten in \u00fcber 100 L\u00e4ndern weltweit","inLanguage":"de","potentialAction":[{"@type":"ReadAction","target":["https:\/\/888starzbets.net\/de\/affiliate\/"]}]},{"@type":"WebSite","@id":"https:\/\/888starzbets.net\/de\/#website","url":"https:\/\/888starzbets.net\/de\/","name":"888Starz Team de","description":"My WordPress Blog","potentialAction":[{"@type":"SearchAction","target":{"@type":"EntryPoint","urlTemplate":"https:\/\/888starzbets.net\/de\/?s={search_term_string}"},"query-input":{"@type":"PropertyValueSpecification","valueRequired":true,"valueName":"search_term_string"}}],"inLanguage":"de"}]}},"_links":{"self":[{"href":"https:\/\/888starzbets.net\/de\/wp-json\/wp\/v2\/pages\/270","targetHints":{"allow":["GET"]}}],"collection":[{"href":"https:\/\/888starzbets.net\/de\/wp-json\/wp\/v2\/pages"}],"about":[{"href":"https:\/\/888starzbets.net\/de\/wp-json\/wp\/v2\/types\/page"}],"author":[{"embeddable":true,"href":"https:\/\/888starzbets.net\/de\/wp-json\/wp\/v2\/users\/1"}],"replies":[{"embeddable":true,"href":"https:\/\/888starzbets.net\/de\/wp-json\/wp\/v2\/comments?post=270"}],"version-history":[{"count":32,"href":"https:\/\/888starzbets.net\/de\/wp-json\/wp\/v2\/pages\/270\/revisions"}],"predecessor-version":[{"id":711,"href":"https:\/\/888starzbets.net\/de\/wp-json\/wp\/v2\/pages\/270\/revisions\/711"}],"wp:attachment":[{"href":"https:\/\/888starzbets.net\/de\/wp-json\/wp\/v2\/media?parent=270"}],"curies":[{"name":"wp","href":"https:\/\/api.w.org\/{rel}","templated":true}]}}