{"id":152,"date":"2023-05-18T17:39:43","date_gmt":"2023-05-18T17:39:43","guid":{"rendered":"https:\/\/888starzbets.net\/hu\/?page_id=152"},"modified":"2025-06-15T07:07:09","modified_gmt":"2025-06-15T07:07:09","slug":"bonus","status":"publish","type":"page","link":"https:\/\/888starzbets.net\/hu\/bonus\/","title":{"rendered":"B\u00f3nuszok"},"content":{"rendered":"","protected":false},"excerpt":{"rendered":"","protected":false},"author":1,"featured_media":0,"parent":0,"menu_order":0,"comment_status":"closed","ping_status":"closed","template":"","meta":{"footnotes":""},"class_list":["post-152","page","type-page","status-publish","hentry"],"yoast_head":"<!-- This site is optimized with the Yoast SEO plugin v26.2 - https:\/\/yoast.com\/wordpress\/plugins\/seo\/ -->\n<title>888Starz b\u00f3nusz 2025 \ud83c\udf81 Prom\u00f3ci\u00f3k \u00e9s k\u00fcl\u00f6nleges aj\u00e1nlatok<\/title>\n<meta name=\"description\" content=\"Regisztr\u00e1lj a 888starz-n\u00e1l \u00e9s kapj 100% b\u00f3nuszt az els\u0151 befizet\u00e9sedre. \u00datmutat\u00f3 a 888Starz b\u00f3nuszokhoz \u00e9s prom\u00f3ci\u00f3khoz \u00faj \u00e9s rendszeres j\u00e1t\u00e9kosok sz\u00e1m\u00e1ra. Szerezz ingyenes fogad\u00e1sokat \u00e9s k\u00e9szp\u00e9nzvisszat\u00e9r\u00edt\u00e9st minden h\u00e9ten!\" \/>\n<meta name=\"robots\" content=\"index, follow, max-snippet:-1, max-image-preview:large, max-video-preview:-1\" \/>\n<meta property=\"og:locale\" content=\"hu_HU\" \/>\n<meta property=\"og:type\" content=\"article\" \/>\n<meta property=\"og:title\" content=\"888Starz b\u00f3nusz 2025 \ud83c\udf81 Prom\u00f3ci\u00f3k \u00e9s k\u00fcl\u00f6nleges aj\u00e1nlatok\" \/>\n<meta property=\"og:description\" content=\"Regisztr\u00e1lj a 888starz-n\u00e1l \u00e9s kapj 100% b\u00f3nuszt az els\u0151 befizet\u00e9sedre. \u00datmutat\u00f3 a 888Starz b\u00f3nuszokhoz \u00e9s prom\u00f3ci\u00f3khoz \u00faj \u00e9s rendszeres j\u00e1t\u00e9kosok sz\u00e1m\u00e1ra. Szerezz ingyenes fogad\u00e1sokat \u00e9s k\u00e9szp\u00e9nzvisszat\u00e9r\u00edt\u00e9st minden h\u00e9ten!\" \/>\n<meta property=\"og:url\" content=\"https:\/\/888starzbets.net\/hu\/bonus\/\" \/>\n<meta property=\"og:site_name\" content=\"888Starz Team\" \/>\n<meta property=\"article:modified_time\" content=\"2025-06-15T07:07:09+00:00\" \/>\n<meta name=\"twitter:card\" content=\"summary_large_image\" \/>\n<script type=\"application\/ld+json\" class=\"yoast-schema-graph\">{\"@context\":\"https:\/\/schema.org\",\"@graph\":[{\"@type\":\"WebPage\",\"@id\":\"https:\/\/888starzbets.net\/hu\/bonus\/\",\"url\":\"https:\/\/888starzbets.net\/hu\/bonus\/\",\"name\":\"888Starz b\u00f3nusz 2025 \ud83c\udf81 Prom\u00f3ci\u00f3k \u00e9s k\u00fcl\u00f6nleges aj\u00e1nlatok\",\"isPartOf\":{\"@id\":\"https:\/\/888starzbets.net\/hu\/#website\"},\"datePublished\":\"2023-05-18T17:39:43+00:00\",\"dateModified\":\"2025-06-15T07:07:09+00:00\",\"description\":\"Regisztr\u00e1lj a 888starz-n\u00e1l \u00e9s kapj 100% b\u00f3nuszt az els\u0151 befizet\u00e9sedre. \u00datmutat\u00f3 a 888Starz b\u00f3nuszokhoz \u00e9s prom\u00f3ci\u00f3khoz \u00faj \u00e9s rendszeres j\u00e1t\u00e9kosok sz\u00e1m\u00e1ra. Szerezz ingyenes fogad\u00e1sokat \u00e9s k\u00e9szp\u00e9nzvisszat\u00e9r\u00edt\u00e9st minden h\u00e9ten!\",\"inLanguage\":\"hu\",\"potentialAction\":[{\"@type\":\"ReadAction\",\"target\":[\"https:\/\/888starzbets.net\/hu\/bonus\/\"]}]},{\"@type\":\"WebSite\",\"@id\":\"https:\/\/888starzbets.net\/hu\/#website\",\"url\":\"https:\/\/888starzbets.net\/hu\/\",\"name\":\"888Starz Team\",\"description\":\"My WordPress Blog\",\"potentialAction\":[{\"@type\":\"SearchAction\",\"target\":{\"@type\":\"EntryPoint\",\"urlTemplate\":\"https:\/\/888starzbets.net\/hu\/?s={search_term_string}\"},\"query-input\":{\"@type\":\"PropertyValueSpecification\",\"valueRequired\":true,\"valueName\":\"search_term_string\"}}],\"inLanguage\":\"hu\"}]}<\/script>\n<!-- \/ Yoast SEO plugin. -->","yoast_head_json":{"title":"888Starz b\u00f3nusz 2025 \ud83c\udf81 Prom\u00f3ci\u00f3k \u00e9s k\u00fcl\u00f6nleges aj\u00e1nlatok","description":"Regisztr\u00e1lj a 888starz-n\u00e1l \u00e9s kapj 100% b\u00f3nuszt az els\u0151 befizet\u00e9sedre. \u00datmutat\u00f3 a 888Starz b\u00f3nuszokhoz \u00e9s prom\u00f3ci\u00f3khoz \u00faj \u00e9s rendszeres j\u00e1t\u00e9kosok sz\u00e1m\u00e1ra. Szerezz ingyenes fogad\u00e1sokat \u00e9s k\u00e9szp\u00e9nzvisszat\u00e9r\u00edt\u00e9st minden h\u00e9ten!","robots":{"index":"index","follow":"follow","max-snippet":"max-snippet:-1","max-image-preview":"max-image-preview:large","max-video-preview":"max-video-preview:-1"},"og_locale":"hu_HU","og_type":"article","og_title":"888Starz b\u00f3nusz 2025 \ud83c\udf81 Prom\u00f3ci\u00f3k \u00e9s k\u00fcl\u00f6nleges aj\u00e1nlatok","og_description":"Regisztr\u00e1lj a 888starz-n\u00e1l \u00e9s kapj 100% b\u00f3nuszt az els\u0151 befizet\u00e9sedre. \u00datmutat\u00f3 a 888Starz b\u00f3nuszokhoz \u00e9s prom\u00f3ci\u00f3khoz \u00faj \u00e9s rendszeres j\u00e1t\u00e9kosok sz\u00e1m\u00e1ra. Szerezz ingyenes fogad\u00e1sokat \u00e9s k\u00e9szp\u00e9nzvisszat\u00e9r\u00edt\u00e9st minden h\u00e9ten!","og_url":"https:\/\/888starzbets.net\/hu\/bonus\/","og_site_name":"888Starz Team","article_modified_time":"2025-06-15T07:07:09+00:00","twitter_card":"summary_large_image","schema":{"@context":"https:\/\/schema.org","@graph":[{"@type":"WebPage","@id":"https:\/\/888starzbets.net\/hu\/bonus\/","url":"https:\/\/888starzbets.net\/hu\/bonus\/","name":"888Starz b\u00f3nusz 2025 \ud83c\udf81 Prom\u00f3ci\u00f3k \u00e9s k\u00fcl\u00f6nleges aj\u00e1nlatok","isPartOf":{"@id":"https:\/\/888starzbets.net\/hu\/#website"},"datePublished":"2023-05-18T17:39:43+00:00","dateModified":"2025-06-15T07:07:09+00:00","description":"Regisztr\u00e1lj a 888starz-n\u00e1l \u00e9s kapj 100% b\u00f3nuszt az els\u0151 befizet\u00e9sedre. \u00datmutat\u00f3 a 888Starz b\u00f3nuszokhoz \u00e9s prom\u00f3ci\u00f3khoz \u00faj \u00e9s rendszeres j\u00e1t\u00e9kosok sz\u00e1m\u00e1ra. Szerezz ingyenes fogad\u00e1sokat \u00e9s k\u00e9szp\u00e9nzvisszat\u00e9r\u00edt\u00e9st minden h\u00e9ten!","inLanguage":"hu","potentialAction":[{"@type":"ReadAction","target":["https:\/\/888starzbets.net\/hu\/bonus\/"]}]},{"@type":"WebSite","@id":"https:\/\/888starzbets.net\/hu\/#website","url":"https:\/\/888starzbets.net\/hu\/","name":"888Starz Team","description":"My WordPress Blog","potentialAction":[{"@type":"SearchAction","target":{"@type":"EntryPoint","urlTemplate":"https:\/\/888starzbets.net\/hu\/?s={search_term_string}"},"query-input":{"@type":"PropertyValueSpecification","valueRequired":true,"valueName":"search_term_string"}}],"inLanguage":"hu"}]}},"_links":{"self":[{"href":"https:\/\/888starzbets.net\/hu\/wp-json\/wp\/v2\/pages\/152","targetHints":{"allow":["GET"]}}],"collection":[{"href":"https:\/\/888starzbets.net\/hu\/wp-json\/wp\/v2\/pages"}],"about":[{"href":"https:\/\/888starzbets.net\/hu\/wp-json\/wp\/v2\/types\/page"}],"author":[{"embeddable":true,"href":"https:\/\/888starzbets.net\/hu\/wp-json\/wp\/v2\/users\/1"}],"replies":[{"embeddable":true,"href":"https:\/\/888starzbets.net\/hu\/wp-json\/wp\/v2\/comments?post=152"}],"version-history":[{"count":67,"href":"https:\/\/888starzbets.net\/hu\/wp-json\/wp\/v2\/pages\/152\/revisions"}],"predecessor-version":[{"id":816,"href":"https:\/\/888starzbets.net\/hu\/wp-json\/wp\/v2\/pages\/152\/revisions\/816"}],"wp:attachment":[{"href":"https:\/\/888starzbets.net\/hu\/wp-json\/wp\/v2\/media?parent=152"}],"curies":[{"name":"wp","href":"https:\/\/api.w.org\/{rel}","templated":true}]}}