{"id":270,"date":"2024-02-02T08:45:42","date_gmt":"2024-02-02T08:45:42","guid":{"rendered":"https:\/\/888starzbets.net\/hu\/?page_id=270"},"modified":"2025-06-15T08:08:22","modified_gmt":"2025-06-15T08:08:22","slug":"affiliate","status":"publish","type":"page","link":"https:\/\/888starzbets.net\/hu\/affiliate\/","title":{"rendered":"Affiliate"},"content":{"rendered":"","protected":false},"excerpt":{"rendered":"","protected":false},"author":1,"featured_media":0,"parent":0,"menu_order":0,"comment_status":"closed","ping_status":"closed","template":"","meta":{"footnotes":""},"class_list":["post-270","page","type-page","status-publish","hentry"],"yoast_head":"<!-- This site is optimized with the Yoast SEO plugin v26.2 - https:\/\/yoast.com\/wordpress\/plugins\/seo\/ -->\n<title>888Starz partnerprogram \ud83d\udd34 888STARZ Partnerek<\/title>\n<meta name=\"description\" content=\"Csatlakozzon az 888 Affiliate Programhoz \u00e9s keressen val\u00f3di p\u00e9nzt | Az 888Starz magas konverzi\u00f3s ar\u00e1nyokat, rendszeres kifizet\u00e9seket, bev\u00e9tel-megoszt\u00e1st \u00e9s CPA-t k\u00edn\u00e1l | T\u00f6bb mint 100 orsz\u00e1gban m\u0171k\u00f6d\u00fcnk vil\u00e1gszerte.\" \/>\n<meta name=\"robots\" content=\"index, follow, max-snippet:-1, max-image-preview:large, max-video-preview:-1\" \/>\n<meta property=\"og:locale\" content=\"hu_HU\" \/>\n<meta property=\"og:type\" content=\"article\" \/>\n<meta property=\"og:title\" content=\"888Starz partnerprogram \ud83d\udd34 888STARZ Partnerek\" \/>\n<meta property=\"og:description\" content=\"Csatlakozzon az 888 Affiliate Programhoz \u00e9s keressen val\u00f3di p\u00e9nzt | Az 888Starz magas konverzi\u00f3s ar\u00e1nyokat, rendszeres kifizet\u00e9seket, bev\u00e9tel-megoszt\u00e1st \u00e9s CPA-t k\u00edn\u00e1l | T\u00f6bb mint 100 orsz\u00e1gban m\u0171k\u00f6d\u00fcnk vil\u00e1gszerte.\" \/>\n<meta property=\"og:url\" content=\"https:\/\/888starzbets.net\/hu\/affiliate\/\" \/>\n<meta property=\"og:site_name\" content=\"888Starz Team\" \/>\n<meta property=\"article:modified_time\" content=\"2025-06-15T08:08:22+00:00\" \/>\n<meta name=\"twitter:card\" content=\"summary_large_image\" \/>\n<script type=\"application\/ld+json\" class=\"yoast-schema-graph\">{\"@context\":\"https:\/\/schema.org\",\"@graph\":[{\"@type\":\"WebPage\",\"@id\":\"https:\/\/888starzbets.net\/hu\/affiliate\/\",\"url\":\"https:\/\/888starzbets.net\/hu\/affiliate\/\",\"name\":\"888Starz partnerprogram \ud83d\udd34 888STARZ Partnerek\",\"isPartOf\":{\"@id\":\"https:\/\/888starzbets.net\/hu\/#website\"},\"datePublished\":\"2024-02-02T08:45:42+00:00\",\"dateModified\":\"2025-06-15T08:08:22+00:00\",\"description\":\"Csatlakozzon az 888 Affiliate Programhoz \u00e9s keressen val\u00f3di p\u00e9nzt | Az 888Starz magas konverzi\u00f3s ar\u00e1nyokat, rendszeres kifizet\u00e9seket, bev\u00e9tel-megoszt\u00e1st \u00e9s CPA-t k\u00edn\u00e1l | T\u00f6bb mint 100 orsz\u00e1gban m\u0171k\u00f6d\u00fcnk vil\u00e1gszerte.\",\"inLanguage\":\"hu\",\"potentialAction\":[{\"@type\":\"ReadAction\",\"target\":[\"https:\/\/888starzbets.net\/hu\/affiliate\/\"]}]},{\"@type\":\"WebSite\",\"@id\":\"https:\/\/888starzbets.net\/hu\/#website\",\"url\":\"https:\/\/888starzbets.net\/hu\/\",\"name\":\"888Starz Team\",\"description\":\"My WordPress Blog\",\"potentialAction\":[{\"@type\":\"SearchAction\",\"target\":{\"@type\":\"EntryPoint\",\"urlTemplate\":\"https:\/\/888starzbets.net\/hu\/?s={search_term_string}\"},\"query-input\":{\"@type\":\"PropertyValueSpecification\",\"valueRequired\":true,\"valueName\":\"search_term_string\"}}],\"inLanguage\":\"hu\"}]}<\/script>\n<!-- \/ Yoast SEO plugin. -->","yoast_head_json":{"title":"888Starz partnerprogram \ud83d\udd34 888STARZ Partnerek","description":"Csatlakozzon az 888 Affiliate Programhoz \u00e9s keressen val\u00f3di p\u00e9nzt | Az 888Starz magas konverzi\u00f3s ar\u00e1nyokat, rendszeres kifizet\u00e9seket, bev\u00e9tel-megoszt\u00e1st \u00e9s CPA-t k\u00edn\u00e1l | T\u00f6bb mint 100 orsz\u00e1gban m\u0171k\u00f6d\u00fcnk vil\u00e1gszerte.","robots":{"index":"index","follow":"follow","max-snippet":"max-snippet:-1","max-image-preview":"max-image-preview:large","max-video-preview":"max-video-preview:-1"},"og_locale":"hu_HU","og_type":"article","og_title":"888Starz partnerprogram \ud83d\udd34 888STARZ Partnerek","og_description":"Csatlakozzon az 888 Affiliate Programhoz \u00e9s keressen val\u00f3di p\u00e9nzt | Az 888Starz magas konverzi\u00f3s ar\u00e1nyokat, rendszeres kifizet\u00e9seket, bev\u00e9tel-megoszt\u00e1st \u00e9s CPA-t k\u00edn\u00e1l | T\u00f6bb mint 100 orsz\u00e1gban m\u0171k\u00f6d\u00fcnk vil\u00e1gszerte.","og_url":"https:\/\/888starzbets.net\/hu\/affiliate\/","og_site_name":"888Starz Team","article_modified_time":"2025-06-15T08:08:22+00:00","twitter_card":"summary_large_image","schema":{"@context":"https:\/\/schema.org","@graph":[{"@type":"WebPage","@id":"https:\/\/888starzbets.net\/hu\/affiliate\/","url":"https:\/\/888starzbets.net\/hu\/affiliate\/","name":"888Starz partnerprogram \ud83d\udd34 888STARZ Partnerek","isPartOf":{"@id":"https:\/\/888starzbets.net\/hu\/#website"},"datePublished":"2024-02-02T08:45:42+00:00","dateModified":"2025-06-15T08:08:22+00:00","description":"Csatlakozzon az 888 Affiliate Programhoz \u00e9s keressen val\u00f3di p\u00e9nzt | Az 888Starz magas konverzi\u00f3s ar\u00e1nyokat, rendszeres kifizet\u00e9seket, bev\u00e9tel-megoszt\u00e1st \u00e9s CPA-t k\u00edn\u00e1l | T\u00f6bb mint 100 orsz\u00e1gban m\u0171k\u00f6d\u00fcnk vil\u00e1gszerte.","inLanguage":"hu","potentialAction":[{"@type":"ReadAction","target":["https:\/\/888starzbets.net\/hu\/affiliate\/"]}]},{"@type":"WebSite","@id":"https:\/\/888starzbets.net\/hu\/#website","url":"https:\/\/888starzbets.net\/hu\/","name":"888Starz Team","description":"My WordPress Blog","potentialAction":[{"@type":"SearchAction","target":{"@type":"EntryPoint","urlTemplate":"https:\/\/888starzbets.net\/hu\/?s={search_term_string}"},"query-input":{"@type":"PropertyValueSpecification","valueRequired":true,"valueName":"search_term_string"}}],"inLanguage":"hu"}]}},"_links":{"self":[{"href":"https:\/\/888starzbets.net\/hu\/wp-json\/wp\/v2\/pages\/270","targetHints":{"allow":["GET"]}}],"collection":[{"href":"https:\/\/888starzbets.net\/hu\/wp-json\/wp\/v2\/pages"}],"about":[{"href":"https:\/\/888starzbets.net\/hu\/wp-json\/wp\/v2\/types\/page"}],"author":[{"embeddable":true,"href":"https:\/\/888starzbets.net\/hu\/wp-json\/wp\/v2\/users\/1"}],"replies":[{"embeddable":true,"href":"https:\/\/888starzbets.net\/hu\/wp-json\/wp\/v2\/comments?post=270"}],"version-history":[{"count":32,"href":"https:\/\/888starzbets.net\/hu\/wp-json\/wp\/v2\/pages\/270\/revisions"}],"predecessor-version":[{"id":789,"href":"https:\/\/888starzbets.net\/hu\/wp-json\/wp\/v2\/pages\/270\/revisions\/789"}],"wp:attachment":[{"href":"https:\/\/888starzbets.net\/hu\/wp-json\/wp\/v2\/media?parent=270"}],"curies":[{"name":"wp","href":"https:\/\/api.w.org\/{rel}","templated":true}]}}