{"id":304,"date":"2025-02-05T10:16:04","date_gmt":"2025-02-05T10:16:04","guid":{"rendered":"https:\/\/888starzbets.net\/hu\/?page_id=304"},"modified":"2025-06-15T07:55:58","modified_gmt":"2025-06-15T07:55:58","slug":"mobile-app","status":"publish","type":"page","link":"https:\/\/888starzbets.net\/hu\/mobile-app\/","title":{"rendered":"App"},"content":{"rendered":"","protected":false},"excerpt":{"rendered":"","protected":false},"author":1,"featured_media":0,"parent":0,"menu_order":0,"comment_status":"closed","ping_status":"closed","template":"","meta":{"footnotes":""},"class_list":["post-304","page","type-page","status-publish","hentry"],"yoast_head":"<!-- This site is optimized with the Yoast SEO plugin v26.2 - https:\/\/yoast.com\/wordpress\/plugins\/seo\/ -->\n<title>888Starz App \ud83d\udcf1 Androidra \u00e9s iOS-re 2025<\/title>\n<meta name=\"description\" content=\"888Starz App let\u00f6lt\u00e9se Androidra \u00e9s iOS-re Ingyenes \u27a4 A 888Starz let\u00f6lt\u00e9s\u00e9nek utas\u00edt\u00e1sai Androidra \u27a4 Sportfogad\u00e1sok elhelyez\u00e9se \u00e9s kaszin\u00f3j\u00e1t\u00e9kok k\u00f6zvetlen\u00fcl a mobilodr\u00f3l a 888Starz seg\u00edts\u00e9g\u00e9vel.\" \/>\n<meta name=\"robots\" content=\"index, follow, max-snippet:-1, max-image-preview:large, max-video-preview:-1\" \/>\n<meta property=\"og:locale\" content=\"hu_HU\" \/>\n<meta property=\"og:type\" content=\"article\" \/>\n<meta property=\"og:title\" content=\"888Starz App \ud83d\udcf1 Androidra \u00e9s iOS-re 2025\" \/>\n<meta property=\"og:description\" content=\"888Starz App let\u00f6lt\u00e9se Androidra \u00e9s iOS-re Ingyenes \u27a4 A 888Starz let\u00f6lt\u00e9s\u00e9nek utas\u00edt\u00e1sai Androidra \u27a4 Sportfogad\u00e1sok elhelyez\u00e9se \u00e9s kaszin\u00f3j\u00e1t\u00e9kok k\u00f6zvetlen\u00fcl a mobilodr\u00f3l a 888Starz seg\u00edts\u00e9g\u00e9vel.\" \/>\n<meta property=\"og:url\" content=\"https:\/\/888starzbets.net\/hu\/mobile-app\/\" \/>\n<meta property=\"og:site_name\" content=\"888Starz Team\" \/>\n<meta property=\"article:modified_time\" content=\"2025-06-15T07:55:58+00:00\" \/>\n<meta name=\"twitter:card\" content=\"summary_large_image\" \/>\n<script type=\"application\/ld+json\" class=\"yoast-schema-graph\">{\"@context\":\"https:\/\/schema.org\",\"@graph\":[{\"@type\":\"WebPage\",\"@id\":\"https:\/\/888starzbets.net\/hu\/mobile-app\/\",\"url\":\"https:\/\/888starzbets.net\/hu\/mobile-app\/\",\"name\":\"888Starz App \ud83d\udcf1 Androidra \u00e9s iOS-re 2025\",\"isPartOf\":{\"@id\":\"https:\/\/888starzbets.net\/hu\/#website\"},\"datePublished\":\"2025-02-05T10:16:04+00:00\",\"dateModified\":\"2025-06-15T07:55:58+00:00\",\"description\":\"888Starz App let\u00f6lt\u00e9se Androidra \u00e9s iOS-re Ingyenes \u27a4 A 888Starz let\u00f6lt\u00e9s\u00e9nek utas\u00edt\u00e1sai Androidra \u27a4 Sportfogad\u00e1sok elhelyez\u00e9se \u00e9s kaszin\u00f3j\u00e1t\u00e9kok k\u00f6zvetlen\u00fcl a mobilodr\u00f3l a 888Starz seg\u00edts\u00e9g\u00e9vel.\",\"inLanguage\":\"hu\",\"potentialAction\":[{\"@type\":\"ReadAction\",\"target\":[\"https:\/\/888starzbets.net\/hu\/mobile-app\/\"]}]},{\"@type\":\"WebSite\",\"@id\":\"https:\/\/888starzbets.net\/hu\/#website\",\"url\":\"https:\/\/888starzbets.net\/hu\/\",\"name\":\"888Starz Team\",\"description\":\"My WordPress Blog\",\"potentialAction\":[{\"@type\":\"SearchAction\",\"target\":{\"@type\":\"EntryPoint\",\"urlTemplate\":\"https:\/\/888starzbets.net\/hu\/?s={search_term_string}\"},\"query-input\":{\"@type\":\"PropertyValueSpecification\",\"valueRequired\":true,\"valueName\":\"search_term_string\"}}],\"inLanguage\":\"hu\"}]}<\/script>\n<!-- \/ Yoast SEO plugin. -->","yoast_head_json":{"title":"888Starz App \ud83d\udcf1 Androidra \u00e9s iOS-re 2025","description":"888Starz App let\u00f6lt\u00e9se Androidra \u00e9s iOS-re Ingyenes \u27a4 A 888Starz let\u00f6lt\u00e9s\u00e9nek utas\u00edt\u00e1sai Androidra \u27a4 Sportfogad\u00e1sok elhelyez\u00e9se \u00e9s kaszin\u00f3j\u00e1t\u00e9kok k\u00f6zvetlen\u00fcl a mobilodr\u00f3l a 888Starz seg\u00edts\u00e9g\u00e9vel.","robots":{"index":"index","follow":"follow","max-snippet":"max-snippet:-1","max-image-preview":"max-image-preview:large","max-video-preview":"max-video-preview:-1"},"og_locale":"hu_HU","og_type":"article","og_title":"888Starz App \ud83d\udcf1 Androidra \u00e9s iOS-re 2025","og_description":"888Starz App let\u00f6lt\u00e9se Androidra \u00e9s iOS-re Ingyenes \u27a4 A 888Starz let\u00f6lt\u00e9s\u00e9nek utas\u00edt\u00e1sai Androidra \u27a4 Sportfogad\u00e1sok elhelyez\u00e9se \u00e9s kaszin\u00f3j\u00e1t\u00e9kok k\u00f6zvetlen\u00fcl a mobilodr\u00f3l a 888Starz seg\u00edts\u00e9g\u00e9vel.","og_url":"https:\/\/888starzbets.net\/hu\/mobile-app\/","og_site_name":"888Starz Team","article_modified_time":"2025-06-15T07:55:58+00:00","twitter_card":"summary_large_image","schema":{"@context":"https:\/\/schema.org","@graph":[{"@type":"WebPage","@id":"https:\/\/888starzbets.net\/hu\/mobile-app\/","url":"https:\/\/888starzbets.net\/hu\/mobile-app\/","name":"888Starz App \ud83d\udcf1 Androidra \u00e9s iOS-re 2025","isPartOf":{"@id":"https:\/\/888starzbets.net\/hu\/#website"},"datePublished":"2025-02-05T10:16:04+00:00","dateModified":"2025-06-15T07:55:58+00:00","description":"888Starz App let\u00f6lt\u00e9se Androidra \u00e9s iOS-re Ingyenes \u27a4 A 888Starz let\u00f6lt\u00e9s\u00e9nek utas\u00edt\u00e1sai Androidra \u27a4 Sportfogad\u00e1sok elhelyez\u00e9se \u00e9s kaszin\u00f3j\u00e1t\u00e9kok k\u00f6zvetlen\u00fcl a mobilodr\u00f3l a 888Starz seg\u00edts\u00e9g\u00e9vel.","inLanguage":"hu","potentialAction":[{"@type":"ReadAction","target":["https:\/\/888starzbets.net\/hu\/mobile-app\/"]}]},{"@type":"WebSite","@id":"https:\/\/888starzbets.net\/hu\/#website","url":"https:\/\/888starzbets.net\/hu\/","name":"888Starz Team","description":"My WordPress Blog","potentialAction":[{"@type":"SearchAction","target":{"@type":"EntryPoint","urlTemplate":"https:\/\/888starzbets.net\/hu\/?s={search_term_string}"},"query-input":{"@type":"PropertyValueSpecification","valueRequired":true,"valueName":"search_term_string"}}],"inLanguage":"hu"}]}},"_links":{"self":[{"href":"https:\/\/888starzbets.net\/hu\/wp-json\/wp\/v2\/pages\/304","targetHints":{"allow":["GET"]}}],"collection":[{"href":"https:\/\/888starzbets.net\/hu\/wp-json\/wp\/v2\/pages"}],"about":[{"href":"https:\/\/888starzbets.net\/hu\/wp-json\/wp\/v2\/types\/page"}],"author":[{"embeddable":true,"href":"https:\/\/888starzbets.net\/hu\/wp-json\/wp\/v2\/users\/1"}],"replies":[{"embeddable":true,"href":"https:\/\/888starzbets.net\/hu\/wp-json\/wp\/v2\/comments?post=304"}],"version-history":[{"count":28,"href":"https:\/\/888starzbets.net\/hu\/wp-json\/wp\/v2\/pages\/304\/revisions"}],"predecessor-version":[{"id":824,"href":"https:\/\/888starzbets.net\/hu\/wp-json\/wp\/v2\/pages\/304\/revisions\/824"}],"wp:attachment":[{"href":"https:\/\/888starzbets.net\/hu\/wp-json\/wp\/v2\/media?parent=304"}],"curies":[{"name":"wp","href":"https:\/\/api.w.org\/{rel}","templated":true}]}}