{"id":502,"date":"2024-08-27T11:58:21","date_gmt":"2024-08-27T11:58:21","guid":{"rendered":"https:\/\/888starzbets.net\/hu\/?page_id=502"},"modified":"2025-06-05T18:37:25","modified_gmt":"2025-06-05T18:37:25","slug":"login","status":"publish","type":"page","link":"https:\/\/888starzbets.net\/hu\/login\/","title":{"rendered":"Bejelentkez\u00e9s"},"content":{"rendered":"","protected":false},"excerpt":{"rendered":"","protected":false},"author":1,"featured_media":0,"parent":0,"menu_order":0,"comment_status":"closed","ping_status":"closed","template":"","meta":{"footnotes":""},"class_list":["post-502","page","type-page","status-publish","hentry"],"yoast_head":"<!-- This site is optimized with the Yoast SEO plugin v26.2 - https:\/\/yoast.com\/wordpress\/plugins\/seo\/ -->\n<title>888Starz bejelentkez\u00e9s \u1409 Bejelentkez\u00e9s a 888Starz sz\u00e1ml\u00e1ra<\/title>\n<meta name=\"description\" content=\"Jelentkezzen be a 888Starz Sportfogad\u00e1s \u00e9s kaszin\u00f3ba, hogy szem\u00e9lyre szabott b\u00f3nuszokat kapjon \u2713 888Starz bejelentkez\u00e9si oldal \u27a5 Enged\u00e9lyez\u00e9s mobilr\u00f3l \u00e9s PC-r\u0151l \u2713 L\u00e9p\u00e9sr\u0151l l\u00e9p\u00e9sre 888Starz bejelentkez\u00e9si \u00fatmutat\u00f3\" \/>\n<meta name=\"robots\" content=\"index, follow, max-snippet:-1, max-image-preview:large, max-video-preview:-1\" \/>\n<meta property=\"og:locale\" content=\"hu_HU\" \/>\n<meta property=\"og:type\" content=\"article\" \/>\n<meta property=\"og:title\" content=\"888Starz bejelentkez\u00e9s \u1409 Bejelentkez\u00e9s a 888Starz sz\u00e1ml\u00e1ra\" \/>\n<meta property=\"og:description\" content=\"Jelentkezzen be a 888Starz Sportfogad\u00e1s \u00e9s kaszin\u00f3ba, hogy szem\u00e9lyre szabott b\u00f3nuszokat kapjon \u2713 888Starz bejelentkez\u00e9si oldal \u27a5 Enged\u00e9lyez\u00e9s mobilr\u00f3l \u00e9s PC-r\u0151l \u2713 L\u00e9p\u00e9sr\u0151l l\u00e9p\u00e9sre 888Starz bejelentkez\u00e9si \u00fatmutat\u00f3\" \/>\n<meta property=\"og:url\" content=\"https:\/\/888starzbets.net\/hu\/login\/\" \/>\n<meta property=\"og:site_name\" content=\"888Starz Team\" \/>\n<meta property=\"article:modified_time\" content=\"2025-06-05T18:37:25+00:00\" \/>\n<meta name=\"twitter:card\" content=\"summary_large_image\" \/>\n<script type=\"application\/ld+json\" class=\"yoast-schema-graph\">{\"@context\":\"https:\/\/schema.org\",\"@graph\":[{\"@type\":\"WebPage\",\"@id\":\"https:\/\/888starzbets.net\/hu\/login\/\",\"url\":\"https:\/\/888starzbets.net\/hu\/login\/\",\"name\":\"888Starz bejelentkez\u00e9s \u1409 Bejelentkez\u00e9s a 888Starz sz\u00e1ml\u00e1ra\",\"isPartOf\":{\"@id\":\"https:\/\/888starzbets.net\/hu\/#website\"},\"datePublished\":\"2024-08-27T11:58:21+00:00\",\"dateModified\":\"2025-06-05T18:37:25+00:00\",\"description\":\"Jelentkezzen be a 888Starz Sportfogad\u00e1s \u00e9s kaszin\u00f3ba, hogy szem\u00e9lyre szabott b\u00f3nuszokat kapjon \u2713 888Starz bejelentkez\u00e9si oldal \u27a5 Enged\u00e9lyez\u00e9s mobilr\u00f3l \u00e9s PC-r\u0151l \u2713 L\u00e9p\u00e9sr\u0151l l\u00e9p\u00e9sre 888Starz bejelentkez\u00e9si \u00fatmutat\u00f3\",\"inLanguage\":\"hu\",\"potentialAction\":[{\"@type\":\"ReadAction\",\"target\":[\"https:\/\/888starzbets.net\/hu\/login\/\"]}]},{\"@type\":\"WebSite\",\"@id\":\"https:\/\/888starzbets.net\/hu\/#website\",\"url\":\"https:\/\/888starzbets.net\/hu\/\",\"name\":\"888Starz Team\",\"description\":\"My WordPress Blog\",\"potentialAction\":[{\"@type\":\"SearchAction\",\"target\":{\"@type\":\"EntryPoint\",\"urlTemplate\":\"https:\/\/888starzbets.net\/hu\/?s={search_term_string}\"},\"query-input\":{\"@type\":\"PropertyValueSpecification\",\"valueRequired\":true,\"valueName\":\"search_term_string\"}}],\"inLanguage\":\"hu\"}]}<\/script>\n<!-- \/ Yoast SEO plugin. -->","yoast_head_json":{"title":"888Starz bejelentkez\u00e9s \u1409 Bejelentkez\u00e9s a 888Starz sz\u00e1ml\u00e1ra","description":"Jelentkezzen be a 888Starz Sportfogad\u00e1s \u00e9s kaszin\u00f3ba, hogy szem\u00e9lyre szabott b\u00f3nuszokat kapjon \u2713 888Starz bejelentkez\u00e9si oldal \u27a5 Enged\u00e9lyez\u00e9s mobilr\u00f3l \u00e9s PC-r\u0151l \u2713 L\u00e9p\u00e9sr\u0151l l\u00e9p\u00e9sre 888Starz bejelentkez\u00e9si \u00fatmutat\u00f3","robots":{"index":"index","follow":"follow","max-snippet":"max-snippet:-1","max-image-preview":"max-image-preview:large","max-video-preview":"max-video-preview:-1"},"og_locale":"hu_HU","og_type":"article","og_title":"888Starz bejelentkez\u00e9s \u1409 Bejelentkez\u00e9s a 888Starz sz\u00e1ml\u00e1ra","og_description":"Jelentkezzen be a 888Starz Sportfogad\u00e1s \u00e9s kaszin\u00f3ba, hogy szem\u00e9lyre szabott b\u00f3nuszokat kapjon \u2713 888Starz bejelentkez\u00e9si oldal \u27a5 Enged\u00e9lyez\u00e9s mobilr\u00f3l \u00e9s PC-r\u0151l \u2713 L\u00e9p\u00e9sr\u0151l l\u00e9p\u00e9sre 888Starz bejelentkez\u00e9si \u00fatmutat\u00f3","og_url":"https:\/\/888starzbets.net\/hu\/login\/","og_site_name":"888Starz Team","article_modified_time":"2025-06-05T18:37:25+00:00","twitter_card":"summary_large_image","schema":{"@context":"https:\/\/schema.org","@graph":[{"@type":"WebPage","@id":"https:\/\/888starzbets.net\/hu\/login\/","url":"https:\/\/888starzbets.net\/hu\/login\/","name":"888Starz bejelentkez\u00e9s \u1409 Bejelentkez\u00e9s a 888Starz sz\u00e1ml\u00e1ra","isPartOf":{"@id":"https:\/\/888starzbets.net\/hu\/#website"},"datePublished":"2024-08-27T11:58:21+00:00","dateModified":"2025-06-05T18:37:25+00:00","description":"Jelentkezzen be a 888Starz Sportfogad\u00e1s \u00e9s kaszin\u00f3ba, hogy szem\u00e9lyre szabott b\u00f3nuszokat kapjon \u2713 888Starz bejelentkez\u00e9si oldal \u27a5 Enged\u00e9lyez\u00e9s mobilr\u00f3l \u00e9s PC-r\u0151l \u2713 L\u00e9p\u00e9sr\u0151l l\u00e9p\u00e9sre 888Starz bejelentkez\u00e9si \u00fatmutat\u00f3","inLanguage":"hu","potentialAction":[{"@type":"ReadAction","target":["https:\/\/888starzbets.net\/hu\/login\/"]}]},{"@type":"WebSite","@id":"https:\/\/888starzbets.net\/hu\/#website","url":"https:\/\/888starzbets.net\/hu\/","name":"888Starz Team","description":"My WordPress Blog","potentialAction":[{"@type":"SearchAction","target":{"@type":"EntryPoint","urlTemplate":"https:\/\/888starzbets.net\/hu\/?s={search_term_string}"},"query-input":{"@type":"PropertyValueSpecification","valueRequired":true,"valueName":"search_term_string"}}],"inLanguage":"hu"}]}},"_links":{"self":[{"href":"https:\/\/888starzbets.net\/hu\/wp-json\/wp\/v2\/pages\/502","targetHints":{"allow":["GET"]}}],"collection":[{"href":"https:\/\/888starzbets.net\/hu\/wp-json\/wp\/v2\/pages"}],"about":[{"href":"https:\/\/888starzbets.net\/hu\/wp-json\/wp\/v2\/types\/page"}],"author":[{"embeddable":true,"href":"https:\/\/888starzbets.net\/hu\/wp-json\/wp\/v2\/users\/1"}],"replies":[{"embeddable":true,"href":"https:\/\/888starzbets.net\/hu\/wp-json\/wp\/v2\/comments?post=502"}],"version-history":[{"count":19,"href":"https:\/\/888starzbets.net\/hu\/wp-json\/wp\/v2\/pages\/502\/revisions"}],"predecessor-version":[{"id":806,"href":"https:\/\/888starzbets.net\/hu\/wp-json\/wp\/v2\/pages\/502\/revisions\/806"}],"wp:attachment":[{"href":"https:\/\/888starzbets.net\/hu\/wp-json\/wp\/v2\/media?parent=502"}],"curies":[{"name":"wp","href":"https:\/\/api.w.org\/{rel}","templated":true}]}}