{"id":567,"date":"2024-09-02T08:25:04","date_gmt":"2024-09-02T08:25:04","guid":{"rendered":"https:\/\/888starzbets.net\/hu\/?page_id=567"},"modified":"2025-06-15T08:02:28","modified_gmt":"2025-06-15T08:02:28","slug":"casino","status":"publish","type":"page","link":"https:\/\/888starzbets.net\/hu\/casino\/","title":{"rendered":"Kaszin\u00f3"},"content":{"rendered":"","protected":false},"excerpt":{"rendered":"","protected":false},"author":1,"featured_media":0,"parent":0,"menu_order":0,"comment_status":"closed","ping_status":"closed","template":"","meta":{"footnotes":""},"class_list":["post-567","page","type-page","status-publish","hentry"],"yoast_head":"<!-- This site is optimized with the Yoast SEO plugin v26.2 - https:\/\/yoast.com\/wordpress\/plugins\/seo\/ -->\n<title>888Starz Casino | \u00c9l\u0151 kaszin\u00f3, j\u00e1t\u00e9kok, \u00fcdv\u00f6zl\u0151 b\u00f3nusz<\/title>\n<meta name=\"description\" content=\"A 888Starz lehet\u0151s\u00e9get k\u00edn\u00e1l a j\u00e1t\u00e9kosoknak, hogy szerencs\u00e9t pr\u00f3b\u00e1ljanak a 888Starz kaszin\u00f3ban t\u00f6bb ezer nyer\u0151g\u00e9ppel, asztali j\u00e1t\u00e9kkal \u00e9s \u00e9l\u0151 oszt\u00f3val. Hogyan kezdjen el j\u00e1tszani a 888Starz hivatalos oldal\u00e1n \u00e9s mobilalkalmaz\u00e1s\u00e1n?\" \/>\n<meta name=\"robots\" content=\"index, follow, max-snippet:-1, max-image-preview:large, max-video-preview:-1\" \/>\n<meta property=\"og:locale\" content=\"hu_HU\" \/>\n<meta property=\"og:type\" content=\"article\" \/>\n<meta property=\"og:title\" content=\"888Starz Casino | \u00c9l\u0151 kaszin\u00f3, j\u00e1t\u00e9kok, \u00fcdv\u00f6zl\u0151 b\u00f3nusz\" \/>\n<meta property=\"og:description\" content=\"A 888Starz lehet\u0151s\u00e9get k\u00edn\u00e1l a j\u00e1t\u00e9kosoknak, hogy szerencs\u00e9t pr\u00f3b\u00e1ljanak a 888Starz kaszin\u00f3ban t\u00f6bb ezer nyer\u0151g\u00e9ppel, asztali j\u00e1t\u00e9kkal \u00e9s \u00e9l\u0151 oszt\u00f3val. Hogyan kezdjen el j\u00e1tszani a 888Starz hivatalos oldal\u00e1n \u00e9s mobilalkalmaz\u00e1s\u00e1n?\" \/>\n<meta property=\"og:url\" content=\"https:\/\/888starzbets.net\/hu\/casino\/\" \/>\n<meta property=\"og:site_name\" content=\"888Starz Team\" \/>\n<meta property=\"article:modified_time\" content=\"2025-06-15T08:02:28+00:00\" \/>\n<meta name=\"twitter:card\" content=\"summary_large_image\" \/>\n<script type=\"application\/ld+json\" class=\"yoast-schema-graph\">{\"@context\":\"https:\/\/schema.org\",\"@graph\":[{\"@type\":\"WebPage\",\"@id\":\"https:\/\/888starzbets.net\/hu\/casino\/\",\"url\":\"https:\/\/888starzbets.net\/hu\/casino\/\",\"name\":\"888Starz Casino | \u00c9l\u0151 kaszin\u00f3, j\u00e1t\u00e9kok, \u00fcdv\u00f6zl\u0151 b\u00f3nusz\",\"isPartOf\":{\"@id\":\"https:\/\/888starzbets.net\/hu\/#website\"},\"datePublished\":\"2024-09-02T08:25:04+00:00\",\"dateModified\":\"2025-06-15T08:02:28+00:00\",\"description\":\"A 888Starz lehet\u0151s\u00e9get k\u00edn\u00e1l a j\u00e1t\u00e9kosoknak, hogy szerencs\u00e9t pr\u00f3b\u00e1ljanak a 888Starz kaszin\u00f3ban t\u00f6bb ezer nyer\u0151g\u00e9ppel, asztali j\u00e1t\u00e9kkal \u00e9s \u00e9l\u0151 oszt\u00f3val. Hogyan kezdjen el j\u00e1tszani a 888Starz hivatalos oldal\u00e1n \u00e9s mobilalkalmaz\u00e1s\u00e1n?\",\"inLanguage\":\"hu\",\"potentialAction\":[{\"@type\":\"ReadAction\",\"target\":[\"https:\/\/888starzbets.net\/hu\/casino\/\"]}]},{\"@type\":\"WebSite\",\"@id\":\"https:\/\/888starzbets.net\/hu\/#website\",\"url\":\"https:\/\/888starzbets.net\/hu\/\",\"name\":\"888Starz Team\",\"description\":\"My WordPress Blog\",\"potentialAction\":[{\"@type\":\"SearchAction\",\"target\":{\"@type\":\"EntryPoint\",\"urlTemplate\":\"https:\/\/888starzbets.net\/hu\/?s={search_term_string}\"},\"query-input\":{\"@type\":\"PropertyValueSpecification\",\"valueRequired\":true,\"valueName\":\"search_term_string\"}}],\"inLanguage\":\"hu\"}]}<\/script>\n<!-- \/ Yoast SEO plugin. -->","yoast_head_json":{"title":"888Starz Casino | \u00c9l\u0151 kaszin\u00f3, j\u00e1t\u00e9kok, \u00fcdv\u00f6zl\u0151 b\u00f3nusz","description":"A 888Starz lehet\u0151s\u00e9get k\u00edn\u00e1l a j\u00e1t\u00e9kosoknak, hogy szerencs\u00e9t pr\u00f3b\u00e1ljanak a 888Starz kaszin\u00f3ban t\u00f6bb ezer nyer\u0151g\u00e9ppel, asztali j\u00e1t\u00e9kkal \u00e9s \u00e9l\u0151 oszt\u00f3val. Hogyan kezdjen el j\u00e1tszani a 888Starz hivatalos oldal\u00e1n \u00e9s mobilalkalmaz\u00e1s\u00e1n?","robots":{"index":"index","follow":"follow","max-snippet":"max-snippet:-1","max-image-preview":"max-image-preview:large","max-video-preview":"max-video-preview:-1"},"og_locale":"hu_HU","og_type":"article","og_title":"888Starz Casino | \u00c9l\u0151 kaszin\u00f3, j\u00e1t\u00e9kok, \u00fcdv\u00f6zl\u0151 b\u00f3nusz","og_description":"A 888Starz lehet\u0151s\u00e9get k\u00edn\u00e1l a j\u00e1t\u00e9kosoknak, hogy szerencs\u00e9t pr\u00f3b\u00e1ljanak a 888Starz kaszin\u00f3ban t\u00f6bb ezer nyer\u0151g\u00e9ppel, asztali j\u00e1t\u00e9kkal \u00e9s \u00e9l\u0151 oszt\u00f3val. Hogyan kezdjen el j\u00e1tszani a 888Starz hivatalos oldal\u00e1n \u00e9s mobilalkalmaz\u00e1s\u00e1n?","og_url":"https:\/\/888starzbets.net\/hu\/casino\/","og_site_name":"888Starz Team","article_modified_time":"2025-06-15T08:02:28+00:00","twitter_card":"summary_large_image","schema":{"@context":"https:\/\/schema.org","@graph":[{"@type":"WebPage","@id":"https:\/\/888starzbets.net\/hu\/casino\/","url":"https:\/\/888starzbets.net\/hu\/casino\/","name":"888Starz Casino | \u00c9l\u0151 kaszin\u00f3, j\u00e1t\u00e9kok, \u00fcdv\u00f6zl\u0151 b\u00f3nusz","isPartOf":{"@id":"https:\/\/888starzbets.net\/hu\/#website"},"datePublished":"2024-09-02T08:25:04+00:00","dateModified":"2025-06-15T08:02:28+00:00","description":"A 888Starz lehet\u0151s\u00e9get k\u00edn\u00e1l a j\u00e1t\u00e9kosoknak, hogy szerencs\u00e9t pr\u00f3b\u00e1ljanak a 888Starz kaszin\u00f3ban t\u00f6bb ezer nyer\u0151g\u00e9ppel, asztali j\u00e1t\u00e9kkal \u00e9s \u00e9l\u0151 oszt\u00f3val. Hogyan kezdjen el j\u00e1tszani a 888Starz hivatalos oldal\u00e1n \u00e9s mobilalkalmaz\u00e1s\u00e1n?","inLanguage":"hu","potentialAction":[{"@type":"ReadAction","target":["https:\/\/888starzbets.net\/hu\/casino\/"]}]},{"@type":"WebSite","@id":"https:\/\/888starzbets.net\/hu\/#website","url":"https:\/\/888starzbets.net\/hu\/","name":"888Starz Team","description":"My WordPress Blog","potentialAction":[{"@type":"SearchAction","target":{"@type":"EntryPoint","urlTemplate":"https:\/\/888starzbets.net\/hu\/?s={search_term_string}"},"query-input":{"@type":"PropertyValueSpecification","valueRequired":true,"valueName":"search_term_string"}}],"inLanguage":"hu"}]}},"_links":{"self":[{"href":"https:\/\/888starzbets.net\/hu\/wp-json\/wp\/v2\/pages\/567","targetHints":{"allow":["GET"]}}],"collection":[{"href":"https:\/\/888starzbets.net\/hu\/wp-json\/wp\/v2\/pages"}],"about":[{"href":"https:\/\/888starzbets.net\/hu\/wp-json\/wp\/v2\/types\/page"}],"author":[{"embeddable":true,"href":"https:\/\/888starzbets.net\/hu\/wp-json\/wp\/v2\/users\/1"}],"replies":[{"embeddable":true,"href":"https:\/\/888starzbets.net\/hu\/wp-json\/wp\/v2\/comments?post=567"}],"version-history":[{"count":22,"href":"https:\/\/888starzbets.net\/hu\/wp-json\/wp\/v2\/pages\/567\/revisions"}],"predecessor-version":[{"id":827,"href":"https:\/\/888starzbets.net\/hu\/wp-json\/wp\/v2\/pages\/567\/revisions\/827"}],"wp:attachment":[{"href":"https:\/\/888starzbets.net\/hu\/wp-json\/wp\/v2\/media?parent=567"}],"curies":[{"name":"wp","href":"https:\/\/api.w.org\/{rel}","templated":true}]}}