{"id":600,"date":"2024-10-18T14:50:41","date_gmt":"2024-10-18T14:50:41","guid":{"rendered":"https:\/\/888starzbets.net\/hu\/?page_id=600"},"modified":"2025-06-15T08:04:59","modified_gmt":"2025-06-15T08:04:59","slug":"registration","status":"publish","type":"page","link":"https:\/\/888starzbets.net\/hu\/registration\/","title":{"rendered":"Regisztr\u00e1ci\u00f3"},"content":{"rendered":"","protected":false},"excerpt":{"rendered":"","protected":false},"author":1,"featured_media":0,"parent":0,"menu_order":0,"comment_status":"closed","ping_status":"closed","template":"","meta":{"footnotes":""},"class_list":["post-600","page","type-page","status-publish","hentry"],"yoast_head":"<!-- This site is optimized with the Yoast SEO plugin v26.2 - https:\/\/yoast.com\/wordpress\/plugins\/seo\/ -->\n<title>888Starz regisztr\u00e1ci\u00f3 | \u00datmutat\u00f3 a regisztr\u00e1ci\u00f3hoz<\/title>\n<meta name=\"description\" content=\"Hogyan hozzon l\u00e9tre \u00faj sz\u00e1ml\u00e1t a 888Starz-n\u00e1l - Hivatalos 888starz oldal regisztr\u00e1ci\u00f3 - Regisztr\u00e1ljon \u00e9s kapjon 100%-os regisztr\u00e1ci\u00f3s b\u00f3nuszt - Ismerje meg, hogyan kell regisztr\u00e1lni a 888Starz-n\u00e1l \u00e9s hogyan kell befejezni a sz\u00e1mla l\u00e9trehoz\u00e1s\u00e1t.\" \/>\n<meta name=\"robots\" content=\"index, follow, max-snippet:-1, max-image-preview:large, max-video-preview:-1\" \/>\n<meta property=\"og:locale\" content=\"hu_HU\" \/>\n<meta property=\"og:type\" content=\"article\" \/>\n<meta property=\"og:title\" content=\"888Starz regisztr\u00e1ci\u00f3 | \u00datmutat\u00f3 a regisztr\u00e1ci\u00f3hoz\" \/>\n<meta property=\"og:description\" content=\"Hogyan hozzon l\u00e9tre \u00faj sz\u00e1ml\u00e1t a 888Starz-n\u00e1l - Hivatalos 888starz oldal regisztr\u00e1ci\u00f3 - Regisztr\u00e1ljon \u00e9s kapjon 100%-os regisztr\u00e1ci\u00f3s b\u00f3nuszt - Ismerje meg, hogyan kell regisztr\u00e1lni a 888Starz-n\u00e1l \u00e9s hogyan kell befejezni a sz\u00e1mla l\u00e9trehoz\u00e1s\u00e1t.\" \/>\n<meta property=\"og:url\" content=\"https:\/\/888starzbets.net\/hu\/registration\/\" \/>\n<meta property=\"og:site_name\" content=\"888Starz Team\" \/>\n<meta property=\"article:modified_time\" content=\"2025-06-15T08:04:59+00:00\" \/>\n<meta name=\"twitter:card\" content=\"summary_large_image\" \/>\n<script type=\"application\/ld+json\" class=\"yoast-schema-graph\">{\"@context\":\"https:\/\/schema.org\",\"@graph\":[{\"@type\":\"WebPage\",\"@id\":\"https:\/\/888starzbets.net\/hu\/registration\/\",\"url\":\"https:\/\/888starzbets.net\/hu\/registration\/\",\"name\":\"888Starz regisztr\u00e1ci\u00f3 | \u00datmutat\u00f3 a regisztr\u00e1ci\u00f3hoz\",\"isPartOf\":{\"@id\":\"https:\/\/888starzbets.net\/hu\/#website\"},\"datePublished\":\"2024-10-18T14:50:41+00:00\",\"dateModified\":\"2025-06-15T08:04:59+00:00\",\"description\":\"Hogyan hozzon l\u00e9tre \u00faj sz\u00e1ml\u00e1t a 888Starz-n\u00e1l - Hivatalos 888starz oldal regisztr\u00e1ci\u00f3 - Regisztr\u00e1ljon \u00e9s kapjon 100%-os regisztr\u00e1ci\u00f3s b\u00f3nuszt - Ismerje meg, hogyan kell regisztr\u00e1lni a 888Starz-n\u00e1l \u00e9s hogyan kell befejezni a sz\u00e1mla l\u00e9trehoz\u00e1s\u00e1t.\",\"inLanguage\":\"hu\",\"potentialAction\":[{\"@type\":\"ReadAction\",\"target\":[\"https:\/\/888starzbets.net\/hu\/registration\/\"]}]},{\"@type\":\"WebSite\",\"@id\":\"https:\/\/888starzbets.net\/hu\/#website\",\"url\":\"https:\/\/888starzbets.net\/hu\/\",\"name\":\"888Starz Team\",\"description\":\"My WordPress Blog\",\"potentialAction\":[{\"@type\":\"SearchAction\",\"target\":{\"@type\":\"EntryPoint\",\"urlTemplate\":\"https:\/\/888starzbets.net\/hu\/?s={search_term_string}\"},\"query-input\":{\"@type\":\"PropertyValueSpecification\",\"valueRequired\":true,\"valueName\":\"search_term_string\"}}],\"inLanguage\":\"hu\"}]}<\/script>\n<!-- \/ Yoast SEO plugin. -->","yoast_head_json":{"title":"888Starz regisztr\u00e1ci\u00f3 | \u00datmutat\u00f3 a regisztr\u00e1ci\u00f3hoz","description":"Hogyan hozzon l\u00e9tre \u00faj sz\u00e1ml\u00e1t a 888Starz-n\u00e1l - Hivatalos 888starz oldal regisztr\u00e1ci\u00f3 - Regisztr\u00e1ljon \u00e9s kapjon 100%-os regisztr\u00e1ci\u00f3s b\u00f3nuszt - Ismerje meg, hogyan kell regisztr\u00e1lni a 888Starz-n\u00e1l \u00e9s hogyan kell befejezni a sz\u00e1mla l\u00e9trehoz\u00e1s\u00e1t.","robots":{"index":"index","follow":"follow","max-snippet":"max-snippet:-1","max-image-preview":"max-image-preview:large","max-video-preview":"max-video-preview:-1"},"og_locale":"hu_HU","og_type":"article","og_title":"888Starz regisztr\u00e1ci\u00f3 | \u00datmutat\u00f3 a regisztr\u00e1ci\u00f3hoz","og_description":"Hogyan hozzon l\u00e9tre \u00faj sz\u00e1ml\u00e1t a 888Starz-n\u00e1l - Hivatalos 888starz oldal regisztr\u00e1ci\u00f3 - Regisztr\u00e1ljon \u00e9s kapjon 100%-os regisztr\u00e1ci\u00f3s b\u00f3nuszt - Ismerje meg, hogyan kell regisztr\u00e1lni a 888Starz-n\u00e1l \u00e9s hogyan kell befejezni a sz\u00e1mla l\u00e9trehoz\u00e1s\u00e1t.","og_url":"https:\/\/888starzbets.net\/hu\/registration\/","og_site_name":"888Starz Team","article_modified_time":"2025-06-15T08:04:59+00:00","twitter_card":"summary_large_image","schema":{"@context":"https:\/\/schema.org","@graph":[{"@type":"WebPage","@id":"https:\/\/888starzbets.net\/hu\/registration\/","url":"https:\/\/888starzbets.net\/hu\/registration\/","name":"888Starz regisztr\u00e1ci\u00f3 | \u00datmutat\u00f3 a regisztr\u00e1ci\u00f3hoz","isPartOf":{"@id":"https:\/\/888starzbets.net\/hu\/#website"},"datePublished":"2024-10-18T14:50:41+00:00","dateModified":"2025-06-15T08:04:59+00:00","description":"Hogyan hozzon l\u00e9tre \u00faj sz\u00e1ml\u00e1t a 888Starz-n\u00e1l - Hivatalos 888starz oldal regisztr\u00e1ci\u00f3 - Regisztr\u00e1ljon \u00e9s kapjon 100%-os regisztr\u00e1ci\u00f3s b\u00f3nuszt - Ismerje meg, hogyan kell regisztr\u00e1lni a 888Starz-n\u00e1l \u00e9s hogyan kell befejezni a sz\u00e1mla l\u00e9trehoz\u00e1s\u00e1t.","inLanguage":"hu","potentialAction":[{"@type":"ReadAction","target":["https:\/\/888starzbets.net\/hu\/registration\/"]}]},{"@type":"WebSite","@id":"https:\/\/888starzbets.net\/hu\/#website","url":"https:\/\/888starzbets.net\/hu\/","name":"888Starz Team","description":"My WordPress Blog","potentialAction":[{"@type":"SearchAction","target":{"@type":"EntryPoint","urlTemplate":"https:\/\/888starzbets.net\/hu\/?s={search_term_string}"},"query-input":{"@type":"PropertyValueSpecification","valueRequired":true,"valueName":"search_term_string"}}],"inLanguage":"hu"}]}},"_links":{"self":[{"href":"https:\/\/888starzbets.net\/hu\/wp-json\/wp\/v2\/pages\/600","targetHints":{"allow":["GET"]}}],"collection":[{"href":"https:\/\/888starzbets.net\/hu\/wp-json\/wp\/v2\/pages"}],"about":[{"href":"https:\/\/888starzbets.net\/hu\/wp-json\/wp\/v2\/types\/page"}],"author":[{"embeddable":true,"href":"https:\/\/888starzbets.net\/hu\/wp-json\/wp\/v2\/users\/1"}],"replies":[{"embeddable":true,"href":"https:\/\/888starzbets.net\/hu\/wp-json\/wp\/v2\/comments?post=600"}],"version-history":[{"count":14,"href":"https:\/\/888starzbets.net\/hu\/wp-json\/wp\/v2\/pages\/600\/revisions"}],"predecessor-version":[{"id":828,"href":"https:\/\/888starzbets.net\/hu\/wp-json\/wp\/v2\/pages\/600\/revisions\/828"}],"wp:attachment":[{"href":"https:\/\/888starzbets.net\/hu\/wp-json\/wp\/v2\/media?parent=600"}],"curies":[{"name":"wp","href":"https:\/\/api.w.org\/{rel}","templated":true}]}}