{"id":693,"date":"2025-05-07T08:06:24","date_gmt":"2025-05-07T08:06:24","guid":{"rendered":"https:\/\/888starzbets.net\/hu\/?page_id=693"},"modified":"2025-06-15T07:32:53","modified_gmt":"2025-06-15T07:32:53","slug":"welcome-pack","status":"publish","type":"page","link":"https:\/\/888starzbets.net\/hu\/bonus\/welcome-pack\/","title":{"rendered":"\u00dcdv\u00f6zl\u0151 csomag"},"content":{"rendered":"","protected":false},"excerpt":{"rendered":"","protected":false},"author":1,"featured_media":0,"parent":152,"menu_order":0,"comment_status":"closed","ping_status":"closed","template":"","meta":{"footnotes":""},"class_list":["post-693","page","type-page","status-publish","hentry"],"yoast_head":"<!-- This site is optimized with the Yoast SEO plugin v26.2 - https:\/\/yoast.com\/wordpress\/plugins\/seo\/ -->\n<title>\u00dcdv\u00f6zl\u0151 csomag ak\u00e1r 600 000 HUF \u00e9s 150 ingyenes p\u00f6rget\u00e9s<\/title>\n<meta name=\"description\" content=\"Szerezze be \u00fcdv\u00f6zl\u0151 csomagj\u00e1t 600.000 HUF \u00e9s 150 ingyenes p\u00f6rget\u00e9st! Hozzon l\u00e9tre egy sz\u00e1ml\u00e1t, fizessen be mind\u00f6ssze 4000 HUF \u00e9s automatikusan aktiv\u00e1lja a b\u00f3nusz\u00e1t. Ne hagyja ki a nyer\u00e9si lehet\u0151s\u00e9get - legyen r\u00e9szese a j\u00e1t\u00e9knak most!\" \/>\n<meta name=\"robots\" content=\"index, follow, max-snippet:-1, max-image-preview:large, max-video-preview:-1\" \/>\n<meta property=\"og:locale\" content=\"hu_HU\" \/>\n<meta property=\"og:type\" content=\"article\" \/>\n<meta property=\"og:title\" content=\"\u00dcdv\u00f6zl\u0151 csomag ak\u00e1r 600 000 HUF \u00e9s 150 ingyenes p\u00f6rget\u00e9s\" \/>\n<meta property=\"og:description\" content=\"Szerezze be \u00fcdv\u00f6zl\u0151 csomagj\u00e1t 600.000 HUF \u00e9s 150 ingyenes p\u00f6rget\u00e9st! Hozzon l\u00e9tre egy sz\u00e1ml\u00e1t, fizessen be mind\u00f6ssze 4000 HUF \u00e9s automatikusan aktiv\u00e1lja a b\u00f3nusz\u00e1t. Ne hagyja ki a nyer\u00e9si lehet\u0151s\u00e9get - legyen r\u00e9szese a j\u00e1t\u00e9knak most!\" \/>\n<meta property=\"og:url\" content=\"https:\/\/888starzbets.net\/hu\/bonus\/welcome-pack\/\" \/>\n<meta property=\"og:site_name\" content=\"888Starz Team\" \/>\n<meta property=\"article:modified_time\" content=\"2025-06-15T07:32:53+00:00\" \/>\n<meta name=\"twitter:card\" content=\"summary_large_image\" \/>\n<script type=\"application\/ld+json\" class=\"yoast-schema-graph\">{\"@context\":\"https:\/\/schema.org\",\"@graph\":[{\"@type\":\"WebPage\",\"@id\":\"https:\/\/888starzbets.net\/hu\/bonus\/welcome-pack\/\",\"url\":\"https:\/\/888starzbets.net\/hu\/bonus\/welcome-pack\/\",\"name\":\"\u00dcdv\u00f6zl\u0151 csomag ak\u00e1r 600 000 HUF \u00e9s 150 ingyenes p\u00f6rget\u00e9s\",\"isPartOf\":{\"@id\":\"https:\/\/888starzbets.net\/hu\/#website\"},\"datePublished\":\"2025-05-07T08:06:24+00:00\",\"dateModified\":\"2025-06-15T07:32:53+00:00\",\"description\":\"Szerezze be \u00fcdv\u00f6zl\u0151 csomagj\u00e1t 600.000 HUF \u00e9s 150 ingyenes p\u00f6rget\u00e9st! Hozzon l\u00e9tre egy sz\u00e1ml\u00e1t, fizessen be mind\u00f6ssze 4000 HUF \u00e9s automatikusan aktiv\u00e1lja a b\u00f3nusz\u00e1t. Ne hagyja ki a nyer\u00e9si lehet\u0151s\u00e9get - legyen r\u00e9szese a j\u00e1t\u00e9knak most!\",\"breadcrumb\":{\"@id\":\"https:\/\/888starzbets.net\/hu\/bonus\/welcome-pack\/#breadcrumb\"},\"inLanguage\":\"hu\",\"potentialAction\":[{\"@type\":\"ReadAction\",\"target\":[\"https:\/\/888starzbets.net\/hu\/bonus\/welcome-pack\/\"]}]},{\"@type\":\"BreadcrumbList\",\"@id\":\"https:\/\/888starzbets.net\/hu\/bonus\/welcome-pack\/#breadcrumb\",\"itemListElement\":[{\"@type\":\"ListItem\",\"position\":1,\"name\":\"B\u00f3nuszok\",\"item\":\"https:\/\/888starzbets.net\/hu\/bonus\/\"},{\"@type\":\"ListItem\",\"position\":2,\"name\":\"\u00dcdv\u00f6zl\u0151 csomag\"}]},{\"@type\":\"WebSite\",\"@id\":\"https:\/\/888starzbets.net\/hu\/#website\",\"url\":\"https:\/\/888starzbets.net\/hu\/\",\"name\":\"888Starz Team\",\"description\":\"My WordPress Blog\",\"potentialAction\":[{\"@type\":\"SearchAction\",\"target\":{\"@type\":\"EntryPoint\",\"urlTemplate\":\"https:\/\/888starzbets.net\/hu\/?s={search_term_string}\"},\"query-input\":{\"@type\":\"PropertyValueSpecification\",\"valueRequired\":true,\"valueName\":\"search_term_string\"}}],\"inLanguage\":\"hu\"}]}<\/script>\n<!-- \/ Yoast SEO plugin. -->","yoast_head_json":{"title":"\u00dcdv\u00f6zl\u0151 csomag ak\u00e1r 600 000 HUF \u00e9s 150 ingyenes p\u00f6rget\u00e9s","description":"Szerezze be \u00fcdv\u00f6zl\u0151 csomagj\u00e1t 600.000 HUF \u00e9s 150 ingyenes p\u00f6rget\u00e9st! Hozzon l\u00e9tre egy sz\u00e1ml\u00e1t, fizessen be mind\u00f6ssze 4000 HUF \u00e9s automatikusan aktiv\u00e1lja a b\u00f3nusz\u00e1t. Ne hagyja ki a nyer\u00e9si lehet\u0151s\u00e9get - legyen r\u00e9szese a j\u00e1t\u00e9knak most!","robots":{"index":"index","follow":"follow","max-snippet":"max-snippet:-1","max-image-preview":"max-image-preview:large","max-video-preview":"max-video-preview:-1"},"og_locale":"hu_HU","og_type":"article","og_title":"\u00dcdv\u00f6zl\u0151 csomag ak\u00e1r 600 000 HUF \u00e9s 150 ingyenes p\u00f6rget\u00e9s","og_description":"Szerezze be \u00fcdv\u00f6zl\u0151 csomagj\u00e1t 600.000 HUF \u00e9s 150 ingyenes p\u00f6rget\u00e9st! Hozzon l\u00e9tre egy sz\u00e1ml\u00e1t, fizessen be mind\u00f6ssze 4000 HUF \u00e9s automatikusan aktiv\u00e1lja a b\u00f3nusz\u00e1t. Ne hagyja ki a nyer\u00e9si lehet\u0151s\u00e9get - legyen r\u00e9szese a j\u00e1t\u00e9knak most!","og_url":"https:\/\/888starzbets.net\/hu\/bonus\/welcome-pack\/","og_site_name":"888Starz Team","article_modified_time":"2025-06-15T07:32:53+00:00","twitter_card":"summary_large_image","schema":{"@context":"https:\/\/schema.org","@graph":[{"@type":"WebPage","@id":"https:\/\/888starzbets.net\/hu\/bonus\/welcome-pack\/","url":"https:\/\/888starzbets.net\/hu\/bonus\/welcome-pack\/","name":"\u00dcdv\u00f6zl\u0151 csomag ak\u00e1r 600 000 HUF \u00e9s 150 ingyenes p\u00f6rget\u00e9s","isPartOf":{"@id":"https:\/\/888starzbets.net\/hu\/#website"},"datePublished":"2025-05-07T08:06:24+00:00","dateModified":"2025-06-15T07:32:53+00:00","description":"Szerezze be \u00fcdv\u00f6zl\u0151 csomagj\u00e1t 600.000 HUF \u00e9s 150 ingyenes p\u00f6rget\u00e9st! Hozzon l\u00e9tre egy sz\u00e1ml\u00e1t, fizessen be mind\u00f6ssze 4000 HUF \u00e9s automatikusan aktiv\u00e1lja a b\u00f3nusz\u00e1t. Ne hagyja ki a nyer\u00e9si lehet\u0151s\u00e9get - legyen r\u00e9szese a j\u00e1t\u00e9knak most!","breadcrumb":{"@id":"https:\/\/888starzbets.net\/hu\/bonus\/welcome-pack\/#breadcrumb"},"inLanguage":"hu","potentialAction":[{"@type":"ReadAction","target":["https:\/\/888starzbets.net\/hu\/bonus\/welcome-pack\/"]}]},{"@type":"BreadcrumbList","@id":"https:\/\/888starzbets.net\/hu\/bonus\/welcome-pack\/#breadcrumb","itemListElement":[{"@type":"ListItem","position":1,"name":"B\u00f3nuszok","item":"https:\/\/888starzbets.net\/hu\/bonus\/"},{"@type":"ListItem","position":2,"name":"\u00dcdv\u00f6zl\u0151 csomag"}]},{"@type":"WebSite","@id":"https:\/\/888starzbets.net\/hu\/#website","url":"https:\/\/888starzbets.net\/hu\/","name":"888Starz Team","description":"My WordPress Blog","potentialAction":[{"@type":"SearchAction","target":{"@type":"EntryPoint","urlTemplate":"https:\/\/888starzbets.net\/hu\/?s={search_term_string}"},"query-input":{"@type":"PropertyValueSpecification","valueRequired":true,"valueName":"search_term_string"}}],"inLanguage":"hu"}]}},"_links":{"self":[{"href":"https:\/\/888starzbets.net\/hu\/wp-json\/wp\/v2\/pages\/693","targetHints":{"allow":["GET"]}}],"collection":[{"href":"https:\/\/888starzbets.net\/hu\/wp-json\/wp\/v2\/pages"}],"about":[{"href":"https:\/\/888starzbets.net\/hu\/wp-json\/wp\/v2\/types\/page"}],"author":[{"embeddable":true,"href":"https:\/\/888starzbets.net\/hu\/wp-json\/wp\/v2\/users\/1"}],"replies":[{"embeddable":true,"href":"https:\/\/888starzbets.net\/hu\/wp-json\/wp\/v2\/comments?post=693"}],"version-history":[{"count":13,"href":"https:\/\/888starzbets.net\/hu\/wp-json\/wp\/v2\/pages\/693\/revisions"}],"predecessor-version":[{"id":820,"href":"https:\/\/888starzbets.net\/hu\/wp-json\/wp\/v2\/pages\/693\/revisions\/820"}],"up":[{"embeddable":true,"href":"https:\/\/888starzbets.net\/hu\/wp-json\/wp\/v2\/pages\/152"}],"wp:attachment":[{"href":"https:\/\/888starzbets.net\/hu\/wp-json\/wp\/v2\/media?parent=693"}],"curies":[{"name":"wp","href":"https:\/\/api.w.org\/{rel}","templated":true}]}}