{"id":844,"date":"2025-10-27T12:52:15","date_gmt":"2025-10-27T12:52:15","guid":{"rendered":"https:\/\/888starzbets.net\/?page_id=844"},"modified":"2025-11-18T07:15:56","modified_gmt":"2025-11-18T07:15:56","slug":"sport","status":"publish","type":"page","link":"https:\/\/888starzbets.net\/it\/sport\/","title":{"rendered":"Sport"},"content":{"rendered":"","protected":false},"excerpt":{"rendered":"","protected":false},"author":1,"featured_media":0,"parent":0,"menu_order":0,"comment_status":"closed","ping_status":"closed","template":"","meta":{"footnotes":""},"class_list":["post-844","page","type-page","status-publish","hentry"],"yoast_head":"<!-- This site is optimized with the Yoast SEO plugin v26.2 - https:\/\/yoast.com\/wordpress\/plugins\/seo\/ -->\n<title>Scommesse sportive con 888Starz | strategie, linee<\/title>\n<meta name=\"description\" content=\"888Starz \u00e8 una delle migliori piattaforme per le scommesse sportive. Scopri di pi\u00f9 sulle strategie, la registrazione, le scommesse live e le specificit\u00e0 di calcio, hockey, tennis, boxe e altri sport. Gioca in modo intelligente e vinci con 888Starz!\" \/>\n<meta name=\"robots\" content=\"index, follow, max-snippet:-1, max-image-preview:large, max-video-preview:-1\" \/>\n<meta property=\"og:locale\" content=\"it_IT\" \/>\n<meta property=\"og:type\" content=\"article\" \/>\n<meta property=\"og:title\" content=\"Scommesse sportive con 888Starz | strategie, linee\" \/>\n<meta property=\"og:description\" content=\"888Starz \u00e8 una delle migliori piattaforme per le scommesse sportive. Scopri di pi\u00f9 sulle strategie, la registrazione, le scommesse live e le specificit\u00e0 di calcio, hockey, tennis, boxe e altri sport. Gioca in modo intelligente e vinci con 888Starz!\" \/>\n<meta property=\"og:url\" content=\"https:\/\/888starzbets.net\/it\/sport\/\" \/>\n<meta property=\"og:site_name\" content=\"888Starz Team it\" \/>\n<meta property=\"article:modified_time\" content=\"2025-11-18T07:15:56+00:00\" \/>\n<meta name=\"twitter:card\" content=\"summary_large_image\" \/>\n<script type=\"application\/ld+json\" class=\"yoast-schema-graph\">{\"@context\":\"https:\/\/schema.org\",\"@graph\":[{\"@type\":\"WebPage\",\"@id\":\"https:\/\/888starzbets.net\/it\/sport\/\",\"url\":\"https:\/\/888starzbets.net\/it\/sport\/\",\"name\":\"Scommesse sportive con 888Starz | strategie, linee\",\"isPartOf\":{\"@id\":\"https:\/\/888starzbets.net\/it\/#website\"},\"datePublished\":\"2025-10-27T12:52:15+00:00\",\"dateModified\":\"2025-11-18T07:15:56+00:00\",\"description\":\"888Starz \u00e8 una delle migliori piattaforme per le scommesse sportive. Scopri di pi\u00f9 sulle strategie, la registrazione, le scommesse live e le specificit\u00e0 di calcio, hockey, tennis, boxe e altri sport. Gioca in modo intelligente e vinci con 888Starz!\",\"inLanguage\":\"it-IT\",\"potentialAction\":[{\"@type\":\"ReadAction\",\"target\":[\"https:\/\/888starzbets.net\/it\/sport\/\"]}]},{\"@type\":\"WebSite\",\"@id\":\"https:\/\/888starzbets.net\/it\/#website\",\"url\":\"https:\/\/888starzbets.net\/it\/\",\"name\":\"888Starz Team it\",\"description\":\"My WordPress Blog\",\"potentialAction\":[{\"@type\":\"SearchAction\",\"target\":{\"@type\":\"EntryPoint\",\"urlTemplate\":\"https:\/\/888starzbets.net\/it\/?s={search_term_string}\"},\"query-input\":{\"@type\":\"PropertyValueSpecification\",\"valueRequired\":true,\"valueName\":\"search_term_string\"}}],\"inLanguage\":\"it-IT\"}]}<\/script>\n<!-- \/ Yoast SEO plugin. -->","yoast_head_json":{"title":"Scommesse sportive con 888Starz | strategie, linee","description":"888Starz \u00e8 una delle migliori piattaforme per le scommesse sportive. Scopri di pi\u00f9 sulle strategie, la registrazione, le scommesse live e le specificit\u00e0 di calcio, hockey, tennis, boxe e altri sport. Gioca in modo intelligente e vinci con 888Starz!","robots":{"index":"index","follow":"follow","max-snippet":"max-snippet:-1","max-image-preview":"max-image-preview:large","max-video-preview":"max-video-preview:-1"},"og_locale":"it_IT","og_type":"article","og_title":"Scommesse sportive con 888Starz | strategie, linee","og_description":"888Starz \u00e8 una delle migliori piattaforme per le scommesse sportive. Scopri di pi\u00f9 sulle strategie, la registrazione, le scommesse live e le specificit\u00e0 di calcio, hockey, tennis, boxe e altri sport. Gioca in modo intelligente e vinci con 888Starz!","og_url":"https:\/\/888starzbets.net\/it\/sport\/","og_site_name":"888Starz Team it","article_modified_time":"2025-11-18T07:15:56+00:00","twitter_card":"summary_large_image","schema":{"@context":"https:\/\/schema.org","@graph":[{"@type":"WebPage","@id":"https:\/\/888starzbets.net\/it\/sport\/","url":"https:\/\/888starzbets.net\/it\/sport\/","name":"Scommesse sportive con 888Starz | strategie, linee","isPartOf":{"@id":"https:\/\/888starzbets.net\/it\/#website"},"datePublished":"2025-10-27T12:52:15+00:00","dateModified":"2025-11-18T07:15:56+00:00","description":"888Starz \u00e8 una delle migliori piattaforme per le scommesse sportive. Scopri di pi\u00f9 sulle strategie, la registrazione, le scommesse live e le specificit\u00e0 di calcio, hockey, tennis, boxe e altri sport. Gioca in modo intelligente e vinci con 888Starz!","inLanguage":"it-IT","potentialAction":[{"@type":"ReadAction","target":["https:\/\/888starzbets.net\/it\/sport\/"]}]},{"@type":"WebSite","@id":"https:\/\/888starzbets.net\/it\/#website","url":"https:\/\/888starzbets.net\/it\/","name":"888Starz Team it","description":"My WordPress Blog","potentialAction":[{"@type":"SearchAction","target":{"@type":"EntryPoint","urlTemplate":"https:\/\/888starzbets.net\/it\/?s={search_term_string}"},"query-input":{"@type":"PropertyValueSpecification","valueRequired":true,"valueName":"search_term_string"}}],"inLanguage":"it-IT"}]}},"_links":{"self":[{"href":"https:\/\/888starzbets.net\/it\/wp-json\/wp\/v2\/pages\/844","targetHints":{"allow":["GET"]}}],"collection":[{"href":"https:\/\/888starzbets.net\/it\/wp-json\/wp\/v2\/pages"}],"about":[{"href":"https:\/\/888starzbets.net\/it\/wp-json\/wp\/v2\/types\/page"}],"author":[{"embeddable":true,"href":"https:\/\/888starzbets.net\/it\/wp-json\/wp\/v2\/users\/1"}],"replies":[{"embeddable":true,"href":"https:\/\/888starzbets.net\/it\/wp-json\/wp\/v2\/comments?post=844"}],"version-history":[{"count":1,"href":"https:\/\/888starzbets.net\/it\/wp-json\/wp\/v2\/pages\/844\/revisions"}],"predecessor-version":[{"id":944,"href":"https:\/\/888starzbets.net\/it\/wp-json\/wp\/v2\/pages\/844\/revisions\/944"}],"wp:attachment":[{"href":"https:\/\/888starzbets.net\/it\/wp-json\/wp\/v2\/media?parent=844"}],"curies":[{"name":"wp","href":"https:\/\/api.w.org\/{rel}","templated":true}]}}