{"id":152,"date":"2023-05-18T17:39:43","date_gmt":"2023-05-18T17:39:43","guid":{"rendered":"https:\/\/888starzbets.net\/pe\/?page_id=152"},"modified":"2025-02-25T04:56:34","modified_gmt":"2025-02-25T04:56:34","slug":"bonus","status":"publish","type":"page","link":"https:\/\/888starzbets.net\/pe\/bonus\/","title":{"rendered":"Bonificaciones"},"content":{"rendered":"","protected":false},"excerpt":{"rendered":"","protected":false},"author":1,"featured_media":0,"parent":0,"menu_order":0,"comment_status":"closed","ping_status":"closed","template":"","meta":{"footnotes":""},"class_list":["post-152","page","type-page","status-publish","hentry"],"yoast_head":"<!-- This site is optimized with the Yoast SEO plugin v26.2 - https:\/\/yoast.com\/wordpress\/plugins\/seo\/ -->\n<title>888Starz Per\u00fa Bono 2025 \ud83c\udf81 Promociones y ofertas especiales<\/title>\n<meta name=\"description\" content=\"Reg\u00edstrate en 888starz y consigue un bono del 100% en tu primer dep\u00f3sito. Gu\u00eda de bonos y promociones de 888Starz para jugadores nuevos y habituales. \u00a1Consigue apuestas gratis y cashback cada semana!\" \/>\n<meta name=\"robots\" content=\"index, follow, max-snippet:-1, max-image-preview:large, max-video-preview:-1\" \/>\n<meta property=\"og:locale\" content=\"es_ES\" \/>\n<meta property=\"og:type\" content=\"article\" \/>\n<meta property=\"og:title\" content=\"888Starz Per\u00fa Bono 2025 \ud83c\udf81 Promociones y ofertas especiales\" \/>\n<meta property=\"og:description\" content=\"Reg\u00edstrate en 888starz y consigue un bono del 100% en tu primer dep\u00f3sito. Gu\u00eda de bonos y promociones de 888Starz para jugadores nuevos y habituales. \u00a1Consigue apuestas gratis y cashback cada semana!\" \/>\n<meta property=\"og:url\" content=\"https:\/\/888starzbets.net\/pe\/bonus\/\" \/>\n<meta property=\"og:site_name\" content=\"888Starz Team pe\" \/>\n<meta property=\"article:modified_time\" content=\"2025-02-25T04:56:34+00:00\" \/>\n<meta name=\"twitter:card\" content=\"summary_large_image\" \/>\n<script type=\"application\/ld+json\" class=\"yoast-schema-graph\">{\"@context\":\"https:\/\/schema.org\",\"@graph\":[{\"@type\":\"WebPage\",\"@id\":\"https:\/\/888starzbets.net\/pe\/bonus\/\",\"url\":\"https:\/\/888starzbets.net\/pe\/bonus\/\",\"name\":\"888Starz Per\u00fa Bono 2025 \ud83c\udf81 Promociones y ofertas especiales\",\"isPartOf\":{\"@id\":\"https:\/\/888starzbets.net\/pe\/#website\"},\"datePublished\":\"2023-05-18T17:39:43+00:00\",\"dateModified\":\"2025-02-25T04:56:34+00:00\",\"description\":\"Reg\u00edstrate en 888starz y consigue un bono del 100% en tu primer dep\u00f3sito. Gu\u00eda de bonos y promociones de 888Starz para jugadores nuevos y habituales. \u00a1Consigue apuestas gratis y cashback cada semana!\",\"inLanguage\":\"es-PE\",\"potentialAction\":[{\"@type\":\"ReadAction\",\"target\":[\"https:\/\/888starzbets.net\/pe\/bonus\/\"]}]},{\"@type\":\"WebSite\",\"@id\":\"https:\/\/888starzbets.net\/pe\/#website\",\"url\":\"https:\/\/888starzbets.net\/pe\/\",\"name\":\"888Starz Team pe\",\"description\":\"My WordPress Blog\",\"potentialAction\":[{\"@type\":\"SearchAction\",\"target\":{\"@type\":\"EntryPoint\",\"urlTemplate\":\"https:\/\/888starzbets.net\/pe\/?s={search_term_string}\"},\"query-input\":{\"@type\":\"PropertyValueSpecification\",\"valueRequired\":true,\"valueName\":\"search_term_string\"}}],\"inLanguage\":\"es-PE\"}]}<\/script>\n<!-- \/ Yoast SEO plugin. -->","yoast_head_json":{"title":"888Starz Per\u00fa Bono 2025 \ud83c\udf81 Promociones y ofertas especiales","description":"Reg\u00edstrate en 888starz y consigue un bono del 100% en tu primer dep\u00f3sito. Gu\u00eda de bonos y promociones de 888Starz para jugadores nuevos y habituales. \u00a1Consigue apuestas gratis y cashback cada semana!","robots":{"index":"index","follow":"follow","max-snippet":"max-snippet:-1","max-image-preview":"max-image-preview:large","max-video-preview":"max-video-preview:-1"},"og_locale":"es_ES","og_type":"article","og_title":"888Starz Per\u00fa Bono 2025 \ud83c\udf81 Promociones y ofertas especiales","og_description":"Reg\u00edstrate en 888starz y consigue un bono del 100% en tu primer dep\u00f3sito. Gu\u00eda de bonos y promociones de 888Starz para jugadores nuevos y habituales. \u00a1Consigue apuestas gratis y cashback cada semana!","og_url":"https:\/\/888starzbets.net\/pe\/bonus\/","og_site_name":"888Starz Team pe","article_modified_time":"2025-02-25T04:56:34+00:00","twitter_card":"summary_large_image","schema":{"@context":"https:\/\/schema.org","@graph":[{"@type":"WebPage","@id":"https:\/\/888starzbets.net\/pe\/bonus\/","url":"https:\/\/888starzbets.net\/pe\/bonus\/","name":"888Starz Per\u00fa Bono 2025 \ud83c\udf81 Promociones y ofertas especiales","isPartOf":{"@id":"https:\/\/888starzbets.net\/pe\/#website"},"datePublished":"2023-05-18T17:39:43+00:00","dateModified":"2025-02-25T04:56:34+00:00","description":"Reg\u00edstrate en 888starz y consigue un bono del 100% en tu primer dep\u00f3sito. Gu\u00eda de bonos y promociones de 888Starz para jugadores nuevos y habituales. \u00a1Consigue apuestas gratis y cashback cada semana!","inLanguage":"es-PE","potentialAction":[{"@type":"ReadAction","target":["https:\/\/888starzbets.net\/pe\/bonus\/"]}]},{"@type":"WebSite","@id":"https:\/\/888starzbets.net\/pe\/#website","url":"https:\/\/888starzbets.net\/pe\/","name":"888Starz Team pe","description":"My WordPress Blog","potentialAction":[{"@type":"SearchAction","target":{"@type":"EntryPoint","urlTemplate":"https:\/\/888starzbets.net\/pe\/?s={search_term_string}"},"query-input":{"@type":"PropertyValueSpecification","valueRequired":true,"valueName":"search_term_string"}}],"inLanguage":"es-PE"}]}},"_links":{"self":[{"href":"https:\/\/888starzbets.net\/pe\/wp-json\/wp\/v2\/pages\/152","targetHints":{"allow":["GET"]}}],"collection":[{"href":"https:\/\/888starzbets.net\/pe\/wp-json\/wp\/v2\/pages"}],"about":[{"href":"https:\/\/888starzbets.net\/pe\/wp-json\/wp\/v2\/types\/page"}],"author":[{"embeddable":true,"href":"https:\/\/888starzbets.net\/pe\/wp-json\/wp\/v2\/users\/1"}],"replies":[{"embeddable":true,"href":"https:\/\/888starzbets.net\/pe\/wp-json\/wp\/v2\/comments?post=152"}],"version-history":[{"count":62,"href":"https:\/\/888starzbets.net\/pe\/wp-json\/wp\/v2\/pages\/152\/revisions"}],"predecessor-version":[{"id":686,"href":"https:\/\/888starzbets.net\/pe\/wp-json\/wp\/v2\/pages\/152\/revisions\/686"}],"wp:attachment":[{"href":"https:\/\/888starzbets.net\/pe\/wp-json\/wp\/v2\/media?parent=152"}],"curies":[{"name":"wp","href":"https:\/\/api.w.org\/{rel}","templated":true}]}}