{"id":567,"date":"2024-09-02T08:25:04","date_gmt":"2024-09-02T08:25:04","guid":{"rendered":"https:\/\/888starzbets.net\/pe\/?page_id=567"},"modified":"2025-02-26T04:15:38","modified_gmt":"2025-02-26T04:15:38","slug":"casino","status":"publish","type":"page","link":"https:\/\/888starzbets.net\/pe\/casino\/","title":{"rendered":"Casino"},"content":{"rendered":"","protected":false},"excerpt":{"rendered":"","protected":false},"author":1,"featured_media":0,"parent":0,"menu_order":0,"comment_status":"closed","ping_status":"closed","template":"","meta":{"footnotes":""},"class_list":["post-567","page","type-page","status-publish","hentry"],"yoast_head":"<!-- This site is optimized with the Yoast SEO plugin v26.2 - https:\/\/yoast.com\/wordpress\/plugins\/seo\/ -->\n<title>888Starz Casino | Casino en vivo, Juegos, Bono de bienvenida<\/title>\n<meta name=\"description\" content=\"888Starz Per\u00fa ofrece a los jugadores la oportunidad de probar suerte en el casino 888Starz con miles de tragaperras, juegos de mesa y crupieres en vivo. C\u00f3mo empezar a jugar en el sitio oficial y la aplicaci\u00f3n m\u00f3vil de 888Starz\" \/>\n<meta name=\"robots\" content=\"index, follow, max-snippet:-1, max-image-preview:large, max-video-preview:-1\" \/>\n<meta property=\"og:locale\" content=\"es_ES\" \/>\n<meta property=\"og:type\" content=\"article\" \/>\n<meta property=\"og:title\" content=\"888Starz Casino | Casino en vivo, Juegos, Bono de bienvenida\" \/>\n<meta property=\"og:description\" content=\"888Starz Per\u00fa ofrece a los jugadores la oportunidad de probar suerte en el casino 888Starz con miles de tragaperras, juegos de mesa y crupieres en vivo. C\u00f3mo empezar a jugar en el sitio oficial y la aplicaci\u00f3n m\u00f3vil de 888Starz\" \/>\n<meta property=\"og:url\" content=\"https:\/\/888starzbets.net\/pe\/casino\/\" \/>\n<meta property=\"og:site_name\" content=\"888Starz Team pe\" \/>\n<meta property=\"article:modified_time\" content=\"2025-02-26T04:15:38+00:00\" \/>\n<meta name=\"twitter:card\" content=\"summary_large_image\" \/>\n<script type=\"application\/ld+json\" class=\"yoast-schema-graph\">{\"@context\":\"https:\/\/schema.org\",\"@graph\":[{\"@type\":\"WebPage\",\"@id\":\"https:\/\/888starzbets.net\/pe\/casino\/\",\"url\":\"https:\/\/888starzbets.net\/pe\/casino\/\",\"name\":\"888Starz Casino | Casino en vivo, Juegos, Bono de bienvenida\",\"isPartOf\":{\"@id\":\"https:\/\/888starzbets.net\/pe\/#website\"},\"datePublished\":\"2024-09-02T08:25:04+00:00\",\"dateModified\":\"2025-02-26T04:15:38+00:00\",\"description\":\"888Starz Per\u00fa ofrece a los jugadores la oportunidad de probar suerte en el casino 888Starz con miles de tragaperras, juegos de mesa y crupieres en vivo. C\u00f3mo empezar a jugar en el sitio oficial y la aplicaci\u00f3n m\u00f3vil de 888Starz\",\"inLanguage\":\"es-PE\",\"potentialAction\":[{\"@type\":\"ReadAction\",\"target\":[\"https:\/\/888starzbets.net\/pe\/casino\/\"]}]},{\"@type\":\"WebSite\",\"@id\":\"https:\/\/888starzbets.net\/pe\/#website\",\"url\":\"https:\/\/888starzbets.net\/pe\/\",\"name\":\"888Starz Team pe\",\"description\":\"My WordPress Blog\",\"potentialAction\":[{\"@type\":\"SearchAction\",\"target\":{\"@type\":\"EntryPoint\",\"urlTemplate\":\"https:\/\/888starzbets.net\/pe\/?s={search_term_string}\"},\"query-input\":{\"@type\":\"PropertyValueSpecification\",\"valueRequired\":true,\"valueName\":\"search_term_string\"}}],\"inLanguage\":\"es-PE\"}]}<\/script>\n<!-- \/ Yoast SEO plugin. -->","yoast_head_json":{"title":"888Starz Casino | Casino en vivo, Juegos, Bono de bienvenida","description":"888Starz Per\u00fa ofrece a los jugadores la oportunidad de probar suerte en el casino 888Starz con miles de tragaperras, juegos de mesa y crupieres en vivo. C\u00f3mo empezar a jugar en el sitio oficial y la aplicaci\u00f3n m\u00f3vil de 888Starz","robots":{"index":"index","follow":"follow","max-snippet":"max-snippet:-1","max-image-preview":"max-image-preview:large","max-video-preview":"max-video-preview:-1"},"og_locale":"es_ES","og_type":"article","og_title":"888Starz Casino | Casino en vivo, Juegos, Bono de bienvenida","og_description":"888Starz Per\u00fa ofrece a los jugadores la oportunidad de probar suerte en el casino 888Starz con miles de tragaperras, juegos de mesa y crupieres en vivo. C\u00f3mo empezar a jugar en el sitio oficial y la aplicaci\u00f3n m\u00f3vil de 888Starz","og_url":"https:\/\/888starzbets.net\/pe\/casino\/","og_site_name":"888Starz Team pe","article_modified_time":"2025-02-26T04:15:38+00:00","twitter_card":"summary_large_image","schema":{"@context":"https:\/\/schema.org","@graph":[{"@type":"WebPage","@id":"https:\/\/888starzbets.net\/pe\/casino\/","url":"https:\/\/888starzbets.net\/pe\/casino\/","name":"888Starz Casino | Casino en vivo, Juegos, Bono de bienvenida","isPartOf":{"@id":"https:\/\/888starzbets.net\/pe\/#website"},"datePublished":"2024-09-02T08:25:04+00:00","dateModified":"2025-02-26T04:15:38+00:00","description":"888Starz Per\u00fa ofrece a los jugadores la oportunidad de probar suerte en el casino 888Starz con miles de tragaperras, juegos de mesa y crupieres en vivo. C\u00f3mo empezar a jugar en el sitio oficial y la aplicaci\u00f3n m\u00f3vil de 888Starz","inLanguage":"es-PE","potentialAction":[{"@type":"ReadAction","target":["https:\/\/888starzbets.net\/pe\/casino\/"]}]},{"@type":"WebSite","@id":"https:\/\/888starzbets.net\/pe\/#website","url":"https:\/\/888starzbets.net\/pe\/","name":"888Starz Team pe","description":"My WordPress Blog","potentialAction":[{"@type":"SearchAction","target":{"@type":"EntryPoint","urlTemplate":"https:\/\/888starzbets.net\/pe\/?s={search_term_string}"},"query-input":{"@type":"PropertyValueSpecification","valueRequired":true,"valueName":"search_term_string"}}],"inLanguage":"es-PE"}]}},"_links":{"self":[{"href":"https:\/\/888starzbets.net\/pe\/wp-json\/wp\/v2\/pages\/567","targetHints":{"allow":["GET"]}}],"collection":[{"href":"https:\/\/888starzbets.net\/pe\/wp-json\/wp\/v2\/pages"}],"about":[{"href":"https:\/\/888starzbets.net\/pe\/wp-json\/wp\/v2\/types\/page"}],"author":[{"embeddable":true,"href":"https:\/\/888starzbets.net\/pe\/wp-json\/wp\/v2\/users\/1"}],"replies":[{"embeddable":true,"href":"https:\/\/888starzbets.net\/pe\/wp-json\/wp\/v2\/comments?post=567"}],"version-history":[{"count":20,"href":"https:\/\/888starzbets.net\/pe\/wp-json\/wp\/v2\/pages\/567\/revisions"}],"predecessor-version":[{"id":700,"href":"https:\/\/888starzbets.net\/pe\/wp-json\/wp\/v2\/pages\/567\/revisions\/700"}],"wp:attachment":[{"href":"https:\/\/888starzbets.net\/pe\/wp-json\/wp\/v2\/media?parent=567"}],"curies":[{"name":"wp","href":"https:\/\/api.w.org\/{rel}","templated":true}]}}