{"id":152,"date":"2023-05-18T17:39:43","date_gmt":"2023-05-18T17:39:43","guid":{"rendered":"https:\/\/888starzbets.net\/pl\/?page_id=152"},"modified":"2025-02-08T07:26:18","modified_gmt":"2025-02-08T07:26:18","slug":"bonus","status":"publish","type":"page","link":"https:\/\/888starzbets.net\/pl\/bonus\/","title":{"rendered":"Premie"},"content":{"rendered":"","protected":false},"excerpt":{"rendered":"","protected":false},"author":1,"featured_media":0,"parent":0,"menu_order":0,"comment_status":"closed","ping_status":"closed","template":"","meta":{"footnotes":""},"class_list":["post-152","page","type-page","status-publish","hentry"],"yoast_head":"<!-- This site is optimized with the Yoast SEO plugin v26.2 - https:\/\/yoast.com\/wordpress\/plugins\/seo\/ -->\n<title>888Starz Bonus 2025 \ud83c\udf81 Promocje i oferty specjalne<\/title>\n<meta name=\"description\" content=\"Zarejestruj si\u0119 w 888Starz Polska i otrzymaj 100% bonusu od pierwszego depozytu. Przewodnik po bonusach i promocjach 888Starz dla nowych i sta\u0142ych graczy. Zdob\u0105d\u017a darmowe zak\u0142ady i zwrot got\u00f3wki co tydzie\u0144!\" \/>\n<meta name=\"robots\" content=\"index, follow, max-snippet:-1, max-image-preview:large, max-video-preview:-1\" \/>\n<meta property=\"og:locale\" content=\"pl_PL\" \/>\n<meta property=\"og:type\" content=\"article\" \/>\n<meta property=\"og:title\" content=\"888Starz Bonus 2025 \ud83c\udf81 Promocje i oferty specjalne\" \/>\n<meta property=\"og:description\" content=\"Zarejestruj si\u0119 w 888Starz Polska i otrzymaj 100% bonusu od pierwszego depozytu. Przewodnik po bonusach i promocjach 888Starz dla nowych i sta\u0142ych graczy. Zdob\u0105d\u017a darmowe zak\u0142ady i zwrot got\u00f3wki co tydzie\u0144!\" \/>\n<meta property=\"og:url\" content=\"https:\/\/888starzbets.net\/pl\/bonus\/\" \/>\n<meta property=\"og:site_name\" content=\"888Starz Team pl\" \/>\n<meta property=\"article:modified_time\" content=\"2025-02-08T07:26:18+00:00\" \/>\n<meta name=\"twitter:card\" content=\"summary_large_image\" \/>\n<script type=\"application\/ld+json\" class=\"yoast-schema-graph\">{\"@context\":\"https:\/\/schema.org\",\"@graph\":[{\"@type\":\"WebPage\",\"@id\":\"https:\/\/888starzbets.net\/pl\/bonus\/\",\"url\":\"https:\/\/888starzbets.net\/pl\/bonus\/\",\"name\":\"888Starz Bonus 2025 \ud83c\udf81 Promocje i oferty specjalne\",\"isPartOf\":{\"@id\":\"https:\/\/888starzbets.net\/pl\/#website\"},\"datePublished\":\"2023-05-18T17:39:43+00:00\",\"dateModified\":\"2025-02-08T07:26:18+00:00\",\"description\":\"Zarejestruj si\u0119 w 888Starz Polska i otrzymaj 100% bonusu od pierwszego depozytu. Przewodnik po bonusach i promocjach 888Starz dla nowych i sta\u0142ych graczy. Zdob\u0105d\u017a darmowe zak\u0142ady i zwrot got\u00f3wki co tydzie\u0144!\",\"inLanguage\":\"pl-PL\",\"potentialAction\":[{\"@type\":\"ReadAction\",\"target\":[\"https:\/\/888starzbets.net\/pl\/bonus\/\"]}]},{\"@type\":\"WebSite\",\"@id\":\"https:\/\/888starzbets.net\/pl\/#website\",\"url\":\"https:\/\/888starzbets.net\/pl\/\",\"name\":\"888Starz Team pl\",\"description\":\"My WordPress Blog\",\"potentialAction\":[{\"@type\":\"SearchAction\",\"target\":{\"@type\":\"EntryPoint\",\"urlTemplate\":\"https:\/\/888starzbets.net\/pl\/?s={search_term_string}\"},\"query-input\":{\"@type\":\"PropertyValueSpecification\",\"valueRequired\":true,\"valueName\":\"search_term_string\"}}],\"inLanguage\":\"pl-PL\"}]}<\/script>\n<!-- \/ Yoast SEO plugin. -->","yoast_head_json":{"title":"888Starz Bonus 2025 \ud83c\udf81 Promocje i oferty specjalne","description":"Zarejestruj si\u0119 w 888Starz Polska i otrzymaj 100% bonusu od pierwszego depozytu. Przewodnik po bonusach i promocjach 888Starz dla nowych i sta\u0142ych graczy. Zdob\u0105d\u017a darmowe zak\u0142ady i zwrot got\u00f3wki co tydzie\u0144!","robots":{"index":"index","follow":"follow","max-snippet":"max-snippet:-1","max-image-preview":"max-image-preview:large","max-video-preview":"max-video-preview:-1"},"og_locale":"pl_PL","og_type":"article","og_title":"888Starz Bonus 2025 \ud83c\udf81 Promocje i oferty specjalne","og_description":"Zarejestruj si\u0119 w 888Starz Polska i otrzymaj 100% bonusu od pierwszego depozytu. Przewodnik po bonusach i promocjach 888Starz dla nowych i sta\u0142ych graczy. Zdob\u0105d\u017a darmowe zak\u0142ady i zwrot got\u00f3wki co tydzie\u0144!","og_url":"https:\/\/888starzbets.net\/pl\/bonus\/","og_site_name":"888Starz Team pl","article_modified_time":"2025-02-08T07:26:18+00:00","twitter_card":"summary_large_image","schema":{"@context":"https:\/\/schema.org","@graph":[{"@type":"WebPage","@id":"https:\/\/888starzbets.net\/pl\/bonus\/","url":"https:\/\/888starzbets.net\/pl\/bonus\/","name":"888Starz Bonus 2025 \ud83c\udf81 Promocje i oferty specjalne","isPartOf":{"@id":"https:\/\/888starzbets.net\/pl\/#website"},"datePublished":"2023-05-18T17:39:43+00:00","dateModified":"2025-02-08T07:26:18+00:00","description":"Zarejestruj si\u0119 w 888Starz Polska i otrzymaj 100% bonusu od pierwszego depozytu. Przewodnik po bonusach i promocjach 888Starz dla nowych i sta\u0142ych graczy. Zdob\u0105d\u017a darmowe zak\u0142ady i zwrot got\u00f3wki co tydzie\u0144!","inLanguage":"pl-PL","potentialAction":[{"@type":"ReadAction","target":["https:\/\/888starzbets.net\/pl\/bonus\/"]}]},{"@type":"WebSite","@id":"https:\/\/888starzbets.net\/pl\/#website","url":"https:\/\/888starzbets.net\/pl\/","name":"888Starz Team pl","description":"My WordPress Blog","potentialAction":[{"@type":"SearchAction","target":{"@type":"EntryPoint","urlTemplate":"https:\/\/888starzbets.net\/pl\/?s={search_term_string}"},"query-input":{"@type":"PropertyValueSpecification","valueRequired":true,"valueName":"search_term_string"}}],"inLanguage":"pl-PL"}]}},"_links":{"self":[{"href":"https:\/\/888starzbets.net\/pl\/wp-json\/wp\/v2\/pages\/152","targetHints":{"allow":["GET"]}}],"collection":[{"href":"https:\/\/888starzbets.net\/pl\/wp-json\/wp\/v2\/pages"}],"about":[{"href":"https:\/\/888starzbets.net\/pl\/wp-json\/wp\/v2\/types\/page"}],"author":[{"embeddable":true,"href":"https:\/\/888starzbets.net\/pl\/wp-json\/wp\/v2\/users\/1"}],"replies":[{"embeddable":true,"href":"https:\/\/888starzbets.net\/pl\/wp-json\/wp\/v2\/comments?post=152"}],"version-history":[{"count":64,"href":"https:\/\/888starzbets.net\/pl\/wp-json\/wp\/v2\/pages\/152\/revisions"}],"predecessor-version":[{"id":669,"href":"https:\/\/888starzbets.net\/pl\/wp-json\/wp\/v2\/pages\/152\/revisions\/669"}],"wp:attachment":[{"href":"https:\/\/888starzbets.net\/pl\/wp-json\/wp\/v2\/media?parent=152"}],"curies":[{"name":"wp","href":"https:\/\/api.w.org\/{rel}","templated":true}]}}