{"id":270,"date":"2024-02-02T08:45:42","date_gmt":"2024-02-02T08:45:42","guid":{"rendered":"https:\/\/888starzbets.net\/pl\/?page_id=270"},"modified":"2025-03-18T08:46:14","modified_gmt":"2025-03-18T08:46:14","slug":"affiliate","status":"publish","type":"page","link":"https:\/\/888starzbets.net\/pl\/affiliate\/","title":{"rendered":"Partner"},"content":{"rendered":"","protected":false},"excerpt":{"rendered":"","protected":false},"author":1,"featured_media":0,"parent":0,"menu_order":0,"comment_status":"closed","ping_status":"closed","template":"","meta":{"footnotes":""},"class_list":["post-270","page","type-page","status-publish","hentry"],"yoast_head":"<!-- This site is optimized with the Yoast SEO plugin v26.2 - https:\/\/yoast.com\/wordpress\/plugins\/seo\/ -->\n<title>Partner 888Starz \ud83d\udd34 Partnerzy 888STARZ<\/title>\n<meta name=\"description\" content=\"Do\u0142\u0105cz do programu partnerskiego 888 i zarabiaj prawdziwe pieni\u0105dze | 888Starz Polska oferuje wysokie wsp\u00f3\u0142czynniki konwersji, regularne p\u0142atno\u015bci, udzia\u0142 w przychodach i CPA | Pracujemy w ponad 100 krajach na ca\u0142ym \u015bwiecie\" \/>\n<meta name=\"robots\" content=\"index, follow, max-snippet:-1, max-image-preview:large, max-video-preview:-1\" \/>\n<meta property=\"og:locale\" content=\"pl_PL\" \/>\n<meta property=\"og:type\" content=\"article\" \/>\n<meta property=\"og:title\" content=\"Partner 888Starz \ud83d\udd34 Partnerzy 888STARZ\" \/>\n<meta property=\"og:description\" content=\"Do\u0142\u0105cz do programu partnerskiego 888 i zarabiaj prawdziwe pieni\u0105dze | 888Starz Polska oferuje wysokie wsp\u00f3\u0142czynniki konwersji, regularne p\u0142atno\u015bci, udzia\u0142 w przychodach i CPA | Pracujemy w ponad 100 krajach na ca\u0142ym \u015bwiecie\" \/>\n<meta property=\"og:url\" content=\"https:\/\/888starzbets.net\/pl\/affiliate\/\" \/>\n<meta property=\"og:site_name\" content=\"888Starz Team pl\" \/>\n<meta property=\"article:modified_time\" content=\"2025-03-18T08:46:14+00:00\" \/>\n<meta name=\"twitter:card\" content=\"summary_large_image\" \/>\n<script type=\"application\/ld+json\" class=\"yoast-schema-graph\">{\"@context\":\"https:\/\/schema.org\",\"@graph\":[{\"@type\":\"WebPage\",\"@id\":\"https:\/\/888starzbets.net\/pl\/affiliate\/\",\"url\":\"https:\/\/888starzbets.net\/pl\/affiliate\/\",\"name\":\"Partner 888Starz \ud83d\udd34 Partnerzy 888STARZ\",\"isPartOf\":{\"@id\":\"https:\/\/888starzbets.net\/pl\/#website\"},\"datePublished\":\"2024-02-02T08:45:42+00:00\",\"dateModified\":\"2025-03-18T08:46:14+00:00\",\"description\":\"Do\u0142\u0105cz do programu partnerskiego 888 i zarabiaj prawdziwe pieni\u0105dze | 888Starz Polska oferuje wysokie wsp\u00f3\u0142czynniki konwersji, regularne p\u0142atno\u015bci, udzia\u0142 w przychodach i CPA | Pracujemy w ponad 100 krajach na ca\u0142ym \u015bwiecie\",\"inLanguage\":\"pl-PL\",\"potentialAction\":[{\"@type\":\"ReadAction\",\"target\":[\"https:\/\/888starzbets.net\/pl\/affiliate\/\"]}]},{\"@type\":\"WebSite\",\"@id\":\"https:\/\/888starzbets.net\/pl\/#website\",\"url\":\"https:\/\/888starzbets.net\/pl\/\",\"name\":\"888Starz Team pl\",\"description\":\"My WordPress Blog\",\"potentialAction\":[{\"@type\":\"SearchAction\",\"target\":{\"@type\":\"EntryPoint\",\"urlTemplate\":\"https:\/\/888starzbets.net\/pl\/?s={search_term_string}\"},\"query-input\":{\"@type\":\"PropertyValueSpecification\",\"valueRequired\":true,\"valueName\":\"search_term_string\"}}],\"inLanguage\":\"pl-PL\"}]}<\/script>\n<!-- \/ Yoast SEO plugin. -->","yoast_head_json":{"title":"Partner 888Starz \ud83d\udd34 Partnerzy 888STARZ","description":"Do\u0142\u0105cz do programu partnerskiego 888 i zarabiaj prawdziwe pieni\u0105dze | 888Starz Polska oferuje wysokie wsp\u00f3\u0142czynniki konwersji, regularne p\u0142atno\u015bci, udzia\u0142 w przychodach i CPA | Pracujemy w ponad 100 krajach na ca\u0142ym \u015bwiecie","robots":{"index":"index","follow":"follow","max-snippet":"max-snippet:-1","max-image-preview":"max-image-preview:large","max-video-preview":"max-video-preview:-1"},"og_locale":"pl_PL","og_type":"article","og_title":"Partner 888Starz \ud83d\udd34 Partnerzy 888STARZ","og_description":"Do\u0142\u0105cz do programu partnerskiego 888 i zarabiaj prawdziwe pieni\u0105dze | 888Starz Polska oferuje wysokie wsp\u00f3\u0142czynniki konwersji, regularne p\u0142atno\u015bci, udzia\u0142 w przychodach i CPA | Pracujemy w ponad 100 krajach na ca\u0142ym \u015bwiecie","og_url":"https:\/\/888starzbets.net\/pl\/affiliate\/","og_site_name":"888Starz Team pl","article_modified_time":"2025-03-18T08:46:14+00:00","twitter_card":"summary_large_image","schema":{"@context":"https:\/\/schema.org","@graph":[{"@type":"WebPage","@id":"https:\/\/888starzbets.net\/pl\/affiliate\/","url":"https:\/\/888starzbets.net\/pl\/affiliate\/","name":"Partner 888Starz \ud83d\udd34 Partnerzy 888STARZ","isPartOf":{"@id":"https:\/\/888starzbets.net\/pl\/#website"},"datePublished":"2024-02-02T08:45:42+00:00","dateModified":"2025-03-18T08:46:14+00:00","description":"Do\u0142\u0105cz do programu partnerskiego 888 i zarabiaj prawdziwe pieni\u0105dze | 888Starz Polska oferuje wysokie wsp\u00f3\u0142czynniki konwersji, regularne p\u0142atno\u015bci, udzia\u0142 w przychodach i CPA | Pracujemy w ponad 100 krajach na ca\u0142ym \u015bwiecie","inLanguage":"pl-PL","potentialAction":[{"@type":"ReadAction","target":["https:\/\/888starzbets.net\/pl\/affiliate\/"]}]},{"@type":"WebSite","@id":"https:\/\/888starzbets.net\/pl\/#website","url":"https:\/\/888starzbets.net\/pl\/","name":"888Starz Team pl","description":"My WordPress Blog","potentialAction":[{"@type":"SearchAction","target":{"@type":"EntryPoint","urlTemplate":"https:\/\/888starzbets.net\/pl\/?s={search_term_string}"},"query-input":{"@type":"PropertyValueSpecification","valueRequired":true,"valueName":"search_term_string"}}],"inLanguage":"pl-PL"}]}},"_links":{"self":[{"href":"https:\/\/888starzbets.net\/pl\/wp-json\/wp\/v2\/pages\/270","targetHints":{"allow":["GET"]}}],"collection":[{"href":"https:\/\/888starzbets.net\/pl\/wp-json\/wp\/v2\/pages"}],"about":[{"href":"https:\/\/888starzbets.net\/pl\/wp-json\/wp\/v2\/types\/page"}],"author":[{"embeddable":true,"href":"https:\/\/888starzbets.net\/pl\/wp-json\/wp\/v2\/users\/1"}],"replies":[{"embeddable":true,"href":"https:\/\/888starzbets.net\/pl\/wp-json\/wp\/v2\/comments?post=270"}],"version-history":[{"count":32,"href":"https:\/\/888starzbets.net\/pl\/wp-json\/wp\/v2\/pages\/270\/revisions"}],"predecessor-version":[{"id":697,"href":"https:\/\/888starzbets.net\/pl\/wp-json\/wp\/v2\/pages\/270\/revisions\/697"}],"wp:attachment":[{"href":"https:\/\/888starzbets.net\/pl\/wp-json\/wp\/v2\/media?parent=270"}],"curies":[{"name":"wp","href":"https:\/\/api.w.org\/{rel}","templated":true}]}}