{"id":502,"date":"2024-08-27T11:58:21","date_gmt":"2024-08-27T11:58:21","guid":{"rendered":"https:\/\/888starzbets.net\/pl\/?page_id=502"},"modified":"2025-02-04T15:54:58","modified_gmt":"2025-02-04T15:54:58","slug":"login","status":"publish","type":"page","link":"https:\/\/888starzbets.net\/pl\/login\/","title":{"rendered":"Login"},"content":{"rendered":"","protected":false},"excerpt":{"rendered":"","protected":false},"author":1,"featured_media":0,"parent":0,"menu_order":0,"comment_status":"closed","ping_status":"closed","template":"","meta":{"footnotes":""},"class_list":["post-502","page","type-page","status-publish","hentry"],"yoast_head":"<!-- This site is optimized with the Yoast SEO plugin v26.2 - https:\/\/yoast.com\/wordpress\/plugins\/seo\/ -->\n<title>888Starz Login \u1409 Zaloguj si\u0119 na konto 888Starz<\/title>\n<meta name=\"description\" content=\"Zaloguj si\u0119 do zak\u0142ad\u00f3w sportowych i kasyna 888Starz Polska, aby otrzyma\u0107 spersonalizowane bonusy \u2713 Strona logowania 888Starz \u27a5 Autoryzacja z telefonu kom\u00f3rkowego i komputera \u2713 Przewodnik logowania 888Starz krok po kroku\" \/>\n<meta name=\"robots\" content=\"index, follow, max-snippet:-1, max-image-preview:large, max-video-preview:-1\" \/>\n<meta property=\"og:locale\" content=\"pl_PL\" \/>\n<meta property=\"og:type\" content=\"article\" \/>\n<meta property=\"og:title\" content=\"888Starz Login \u1409 Zaloguj si\u0119 na konto 888Starz\" \/>\n<meta property=\"og:description\" content=\"Zaloguj si\u0119 do zak\u0142ad\u00f3w sportowych i kasyna 888Starz Polska, aby otrzyma\u0107 spersonalizowane bonusy \u2713 Strona logowania 888Starz \u27a5 Autoryzacja z telefonu kom\u00f3rkowego i komputera \u2713 Przewodnik logowania 888Starz krok po kroku\" \/>\n<meta property=\"og:url\" content=\"https:\/\/888starzbets.net\/pl\/login\/\" \/>\n<meta property=\"og:site_name\" content=\"888Starz Team pl\" \/>\n<meta property=\"article:modified_time\" content=\"2025-02-04T15:54:58+00:00\" \/>\n<meta name=\"twitter:card\" content=\"summary_large_image\" \/>\n<script type=\"application\/ld+json\" class=\"yoast-schema-graph\">{\"@context\":\"https:\/\/schema.org\",\"@graph\":[{\"@type\":\"WebPage\",\"@id\":\"https:\/\/888starzbets.net\/pl\/login\/\",\"url\":\"https:\/\/888starzbets.net\/pl\/login\/\",\"name\":\"888Starz Login \u1409 Zaloguj si\u0119 na konto 888Starz\",\"isPartOf\":{\"@id\":\"https:\/\/888starzbets.net\/pl\/#website\"},\"datePublished\":\"2024-08-27T11:58:21+00:00\",\"dateModified\":\"2025-02-04T15:54:58+00:00\",\"description\":\"Zaloguj si\u0119 do zak\u0142ad\u00f3w sportowych i kasyna 888Starz Polska, aby otrzyma\u0107 spersonalizowane bonusy \u2713 Strona logowania 888Starz \u27a5 Autoryzacja z telefonu kom\u00f3rkowego i komputera \u2713 Przewodnik logowania 888Starz krok po kroku\",\"inLanguage\":\"pl-PL\",\"potentialAction\":[{\"@type\":\"ReadAction\",\"target\":[\"https:\/\/888starzbets.net\/pl\/login\/\"]}]},{\"@type\":\"WebSite\",\"@id\":\"https:\/\/888starzbets.net\/pl\/#website\",\"url\":\"https:\/\/888starzbets.net\/pl\/\",\"name\":\"888Starz Team pl\",\"description\":\"My WordPress Blog\",\"potentialAction\":[{\"@type\":\"SearchAction\",\"target\":{\"@type\":\"EntryPoint\",\"urlTemplate\":\"https:\/\/888starzbets.net\/pl\/?s={search_term_string}\"},\"query-input\":{\"@type\":\"PropertyValueSpecification\",\"valueRequired\":true,\"valueName\":\"search_term_string\"}}],\"inLanguage\":\"pl-PL\"}]}<\/script>\n<!-- \/ Yoast SEO plugin. -->","yoast_head_json":{"title":"888Starz Login \u1409 Zaloguj si\u0119 na konto 888Starz","description":"Zaloguj si\u0119 do zak\u0142ad\u00f3w sportowych i kasyna 888Starz Polska, aby otrzyma\u0107 spersonalizowane bonusy \u2713 Strona logowania 888Starz \u27a5 Autoryzacja z telefonu kom\u00f3rkowego i komputera \u2713 Przewodnik logowania 888Starz krok po kroku","robots":{"index":"index","follow":"follow","max-snippet":"max-snippet:-1","max-image-preview":"max-image-preview:large","max-video-preview":"max-video-preview:-1"},"og_locale":"pl_PL","og_type":"article","og_title":"888Starz Login \u1409 Zaloguj si\u0119 na konto 888Starz","og_description":"Zaloguj si\u0119 do zak\u0142ad\u00f3w sportowych i kasyna 888Starz Polska, aby otrzyma\u0107 spersonalizowane bonusy \u2713 Strona logowania 888Starz \u27a5 Autoryzacja z telefonu kom\u00f3rkowego i komputera \u2713 Przewodnik logowania 888Starz krok po kroku","og_url":"https:\/\/888starzbets.net\/pl\/login\/","og_site_name":"888Starz Team pl","article_modified_time":"2025-02-04T15:54:58+00:00","twitter_card":"summary_large_image","schema":{"@context":"https:\/\/schema.org","@graph":[{"@type":"WebPage","@id":"https:\/\/888starzbets.net\/pl\/login\/","url":"https:\/\/888starzbets.net\/pl\/login\/","name":"888Starz Login \u1409 Zaloguj si\u0119 na konto 888Starz","isPartOf":{"@id":"https:\/\/888starzbets.net\/pl\/#website"},"datePublished":"2024-08-27T11:58:21+00:00","dateModified":"2025-02-04T15:54:58+00:00","description":"Zaloguj si\u0119 do zak\u0142ad\u00f3w sportowych i kasyna 888Starz Polska, aby otrzyma\u0107 spersonalizowane bonusy \u2713 Strona logowania 888Starz \u27a5 Autoryzacja z telefonu kom\u00f3rkowego i komputera \u2713 Przewodnik logowania 888Starz krok po kroku","inLanguage":"pl-PL","potentialAction":[{"@type":"ReadAction","target":["https:\/\/888starzbets.net\/pl\/login\/"]}]},{"@type":"WebSite","@id":"https:\/\/888starzbets.net\/pl\/#website","url":"https:\/\/888starzbets.net\/pl\/","name":"888Starz Team pl","description":"My WordPress Blog","potentialAction":[{"@type":"SearchAction","target":{"@type":"EntryPoint","urlTemplate":"https:\/\/888starzbets.net\/pl\/?s={search_term_string}"},"query-input":{"@type":"PropertyValueSpecification","valueRequired":true,"valueName":"search_term_string"}}],"inLanguage":"pl-PL"}]}},"_links":{"self":[{"href":"https:\/\/888starzbets.net\/pl\/wp-json\/wp\/v2\/pages\/502","targetHints":{"allow":["GET"]}}],"collection":[{"href":"https:\/\/888starzbets.net\/pl\/wp-json\/wp\/v2\/pages"}],"about":[{"href":"https:\/\/888starzbets.net\/pl\/wp-json\/wp\/v2\/types\/page"}],"author":[{"embeddable":true,"href":"https:\/\/888starzbets.net\/pl\/wp-json\/wp\/v2\/users\/1"}],"replies":[{"embeddable":true,"href":"https:\/\/888starzbets.net\/pl\/wp-json\/wp\/v2\/comments?post=502"}],"version-history":[{"count":19,"href":"https:\/\/888starzbets.net\/pl\/wp-json\/wp\/v2\/pages\/502\/revisions"}],"predecessor-version":[{"id":663,"href":"https:\/\/888starzbets.net\/pl\/wp-json\/wp\/v2\/pages\/502\/revisions\/663"}],"wp:attachment":[{"href":"https:\/\/888starzbets.net\/pl\/wp-json\/wp\/v2\/media?parent=502"}],"curies":[{"name":"wp","href":"https:\/\/api.w.org\/{rel}","templated":true}]}}