{"id":567,"date":"2024-09-02T08:25:04","date_gmt":"2024-09-02T08:25:04","guid":{"rendered":"https:\/\/888starzbets.net\/pl\/?page_id=567"},"modified":"2025-02-04T12:04:59","modified_gmt":"2025-02-04T12:04:59","slug":"casino","status":"publish","type":"page","link":"https:\/\/888starzbets.net\/pl\/casino\/","title":{"rendered":"Kasyno"},"content":{"rendered":"","protected":false},"excerpt":{"rendered":"","protected":false},"author":1,"featured_media":0,"parent":0,"menu_order":0,"comment_status":"closed","ping_status":"closed","template":"","meta":{"footnotes":""},"class_list":["post-567","page","type-page","status-publish","hentry"],"yoast_head":"<!-- This site is optimized with the Yoast SEO plugin v26.2 - https:\/\/yoast.com\/wordpress\/plugins\/seo\/ -->\n<title>888Starz Casino | Kasyno na \u017cywo, gry, bonus powitalny<\/title>\n<meta name=\"description\" content=\"888Starz Polska oferuje graczom szans\u0119 spr\u00f3bowania szcz\u0119\u015bcia w kasynie 888Starz z tysi\u0105cami automat\u00f3w, gier sto\u0142owych i krupier\u00f3w na \u017cywo. Jak rozpocz\u0105\u0107 gr\u0119 na oficjalnej stronie 888Starz i w aplikacji mobilnej?\" \/>\n<meta name=\"robots\" content=\"index, follow, max-snippet:-1, max-image-preview:large, max-video-preview:-1\" \/>\n<meta property=\"og:locale\" content=\"pl_PL\" \/>\n<meta property=\"og:type\" content=\"article\" \/>\n<meta property=\"og:title\" content=\"888Starz Casino | Kasyno na \u017cywo, gry, bonus powitalny\" \/>\n<meta property=\"og:description\" content=\"888Starz Polska oferuje graczom szans\u0119 spr\u00f3bowania szcz\u0119\u015bcia w kasynie 888Starz z tysi\u0105cami automat\u00f3w, gier sto\u0142owych i krupier\u00f3w na \u017cywo. Jak rozpocz\u0105\u0107 gr\u0119 na oficjalnej stronie 888Starz i w aplikacji mobilnej?\" \/>\n<meta property=\"og:url\" content=\"https:\/\/888starzbets.net\/pl\/casino\/\" \/>\n<meta property=\"og:site_name\" content=\"888Starz Team pl\" \/>\n<meta property=\"article:modified_time\" content=\"2025-02-04T12:04:59+00:00\" \/>\n<meta name=\"twitter:card\" content=\"summary_large_image\" \/>\n<script type=\"application\/ld+json\" class=\"yoast-schema-graph\">{\"@context\":\"https:\/\/schema.org\",\"@graph\":[{\"@type\":\"WebPage\",\"@id\":\"https:\/\/888starzbets.net\/pl\/casino\/\",\"url\":\"https:\/\/888starzbets.net\/pl\/casino\/\",\"name\":\"888Starz Casino | Kasyno na \u017cywo, gry, bonus powitalny\",\"isPartOf\":{\"@id\":\"https:\/\/888starzbets.net\/pl\/#website\"},\"datePublished\":\"2024-09-02T08:25:04+00:00\",\"dateModified\":\"2025-02-04T12:04:59+00:00\",\"description\":\"888Starz Polska oferuje graczom szans\u0119 spr\u00f3bowania szcz\u0119\u015bcia w kasynie 888Starz z tysi\u0105cami automat\u00f3w, gier sto\u0142owych i krupier\u00f3w na \u017cywo. Jak rozpocz\u0105\u0107 gr\u0119 na oficjalnej stronie 888Starz i w aplikacji mobilnej?\",\"inLanguage\":\"pl-PL\",\"potentialAction\":[{\"@type\":\"ReadAction\",\"target\":[\"https:\/\/888starzbets.net\/pl\/casino\/\"]}]},{\"@type\":\"WebSite\",\"@id\":\"https:\/\/888starzbets.net\/pl\/#website\",\"url\":\"https:\/\/888starzbets.net\/pl\/\",\"name\":\"888Starz Team pl\",\"description\":\"My WordPress Blog\",\"potentialAction\":[{\"@type\":\"SearchAction\",\"target\":{\"@type\":\"EntryPoint\",\"urlTemplate\":\"https:\/\/888starzbets.net\/pl\/?s={search_term_string}\"},\"query-input\":{\"@type\":\"PropertyValueSpecification\",\"valueRequired\":true,\"valueName\":\"search_term_string\"}}],\"inLanguage\":\"pl-PL\"}]}<\/script>\n<!-- \/ Yoast SEO plugin. -->","yoast_head_json":{"title":"888Starz Casino | Kasyno na \u017cywo, gry, bonus powitalny","description":"888Starz Polska oferuje graczom szans\u0119 spr\u00f3bowania szcz\u0119\u015bcia w kasynie 888Starz z tysi\u0105cami automat\u00f3w, gier sto\u0142owych i krupier\u00f3w na \u017cywo. Jak rozpocz\u0105\u0107 gr\u0119 na oficjalnej stronie 888Starz i w aplikacji mobilnej?","robots":{"index":"index","follow":"follow","max-snippet":"max-snippet:-1","max-image-preview":"max-image-preview:large","max-video-preview":"max-video-preview:-1"},"og_locale":"pl_PL","og_type":"article","og_title":"888Starz Casino | Kasyno na \u017cywo, gry, bonus powitalny","og_description":"888Starz Polska oferuje graczom szans\u0119 spr\u00f3bowania szcz\u0119\u015bcia w kasynie 888Starz z tysi\u0105cami automat\u00f3w, gier sto\u0142owych i krupier\u00f3w na \u017cywo. Jak rozpocz\u0105\u0107 gr\u0119 na oficjalnej stronie 888Starz i w aplikacji mobilnej?","og_url":"https:\/\/888starzbets.net\/pl\/casino\/","og_site_name":"888Starz Team pl","article_modified_time":"2025-02-04T12:04:59+00:00","twitter_card":"summary_large_image","schema":{"@context":"https:\/\/schema.org","@graph":[{"@type":"WebPage","@id":"https:\/\/888starzbets.net\/pl\/casino\/","url":"https:\/\/888starzbets.net\/pl\/casino\/","name":"888Starz Casino | Kasyno na \u017cywo, gry, bonus powitalny","isPartOf":{"@id":"https:\/\/888starzbets.net\/pl\/#website"},"datePublished":"2024-09-02T08:25:04+00:00","dateModified":"2025-02-04T12:04:59+00:00","description":"888Starz Polska oferuje graczom szans\u0119 spr\u00f3bowania szcz\u0119\u015bcia w kasynie 888Starz z tysi\u0105cami automat\u00f3w, gier sto\u0142owych i krupier\u00f3w na \u017cywo. Jak rozpocz\u0105\u0107 gr\u0119 na oficjalnej stronie 888Starz i w aplikacji mobilnej?","inLanguage":"pl-PL","potentialAction":[{"@type":"ReadAction","target":["https:\/\/888starzbets.net\/pl\/casino\/"]}]},{"@type":"WebSite","@id":"https:\/\/888starzbets.net\/pl\/#website","url":"https:\/\/888starzbets.net\/pl\/","name":"888Starz Team pl","description":"My WordPress Blog","potentialAction":[{"@type":"SearchAction","target":{"@type":"EntryPoint","urlTemplate":"https:\/\/888starzbets.net\/pl\/?s={search_term_string}"},"query-input":{"@type":"PropertyValueSpecification","valueRequired":true,"valueName":"search_term_string"}}],"inLanguage":"pl-PL"}]}},"_links":{"self":[{"href":"https:\/\/888starzbets.net\/pl\/wp-json\/wp\/v2\/pages\/567","targetHints":{"allow":["GET"]}}],"collection":[{"href":"https:\/\/888starzbets.net\/pl\/wp-json\/wp\/v2\/pages"}],"about":[{"href":"https:\/\/888starzbets.net\/pl\/wp-json\/wp\/v2\/types\/page"}],"author":[{"embeddable":true,"href":"https:\/\/888starzbets.net\/pl\/wp-json\/wp\/v2\/users\/1"}],"replies":[{"embeddable":true,"href":"https:\/\/888starzbets.net\/pl\/wp-json\/wp\/v2\/comments?post=567"}],"version-history":[{"count":20,"href":"https:\/\/888starzbets.net\/pl\/wp-json\/wp\/v2\/pages\/567\/revisions"}],"predecessor-version":[{"id":660,"href":"https:\/\/888starzbets.net\/pl\/wp-json\/wp\/v2\/pages\/567\/revisions\/660"}],"wp:attachment":[{"href":"https:\/\/888starzbets.net\/pl\/wp-json\/wp\/v2\/media?parent=567"}],"curies":[{"name":"wp","href":"https:\/\/api.w.org\/{rel}","templated":true}]}}