{"id":705,"date":"2025-05-07T08:06:24","date_gmt":"2025-05-07T08:06:24","guid":{"rendered":"https:\/\/888starzbets.net\/?page_id=693"},"modified":"2025-06-09T10:15:06","modified_gmt":"2025-06-09T10:15:06","slug":"welcome-pack","status":"publish","type":"page","link":"https:\/\/888starzbets.net\/pt\/bonus\/welcome-pack\/","title":{"rendered":"Pacote de boas-vindas"},"content":{"rendered":"","protected":false},"excerpt":{"rendered":"","protected":false},"author":1,"featured_media":0,"parent":152,"menu_order":0,"comment_status":"closed","ping_status":"closed","template":"","meta":{"footnotes":""},"class_list":["post-705","page","type-page","status-publish","hentry"],"yoast_head":"<!-- This site is optimized with the Yoast SEO plugin v26.2 - https:\/\/yoast.com\/wordpress\/plugins\/seo\/ -->\n<title>Pacote de boas-vindas at\u00e9 1500 EUR e 150 FS: Receba o b\u00f3nus agora!<\/title>\n<meta name=\"description\" content=\"Receba o seu pacote de boas-vindas at\u00e9 1500 EUR e 150 freespins! Crie uma conta, deposite apenas 10 EUR e active automaticamente o seu b\u00f3nus. N\u00e3o perca a oportunidade de ganhar - fa\u00e7a parte do jogo agora!\" \/>\n<meta name=\"robots\" content=\"index, follow, max-snippet:-1, max-image-preview:large, max-video-preview:-1\" \/>\n<meta property=\"og:locale\" content=\"pt_PT\" \/>\n<meta property=\"og:type\" content=\"article\" \/>\n<meta property=\"og:title\" content=\"Pacote de boas-vindas at\u00e9 1500 EUR e 150 FS: Receba o b\u00f3nus agora!\" \/>\n<meta property=\"og:description\" content=\"Receba o seu pacote de boas-vindas at\u00e9 1500 EUR e 150 freespins! Crie uma conta, deposite apenas 10 EUR e active automaticamente o seu b\u00f3nus. N\u00e3o perca a oportunidade de ganhar - fa\u00e7a parte do jogo agora!\" \/>\n<meta property=\"og:url\" content=\"https:\/\/888starzbets.net\/pt\/bonus\/welcome-pack\/\" \/>\n<meta property=\"og:site_name\" content=\"888Starz Team pt\" \/>\n<meta property=\"article:modified_time\" content=\"2025-06-09T10:15:06+00:00\" \/>\n<meta name=\"twitter:card\" content=\"summary_large_image\" \/>\n<script type=\"application\/ld+json\" class=\"yoast-schema-graph\">{\"@context\":\"https:\/\/schema.org\",\"@graph\":[{\"@type\":\"WebPage\",\"@id\":\"https:\/\/888starzbets.net\/pt\/bonus\/welcome-pack\/\",\"url\":\"https:\/\/888starzbets.net\/pt\/bonus\/welcome-pack\/\",\"name\":\"Pacote de boas-vindas at\u00e9 1500 EUR e 150 FS: Receba o b\u00f3nus agora!\",\"isPartOf\":{\"@id\":\"https:\/\/888starzbets.net\/pt\/#website\"},\"datePublished\":\"2025-05-07T08:06:24+00:00\",\"dateModified\":\"2025-06-09T10:15:06+00:00\",\"description\":\"Receba o seu pacote de boas-vindas at\u00e9 1500 EUR e 150 freespins! Crie uma conta, deposite apenas 10 EUR e active automaticamente o seu b\u00f3nus. N\u00e3o perca a oportunidade de ganhar - fa\u00e7a parte do jogo agora!\",\"breadcrumb\":{\"@id\":\"https:\/\/888starzbets.net\/pt\/bonus\/welcome-pack\/#breadcrumb\"},\"inLanguage\":\"pt-PT\",\"potentialAction\":[{\"@type\":\"ReadAction\",\"target\":[\"https:\/\/888starzbets.net\/pt\/bonus\/welcome-pack\/\"]}]},{\"@type\":\"BreadcrumbList\",\"@id\":\"https:\/\/888starzbets.net\/pt\/bonus\/welcome-pack\/#breadcrumb\",\"itemListElement\":[{\"@type\":\"ListItem\",\"position\":1,\"name\":\"B\u00f3nus\",\"item\":\"https:\/\/888starzbets.net\/pt\/bonus\/\"},{\"@type\":\"ListItem\",\"position\":2,\"name\":\"Pacote de boas-vindas\"}]},{\"@type\":\"WebSite\",\"@id\":\"https:\/\/888starzbets.net\/pt\/#website\",\"url\":\"https:\/\/888starzbets.net\/pt\/\",\"name\":\"888Starz Team pt\",\"description\":\"My WordPress Blog\",\"potentialAction\":[{\"@type\":\"SearchAction\",\"target\":{\"@type\":\"EntryPoint\",\"urlTemplate\":\"https:\/\/888starzbets.net\/pt\/?s={search_term_string}\"},\"query-input\":{\"@type\":\"PropertyValueSpecification\",\"valueRequired\":true,\"valueName\":\"search_term_string\"}}],\"inLanguage\":\"pt-PT\"}]}<\/script>\n<!-- \/ Yoast SEO plugin. -->","yoast_head_json":{"title":"Pacote de boas-vindas at\u00e9 1500 EUR e 150 FS: Receba o b\u00f3nus agora!","description":"Receba o seu pacote de boas-vindas at\u00e9 1500 EUR e 150 freespins! Crie uma conta, deposite apenas 10 EUR e active automaticamente o seu b\u00f3nus. N\u00e3o perca a oportunidade de ganhar - fa\u00e7a parte do jogo agora!","robots":{"index":"index","follow":"follow","max-snippet":"max-snippet:-1","max-image-preview":"max-image-preview:large","max-video-preview":"max-video-preview:-1"},"og_locale":"pt_PT","og_type":"article","og_title":"Pacote de boas-vindas at\u00e9 1500 EUR e 150 FS: Receba o b\u00f3nus agora!","og_description":"Receba o seu pacote de boas-vindas at\u00e9 1500 EUR e 150 freespins! Crie uma conta, deposite apenas 10 EUR e active automaticamente o seu b\u00f3nus. N\u00e3o perca a oportunidade de ganhar - fa\u00e7a parte do jogo agora!","og_url":"https:\/\/888starzbets.net\/pt\/bonus\/welcome-pack\/","og_site_name":"888Starz Team pt","article_modified_time":"2025-06-09T10:15:06+00:00","twitter_card":"summary_large_image","schema":{"@context":"https:\/\/schema.org","@graph":[{"@type":"WebPage","@id":"https:\/\/888starzbets.net\/pt\/bonus\/welcome-pack\/","url":"https:\/\/888starzbets.net\/pt\/bonus\/welcome-pack\/","name":"Pacote de boas-vindas at\u00e9 1500 EUR e 150 FS: Receba o b\u00f3nus agora!","isPartOf":{"@id":"https:\/\/888starzbets.net\/pt\/#website"},"datePublished":"2025-05-07T08:06:24+00:00","dateModified":"2025-06-09T10:15:06+00:00","description":"Receba o seu pacote de boas-vindas at\u00e9 1500 EUR e 150 freespins! Crie uma conta, deposite apenas 10 EUR e active automaticamente o seu b\u00f3nus. N\u00e3o perca a oportunidade de ganhar - fa\u00e7a parte do jogo agora!","breadcrumb":{"@id":"https:\/\/888starzbets.net\/pt\/bonus\/welcome-pack\/#breadcrumb"},"inLanguage":"pt-PT","potentialAction":[{"@type":"ReadAction","target":["https:\/\/888starzbets.net\/pt\/bonus\/welcome-pack\/"]}]},{"@type":"BreadcrumbList","@id":"https:\/\/888starzbets.net\/pt\/bonus\/welcome-pack\/#breadcrumb","itemListElement":[{"@type":"ListItem","position":1,"name":"B\u00f3nus","item":"https:\/\/888starzbets.net\/pt\/bonus\/"},{"@type":"ListItem","position":2,"name":"Pacote de boas-vindas"}]},{"@type":"WebSite","@id":"https:\/\/888starzbets.net\/pt\/#website","url":"https:\/\/888starzbets.net\/pt\/","name":"888Starz Team pt","description":"My WordPress Blog","potentialAction":[{"@type":"SearchAction","target":{"@type":"EntryPoint","urlTemplate":"https:\/\/888starzbets.net\/pt\/?s={search_term_string}"},"query-input":{"@type":"PropertyValueSpecification","valueRequired":true,"valueName":"search_term_string"}}],"inLanguage":"pt-PT"}]}},"_links":{"self":[{"href":"https:\/\/888starzbets.net\/pt\/wp-json\/wp\/v2\/pages\/705","targetHints":{"allow":["GET"]}}],"collection":[{"href":"https:\/\/888starzbets.net\/pt\/wp-json\/wp\/v2\/pages"}],"about":[{"href":"https:\/\/888starzbets.net\/pt\/wp-json\/wp\/v2\/types\/page"}],"author":[{"embeddable":true,"href":"https:\/\/888starzbets.net\/pt\/wp-json\/wp\/v2\/users\/1"}],"replies":[{"embeddable":true,"href":"https:\/\/888starzbets.net\/pt\/wp-json\/wp\/v2\/comments?post=705"}],"version-history":[{"count":2,"href":"https:\/\/888starzbets.net\/pt\/wp-json\/wp\/v2\/pages\/705\/revisions"}],"predecessor-version":[{"id":779,"href":"https:\/\/888starzbets.net\/pt\/wp-json\/wp\/v2\/pages\/705\/revisions\/779"}],"up":[{"embeddable":true,"href":"https:\/\/888starzbets.net\/pt\/wp-json\/wp\/v2\/pages\/152"}],"wp:attachment":[{"href":"https:\/\/888starzbets.net\/pt\/wp-json\/wp\/v2\/media?parent=705"}],"curies":[{"name":"wp","href":"https:\/\/api.w.org\/{rel}","templated":true}]}}