{"id":567,"date":"2024-09-02T08:25:04","date_gmt":"2024-09-02T08:25:04","guid":{"rendered":"https:\/\/888starzbets.net\/ro\/?page_id=567"},"modified":"2025-06-25T14:28:45","modified_gmt":"2025-06-25T14:28:45","slug":"casino","status":"publish","type":"page","link":"https:\/\/888starzbets.net\/ro\/casino\/","title":{"rendered":"Cazinou"},"content":{"rendered":"","protected":false},"excerpt":{"rendered":"","protected":false},"author":1,"featured_media":0,"parent":0,"menu_order":0,"comment_status":"closed","ping_status":"closed","template":"","meta":{"footnotes":""},"class_list":["post-567","page","type-page","status-publish","hentry"],"yoast_head":"<!-- This site is optimized with the Yoast SEO plugin v26.2 - https:\/\/yoast.com\/wordpress\/plugins\/seo\/ -->\n<title>888Starz Casino | Live Casino, Jocuri, Bonus de bun venit<\/title>\n<meta name=\"description\" content=\"888Starz ofer\u0103 juc\u0103torilor \u0219ansa de a-\u0219i \u00eencerca norocul la cazinoul 888Starz cu mii de sloturi, jocuri de mas\u0103 \u0219i dealeri live. Cum s\u0103 \u00eencepi s\u0103 joci pe site-ul oficial 888Starz \u0219i \u00een aplica\u021bia mobil\u0103\" \/>\n<meta name=\"robots\" content=\"index, follow, max-snippet:-1, max-image-preview:large, max-video-preview:-1\" \/>\n<meta property=\"og:locale\" content=\"ro_RO\" \/>\n<meta property=\"og:type\" content=\"article\" \/>\n<meta property=\"og:title\" content=\"888Starz Casino | Live Casino, Jocuri, Bonus de bun venit\" \/>\n<meta property=\"og:description\" content=\"888Starz ofer\u0103 juc\u0103torilor \u0219ansa de a-\u0219i \u00eencerca norocul la cazinoul 888Starz cu mii de sloturi, jocuri de mas\u0103 \u0219i dealeri live. Cum s\u0103 \u00eencepi s\u0103 joci pe site-ul oficial 888Starz \u0219i \u00een aplica\u021bia mobil\u0103\" \/>\n<meta property=\"og:url\" content=\"https:\/\/888starzbets.net\/ro\/casino\/\" \/>\n<meta property=\"og:site_name\" content=\"888Starz Team ro\" \/>\n<meta property=\"article:modified_time\" content=\"2025-06-25T14:28:45+00:00\" \/>\n<meta name=\"twitter:card\" content=\"summary_large_image\" \/>\n<script type=\"application\/ld+json\" class=\"yoast-schema-graph\">{\"@context\":\"https:\/\/schema.org\",\"@graph\":[{\"@type\":\"WebPage\",\"@id\":\"https:\/\/888starzbets.net\/ro\/casino\/\",\"url\":\"https:\/\/888starzbets.net\/ro\/casino\/\",\"name\":\"888Starz Casino | Live Casino, Jocuri, Bonus de bun venit\",\"isPartOf\":{\"@id\":\"https:\/\/888starzbets.net\/ro\/#website\"},\"datePublished\":\"2024-09-02T08:25:04+00:00\",\"dateModified\":\"2025-06-25T14:28:45+00:00\",\"description\":\"888Starz ofer\u0103 juc\u0103torilor \u0219ansa de a-\u0219i \u00eencerca norocul la cazinoul 888Starz cu mii de sloturi, jocuri de mas\u0103 \u0219i dealeri live. Cum s\u0103 \u00eencepi s\u0103 joci pe site-ul oficial 888Starz \u0219i \u00een aplica\u021bia mobil\u0103\",\"inLanguage\":\"ro-RO\",\"potentialAction\":[{\"@type\":\"ReadAction\",\"target\":[\"https:\/\/888starzbets.net\/ro\/casino\/\"]}]},{\"@type\":\"WebSite\",\"@id\":\"https:\/\/888starzbets.net\/ro\/#website\",\"url\":\"https:\/\/888starzbets.net\/ro\/\",\"name\":\"888Starz Team ro\",\"description\":\"My WordPress Blog\",\"potentialAction\":[{\"@type\":\"SearchAction\",\"target\":{\"@type\":\"EntryPoint\",\"urlTemplate\":\"https:\/\/888starzbets.net\/ro\/?s={search_term_string}\"},\"query-input\":{\"@type\":\"PropertyValueSpecification\",\"valueRequired\":true,\"valueName\":\"search_term_string\"}}],\"inLanguage\":\"ro-RO\"}]}<\/script>\n<!-- \/ Yoast SEO plugin. -->","yoast_head_json":{"title":"888Starz Casino | Live Casino, Jocuri, Bonus de bun venit","description":"888Starz ofer\u0103 juc\u0103torilor \u0219ansa de a-\u0219i \u00eencerca norocul la cazinoul 888Starz cu mii de sloturi, jocuri de mas\u0103 \u0219i dealeri live. Cum s\u0103 \u00eencepi s\u0103 joci pe site-ul oficial 888Starz \u0219i \u00een aplica\u021bia mobil\u0103","robots":{"index":"index","follow":"follow","max-snippet":"max-snippet:-1","max-image-preview":"max-image-preview:large","max-video-preview":"max-video-preview:-1"},"og_locale":"ro_RO","og_type":"article","og_title":"888Starz Casino | Live Casino, Jocuri, Bonus de bun venit","og_description":"888Starz ofer\u0103 juc\u0103torilor \u0219ansa de a-\u0219i \u00eencerca norocul la cazinoul 888Starz cu mii de sloturi, jocuri de mas\u0103 \u0219i dealeri live. Cum s\u0103 \u00eencepi s\u0103 joci pe site-ul oficial 888Starz \u0219i \u00een aplica\u021bia mobil\u0103","og_url":"https:\/\/888starzbets.net\/ro\/casino\/","og_site_name":"888Starz Team ro","article_modified_time":"2025-06-25T14:28:45+00:00","twitter_card":"summary_large_image","schema":{"@context":"https:\/\/schema.org","@graph":[{"@type":"WebPage","@id":"https:\/\/888starzbets.net\/ro\/casino\/","url":"https:\/\/888starzbets.net\/ro\/casino\/","name":"888Starz Casino | Live Casino, Jocuri, Bonus de bun venit","isPartOf":{"@id":"https:\/\/888starzbets.net\/ro\/#website"},"datePublished":"2024-09-02T08:25:04+00:00","dateModified":"2025-06-25T14:28:45+00:00","description":"888Starz ofer\u0103 juc\u0103torilor \u0219ansa de a-\u0219i \u00eencerca norocul la cazinoul 888Starz cu mii de sloturi, jocuri de mas\u0103 \u0219i dealeri live. Cum s\u0103 \u00eencepi s\u0103 joci pe site-ul oficial 888Starz \u0219i \u00een aplica\u021bia mobil\u0103","inLanguage":"ro-RO","potentialAction":[{"@type":"ReadAction","target":["https:\/\/888starzbets.net\/ro\/casino\/"]}]},{"@type":"WebSite","@id":"https:\/\/888starzbets.net\/ro\/#website","url":"https:\/\/888starzbets.net\/ro\/","name":"888Starz Team ro","description":"My WordPress Blog","potentialAction":[{"@type":"SearchAction","target":{"@type":"EntryPoint","urlTemplate":"https:\/\/888starzbets.net\/ro\/?s={search_term_string}"},"query-input":{"@type":"PropertyValueSpecification","valueRequired":true,"valueName":"search_term_string"}}],"inLanguage":"ro-RO"}]}},"_links":{"self":[{"href":"https:\/\/888starzbets.net\/ro\/wp-json\/wp\/v2\/pages\/567","targetHints":{"allow":["GET"]}}],"collection":[{"href":"https:\/\/888starzbets.net\/ro\/wp-json\/wp\/v2\/pages"}],"about":[{"href":"https:\/\/888starzbets.net\/ro\/wp-json\/wp\/v2\/types\/page"}],"author":[{"embeddable":true,"href":"https:\/\/888starzbets.net\/ro\/wp-json\/wp\/v2\/users\/1"}],"replies":[{"embeddable":true,"href":"https:\/\/888starzbets.net\/ro\/wp-json\/wp\/v2\/comments?post=567"}],"version-history":[{"count":20,"href":"https:\/\/888starzbets.net\/ro\/wp-json\/wp\/v2\/pages\/567\/revisions"}],"predecessor-version":[{"id":813,"href":"https:\/\/888starzbets.net\/ro\/wp-json\/wp\/v2\/pages\/567\/revisions\/813"}],"wp:attachment":[{"href":"https:\/\/888starzbets.net\/ro\/wp-json\/wp\/v2\/media?parent=567"}],"curies":[{"name":"wp","href":"https:\/\/api.w.org\/{rel}","templated":true}]}}