{"id":600,"date":"2024-10-18T14:50:41","date_gmt":"2024-10-18T14:50:41","guid":{"rendered":"https:\/\/888starzbets.net\/ro\/?page_id=600"},"modified":"2025-06-25T17:02:12","modified_gmt":"2025-06-25T17:02:12","slug":"registration","status":"publish","type":"page","link":"https:\/\/888starzbets.net\/ro\/registration\/","title":{"rendered":"\u00cenregistrare"},"content":{"rendered":"","protected":false},"excerpt":{"rendered":"","protected":false},"author":1,"featured_media":0,"parent":0,"menu_order":0,"comment_status":"closed","ping_status":"closed","template":"","meta":{"footnotes":""},"class_list":["post-600","page","type-page","status-publish","hentry"],"yoast_head":"<!-- This site is optimized with the Yoast SEO plugin v26.2 - https:\/\/yoast.com\/wordpress\/plugins\/seo\/ -->\n<title>\u00cenregistrare 888Starz | Ghid Cum s\u0103 v\u0103 \u00eenscrie\u021bi<\/title>\n<meta name=\"description\" content=\"Cum s\u0103 crea\u021bi un cont nou la 888Starz - \u00cenregistrarea oficial\u0103 a site-ului 888starz - \u00cenregistra\u021bi-v\u0103 \u0219i primi\u021bi 100% bonus de \u00eenscriere - Afla\u021bi cum s\u0103 v\u0103 \u00eenregistra\u021bi la 888Starz \u0219i s\u0103 completa\u021bi crearea contului\" \/>\n<meta name=\"robots\" content=\"index, follow, max-snippet:-1, max-image-preview:large, max-video-preview:-1\" \/>\n<meta property=\"og:locale\" content=\"ro_RO\" \/>\n<meta property=\"og:type\" content=\"article\" \/>\n<meta property=\"og:title\" content=\"\u00cenregistrare 888Starz | Ghid Cum s\u0103 v\u0103 \u00eenscrie\u021bi\" \/>\n<meta property=\"og:description\" content=\"Cum s\u0103 crea\u021bi un cont nou la 888Starz - \u00cenregistrarea oficial\u0103 a site-ului 888starz - \u00cenregistra\u021bi-v\u0103 \u0219i primi\u021bi 100% bonus de \u00eenscriere - Afla\u021bi cum s\u0103 v\u0103 \u00eenregistra\u021bi la 888Starz \u0219i s\u0103 completa\u021bi crearea contului\" \/>\n<meta property=\"og:url\" content=\"https:\/\/888starzbets.net\/ro\/registration\/\" \/>\n<meta property=\"og:site_name\" content=\"888Starz Team ro\" \/>\n<meta property=\"article:modified_time\" content=\"2025-06-25T17:02:12+00:00\" \/>\n<meta name=\"twitter:card\" content=\"summary_large_image\" \/>\n<script type=\"application\/ld+json\" class=\"yoast-schema-graph\">{\"@context\":\"https:\/\/schema.org\",\"@graph\":[{\"@type\":\"WebPage\",\"@id\":\"https:\/\/888starzbets.net\/ro\/registration\/\",\"url\":\"https:\/\/888starzbets.net\/ro\/registration\/\",\"name\":\"\u00cenregistrare 888Starz | Ghid Cum s\u0103 v\u0103 \u00eenscrie\u021bi\",\"isPartOf\":{\"@id\":\"https:\/\/888starzbets.net\/ro\/#website\"},\"datePublished\":\"2024-10-18T14:50:41+00:00\",\"dateModified\":\"2025-06-25T17:02:12+00:00\",\"description\":\"Cum s\u0103 crea\u021bi un cont nou la 888Starz - \u00cenregistrarea oficial\u0103 a site-ului 888starz - \u00cenregistra\u021bi-v\u0103 \u0219i primi\u021bi 100% bonus de \u00eenscriere - Afla\u021bi cum s\u0103 v\u0103 \u00eenregistra\u021bi la 888Starz \u0219i s\u0103 completa\u021bi crearea contului\",\"inLanguage\":\"ro-RO\",\"potentialAction\":[{\"@type\":\"ReadAction\",\"target\":[\"https:\/\/888starzbets.net\/ro\/registration\/\"]}]},{\"@type\":\"WebSite\",\"@id\":\"https:\/\/888starzbets.net\/ro\/#website\",\"url\":\"https:\/\/888starzbets.net\/ro\/\",\"name\":\"888Starz Team ro\",\"description\":\"My WordPress Blog\",\"potentialAction\":[{\"@type\":\"SearchAction\",\"target\":{\"@type\":\"EntryPoint\",\"urlTemplate\":\"https:\/\/888starzbets.net\/ro\/?s={search_term_string}\"},\"query-input\":{\"@type\":\"PropertyValueSpecification\",\"valueRequired\":true,\"valueName\":\"search_term_string\"}}],\"inLanguage\":\"ro-RO\"}]}<\/script>\n<!-- \/ Yoast SEO plugin. -->","yoast_head_json":{"title":"\u00cenregistrare 888Starz | Ghid Cum s\u0103 v\u0103 \u00eenscrie\u021bi","description":"Cum s\u0103 crea\u021bi un cont nou la 888Starz - \u00cenregistrarea oficial\u0103 a site-ului 888starz - \u00cenregistra\u021bi-v\u0103 \u0219i primi\u021bi 100% bonus de \u00eenscriere - Afla\u021bi cum s\u0103 v\u0103 \u00eenregistra\u021bi la 888Starz \u0219i s\u0103 completa\u021bi crearea contului","robots":{"index":"index","follow":"follow","max-snippet":"max-snippet:-1","max-image-preview":"max-image-preview:large","max-video-preview":"max-video-preview:-1"},"og_locale":"ro_RO","og_type":"article","og_title":"\u00cenregistrare 888Starz | Ghid Cum s\u0103 v\u0103 \u00eenscrie\u021bi","og_description":"Cum s\u0103 crea\u021bi un cont nou la 888Starz - \u00cenregistrarea oficial\u0103 a site-ului 888starz - \u00cenregistra\u021bi-v\u0103 \u0219i primi\u021bi 100% bonus de \u00eenscriere - Afla\u021bi cum s\u0103 v\u0103 \u00eenregistra\u021bi la 888Starz \u0219i s\u0103 completa\u021bi crearea contului","og_url":"https:\/\/888starzbets.net\/ro\/registration\/","og_site_name":"888Starz Team ro","article_modified_time":"2025-06-25T17:02:12+00:00","twitter_card":"summary_large_image","schema":{"@context":"https:\/\/schema.org","@graph":[{"@type":"WebPage","@id":"https:\/\/888starzbets.net\/ro\/registration\/","url":"https:\/\/888starzbets.net\/ro\/registration\/","name":"\u00cenregistrare 888Starz | Ghid Cum s\u0103 v\u0103 \u00eenscrie\u021bi","isPartOf":{"@id":"https:\/\/888starzbets.net\/ro\/#website"},"datePublished":"2024-10-18T14:50:41+00:00","dateModified":"2025-06-25T17:02:12+00:00","description":"Cum s\u0103 crea\u021bi un cont nou la 888Starz - \u00cenregistrarea oficial\u0103 a site-ului 888starz - \u00cenregistra\u021bi-v\u0103 \u0219i primi\u021bi 100% bonus de \u00eenscriere - Afla\u021bi cum s\u0103 v\u0103 \u00eenregistra\u021bi la 888Starz \u0219i s\u0103 completa\u021bi crearea contului","inLanguage":"ro-RO","potentialAction":[{"@type":"ReadAction","target":["https:\/\/888starzbets.net\/ro\/registration\/"]}]},{"@type":"WebSite","@id":"https:\/\/888starzbets.net\/ro\/#website","url":"https:\/\/888starzbets.net\/ro\/","name":"888Starz Team ro","description":"My WordPress Blog","potentialAction":[{"@type":"SearchAction","target":{"@type":"EntryPoint","urlTemplate":"https:\/\/888starzbets.net\/ro\/?s={search_term_string}"},"query-input":{"@type":"PropertyValueSpecification","valueRequired":true,"valueName":"search_term_string"}}],"inLanguage":"ro-RO"}]}},"_links":{"self":[{"href":"https:\/\/888starzbets.net\/ro\/wp-json\/wp\/v2\/pages\/600","targetHints":{"allow":["GET"]}}],"collection":[{"href":"https:\/\/888starzbets.net\/ro\/wp-json\/wp\/v2\/pages"}],"about":[{"href":"https:\/\/888starzbets.net\/ro\/wp-json\/wp\/v2\/types\/page"}],"author":[{"embeddable":true,"href":"https:\/\/888starzbets.net\/ro\/wp-json\/wp\/v2\/users\/1"}],"replies":[{"embeddable":true,"href":"https:\/\/888starzbets.net\/ro\/wp-json\/wp\/v2\/comments?post=600"}],"version-history":[{"count":12,"href":"https:\/\/888starzbets.net\/ro\/wp-json\/wp\/v2\/pages\/600\/revisions"}],"predecessor-version":[{"id":821,"href":"https:\/\/888starzbets.net\/ro\/wp-json\/wp\/v2\/pages\/600\/revisions\/821"}],"wp:attachment":[{"href":"https:\/\/888starzbets.net\/ro\/wp-json\/wp\/v2\/media?parent=600"}],"curies":[{"name":"wp","href":"https:\/\/api.w.org\/{rel}","templated":true}]}}