{"id":567,"date":"2024-09-02T08:25:04","date_gmt":"2024-09-02T08:25:04","guid":{"rendered":"https:\/\/888starzbets.net\/tg\/?page_id=567"},"modified":"2025-02-15T09:26:34","modified_gmt":"2025-02-15T09:26:34","slug":"casino","status":"publish","type":"page","link":"https:\/\/888starzbets.net\/tg\/casino\/","title":{"rendered":"Casino"},"content":{"rendered":"","protected":false},"excerpt":{"rendered":"","protected":false},"author":1,"featured_media":0,"parent":0,"menu_order":0,"comment_status":"closed","ping_status":"closed","template":"","meta":{"footnotes":""},"class_list":["post-567","page","type-page","status-publish","hentry"],"yoast_head":"<!-- This site is optimized with the Yoast SEO plugin v26.2 - https:\/\/yoast.com\/wordpress\/plugins\/seo\/ -->\n<title>888Starz Casino | Live Casino, Jeux, Bonus de bienvenue<\/title>\n<meta name=\"description\" content=\"888Starz Togo offre aux joueurs la possibilit\u00e9 de tenter leur chance au casino 888Starz avec des milliers de machines \u00e0 sous, de jeux de table et de croupiers en direct. Comment commencer \u00e0 jouer sur le site officiel et l&#039;application mobile de 888Starz?\" \/>\n<meta name=\"robots\" content=\"index, follow, max-snippet:-1, max-image-preview:large, max-video-preview:-1\" \/>\n<meta property=\"og:locale\" content=\"fr_FR\" \/>\n<meta property=\"og:type\" content=\"article\" \/>\n<meta property=\"og:title\" content=\"888Starz Casino | Live Casino, Jeux, Bonus de bienvenue\" \/>\n<meta property=\"og:description\" content=\"888Starz Togo offre aux joueurs la possibilit\u00e9 de tenter leur chance au casino 888Starz avec des milliers de machines \u00e0 sous, de jeux de table et de croupiers en direct. Comment commencer \u00e0 jouer sur le site officiel et l&#039;application mobile de 888Starz?\" \/>\n<meta property=\"og:url\" content=\"https:\/\/888starzbets.net\/tg\/casino\/\" \/>\n<meta property=\"og:site_name\" content=\"888Starz Team tg\" \/>\n<meta property=\"article:modified_time\" content=\"2025-02-15T09:26:34+00:00\" \/>\n<meta name=\"twitter:card\" content=\"summary_large_image\" \/>\n<script type=\"application\/ld+json\" class=\"yoast-schema-graph\">{\"@context\":\"https:\/\/schema.org\",\"@graph\":[{\"@type\":\"WebPage\",\"@id\":\"https:\/\/888starzbets.net\/tg\/casino\/\",\"url\":\"https:\/\/888starzbets.net\/tg\/casino\/\",\"name\":\"888Starz Casino | Live Casino, Jeux, Bonus de bienvenue\",\"isPartOf\":{\"@id\":\"https:\/\/888starzbets.net\/tg\/#website\"},\"datePublished\":\"2024-09-02T08:25:04+00:00\",\"dateModified\":\"2025-02-15T09:26:34+00:00\",\"description\":\"888Starz Togo offre aux joueurs la possibilit\u00e9 de tenter leur chance au casino 888Starz avec des milliers de machines \u00e0 sous, de jeux de table et de croupiers en direct. Comment commencer \u00e0 jouer sur le site officiel et l'application mobile de 888Starz?\",\"inLanguage\":\"fr-TG\",\"potentialAction\":[{\"@type\":\"ReadAction\",\"target\":[\"https:\/\/888starzbets.net\/tg\/casino\/\"]}]},{\"@type\":\"WebSite\",\"@id\":\"https:\/\/888starzbets.net\/tg\/#website\",\"url\":\"https:\/\/888starzbets.net\/tg\/\",\"name\":\"888Starz Team tg\",\"description\":\"My WordPress Blog\",\"potentialAction\":[{\"@type\":\"SearchAction\",\"target\":{\"@type\":\"EntryPoint\",\"urlTemplate\":\"https:\/\/888starzbets.net\/tg\/?s={search_term_string}\"},\"query-input\":{\"@type\":\"PropertyValueSpecification\",\"valueRequired\":true,\"valueName\":\"search_term_string\"}}],\"inLanguage\":\"fr-TG\"}]}<\/script>\n<!-- \/ Yoast SEO plugin. -->","yoast_head_json":{"title":"888Starz Casino | Live Casino, Jeux, Bonus de bienvenue","description":"888Starz Togo offre aux joueurs la possibilit\u00e9 de tenter leur chance au casino 888Starz avec des milliers de machines \u00e0 sous, de jeux de table et de croupiers en direct. Comment commencer \u00e0 jouer sur le site officiel et l'application mobile de 888Starz?","robots":{"index":"index","follow":"follow","max-snippet":"max-snippet:-1","max-image-preview":"max-image-preview:large","max-video-preview":"max-video-preview:-1"},"og_locale":"fr_FR","og_type":"article","og_title":"888Starz Casino | Live Casino, Jeux, Bonus de bienvenue","og_description":"888Starz Togo offre aux joueurs la possibilit\u00e9 de tenter leur chance au casino 888Starz avec des milliers de machines \u00e0 sous, de jeux de table et de croupiers en direct. Comment commencer \u00e0 jouer sur le site officiel et l'application mobile de 888Starz?","og_url":"https:\/\/888starzbets.net\/tg\/casino\/","og_site_name":"888Starz Team tg","article_modified_time":"2025-02-15T09:26:34+00:00","twitter_card":"summary_large_image","schema":{"@context":"https:\/\/schema.org","@graph":[{"@type":"WebPage","@id":"https:\/\/888starzbets.net\/tg\/casino\/","url":"https:\/\/888starzbets.net\/tg\/casino\/","name":"888Starz Casino | Live Casino, Jeux, Bonus de bienvenue","isPartOf":{"@id":"https:\/\/888starzbets.net\/tg\/#website"},"datePublished":"2024-09-02T08:25:04+00:00","dateModified":"2025-02-15T09:26:34+00:00","description":"888Starz Togo offre aux joueurs la possibilit\u00e9 de tenter leur chance au casino 888Starz avec des milliers de machines \u00e0 sous, de jeux de table et de croupiers en direct. Comment commencer \u00e0 jouer sur le site officiel et l'application mobile de 888Starz?","inLanguage":"fr-TG","potentialAction":[{"@type":"ReadAction","target":["https:\/\/888starzbets.net\/tg\/casino\/"]}]},{"@type":"WebSite","@id":"https:\/\/888starzbets.net\/tg\/#website","url":"https:\/\/888starzbets.net\/tg\/","name":"888Starz Team tg","description":"My WordPress Blog","potentialAction":[{"@type":"SearchAction","target":{"@type":"EntryPoint","urlTemplate":"https:\/\/888starzbets.net\/tg\/?s={search_term_string}"},"query-input":{"@type":"PropertyValueSpecification","valueRequired":true,"valueName":"search_term_string"}}],"inLanguage":"fr-TG"}]}},"_links":{"self":[{"href":"https:\/\/888starzbets.net\/tg\/wp-json\/wp\/v2\/pages\/567","targetHints":{"allow":["GET"]}}],"collection":[{"href":"https:\/\/888starzbets.net\/tg\/wp-json\/wp\/v2\/pages"}],"about":[{"href":"https:\/\/888starzbets.net\/tg\/wp-json\/wp\/v2\/types\/page"}],"author":[{"embeddable":true,"href":"https:\/\/888starzbets.net\/tg\/wp-json\/wp\/v2\/users\/1"}],"replies":[{"embeddable":true,"href":"https:\/\/888starzbets.net\/tg\/wp-json\/wp\/v2\/comments?post=567"}],"version-history":[{"count":21,"href":"https:\/\/888starzbets.net\/tg\/wp-json\/wp\/v2\/pages\/567\/revisions"}],"predecessor-version":[{"id":673,"href":"https:\/\/888starzbets.net\/tg\/wp-json\/wp\/v2\/pages\/567\/revisions\/673"}],"wp:attachment":[{"href":"https:\/\/888starzbets.net\/tg\/wp-json\/wp\/v2\/media?parent=567"}],"curies":[{"name":"wp","href":"https:\/\/api.w.org\/{rel}","templated":true}]}}